{"id":972,"date":"2021-03-03T14:34:41","date_gmt":"2021-03-03T17:34:41","guid":{"rendered":"https:\/\/elosolucao.com.br\/loja\/?post_type=product&#038;p=972"},"modified":"2026-04-17T15:42:44","modified_gmt":"2026-04-17T18:42:44","slug":"cesto-de-lixo-com-tampa-basculante-15l","status":"publish","type":"product","link":"https:\/\/elosolucao.com.br\/loja\/produto\/cesto-de-lixo-com-tampa-basculante-15l\/","title":{"rendered":"Cesto de Lixo Com Tampa Basculante 15L"},"content":{"rendered":"<p>Os\u00a0<strong>Cestos de Lixo Com Tampa Basculante 15 Litros<\/strong>\u00a0s\u00e3o fabricados em Polipropileno (PP) ou Polietileno de Alta Densidade (PEAD).<\/p>\n<p>Nossos cestos de lixo s\u00e3o fabricados sob o mais alto padr\u00e3o de qualidade de inje\u00e7\u00e3o, o que lhes garante resist\u00eancia e durabilidade, atendendo \u00e0s normas vigentes da Ag\u00eancia nacional de Vigil\u00e2ncia Sanit\u00e1ria (ANVISA).<\/p>\n<p>Produzidos com um material qualificado e de alto impacto, os Cestos de Lixo Com Tampa Basculante 15L podem ser facilmente empilhados sem que seu formato seja alterado ou prejudicado, o que facilita o transporte e o armazenamento.<\/p>\n<p>S\u00e3o leves, at\u00f3xicos e a proced\u00eancia da mat\u00e9ria prima utilizada lhe confere resist\u00eancia e durabilidade.<\/p>\n<p>Produzidos nas cores:\u00a0<strong>verde, azul, amarelo, vermelho, marrom, cinza, preto, laranja e branco.<\/strong><\/p>\n<p>Com excelente custo-benef\u00edcio, atende a todos os requisitos de seguran\u00e7a e confiabilidade para os nossos clientes.<\/p>\n","protected":false},"excerpt":{"rendered":"<p><strong>LARGURA:<\/strong>\u00a0Di\u00e2metro \u00d8: 240mm<\/p>\n<p><strong>ALTURA:<\/strong>\u00a0420mm<\/p>\n<p><strong>PESO:<\/strong>\u00a00,66Kg<\/p>\n<p><strong>MATERIAL:<\/strong>\u00a0Polietileno de Alta Densidade (PEAD) ou Polipropileno (PP)<\/p>\n","protected":false},"featured_media":7432,"template":"","meta":[],"product_brand":[],"product_cat":[86],"product_tag":[225,256,255],"class_list":{"0":"post-972","1":"product","2":"type-product","3":"status-publish","4":"has-post-thumbnail","6":"product_cat-cestos-de-lixo","7":"product_tag-cesto-de-lixo","8":"product_tag-cesto-de-lixo-para-escritorio","9":"product_tag-cesto-de-lixo-pequeno","10":"pa_cor-branco","11":"pa_cor-preta","13":"first","14":"instock","15":"shipping-taxable","16":"purchasable","17":"product-type-simple"},"yoast_head":"<!-- This site is optimized with the Yoast SEO Premium plugin v22.0 (Yoast SEO v21.7) - https:\/\/yoast.com\/wordpress\/plugins\/seo\/ -->\n<title>Cesto de Lixo Com Tampa Basculante 15L - Elo Solu\u00e7\u00e3o<\/title>\n<meta name=\"robots\" content=\"index, follow, max-snippet:-1, max-image-preview:large, max-video-preview:-1\" \/>\n<link rel=\"canonical\" href=\"https:\/\/elosolucao.com.br\/loja\/produto\/cesto-de-lixo-com-tampa-basculante-15l\/\" \/>\n<meta property=\"og:locale\" content=\"pt_BR\" \/>\n<meta property=\"og:type\" content=\"article\" \/>\n<meta property=\"og:title\" content=\"Cesto de Lixo Com Tampa Basculante 15L\" \/>\n<meta property=\"og:description\" content=\"LARGURA:\u00a0Di\u00e2metro \u00d8: 240mm  ALTURA:\u00a0420mm  PESO:\u00a00,66Kg  MATERIAL:\u00a0Polietileno de Alta Densidade (PEAD) ou Polipropileno (PP)\" \/>\n<meta property=\"og:url\" content=\"https:\/\/elosolucao.com.br\/loja\/produto\/cesto-de-lixo-com-tampa-basculante-15l\/\" \/>\n<meta property=\"og:site_name\" content=\"Elo Solu\u00e7\u00e3o\" \/>\n<meta property=\"article:publisher\" content=\"https:\/\/www.facebook.com\/elosolucao.br\" \/>\n<meta property=\"article:modified_time\" content=\"2026-04-17T18:42:44+00:00\" \/>\n<meta property=\"og:image\" content=\"https:\/\/elosolucao.com.br\/loja\/wp-content\/uploads\/2021\/03\/basculante-15-L-.webp\" \/>\n\t<meta property=\"og:image:width\" content=\"771\" \/>\n\t<meta property=\"og:image:height\" content=\"638\" \/>\n\t<meta property=\"og:image:type\" content=\"image\/webp\" \/>\n<meta name=\"twitter:card\" content=\"summary_large_image\" \/>\n<meta name=\"twitter:label1\" content=\"Est. tempo de leitura\" \/>\n\t<meta name=\"twitter:data1\" content=\"1 minuto\" \/>\n<script type=\"application\/ld+json\" class=\"yoast-schema-graph\">{\"@context\":\"https:\/\/schema.org\",\"@graph\":[{\"@type\":\"WebPage\",\"@id\":\"https:\/\/elosolucao.com.br\/loja\/produto\/cesto-de-lixo-com-tampa-basculante-15l\/\",\"url\":\"https:\/\/elosolucao.com.br\/loja\/produto\/cesto-de-lixo-com-tampa-basculante-15l\/\",\"name\":\"Cesto de Lixo Com Tampa Basculante 15L - Elo Solu\u00e7\u00e3o\",\"isPartOf\":{\"@id\":\"https:\/\/elosolucao.com.br\/loja\/#website\"},\"datePublished\":\"2021-03-03T17:34:41+00:00\",\"dateModified\":\"2026-04-17T18:42:44+00:00\",\"breadcrumb\":{\"@id\":\"https:\/\/elosolucao.com.br\/loja\/produto\/cesto-de-lixo-com-tampa-basculante-15l\/#breadcrumb\"},\"inLanguage\":\"pt-BR\",\"potentialAction\":[{\"@type\":\"ReadAction\",\"target\":[\"https:\/\/elosolucao.com.br\/loja\/produto\/cesto-de-lixo-com-tampa-basculante-15l\/\"]}]},{\"@type\":\"BreadcrumbList\",\"@id\":\"https:\/\/elosolucao.com.br\/loja\/produto\/cesto-de-lixo-com-tampa-basculante-15l\/#breadcrumb\",\"itemListElement\":[{\"@type\":\"ListItem\",\"position\":1,\"name\":\"In\u00edcio\",\"item\":\"https:\/\/elosolucao.com.br\/loja\/\"},{\"@type\":\"ListItem\",\"position\":2,\"name\":\"Loja\",\"item\":\"https:\/\/elosolucao.com.br\/loja\/loja\/\"},{\"@type\":\"ListItem\",\"position\":3,\"name\":\"Cesto de Lixo Com Tampa Basculante 15L\"}]},{\"@type\":\"WebSite\",\"@id\":\"https:\/\/elosolucao.com.br\/loja\/#website\",\"url\":\"https:\/\/elosolucao.com.br\/loja\/\",\"name\":\"Elo Solu\u00e7\u00e3o\",\"description\":\"Entendendo sua necessidade e solucionando com Produtos.\",\"publisher\":{\"@id\":\"https:\/\/elosolucao.com.br\/loja\/#organization\"},\"potentialAction\":[{\"@type\":\"SearchAction\",\"target\":{\"@type\":\"EntryPoint\",\"urlTemplate\":\"https:\/\/elosolucao.com.br\/loja\/?s={search_term_string}\"},\"query-input\":\"required name=search_term_string\"}],\"inLanguage\":\"pt-BR\"},{\"@type\":\"Organization\",\"@id\":\"https:\/\/elosolucao.com.br\/loja\/#organization\",\"name\":\"Elo Solu\u00e7\u00e3o\",\"url\":\"https:\/\/elosolucao.com.br\/loja\/\",\"logo\":{\"@type\":\"ImageObject\",\"inLanguage\":\"pt-BR\",\"@id\":\"https:\/\/elosolucao.com.br\/loja\/#\/schema\/logo\/image\/\",\"url\":\"https:\/\/elosolucao.com.br\/loja\/wp-content\/uploads\/2021\/03\/Logo-sem-fundo.png\",\"contentUrl\":\"https:\/\/elosolucao.com.br\/loja\/wp-content\/uploads\/2021\/03\/Logo-sem-fundo.png\",\"width\":707,\"height\":353,\"caption\":\"Elo Solu\u00e7\u00e3o\"},\"image\":{\"@id\":\"https:\/\/elosolucao.com.br\/loja\/#\/schema\/logo\/image\/\"},\"sameAs\":[\"https:\/\/www.facebook.com\/elosolucao.br\",\"https:\/\/instagram.com\/elo_solucao\",\"https:\/\/www.youtube.com\/channel\/UCsSlrhz3DzWElX1ZcW2AIyg\/featured\"]}]}<\/script>\n<!-- \/ Yoast SEO Premium plugin. -->","yoast_head_json":{"title":"Cesto de Lixo Com Tampa Basculante 15L - Elo Solu\u00e7\u00e3o","robots":{"index":"index","follow":"follow","max-snippet":"max-snippet:-1","max-image-preview":"max-image-preview:large","max-video-preview":"max-video-preview:-1"},"canonical":"https:\/\/elosolucao.com.br\/loja\/produto\/cesto-de-lixo-com-tampa-basculante-15l\/","og_locale":"pt_BR","og_type":"article","og_title":"Cesto de Lixo Com Tampa Basculante 15L","og_description":"LARGURA:\u00a0Di\u00e2metro \u00d8: 240mm  ALTURA:\u00a0420mm  PESO:\u00a00,66Kg  MATERIAL:\u00a0Polietileno de Alta Densidade (PEAD) ou Polipropileno (PP)","og_url":"https:\/\/elosolucao.com.br\/loja\/produto\/cesto-de-lixo-com-tampa-basculante-15l\/","og_site_name":"Elo Solu\u00e7\u00e3o","article_publisher":"https:\/\/www.facebook.com\/elosolucao.br","article_modified_time":"2026-04-17T18:42:44+00:00","og_image":[{"width":771,"height":638,"url":"https:\/\/elosolucao.com.br\/loja\/wp-content\/uploads\/2021\/03\/basculante-15-L-.webp","type":"image\/webp"}],"twitter_card":"summary_large_image","twitter_misc":{"Est. tempo de leitura":"1 minuto"},"schema":{"@context":"https:\/\/schema.org","@graph":[{"@type":"WebPage","@id":"https:\/\/elosolucao.com.br\/loja\/produto\/cesto-de-lixo-com-tampa-basculante-15l\/","url":"https:\/\/elosolucao.com.br\/loja\/produto\/cesto-de-lixo-com-tampa-basculante-15l\/","name":"Cesto de Lixo Com Tampa Basculante 15L - Elo Solu\u00e7\u00e3o","isPartOf":{"@id":"https:\/\/elosolucao.com.br\/loja\/#website"},"datePublished":"2021-03-03T17:34:41+00:00","dateModified":"2026-04-17T18:42:44+00:00","breadcrumb":{"@id":"https:\/\/elosolucao.com.br\/loja\/produto\/cesto-de-lixo-com-tampa-basculante-15l\/#breadcrumb"},"inLanguage":"pt-BR","potentialAction":[{"@type":"ReadAction","target":["https:\/\/elosolucao.com.br\/loja\/produto\/cesto-de-lixo-com-tampa-basculante-15l\/"]}]},{"@type":"BreadcrumbList","@id":"https:\/\/elosolucao.com.br\/loja\/produto\/cesto-de-lixo-com-tampa-basculante-15l\/#breadcrumb","itemListElement":[{"@type":"ListItem","position":1,"name":"In\u00edcio","item":"https:\/\/elosolucao.com.br\/loja\/"},{"@type":"ListItem","position":2,"name":"Loja","item":"https:\/\/elosolucao.com.br\/loja\/loja\/"},{"@type":"ListItem","position":3,"name":"Cesto de Lixo Com Tampa Basculante 15L"}]},{"@type":"WebSite","@id":"https:\/\/elosolucao.com.br\/loja\/#website","url":"https:\/\/elosolucao.com.br\/loja\/","name":"Elo Solu\u00e7\u00e3o","description":"Entendendo sua necessidade e solucionando com Produtos.","publisher":{"@id":"https:\/\/elosolucao.com.br\/loja\/#organization"},"potentialAction":[{"@type":"SearchAction","target":{"@type":"EntryPoint","urlTemplate":"https:\/\/elosolucao.com.br\/loja\/?s={search_term_string}"},"query-input":"required name=search_term_string"}],"inLanguage":"pt-BR"},{"@type":"Organization","@id":"https:\/\/elosolucao.com.br\/loja\/#organization","name":"Elo Solu\u00e7\u00e3o","url":"https:\/\/elosolucao.com.br\/loja\/","logo":{"@type":"ImageObject","inLanguage":"pt-BR","@id":"https:\/\/elosolucao.com.br\/loja\/#\/schema\/logo\/image\/","url":"https:\/\/elosolucao.com.br\/loja\/wp-content\/uploads\/2021\/03\/Logo-sem-fundo.png","contentUrl":"https:\/\/elosolucao.com.br\/loja\/wp-content\/uploads\/2021\/03\/Logo-sem-fundo.png","width":707,"height":353,"caption":"Elo Solu\u00e7\u00e3o"},"image":{"@id":"https:\/\/elosolucao.com.br\/loja\/#\/schema\/logo\/image\/"},"sameAs":["https:\/\/www.facebook.com\/elosolucao.br","https:\/\/instagram.com\/elo_solucao","https:\/\/www.youtube.com\/channel\/UCsSlrhz3DzWElX1ZcW2AIyg\/featured"]}]}},"_links":{"self":[{"href":"https:\/\/elosolucao.com.br\/loja\/wp-json\/wp\/v2\/product\/972","targetHints":{"allow":["GET"]}}],"collection":[{"href":"https:\/\/elosolucao.com.br\/loja\/wp-json\/wp\/v2\/product"}],"about":[{"href":"https:\/\/elosolucao.com.br\/loja\/wp-json\/wp\/v2\/types\/product"}],"version-history":[{"count":0,"href":"https:\/\/elosolucao.com.br\/loja\/wp-json\/wp\/v2\/product\/972\/revisions"}],"wp:featuredmedia":[{"embeddable":true,"href":"https:\/\/elosolucao.com.br\/loja\/wp-json\/wp\/v2\/media\/7432"}],"wp:attachment":[{"href":"https:\/\/elosolucao.com.br\/loja\/wp-json\/wp\/v2\/media?parent=972"}],"wp:term":[{"taxonomy":"product_brand","embeddable":true,"href":"https:\/\/elosolucao.com.br\/loja\/wp-json\/wp\/v2\/product_brand?post=972"},{"taxonomy":"product_cat","embeddable":true,"href":"https:\/\/elosolucao.com.br\/loja\/wp-json\/wp\/v2\/product_cat?post=972"},{"taxonomy":"product_tag","embeddable":true,"href":"https:\/\/elosolucao.com.br\/loja\/wp-json\/wp\/v2\/product_tag?post=972"}],"curies":[{"name":"wp","href":"https:\/\/api.w.org\/{rel}","templated":true}]}}