{"id":860,"date":"2021-03-02T16:03:52","date_gmt":"2021-03-02T19:03:52","guid":{"rendered":"https:\/\/elosolucao.com.br\/loja\/?post_type=product&#038;p=860"},"modified":"2026-04-17T15:22:09","modified_gmt":"2026-04-17T18:22:09","slug":"lixeira-com-pedal-25-litros","status":"publish","type":"product","link":"https:\/\/elosolucao.com.br\/loja\/produto\/lixeira-com-pedal-25-litros\/","title":{"rendered":"Lixeira com Pedal 25 Litros"},"content":{"rendered":"<div>A Lixeira com Pedal \u00e9 fabricada em Polietileno de Alta Densidade (PEAD) ou Polipropileno (PP). Fabricada com material de alta qualidade e tecnologia, respeitando as principais normas vigentes da Ag\u00eancia Nacional de Vigil\u00e2ncia Sanit\u00e1ria (ANVISA). Possui prote\u00e7\u00e3o contra raios UV. \u00c9 injetada em m\u00e1quinas de alta tecnologia, o que lhe confere alta resist\u00eancia e durabilidade, atendendo a todos os requisitos de seguran\u00e7a e confiabilidade para os nossos clientes.<\/div>\n<div><\/div>\n<div><strong>&#8211; Caracter\u00edsticas:<\/strong><\/div>\n<div><\/div>\n<div>:: Proporciona o melhor em higiene ao permitir que seu pedal pl\u00e1stico acione a tampa, n\u00e3o havendo a necessidade de contato direto com o lixo<\/div>\n<div>:: Sua haste \u00e9 localizada na parte externa para evitar o ac\u00famulo de res\u00edduos<\/div>\n<div>:: Possui articula\u00e7\u00e3o com arma\u00e7\u00e3o para segurar o saco de lixo e facilitar seu deslocamento do corpo da lixeira at\u00e9 que se solte com seguran\u00e7a<\/div>\n<div>:: Leve, at\u00f3xica e de f\u00e1cil limpeza, fica 100% vedada quando a tampa est\u00e1 fechada<\/div>\n<div>:: Possui prote\u00e7\u00e3o contra raios UV<\/div>\n<div><\/div>\n<div><strong>&#8211; Especifica\u00e7\u00f5es T\u00e9cnicas:<\/strong><\/div>\n<div><\/div>\n<div>:: Capacidade: 25L<\/div>\n<div>:: Cor: Branca<\/div>\n<div>:: Largura: 330mm<\/div>\n<div>:: Comprimento: 370mm<\/div>\n<div>:: Altura: 600mm<\/div>\n<div>:: Peso: 2,350kg<\/div>\n<div><\/div>\n<div><strong>&#8211; Conte\u00fado da embalagem:<\/strong><\/div>\n<div><\/div>\n<div>:: 1 Lixeira com Pedal<\/div>\n<div><\/div>\n<div><strong>&#8211; Garantia:\u00a0<\/strong>3 meses<\/div>\n","protected":false},"excerpt":{"rendered":"<div><strong>DIMENS\u00d5ES:<\/strong><\/div>\n<div><strong>Largura:\u00a0<\/strong>37cm<br \/>\n<strong>Altura:\u00a0<\/strong>60cm<br \/>\n<strong>Comprimento:\u00a0<\/strong>33cm<br \/>\n<strong>Peso:\u00a0<\/strong>2,500kg<\/div>\n","protected":false},"featured_media":1740,"template":"","meta":[],"product_brand":[],"product_cat":[86,82,272],"product_tag":[225,229,237,235,238],"class_list":{"0":"post-860","1":"product","2":"type-product","3":"status-publish","4":"has-post-thumbnail","6":"product_cat-cestos-de-lixo","7":"product_cat-lixeira-com-pedal","8":"product_cat-promocoes","9":"product_tag-cesto-de-lixo","10":"product_tag-lixeira-com-pedal","11":"product_tag-lixeira-quadrada","12":"product_tag-lixeiras","13":"product_tag-lixera-pedal","15":"first","16":"instock","17":"shipping-taxable","18":"purchasable","19":"product-type-simple"},"yoast_head":"<!-- This site is optimized with the Yoast SEO Premium plugin v22.0 (Yoast SEO v21.7) - https:\/\/yoast.com\/wordpress\/plugins\/seo\/ -->\n<title>Lixeira com Pedal 25 Litros - Elo Solu\u00e7\u00e3o<\/title>\n<meta name=\"robots\" content=\"index, follow, max-snippet:-1, max-image-preview:large, max-video-preview:-1\" \/>\n<link rel=\"canonical\" href=\"https:\/\/elosolucao.com.br\/loja\/produto\/lixeira-com-pedal-25-litros\/\" \/>\n<meta property=\"og:locale\" content=\"pt_BR\" \/>\n<meta property=\"og:type\" content=\"article\" \/>\n<meta property=\"og:title\" content=\"Lixeira com Pedal 25 Litros\" \/>\n<meta property=\"og:description\" content=\"DIMENS\u00d5ES: Largura:\u00a037cm Altura:\u00a060cm Comprimento:\u00a033cm Peso:\u00a02,500kg\" \/>\n<meta property=\"og:url\" content=\"https:\/\/elosolucao.com.br\/loja\/produto\/lixeira-com-pedal-25-litros\/\" \/>\n<meta property=\"og:site_name\" content=\"Elo Solu\u00e7\u00e3o\" \/>\n<meta property=\"article:publisher\" content=\"https:\/\/www.facebook.com\/elosolucao.br\" \/>\n<meta property=\"article:modified_time\" content=\"2026-04-17T18:22:09+00:00\" \/>\n<meta property=\"og:image\" content=\"https:\/\/elosolucao.com.br\/loja\/wp-content\/uploads\/2021\/03\/50L.jpg\" \/>\n\t<meta property=\"og:image:width\" content=\"1080\" \/>\n\t<meta property=\"og:image:height\" content=\"1080\" \/>\n\t<meta property=\"og:image:type\" content=\"image\/jpeg\" \/>\n<meta name=\"twitter:card\" content=\"summary_large_image\" \/>\n<meta name=\"twitter:label1\" content=\"Est. tempo de leitura\" \/>\n\t<meta name=\"twitter:data1\" content=\"2 minutos\" \/>\n<script type=\"application\/ld+json\" class=\"yoast-schema-graph\">{\"@context\":\"https:\/\/schema.org\",\"@graph\":[{\"@type\":\"WebPage\",\"@id\":\"https:\/\/elosolucao.com.br\/loja\/produto\/lixeira-com-pedal-25-litros\/\",\"url\":\"https:\/\/elosolucao.com.br\/loja\/produto\/lixeira-com-pedal-25-litros\/\",\"name\":\"Lixeira com Pedal 25 Litros - Elo Solu\u00e7\u00e3o\",\"isPartOf\":{\"@id\":\"https:\/\/elosolucao.com.br\/loja\/#website\"},\"datePublished\":\"2021-03-02T19:03:52+00:00\",\"dateModified\":\"2026-04-17T18:22:09+00:00\",\"breadcrumb\":{\"@id\":\"https:\/\/elosolucao.com.br\/loja\/produto\/lixeira-com-pedal-25-litros\/#breadcrumb\"},\"inLanguage\":\"pt-BR\",\"potentialAction\":[{\"@type\":\"ReadAction\",\"target\":[\"https:\/\/elosolucao.com.br\/loja\/produto\/lixeira-com-pedal-25-litros\/\"]}]},{\"@type\":\"BreadcrumbList\",\"@id\":\"https:\/\/elosolucao.com.br\/loja\/produto\/lixeira-com-pedal-25-litros\/#breadcrumb\",\"itemListElement\":[{\"@type\":\"ListItem\",\"position\":1,\"name\":\"In\u00edcio\",\"item\":\"https:\/\/elosolucao.com.br\/loja\/\"},{\"@type\":\"ListItem\",\"position\":2,\"name\":\"Loja\",\"item\":\"https:\/\/elosolucao.com.br\/loja\/loja\/\"},{\"@type\":\"ListItem\",\"position\":3,\"name\":\"Lixeira com Pedal 25 Litros\"}]},{\"@type\":\"WebSite\",\"@id\":\"https:\/\/elosolucao.com.br\/loja\/#website\",\"url\":\"https:\/\/elosolucao.com.br\/loja\/\",\"name\":\"Elo Solu\u00e7\u00e3o\",\"description\":\"Entendendo sua necessidade e solucionando com Produtos.\",\"publisher\":{\"@id\":\"https:\/\/elosolucao.com.br\/loja\/#organization\"},\"potentialAction\":[{\"@type\":\"SearchAction\",\"target\":{\"@type\":\"EntryPoint\",\"urlTemplate\":\"https:\/\/elosolucao.com.br\/loja\/?s={search_term_string}\"},\"query-input\":\"required name=search_term_string\"}],\"inLanguage\":\"pt-BR\"},{\"@type\":\"Organization\",\"@id\":\"https:\/\/elosolucao.com.br\/loja\/#organization\",\"name\":\"Elo Solu\u00e7\u00e3o\",\"url\":\"https:\/\/elosolucao.com.br\/loja\/\",\"logo\":{\"@type\":\"ImageObject\",\"inLanguage\":\"pt-BR\",\"@id\":\"https:\/\/elosolucao.com.br\/loja\/#\/schema\/logo\/image\/\",\"url\":\"https:\/\/elosolucao.com.br\/loja\/wp-content\/uploads\/2021\/03\/Logo-sem-fundo.png\",\"contentUrl\":\"https:\/\/elosolucao.com.br\/loja\/wp-content\/uploads\/2021\/03\/Logo-sem-fundo.png\",\"width\":707,\"height\":353,\"caption\":\"Elo Solu\u00e7\u00e3o\"},\"image\":{\"@id\":\"https:\/\/elosolucao.com.br\/loja\/#\/schema\/logo\/image\/\"},\"sameAs\":[\"https:\/\/www.facebook.com\/elosolucao.br\",\"https:\/\/instagram.com\/elo_solucao\",\"https:\/\/www.youtube.com\/channel\/UCsSlrhz3DzWElX1ZcW2AIyg\/featured\"]}]}<\/script>\n<!-- \/ Yoast SEO Premium plugin. -->","yoast_head_json":{"title":"Lixeira com Pedal 25 Litros - Elo Solu\u00e7\u00e3o","robots":{"index":"index","follow":"follow","max-snippet":"max-snippet:-1","max-image-preview":"max-image-preview:large","max-video-preview":"max-video-preview:-1"},"canonical":"https:\/\/elosolucao.com.br\/loja\/produto\/lixeira-com-pedal-25-litros\/","og_locale":"pt_BR","og_type":"article","og_title":"Lixeira com Pedal 25 Litros","og_description":"DIMENS\u00d5ES: Largura:\u00a037cm Altura:\u00a060cm Comprimento:\u00a033cm Peso:\u00a02,500kg","og_url":"https:\/\/elosolucao.com.br\/loja\/produto\/lixeira-com-pedal-25-litros\/","og_site_name":"Elo Solu\u00e7\u00e3o","article_publisher":"https:\/\/www.facebook.com\/elosolucao.br","article_modified_time":"2026-04-17T18:22:09+00:00","og_image":[{"width":1080,"height":1080,"url":"https:\/\/elosolucao.com.br\/loja\/wp-content\/uploads\/2021\/03\/50L.jpg","type":"image\/jpeg"}],"twitter_card":"summary_large_image","twitter_misc":{"Est. tempo de leitura":"2 minutos"},"schema":{"@context":"https:\/\/schema.org","@graph":[{"@type":"WebPage","@id":"https:\/\/elosolucao.com.br\/loja\/produto\/lixeira-com-pedal-25-litros\/","url":"https:\/\/elosolucao.com.br\/loja\/produto\/lixeira-com-pedal-25-litros\/","name":"Lixeira com Pedal 25 Litros - Elo Solu\u00e7\u00e3o","isPartOf":{"@id":"https:\/\/elosolucao.com.br\/loja\/#website"},"datePublished":"2021-03-02T19:03:52+00:00","dateModified":"2026-04-17T18:22:09+00:00","breadcrumb":{"@id":"https:\/\/elosolucao.com.br\/loja\/produto\/lixeira-com-pedal-25-litros\/#breadcrumb"},"inLanguage":"pt-BR","potentialAction":[{"@type":"ReadAction","target":["https:\/\/elosolucao.com.br\/loja\/produto\/lixeira-com-pedal-25-litros\/"]}]},{"@type":"BreadcrumbList","@id":"https:\/\/elosolucao.com.br\/loja\/produto\/lixeira-com-pedal-25-litros\/#breadcrumb","itemListElement":[{"@type":"ListItem","position":1,"name":"In\u00edcio","item":"https:\/\/elosolucao.com.br\/loja\/"},{"@type":"ListItem","position":2,"name":"Loja","item":"https:\/\/elosolucao.com.br\/loja\/loja\/"},{"@type":"ListItem","position":3,"name":"Lixeira com Pedal 25 Litros"}]},{"@type":"WebSite","@id":"https:\/\/elosolucao.com.br\/loja\/#website","url":"https:\/\/elosolucao.com.br\/loja\/","name":"Elo Solu\u00e7\u00e3o","description":"Entendendo sua necessidade e solucionando com Produtos.","publisher":{"@id":"https:\/\/elosolucao.com.br\/loja\/#organization"},"potentialAction":[{"@type":"SearchAction","target":{"@type":"EntryPoint","urlTemplate":"https:\/\/elosolucao.com.br\/loja\/?s={search_term_string}"},"query-input":"required name=search_term_string"}],"inLanguage":"pt-BR"},{"@type":"Organization","@id":"https:\/\/elosolucao.com.br\/loja\/#organization","name":"Elo Solu\u00e7\u00e3o","url":"https:\/\/elosolucao.com.br\/loja\/","logo":{"@type":"ImageObject","inLanguage":"pt-BR","@id":"https:\/\/elosolucao.com.br\/loja\/#\/schema\/logo\/image\/","url":"https:\/\/elosolucao.com.br\/loja\/wp-content\/uploads\/2021\/03\/Logo-sem-fundo.png","contentUrl":"https:\/\/elosolucao.com.br\/loja\/wp-content\/uploads\/2021\/03\/Logo-sem-fundo.png","width":707,"height":353,"caption":"Elo Solu\u00e7\u00e3o"},"image":{"@id":"https:\/\/elosolucao.com.br\/loja\/#\/schema\/logo\/image\/"},"sameAs":["https:\/\/www.facebook.com\/elosolucao.br","https:\/\/instagram.com\/elo_solucao","https:\/\/www.youtube.com\/channel\/UCsSlrhz3DzWElX1ZcW2AIyg\/featured"]}]}},"_links":{"self":[{"href":"https:\/\/elosolucao.com.br\/loja\/wp-json\/wp\/v2\/product\/860","targetHints":{"allow":["GET"]}}],"collection":[{"href":"https:\/\/elosolucao.com.br\/loja\/wp-json\/wp\/v2\/product"}],"about":[{"href":"https:\/\/elosolucao.com.br\/loja\/wp-json\/wp\/v2\/types\/product"}],"version-history":[{"count":0,"href":"https:\/\/elosolucao.com.br\/loja\/wp-json\/wp\/v2\/product\/860\/revisions"}],"wp:featuredmedia":[{"embeddable":true,"href":"https:\/\/elosolucao.com.br\/loja\/wp-json\/wp\/v2\/media\/1740"}],"wp:attachment":[{"href":"https:\/\/elosolucao.com.br\/loja\/wp-json\/wp\/v2\/media?parent=860"}],"wp:term":[{"taxonomy":"product_brand","embeddable":true,"href":"https:\/\/elosolucao.com.br\/loja\/wp-json\/wp\/v2\/product_brand?post=860"},{"taxonomy":"product_cat","embeddable":true,"href":"https:\/\/elosolucao.com.br\/loja\/wp-json\/wp\/v2\/product_cat?post=860"},{"taxonomy":"product_tag","embeddable":true,"href":"https:\/\/elosolucao.com.br\/loja\/wp-json\/wp\/v2\/product_tag?post=860"}],"curies":[{"name":"wp","href":"https:\/\/api.w.org\/{rel}","templated":true}]}}