{"id":701,"date":"2021-03-01T18:38:59","date_gmt":"2021-03-01T21:38:59","guid":{"rendered":"https:\/\/elosolucao.com.br\/loja\/?post_type=product&#038;p=701"},"modified":"2025-12-16T15:13:23","modified_gmt":"2025-12-16T18:13:23","slug":"container-de-lixo-1-000-litros-com-pedal","status":"publish","type":"product","link":"https:\/\/elosolucao.com.br\/loja\/produto\/container-de-lixo-1-000-litros-com-pedal\/","title":{"rendered":"Container de Lixo 1000 Litros com Pedal"},"content":{"rendered":"<h1>Container de Lixo<\/h1>\n<h2>Saiba tudo sobre os Containers Pl\u00e1stico de lixo da Elo Solu\u00e7\u00e3o.<\/h2>\n<p>Os Containers de Pl\u00e1stico de 1000 litros com pedal da Elo Solu\u00e7\u00e3o s\u00e3o fabricados em PEAD ou PEMD (Polietileno de Alta ou M\u00e9dia Densidade), proporcionando alta resist\u00eancia ao impacto e \u00e1 tra\u00e7\u00e3o. Cont\u00e9m um aditivo extra antioxidante e anti-UV (n\u00edveis de prote\u00e7\u00e3o classe 8 \u2013 UV8 \u2013 ASTM \/ American Society for Testing and Materials), em conformidade com a norma EN840)<\/p>\n<p>Contam com 4 rod\u00edzios girat\u00f3rios (2 com freios) e garfos em a\u00e7o com tratamento anti-corros\u00e3o.<\/p>\n<p>Tamb\u00e9m possui Munh\u00e3o para basculamento em caminh\u00f5es de coleta urbana e dreno com tampa rosque\u00e1vel para escoamento de l\u00edquidos.<\/p>\n<div><strong>Capacidade:\u00a0<\/strong>450Kg<\/div>\n<div><\/div>\n<div><strong>Rodas: \u00a0<\/strong>Borracha maci\u00e7a com n\u00facleo de Polipropileno.<\/div>\n<div>(200mm de di\u00e2metro)<\/div>\n","protected":false},"excerpt":{"rendered":"<h2>Dimens\u00f5es:<\/h2>\n<p><strong>Largura<\/strong>: 1,206cm<br \/>\n<strong>Altura:<\/strong>\u00a01,275cm<br \/>\n<strong>Comprimento<\/strong>: 1,400cm<br \/>\n<strong>Peso:<\/strong>\u00a060,5kg<\/p>\n","protected":false},"featured_media":7025,"template":"","meta":[],"product_brand":[],"product_cat":[83],"product_tag":[74],"class_list":{"0":"post-701","1":"product","2":"type-product","3":"status-publish","4":"has-post-thumbnail","6":"product_cat-container-de-lixo","7":"product_tag-container","8":"pa_cor-amarelo","9":"pa_cor-azul","10":"pa_cor-branco","11":"pa_cor-cinza","12":"pa_cor-laranja","13":"pa_cor-marrom","14":"pa_cor-preta","15":"pa_cor-verde","16":"pa_cor-vermelho","18":"first","19":"instock","20":"shipping-taxable","21":"purchasable","22":"product-type-simple"},"yoast_head":"<!-- This site is optimized with the Yoast SEO Premium plugin v22.0 (Yoast SEO v21.7) - https:\/\/yoast.com\/wordpress\/plugins\/seo\/ -->\n<title>Container de Lixo 1000 Litros com Pedal - Elo Solu\u00e7\u00e3o<\/title>\n<meta name=\"robots\" content=\"index, follow, max-snippet:-1, max-image-preview:large, max-video-preview:-1\" \/>\n<link rel=\"canonical\" href=\"https:\/\/elosolucao.com.br\/loja\/produto\/container-de-lixo-1-000-litros-com-pedal\/\" \/>\n<meta property=\"og:locale\" content=\"pt_BR\" \/>\n<meta property=\"og:type\" content=\"article\" \/>\n<meta property=\"og:title\" content=\"Container de Lixo 1000 Litros com Pedal\" \/>\n<meta property=\"og:description\" content=\"Dimens\u00f5es: Largura: 1,206cm Altura:\u00a01,275cm Comprimento: 1,400cm Peso:\u00a060,5kg\" \/>\n<meta property=\"og:url\" content=\"https:\/\/elosolucao.com.br\/loja\/produto\/container-de-lixo-1-000-litros-com-pedal\/\" \/>\n<meta property=\"og:site_name\" content=\"Elo Solu\u00e7\u00e3o\" \/>\n<meta property=\"article:publisher\" content=\"https:\/\/www.facebook.com\/elosolucao.br\" \/>\n<meta property=\"article:modified_time\" content=\"2025-12-16T18:13:23+00:00\" \/>\n<meta property=\"og:image\" content=\"https:\/\/elosolucao.com.br\/loja\/wp-content\/uploads\/2021\/03\/CONT-10.jpg\" \/>\n\t<meta property=\"og:image:width\" content=\"1080\" \/>\n\t<meta property=\"og:image:height\" content=\"1080\" \/>\n\t<meta property=\"og:image:type\" content=\"image\/jpeg\" \/>\n<meta name=\"twitter:card\" content=\"summary_large_image\" \/>\n<meta name=\"twitter:label1\" content=\"Est. tempo de leitura\" \/>\n\t<meta name=\"twitter:data1\" content=\"1 minuto\" \/>\n<script type=\"application\/ld+json\" class=\"yoast-schema-graph\">{\"@context\":\"https:\/\/schema.org\",\"@graph\":[{\"@type\":\"WebPage\",\"@id\":\"https:\/\/elosolucao.com.br\/loja\/produto\/container-de-lixo-1-000-litros-com-pedal\/\",\"url\":\"https:\/\/elosolucao.com.br\/loja\/produto\/container-de-lixo-1-000-litros-com-pedal\/\",\"name\":\"Container de Lixo 1000 Litros com Pedal - Elo Solu\u00e7\u00e3o\",\"isPartOf\":{\"@id\":\"https:\/\/elosolucao.com.br\/loja\/#website\"},\"datePublished\":\"2021-03-01T21:38:59+00:00\",\"dateModified\":\"2025-12-16T18:13:23+00:00\",\"breadcrumb\":{\"@id\":\"https:\/\/elosolucao.com.br\/loja\/produto\/container-de-lixo-1-000-litros-com-pedal\/#breadcrumb\"},\"inLanguage\":\"pt-BR\",\"potentialAction\":[{\"@type\":\"ReadAction\",\"target\":[\"https:\/\/elosolucao.com.br\/loja\/produto\/container-de-lixo-1-000-litros-com-pedal\/\"]}]},{\"@type\":\"BreadcrumbList\",\"@id\":\"https:\/\/elosolucao.com.br\/loja\/produto\/container-de-lixo-1-000-litros-com-pedal\/#breadcrumb\",\"itemListElement\":[{\"@type\":\"ListItem\",\"position\":1,\"name\":\"In\u00edcio\",\"item\":\"https:\/\/elosolucao.com.br\/loja\/\"},{\"@type\":\"ListItem\",\"position\":2,\"name\":\"Loja\",\"item\":\"https:\/\/elosolucao.com.br\/loja\/loja\/\"},{\"@type\":\"ListItem\",\"position\":3,\"name\":\"Container de Lixo 1000 Litros com Pedal\"}]},{\"@type\":\"WebSite\",\"@id\":\"https:\/\/elosolucao.com.br\/loja\/#website\",\"url\":\"https:\/\/elosolucao.com.br\/loja\/\",\"name\":\"Elo Solu\u00e7\u00e3o\",\"description\":\"Entendendo sua necessidade e solucionando com Produtos.\",\"publisher\":{\"@id\":\"https:\/\/elosolucao.com.br\/loja\/#organization\"},\"potentialAction\":[{\"@type\":\"SearchAction\",\"target\":{\"@type\":\"EntryPoint\",\"urlTemplate\":\"https:\/\/elosolucao.com.br\/loja\/?s={search_term_string}\"},\"query-input\":\"required name=search_term_string\"}],\"inLanguage\":\"pt-BR\"},{\"@type\":\"Organization\",\"@id\":\"https:\/\/elosolucao.com.br\/loja\/#organization\",\"name\":\"Elo Solu\u00e7\u00e3o\",\"url\":\"https:\/\/elosolucao.com.br\/loja\/\",\"logo\":{\"@type\":\"ImageObject\",\"inLanguage\":\"pt-BR\",\"@id\":\"https:\/\/elosolucao.com.br\/loja\/#\/schema\/logo\/image\/\",\"url\":\"https:\/\/elosolucao.com.br\/loja\/wp-content\/uploads\/2021\/03\/Logo-sem-fundo.png\",\"contentUrl\":\"https:\/\/elosolucao.com.br\/loja\/wp-content\/uploads\/2021\/03\/Logo-sem-fundo.png\",\"width\":707,\"height\":353,\"caption\":\"Elo Solu\u00e7\u00e3o\"},\"image\":{\"@id\":\"https:\/\/elosolucao.com.br\/loja\/#\/schema\/logo\/image\/\"},\"sameAs\":[\"https:\/\/www.facebook.com\/elosolucao.br\",\"https:\/\/instagram.com\/elo_solucao\",\"https:\/\/www.youtube.com\/channel\/UCsSlrhz3DzWElX1ZcW2AIyg\/featured\"]}]}<\/script>\n<!-- \/ Yoast SEO Premium plugin. -->","yoast_head_json":{"title":"Container de Lixo 1000 Litros com Pedal - Elo Solu\u00e7\u00e3o","robots":{"index":"index","follow":"follow","max-snippet":"max-snippet:-1","max-image-preview":"max-image-preview:large","max-video-preview":"max-video-preview:-1"},"canonical":"https:\/\/elosolucao.com.br\/loja\/produto\/container-de-lixo-1-000-litros-com-pedal\/","og_locale":"pt_BR","og_type":"article","og_title":"Container de Lixo 1000 Litros com Pedal","og_description":"Dimens\u00f5es: Largura: 1,206cm Altura:\u00a01,275cm Comprimento: 1,400cm Peso:\u00a060,5kg","og_url":"https:\/\/elosolucao.com.br\/loja\/produto\/container-de-lixo-1-000-litros-com-pedal\/","og_site_name":"Elo Solu\u00e7\u00e3o","article_publisher":"https:\/\/www.facebook.com\/elosolucao.br","article_modified_time":"2025-12-16T18:13:23+00:00","og_image":[{"width":1080,"height":1080,"url":"https:\/\/elosolucao.com.br\/loja\/wp-content\/uploads\/2021\/03\/CONT-10.jpg","type":"image\/jpeg"}],"twitter_card":"summary_large_image","twitter_misc":{"Est. tempo de leitura":"1 minuto"},"schema":{"@context":"https:\/\/schema.org","@graph":[{"@type":"WebPage","@id":"https:\/\/elosolucao.com.br\/loja\/produto\/container-de-lixo-1-000-litros-com-pedal\/","url":"https:\/\/elosolucao.com.br\/loja\/produto\/container-de-lixo-1-000-litros-com-pedal\/","name":"Container de Lixo 1000 Litros com Pedal - Elo Solu\u00e7\u00e3o","isPartOf":{"@id":"https:\/\/elosolucao.com.br\/loja\/#website"},"datePublished":"2021-03-01T21:38:59+00:00","dateModified":"2025-12-16T18:13:23+00:00","breadcrumb":{"@id":"https:\/\/elosolucao.com.br\/loja\/produto\/container-de-lixo-1-000-litros-com-pedal\/#breadcrumb"},"inLanguage":"pt-BR","potentialAction":[{"@type":"ReadAction","target":["https:\/\/elosolucao.com.br\/loja\/produto\/container-de-lixo-1-000-litros-com-pedal\/"]}]},{"@type":"BreadcrumbList","@id":"https:\/\/elosolucao.com.br\/loja\/produto\/container-de-lixo-1-000-litros-com-pedal\/#breadcrumb","itemListElement":[{"@type":"ListItem","position":1,"name":"In\u00edcio","item":"https:\/\/elosolucao.com.br\/loja\/"},{"@type":"ListItem","position":2,"name":"Loja","item":"https:\/\/elosolucao.com.br\/loja\/loja\/"},{"@type":"ListItem","position":3,"name":"Container de Lixo 1000 Litros com Pedal"}]},{"@type":"WebSite","@id":"https:\/\/elosolucao.com.br\/loja\/#website","url":"https:\/\/elosolucao.com.br\/loja\/","name":"Elo Solu\u00e7\u00e3o","description":"Entendendo sua necessidade e solucionando com Produtos.","publisher":{"@id":"https:\/\/elosolucao.com.br\/loja\/#organization"},"potentialAction":[{"@type":"SearchAction","target":{"@type":"EntryPoint","urlTemplate":"https:\/\/elosolucao.com.br\/loja\/?s={search_term_string}"},"query-input":"required name=search_term_string"}],"inLanguage":"pt-BR"},{"@type":"Organization","@id":"https:\/\/elosolucao.com.br\/loja\/#organization","name":"Elo Solu\u00e7\u00e3o","url":"https:\/\/elosolucao.com.br\/loja\/","logo":{"@type":"ImageObject","inLanguage":"pt-BR","@id":"https:\/\/elosolucao.com.br\/loja\/#\/schema\/logo\/image\/","url":"https:\/\/elosolucao.com.br\/loja\/wp-content\/uploads\/2021\/03\/Logo-sem-fundo.png","contentUrl":"https:\/\/elosolucao.com.br\/loja\/wp-content\/uploads\/2021\/03\/Logo-sem-fundo.png","width":707,"height":353,"caption":"Elo Solu\u00e7\u00e3o"},"image":{"@id":"https:\/\/elosolucao.com.br\/loja\/#\/schema\/logo\/image\/"},"sameAs":["https:\/\/www.facebook.com\/elosolucao.br","https:\/\/instagram.com\/elo_solucao","https:\/\/www.youtube.com\/channel\/UCsSlrhz3DzWElX1ZcW2AIyg\/featured"]}]}},"_links":{"self":[{"href":"https:\/\/elosolucao.com.br\/loja\/wp-json\/wp\/v2\/product\/701","targetHints":{"allow":["GET"]}}],"collection":[{"href":"https:\/\/elosolucao.com.br\/loja\/wp-json\/wp\/v2\/product"}],"about":[{"href":"https:\/\/elosolucao.com.br\/loja\/wp-json\/wp\/v2\/types\/product"}],"version-history":[{"count":0,"href":"https:\/\/elosolucao.com.br\/loja\/wp-json\/wp\/v2\/product\/701\/revisions"}],"wp:featuredmedia":[{"embeddable":true,"href":"https:\/\/elosolucao.com.br\/loja\/wp-json\/wp\/v2\/media\/7025"}],"wp:attachment":[{"href":"https:\/\/elosolucao.com.br\/loja\/wp-json\/wp\/v2\/media?parent=701"}],"wp:term":[{"taxonomy":"product_brand","embeddable":true,"href":"https:\/\/elosolucao.com.br\/loja\/wp-json\/wp\/v2\/product_brand?post=701"},{"taxonomy":"product_cat","embeddable":true,"href":"https:\/\/elosolucao.com.br\/loja\/wp-json\/wp\/v2\/product_cat?post=701"},{"taxonomy":"product_tag","embeddable":true,"href":"https:\/\/elosolucao.com.br\/loja\/wp-json\/wp\/v2\/product_tag?post=701"}],"curies":[{"name":"wp","href":"https:\/\/api.w.org\/{rel}","templated":true}]}}