{"id":697,"date":"2021-03-01T18:35:47","date_gmt":"2021-03-01T21:35:47","guid":{"rendered":"https:\/\/elosolucao.com.br\/loja\/?post_type=product&#038;p=697"},"modified":"2026-04-17T14:44:55","modified_gmt":"2026-04-17T17:44:55","slug":"container-de-lixo-700-litros-com-pedal","status":"publish","type":"product","link":"https:\/\/elosolucao.com.br\/loja\/produto\/container-de-lixo-700-litros-com-pedal\/","title":{"rendered":"Container de Lixo 700 Litros com pedal"},"content":{"rendered":"<h1>Container Pl\u00e1stico de Lixo \u2013 700 Litros<\/h1>\n<h2>Confira todas as informa\u00e7\u00f5es sobre os Containers de lixo da Elo Solu\u00e7\u00e3o:<\/h2>\n<p>Indicado para todos segmentos que produzem grandes volumes de Res\u00edduos, os\u00a0Containers de Lixo\u00a0da Elo Solu\u00e7\u00e3o s\u00e3o os mais indicados para o descarte de lixo com seguran\u00e7a, praticidade e organiza\u00e7\u00e3o.\u00a0Produzidos com tampas leves e de f\u00e1cil utiliza\u00e7\u00e3o, para um descarte de alto e baixo volume, sem dificuldades para abrir ou fechar a tampa, veda 100% o lixo acumulado e muito pr\u00e1tico!\u00a0Com mecanismo padronizado de acordo com a norma (UNE 840) e de acordo com o sistema de remo\u00e7\u00e3o dos caminh\u00f5es de lixo Urbano e Industrial. O\u00a0Container de Lixo\u00a0da Elo Solu\u00e7\u00e3o oferece praticidade; para que a coleta seja realizada sem perigo de derrubar o res\u00edduo e seguran\u00e7a; para evitar qualquer acidente f\u00edsico.<\/p>\n<p>O<strong>\u00a0Container de lixo de 700 Litros com pedal<\/strong>\u00a0da Elo Solu\u00e7\u00e3o \u00e9 indicado para todos os segmentos que produzem grandes volumes de res\u00edduos,\u00a0 \u00e9 o produto do segmento de lixeiras mais indicado para o descarte de lixo com seguran\u00e7a, praticidade e organiza\u00e7\u00e3o.<\/p>\n<p>O Recipiente de lixo<strong>\u00a0<\/strong>possui tampa leve e de f\u00e1cil utiliza\u00e7\u00e3o, para um descarte de alto e baixo volume, sem dificuldades para abrir ou fechar a tampa, al\u00e9m de vedar 100% o lixo acumulado.<\/p>\n<p>Utilizados em hospitais, ind\u00fastrias, empresas de limpeza urbana, condom\u00ednios e shoppings, por gerarem grande quantidade de res\u00edduos diariamente.<\/p>\n<p><strong>Cores dispon\u00edveis :\u00a0<\/strong>Amarelo, azul, branco, cinza, laranja, marrom, preto, verde e vermelho.<\/p>\n<h2>CONTAINER DE LIXO <strong>700 LITROS<\/strong>\u00a0COM PEDAL;<\/h2>\n<p>4 rod\u00edzios girat\u00f3rios; 2 rod\u00edzios com freios; munh\u00e3o para basculamento; atende o sistema mecanizado; dreno para escorrer o liquido; tampas com abertura de 270\u00b0.<\/p>\n<div><strong>Rodas: \u00a0<\/strong>Borracha maci\u00e7a<\/div>\n<div>com n\u00facleo de Polipropileno.<\/div>\n<div>(200mm de di\u00e2metro)<\/div>\n","protected":false},"excerpt":{"rendered":"<h3><strong>Dimens\u00f5es:<\/strong><\/h3>\n<div><strong>Largura:<\/strong>\u00a095.2cm<\/div>\n<div><strong>Altura:<\/strong>\u00a01,21cm<\/div>\n<div><strong>Comprimento:<\/strong>\u00a01,40cm<\/div>\n<div><strong>Peso:<\/strong>\u00a050kg<\/div>\n","protected":false},"featured_media":7024,"template":"","meta":[],"product_brand":[],"product_cat":[83],"product_tag":[245,246,244,75,243,76,242,247],"class_list":{"0":"post-697","1":"product","2":"type-product","3":"status-publish","4":"has-post-thumbnail","6":"product_cat-container-de-lixo","7":"product_tag-carrinho-coletor-de-lixo","8":"product_tag-coletor-de-lixo","9":"product_tag-container-com-pedal","10":"product_tag-container-de-lixo","11":"product_tag-container-de-lixo-com-pedal","12":"product_tag-container-para-lixo","13":"product_tag-contentor-de-lixo","14":"product_tag-lixeira-1000-litros","15":"pa_cor-amarelo","16":"pa_cor-azul","17":"pa_cor-branco","18":"pa_cor-cinza","19":"pa_cor-laranja","20":"pa_cor-marrom","21":"pa_cor-preta","22":"pa_cor-verde","23":"pa_cor-vermelho","25":"first","26":"instock","27":"shipping-taxable","28":"purchasable","29":"product-type-simple"},"yoast_head":"<!-- This site is optimized with the Yoast SEO Premium plugin v22.0 (Yoast SEO v21.7) - https:\/\/yoast.com\/wordpress\/plugins\/seo\/ -->\n<title>Container de Lixo 700 Litros com pedal - Elo Solu\u00e7\u00e3o<\/title>\n<meta name=\"robots\" content=\"index, follow, max-snippet:-1, max-image-preview:large, max-video-preview:-1\" \/>\n<link rel=\"canonical\" href=\"https:\/\/elosolucao.com.br\/loja\/produto\/container-de-lixo-700-litros-com-pedal\/\" \/>\n<meta property=\"og:locale\" content=\"pt_BR\" \/>\n<meta property=\"og:type\" content=\"article\" \/>\n<meta property=\"og:title\" content=\"Container de Lixo 700 Litros com pedal\" \/>\n<meta property=\"og:description\" content=\"Dimens\u00f5es: Largura:\u00a095.2cm Altura:\u00a01,21cm Comprimento:\u00a01,40cm Peso:\u00a050kg\" \/>\n<meta property=\"og:url\" content=\"https:\/\/elosolucao.com.br\/loja\/produto\/container-de-lixo-700-litros-com-pedal\/\" \/>\n<meta property=\"og:site_name\" content=\"Elo Solu\u00e7\u00e3o\" \/>\n<meta property=\"article:publisher\" content=\"https:\/\/www.facebook.com\/elosolucao.br\" \/>\n<meta property=\"article:modified_time\" content=\"2026-04-17T17:44:55+00:00\" \/>\n<meta property=\"og:image\" content=\"https:\/\/elosolucao.com.br\/loja\/wp-content\/uploads\/2021\/03\/Design-Sem-Nome-1-1.png\" \/>\n\t<meta property=\"og:image:width\" content=\"1080\" \/>\n\t<meta property=\"og:image:height\" content=\"1080\" \/>\n\t<meta property=\"og:image:type\" content=\"image\/png\" \/>\n<meta name=\"twitter:card\" content=\"summary_large_image\" \/>\n<meta name=\"twitter:label1\" content=\"Est. tempo de leitura\" \/>\n\t<meta name=\"twitter:data1\" content=\"2 minutos\" \/>\n<script type=\"application\/ld+json\" class=\"yoast-schema-graph\">{\"@context\":\"https:\/\/schema.org\",\"@graph\":[{\"@type\":\"WebPage\",\"@id\":\"https:\/\/elosolucao.com.br\/loja\/produto\/container-de-lixo-700-litros-com-pedal\/\",\"url\":\"https:\/\/elosolucao.com.br\/loja\/produto\/container-de-lixo-700-litros-com-pedal\/\",\"name\":\"Container de Lixo 700 Litros com pedal - Elo Solu\u00e7\u00e3o\",\"isPartOf\":{\"@id\":\"https:\/\/elosolucao.com.br\/loja\/#website\"},\"datePublished\":\"2021-03-01T21:35:47+00:00\",\"dateModified\":\"2026-04-17T17:44:55+00:00\",\"breadcrumb\":{\"@id\":\"https:\/\/elosolucao.com.br\/loja\/produto\/container-de-lixo-700-litros-com-pedal\/#breadcrumb\"},\"inLanguage\":\"pt-BR\",\"potentialAction\":[{\"@type\":\"ReadAction\",\"target\":[\"https:\/\/elosolucao.com.br\/loja\/produto\/container-de-lixo-700-litros-com-pedal\/\"]}]},{\"@type\":\"BreadcrumbList\",\"@id\":\"https:\/\/elosolucao.com.br\/loja\/produto\/container-de-lixo-700-litros-com-pedal\/#breadcrumb\",\"itemListElement\":[{\"@type\":\"ListItem\",\"position\":1,\"name\":\"In\u00edcio\",\"item\":\"https:\/\/elosolucao.com.br\/loja\/\"},{\"@type\":\"ListItem\",\"position\":2,\"name\":\"Loja\",\"item\":\"https:\/\/elosolucao.com.br\/loja\/loja\/\"},{\"@type\":\"ListItem\",\"position\":3,\"name\":\"Container de Lixo 700 Litros com pedal\"}]},{\"@type\":\"WebSite\",\"@id\":\"https:\/\/elosolucao.com.br\/loja\/#website\",\"url\":\"https:\/\/elosolucao.com.br\/loja\/\",\"name\":\"Elo Solu\u00e7\u00e3o\",\"description\":\"Entendendo sua necessidade e solucionando com Produtos.\",\"publisher\":{\"@id\":\"https:\/\/elosolucao.com.br\/loja\/#organization\"},\"potentialAction\":[{\"@type\":\"SearchAction\",\"target\":{\"@type\":\"EntryPoint\",\"urlTemplate\":\"https:\/\/elosolucao.com.br\/loja\/?s={search_term_string}\"},\"query-input\":\"required name=search_term_string\"}],\"inLanguage\":\"pt-BR\"},{\"@type\":\"Organization\",\"@id\":\"https:\/\/elosolucao.com.br\/loja\/#organization\",\"name\":\"Elo Solu\u00e7\u00e3o\",\"url\":\"https:\/\/elosolucao.com.br\/loja\/\",\"logo\":{\"@type\":\"ImageObject\",\"inLanguage\":\"pt-BR\",\"@id\":\"https:\/\/elosolucao.com.br\/loja\/#\/schema\/logo\/image\/\",\"url\":\"https:\/\/elosolucao.com.br\/loja\/wp-content\/uploads\/2021\/03\/Logo-sem-fundo.png\",\"contentUrl\":\"https:\/\/elosolucao.com.br\/loja\/wp-content\/uploads\/2021\/03\/Logo-sem-fundo.png\",\"width\":707,\"height\":353,\"caption\":\"Elo Solu\u00e7\u00e3o\"},\"image\":{\"@id\":\"https:\/\/elosolucao.com.br\/loja\/#\/schema\/logo\/image\/\"},\"sameAs\":[\"https:\/\/www.facebook.com\/elosolucao.br\",\"https:\/\/instagram.com\/elo_solucao\",\"https:\/\/www.youtube.com\/channel\/UCsSlrhz3DzWElX1ZcW2AIyg\/featured\"]}]}<\/script>\n<!-- \/ Yoast SEO Premium plugin. -->","yoast_head_json":{"title":"Container de Lixo 700 Litros com pedal - Elo Solu\u00e7\u00e3o","robots":{"index":"index","follow":"follow","max-snippet":"max-snippet:-1","max-image-preview":"max-image-preview:large","max-video-preview":"max-video-preview:-1"},"canonical":"https:\/\/elosolucao.com.br\/loja\/produto\/container-de-lixo-700-litros-com-pedal\/","og_locale":"pt_BR","og_type":"article","og_title":"Container de Lixo 700 Litros com pedal","og_description":"Dimens\u00f5es: Largura:\u00a095.2cm Altura:\u00a01,21cm Comprimento:\u00a01,40cm Peso:\u00a050kg","og_url":"https:\/\/elosolucao.com.br\/loja\/produto\/container-de-lixo-700-litros-com-pedal\/","og_site_name":"Elo Solu\u00e7\u00e3o","article_publisher":"https:\/\/www.facebook.com\/elosolucao.br","article_modified_time":"2026-04-17T17:44:55+00:00","og_image":[{"width":1080,"height":1080,"url":"https:\/\/elosolucao.com.br\/loja\/wp-content\/uploads\/2021\/03\/Design-Sem-Nome-1-1.png","type":"image\/png"}],"twitter_card":"summary_large_image","twitter_misc":{"Est. tempo de leitura":"2 minutos"},"schema":{"@context":"https:\/\/schema.org","@graph":[{"@type":"WebPage","@id":"https:\/\/elosolucao.com.br\/loja\/produto\/container-de-lixo-700-litros-com-pedal\/","url":"https:\/\/elosolucao.com.br\/loja\/produto\/container-de-lixo-700-litros-com-pedal\/","name":"Container de Lixo 700 Litros com pedal - Elo Solu\u00e7\u00e3o","isPartOf":{"@id":"https:\/\/elosolucao.com.br\/loja\/#website"},"datePublished":"2021-03-01T21:35:47+00:00","dateModified":"2026-04-17T17:44:55+00:00","breadcrumb":{"@id":"https:\/\/elosolucao.com.br\/loja\/produto\/container-de-lixo-700-litros-com-pedal\/#breadcrumb"},"inLanguage":"pt-BR","potentialAction":[{"@type":"ReadAction","target":["https:\/\/elosolucao.com.br\/loja\/produto\/container-de-lixo-700-litros-com-pedal\/"]}]},{"@type":"BreadcrumbList","@id":"https:\/\/elosolucao.com.br\/loja\/produto\/container-de-lixo-700-litros-com-pedal\/#breadcrumb","itemListElement":[{"@type":"ListItem","position":1,"name":"In\u00edcio","item":"https:\/\/elosolucao.com.br\/loja\/"},{"@type":"ListItem","position":2,"name":"Loja","item":"https:\/\/elosolucao.com.br\/loja\/loja\/"},{"@type":"ListItem","position":3,"name":"Container de Lixo 700 Litros com pedal"}]},{"@type":"WebSite","@id":"https:\/\/elosolucao.com.br\/loja\/#website","url":"https:\/\/elosolucao.com.br\/loja\/","name":"Elo Solu\u00e7\u00e3o","description":"Entendendo sua necessidade e solucionando com Produtos.","publisher":{"@id":"https:\/\/elosolucao.com.br\/loja\/#organization"},"potentialAction":[{"@type":"SearchAction","target":{"@type":"EntryPoint","urlTemplate":"https:\/\/elosolucao.com.br\/loja\/?s={search_term_string}"},"query-input":"required name=search_term_string"}],"inLanguage":"pt-BR"},{"@type":"Organization","@id":"https:\/\/elosolucao.com.br\/loja\/#organization","name":"Elo Solu\u00e7\u00e3o","url":"https:\/\/elosolucao.com.br\/loja\/","logo":{"@type":"ImageObject","inLanguage":"pt-BR","@id":"https:\/\/elosolucao.com.br\/loja\/#\/schema\/logo\/image\/","url":"https:\/\/elosolucao.com.br\/loja\/wp-content\/uploads\/2021\/03\/Logo-sem-fundo.png","contentUrl":"https:\/\/elosolucao.com.br\/loja\/wp-content\/uploads\/2021\/03\/Logo-sem-fundo.png","width":707,"height":353,"caption":"Elo Solu\u00e7\u00e3o"},"image":{"@id":"https:\/\/elosolucao.com.br\/loja\/#\/schema\/logo\/image\/"},"sameAs":["https:\/\/www.facebook.com\/elosolucao.br","https:\/\/instagram.com\/elo_solucao","https:\/\/www.youtube.com\/channel\/UCsSlrhz3DzWElX1ZcW2AIyg\/featured"]}]}},"_links":{"self":[{"href":"https:\/\/elosolucao.com.br\/loja\/wp-json\/wp\/v2\/product\/697","targetHints":{"allow":["GET"]}}],"collection":[{"href":"https:\/\/elosolucao.com.br\/loja\/wp-json\/wp\/v2\/product"}],"about":[{"href":"https:\/\/elosolucao.com.br\/loja\/wp-json\/wp\/v2\/types\/product"}],"version-history":[{"count":0,"href":"https:\/\/elosolucao.com.br\/loja\/wp-json\/wp\/v2\/product\/697\/revisions"}],"wp:featuredmedia":[{"embeddable":true,"href":"https:\/\/elosolucao.com.br\/loja\/wp-json\/wp\/v2\/media\/7024"}],"wp:attachment":[{"href":"https:\/\/elosolucao.com.br\/loja\/wp-json\/wp\/v2\/media?parent=697"}],"wp:term":[{"taxonomy":"product_brand","embeddable":true,"href":"https:\/\/elosolucao.com.br\/loja\/wp-json\/wp\/v2\/product_brand?post=697"},{"taxonomy":"product_cat","embeddable":true,"href":"https:\/\/elosolucao.com.br\/loja\/wp-json\/wp\/v2\/product_cat?post=697"},{"taxonomy":"product_tag","embeddable":true,"href":"https:\/\/elosolucao.com.br\/loja\/wp-json\/wp\/v2\/product_tag?post=697"}],"curies":[{"name":"wp","href":"https:\/\/api.w.org\/{rel}","templated":true}]}}