{"id":647,"date":"2021-02-25T12:21:10","date_gmt":"2021-02-25T15:21:10","guid":{"rendered":"https:\/\/elosolucao.com.br\/loja\/?post_type=product&#038;p=647"},"modified":"2026-04-22T12:44:46","modified_gmt":"2026-04-22T15:44:46","slug":"lixeira-para-coleta-seletiva-60l-cj-com-2","status":"publish","type":"product","link":"https:\/\/elosolucao.com.br\/loja\/produto\/lixeira-para-coleta-seletiva-60l-cj-com-2\/","title":{"rendered":"Lixeira Basculante Coleta Seletiva 60L &#8211; Cj com 2"},"content":{"rendered":"<div>O kit \u00e9 composto por 2 Lixeiras para Coleta Seletiva 60 Litros fabricado em Polietileno de Alta Densidade (PEAD) ou Polipropileno (PP).<\/div>\n<div>\n<p>Produzidas com alto padr\u00e3o de tecnologia e qualidade de acordo com as principais normas vigentes da (ANVISA). Podem ser montadas e desmontadas facilmente, garantindo maior seguran\u00e7a e durabilidade. Com tampa basculante e sistema multi encaixe, permitindo encaixar umas \u00e0s outras.<\/p>\n<p><strong>&#8211; Caracter\u00edsticas:<\/strong><\/p>\n<p>:: S\u00e3o facilmente empilh\u00e1veis, agilizando seu armazenamento e estoque<br \/>\n:: S\u00e3o divididas por cores para facilitar o descarte e separa\u00e7\u00e3o do lixo<br \/>\n:: Resistentes ao impacto, aos raios ultravioletas e \u00e0s repetidas lavagens<br \/>\n:: Com tampa basculante e sistema multi encaixe<\/p>\n<p><strong>&#8211; Especifica\u00e7\u00f5es T\u00e9cnicas:<\/strong><\/p>\n<p>:: Capacidade: 60 Litros<br \/>\n:: Cores Dispon\u00edveis: Amarelo, Verde, Azul, Vermelho, Cinza, Laranja, Preto, Branco<br \/>\n&#8211; Garantia: 3 meses<\/p>\n<\/div>\n<div><strong>* Acompanha Adesivos<\/strong><\/div>\n","protected":false},"excerpt":{"rendered":"<p><strong>&#8211;\u00a0 Escolha sua cor: 9 cores dispon\u00edveis:<\/strong><\/p>\n<p><strong>Largura:<\/strong> 38cm<br \/>\n<strong>Altura:<\/strong> 72cm<br \/>\n<strong>Comprimento:<\/strong> 76cm<br \/>\n<strong>Peso:<\/strong> 4,4kg<\/p>\n","protected":false},"featured_media":7243,"template":"","meta":[],"product_brand":[],"product_cat":[69],"product_tag":[129,130,128,139,131,132,135,134,136,137,138,133,142,141,140,143],"class_list":{"0":"post-647","1":"product","2":"type-product","3":"status-publish","4":"has-post-thumbnail","6":"product_cat-coleta-seletiva","7":"product_tag-cesto-de-lixo-para-coleta-seletiva","8":"product_tag-cesto-de-lixo-para-condominio","9":"product_tag-cesto-de-lixo-reciclavel","10":"product_tag-coletor-de-lixo-reciclavel","11":"product_tag-conjunto-coleta-seletiva","12":"product_tag-conjunto-de-coleta-seletiva","13":"product_tag-lixeira-coleta-seletiva","14":"product_tag-lixeira-com-tampa","15":"product_tag-lixeira-para-coleta-seletiva","16":"product_tag-lixeira-para-condominio","17":"product_tag-lixeira-tampa-basculante","18":"product_tag-lixeiras-coleta-seletiva","19":"product_tag-lixeiras-para-lixo-reciclavel","20":"product_tag-lixeiras-para-reciclaveis","21":"product_tag-lixeiras-reciclaveis-preco","22":"product_tag-lixeiras-seletivas","24":"first","25":"instock","26":"shipping-taxable","27":"purchasable","28":"product-type-simple"},"yoast_head":"<!-- This site is optimized with the Yoast SEO Premium plugin v22.0 (Yoast SEO v21.7) - https:\/\/yoast.com\/wordpress\/plugins\/seo\/ -->\n<title>Lixeira Basculante Coleta Seletiva 60L - Cj com 2 - Elo Solu\u00e7\u00e3o<\/title>\n<meta name=\"robots\" content=\"index, follow, max-snippet:-1, max-image-preview:large, max-video-preview:-1\" \/>\n<link rel=\"canonical\" href=\"https:\/\/elosolucao.com.br\/loja\/produto\/lixeira-para-coleta-seletiva-60l-cj-com-2\/\" \/>\n<meta property=\"og:locale\" content=\"pt_BR\" \/>\n<meta property=\"og:type\" content=\"article\" \/>\n<meta property=\"og:title\" content=\"Lixeira Basculante Coleta Seletiva 60L - Cj com 2\" \/>\n<meta property=\"og:description\" content=\"-\u00a0 Escolha sua cor: 9 cores dispon\u00edveis:  Largura: 38cm Altura: 72cm Comprimento: 76cm Peso: 4,4kg\" \/>\n<meta property=\"og:url\" content=\"https:\/\/elosolucao.com.br\/loja\/produto\/lixeira-para-coleta-seletiva-60l-cj-com-2\/\" \/>\n<meta property=\"og:site_name\" content=\"Elo Solu\u00e7\u00e3o\" \/>\n<meta property=\"article:publisher\" content=\"https:\/\/www.facebook.com\/elosolucao.br\" \/>\n<meta property=\"article:modified_time\" content=\"2026-04-22T15:44:46+00:00\" \/>\n<meta property=\"og:image\" content=\"https:\/\/elosolucao.com.br\/loja\/wp-content\/uploads\/2021\/02\/Design-sem-nome-10.jpg\" \/>\n\t<meta property=\"og:image:width\" content=\"1080\" \/>\n\t<meta property=\"og:image:height\" content=\"1080\" \/>\n\t<meta property=\"og:image:type\" content=\"image\/jpeg\" \/>\n<meta name=\"twitter:card\" content=\"summary_large_image\" \/>\n<meta name=\"twitter:label1\" content=\"Est. tempo de leitura\" \/>\n\t<meta name=\"twitter:data1\" content=\"1 minuto\" \/>\n<script type=\"application\/ld+json\" class=\"yoast-schema-graph\">{\"@context\":\"https:\/\/schema.org\",\"@graph\":[{\"@type\":\"WebPage\",\"@id\":\"https:\/\/elosolucao.com.br\/loja\/produto\/lixeira-para-coleta-seletiva-60l-cj-com-2\/\",\"url\":\"https:\/\/elosolucao.com.br\/loja\/produto\/lixeira-para-coleta-seletiva-60l-cj-com-2\/\",\"name\":\"Lixeira Basculante Coleta Seletiva 60L - Cj com 2 - Elo Solu\u00e7\u00e3o\",\"isPartOf\":{\"@id\":\"https:\/\/elosolucao.com.br\/loja\/#website\"},\"datePublished\":\"2021-02-25T15:21:10+00:00\",\"dateModified\":\"2026-04-22T15:44:46+00:00\",\"breadcrumb\":{\"@id\":\"https:\/\/elosolucao.com.br\/loja\/produto\/lixeira-para-coleta-seletiva-60l-cj-com-2\/#breadcrumb\"},\"inLanguage\":\"pt-BR\",\"potentialAction\":[{\"@type\":\"ReadAction\",\"target\":[\"https:\/\/elosolucao.com.br\/loja\/produto\/lixeira-para-coleta-seletiva-60l-cj-com-2\/\"]}]},{\"@type\":\"BreadcrumbList\",\"@id\":\"https:\/\/elosolucao.com.br\/loja\/produto\/lixeira-para-coleta-seletiva-60l-cj-com-2\/#breadcrumb\",\"itemListElement\":[{\"@type\":\"ListItem\",\"position\":1,\"name\":\"In\u00edcio\",\"item\":\"https:\/\/elosolucao.com.br\/loja\/\"},{\"@type\":\"ListItem\",\"position\":2,\"name\":\"Loja\",\"item\":\"https:\/\/elosolucao.com.br\/loja\/loja\/\"},{\"@type\":\"ListItem\",\"position\":3,\"name\":\"Lixeira Basculante Coleta Seletiva 60L &#8211; Cj com 2\"}]},{\"@type\":\"WebSite\",\"@id\":\"https:\/\/elosolucao.com.br\/loja\/#website\",\"url\":\"https:\/\/elosolucao.com.br\/loja\/\",\"name\":\"Elo Solu\u00e7\u00e3o\",\"description\":\"Entendendo sua necessidade e solucionando com Produtos.\",\"publisher\":{\"@id\":\"https:\/\/elosolucao.com.br\/loja\/#organization\"},\"potentialAction\":[{\"@type\":\"SearchAction\",\"target\":{\"@type\":\"EntryPoint\",\"urlTemplate\":\"https:\/\/elosolucao.com.br\/loja\/?s={search_term_string}\"},\"query-input\":\"required name=search_term_string\"}],\"inLanguage\":\"pt-BR\"},{\"@type\":\"Organization\",\"@id\":\"https:\/\/elosolucao.com.br\/loja\/#organization\",\"name\":\"Elo Solu\u00e7\u00e3o\",\"url\":\"https:\/\/elosolucao.com.br\/loja\/\",\"logo\":{\"@type\":\"ImageObject\",\"inLanguage\":\"pt-BR\",\"@id\":\"https:\/\/elosolucao.com.br\/loja\/#\/schema\/logo\/image\/\",\"url\":\"https:\/\/elosolucao.com.br\/loja\/wp-content\/uploads\/2021\/03\/Logo-sem-fundo.png\",\"contentUrl\":\"https:\/\/elosolucao.com.br\/loja\/wp-content\/uploads\/2021\/03\/Logo-sem-fundo.png\",\"width\":707,\"height\":353,\"caption\":\"Elo Solu\u00e7\u00e3o\"},\"image\":{\"@id\":\"https:\/\/elosolucao.com.br\/loja\/#\/schema\/logo\/image\/\"},\"sameAs\":[\"https:\/\/www.facebook.com\/elosolucao.br\",\"https:\/\/instagram.com\/elo_solucao\",\"https:\/\/www.youtube.com\/channel\/UCsSlrhz3DzWElX1ZcW2AIyg\/featured\"]}]}<\/script>\n<!-- \/ Yoast SEO Premium plugin. -->","yoast_head_json":{"title":"Lixeira Basculante Coleta Seletiva 60L - Cj com 2 - Elo Solu\u00e7\u00e3o","robots":{"index":"index","follow":"follow","max-snippet":"max-snippet:-1","max-image-preview":"max-image-preview:large","max-video-preview":"max-video-preview:-1"},"canonical":"https:\/\/elosolucao.com.br\/loja\/produto\/lixeira-para-coleta-seletiva-60l-cj-com-2\/","og_locale":"pt_BR","og_type":"article","og_title":"Lixeira Basculante Coleta Seletiva 60L - Cj com 2","og_description":"-\u00a0 Escolha sua cor: 9 cores dispon\u00edveis:  Largura: 38cm Altura: 72cm Comprimento: 76cm Peso: 4,4kg","og_url":"https:\/\/elosolucao.com.br\/loja\/produto\/lixeira-para-coleta-seletiva-60l-cj-com-2\/","og_site_name":"Elo Solu\u00e7\u00e3o","article_publisher":"https:\/\/www.facebook.com\/elosolucao.br","article_modified_time":"2026-04-22T15:44:46+00:00","og_image":[{"width":1080,"height":1080,"url":"https:\/\/elosolucao.com.br\/loja\/wp-content\/uploads\/2021\/02\/Design-sem-nome-10.jpg","type":"image\/jpeg"}],"twitter_card":"summary_large_image","twitter_misc":{"Est. tempo de leitura":"1 minuto"},"schema":{"@context":"https:\/\/schema.org","@graph":[{"@type":"WebPage","@id":"https:\/\/elosolucao.com.br\/loja\/produto\/lixeira-para-coleta-seletiva-60l-cj-com-2\/","url":"https:\/\/elosolucao.com.br\/loja\/produto\/lixeira-para-coleta-seletiva-60l-cj-com-2\/","name":"Lixeira Basculante Coleta Seletiva 60L - Cj com 2 - Elo Solu\u00e7\u00e3o","isPartOf":{"@id":"https:\/\/elosolucao.com.br\/loja\/#website"},"datePublished":"2021-02-25T15:21:10+00:00","dateModified":"2026-04-22T15:44:46+00:00","breadcrumb":{"@id":"https:\/\/elosolucao.com.br\/loja\/produto\/lixeira-para-coleta-seletiva-60l-cj-com-2\/#breadcrumb"},"inLanguage":"pt-BR","potentialAction":[{"@type":"ReadAction","target":["https:\/\/elosolucao.com.br\/loja\/produto\/lixeira-para-coleta-seletiva-60l-cj-com-2\/"]}]},{"@type":"BreadcrumbList","@id":"https:\/\/elosolucao.com.br\/loja\/produto\/lixeira-para-coleta-seletiva-60l-cj-com-2\/#breadcrumb","itemListElement":[{"@type":"ListItem","position":1,"name":"In\u00edcio","item":"https:\/\/elosolucao.com.br\/loja\/"},{"@type":"ListItem","position":2,"name":"Loja","item":"https:\/\/elosolucao.com.br\/loja\/loja\/"},{"@type":"ListItem","position":3,"name":"Lixeira Basculante Coleta Seletiva 60L &#8211; Cj com 2"}]},{"@type":"WebSite","@id":"https:\/\/elosolucao.com.br\/loja\/#website","url":"https:\/\/elosolucao.com.br\/loja\/","name":"Elo Solu\u00e7\u00e3o","description":"Entendendo sua necessidade e solucionando com Produtos.","publisher":{"@id":"https:\/\/elosolucao.com.br\/loja\/#organization"},"potentialAction":[{"@type":"SearchAction","target":{"@type":"EntryPoint","urlTemplate":"https:\/\/elosolucao.com.br\/loja\/?s={search_term_string}"},"query-input":"required name=search_term_string"}],"inLanguage":"pt-BR"},{"@type":"Organization","@id":"https:\/\/elosolucao.com.br\/loja\/#organization","name":"Elo Solu\u00e7\u00e3o","url":"https:\/\/elosolucao.com.br\/loja\/","logo":{"@type":"ImageObject","inLanguage":"pt-BR","@id":"https:\/\/elosolucao.com.br\/loja\/#\/schema\/logo\/image\/","url":"https:\/\/elosolucao.com.br\/loja\/wp-content\/uploads\/2021\/03\/Logo-sem-fundo.png","contentUrl":"https:\/\/elosolucao.com.br\/loja\/wp-content\/uploads\/2021\/03\/Logo-sem-fundo.png","width":707,"height":353,"caption":"Elo Solu\u00e7\u00e3o"},"image":{"@id":"https:\/\/elosolucao.com.br\/loja\/#\/schema\/logo\/image\/"},"sameAs":["https:\/\/www.facebook.com\/elosolucao.br","https:\/\/instagram.com\/elo_solucao","https:\/\/www.youtube.com\/channel\/UCsSlrhz3DzWElX1ZcW2AIyg\/featured"]}]}},"_links":{"self":[{"href":"https:\/\/elosolucao.com.br\/loja\/wp-json\/wp\/v2\/product\/647","targetHints":{"allow":["GET"]}}],"collection":[{"href":"https:\/\/elosolucao.com.br\/loja\/wp-json\/wp\/v2\/product"}],"about":[{"href":"https:\/\/elosolucao.com.br\/loja\/wp-json\/wp\/v2\/types\/product"}],"version-history":[{"count":0,"href":"https:\/\/elosolucao.com.br\/loja\/wp-json\/wp\/v2\/product\/647\/revisions"}],"wp:featuredmedia":[{"embeddable":true,"href":"https:\/\/elosolucao.com.br\/loja\/wp-json\/wp\/v2\/media\/7243"}],"wp:attachment":[{"href":"https:\/\/elosolucao.com.br\/loja\/wp-json\/wp\/v2\/media?parent=647"}],"wp:term":[{"taxonomy":"product_brand","embeddable":true,"href":"https:\/\/elosolucao.com.br\/loja\/wp-json\/wp\/v2\/product_brand?post=647"},{"taxonomy":"product_cat","embeddable":true,"href":"https:\/\/elosolucao.com.br\/loja\/wp-json\/wp\/v2\/product_cat?post=647"},{"taxonomy":"product_tag","embeddable":true,"href":"https:\/\/elosolucao.com.br\/loja\/wp-json\/wp\/v2\/product_tag?post=647"}],"curies":[{"name":"wp","href":"https:\/\/api.w.org\/{rel}","templated":true}]}}