{"id":618,"date":"2021-02-25T11:47:48","date_gmt":"2021-02-25T14:47:48","guid":{"rendered":"https:\/\/elosolucao.com.br\/loja\/?post_type=product&#038;p=618"},"modified":"2026-04-24T11:32:50","modified_gmt":"2026-04-24T14:32:50","slug":"lixeiras-para-coleta-seletiva-50-l-cj-com-4","status":"publish","type":"product","link":"https:\/\/elosolucao.com.br\/loja\/produto\/lixeiras-para-coleta-seletiva-50-l-cj-com-4\/","title":{"rendered":"Lixeira Coleta Seletiva 50L &#8211; Cj com 4"},"content":{"rendered":"<h1 style=\"text-align: center;\">Lixeira Para Coleta Seletiva 50 Litros<\/h1>\n<h2 style=\"text-align: center;\">(Conjunto com 4 Lixeiras)<\/h2>\n<p>As Lixeiras para Coleta Seletiva 50L s\u00e3o produzidas em alto padr\u00e3o de qualidade e resist\u00eancia, injetadas em m\u00e1quinas de alta tecnologia. Com suporte robusto e estrutura met\u00e1lica em tubo de a\u00e7o carbono retangular, \u00e9 resistente ao impacto, raios ultravioletas e repetidas lavagens.<\/p>\n<p>F\u00e1ceis de serem instaladas, as lixeiras para Coleta Seletiva 50L s\u00e3o produzidas em Polietileno de Alta Densidade (PEAD) ou Polipropileno e possui um sistema de fechadura e chave para manter a lixeira fixa.<\/p>\n<p>Isso facilita sua higieniza\u00e7\u00e3o, j\u00e1 que o corpo da lixeira pode ser removido enquanto a tampa fica fixa na estrutura do conjunto. Al\u00e9m de evitar o uso de sacos de lixo, dificulta roubos e atos de vandalismo.<\/p>\n<p>As Lixeiras para Coleta Seletiva 50L s\u00e3o produzidas sob as mais r\u00edgidas normas da Ag\u00eancia Nacional de Vigil\u00e2ncia Sanit\u00e1ria (ANVISA), garantindo seguran\u00e7a, confiabilidade e durabilidade aos nossos clientes.<\/p>\n<p>\u00c9 indicada para coleta urbana, coleta seletiva, empresas de coleta, condom\u00ednios, shoppings, hospitais e demais estabelecimentos industriais, comerciais e de sa\u00fade.<\/p>\n<p>O seu suporte \u00e9 robusto e de f\u00e1cil instala\u00e7\u00e3o, possui sistema de fechadura e chave para manter a lixeira fixa, dificultando roubo e atos de vandalismo, permitindo assim que a tampa da lixeira fique fixa na estrutura do conjunto. Com isso, o corpo da lixeira pode ser facilmente removido, dispensando o uso de sacos de lixo e permitindo que sua higieniza\u00e7\u00e3o seja mais pr\u00e1tica e muito mais eficiente.<\/p>\n<p>As lixeiras para coleta seletiva s\u00e3o produzidas de acordo com as mais rigorosas normas da vigil\u00e2ncia sanit\u00e1ria, trazendo seguran\u00e7a, confiabilidade e durabilidade, com a garantia de ser o melhor produto do mercado em sua categoria.<\/p>\n<p>Estrutura Met\u00e1lica da Lixeira para Coleta Seletiva:<br \/>\nEstrutura met\u00e1lica fabricada em tubo de a\u00e7o carbono retangular de 30mm x 20mm. pintado na cor preta texturizada. Acompanham parafusos e arruelas para montagem.* Adesivos inclusos.<\/p>\n<p>As lixeiras para coleta seletiva s\u00e3o indicadas para:<\/p>\n<p>Condom\u00ednios e Shoppings<br \/>\nEmpresas de Coleta<br \/>\nColeta Urbana<br \/>\nHospitais<br \/>\nCom\u00e9rcio e Ind\u00fastria<\/p>\n","protected":false},"excerpt":{"rendered":"<p><strong>Dimens\u00f5es:<\/strong><br \/>\n<strong>Largura:<\/strong> 176cm<br \/>\n<strong>Altura:<\/strong> 118cm<br \/>\n<strong>Comprimento:<\/strong> 50cm<br \/>\n<strong>Peso:<\/strong> 22kg<\/p>\n","protected":false},"featured_media":1765,"template":"","meta":[],"product_brand":[],"product_cat":[69],"product_tag":[129,130,128,139,131,132,135,134,136,137,138,133,142,141,140,143],"class_list":{"0":"post-618","1":"product","2":"type-product","3":"status-publish","4":"has-post-thumbnail","6":"product_cat-coleta-seletiva","7":"product_tag-cesto-de-lixo-para-coleta-seletiva","8":"product_tag-cesto-de-lixo-para-condominio","9":"product_tag-cesto-de-lixo-reciclavel","10":"product_tag-coletor-de-lixo-reciclavel","11":"product_tag-conjunto-coleta-seletiva","12":"product_tag-conjunto-de-coleta-seletiva","13":"product_tag-lixeira-coleta-seletiva","14":"product_tag-lixeira-com-tampa","15":"product_tag-lixeira-para-coleta-seletiva","16":"product_tag-lixeira-para-condominio","17":"product_tag-lixeira-tampa-basculante","18":"product_tag-lixeiras-coleta-seletiva","19":"product_tag-lixeiras-para-lixo-reciclavel","20":"product_tag-lixeiras-para-reciclaveis","21":"product_tag-lixeiras-reciclaveis-preco","22":"product_tag-lixeiras-seletivas","24":"first","25":"instock","26":"shipping-taxable","27":"purchasable","28":"product-type-simple"},"yoast_head":"<!-- This site is optimized with the Yoast SEO Premium plugin v22.0 (Yoast SEO v21.7) - https:\/\/yoast.com\/wordpress\/plugins\/seo\/ -->\n<title>Lixeira Coleta Seletiva 50L - Cj com 4 - Elo Solu\u00e7\u00e3o<\/title>\n<meta name=\"robots\" content=\"index, follow, max-snippet:-1, max-image-preview:large, max-video-preview:-1\" \/>\n<link rel=\"canonical\" href=\"https:\/\/elosolucao.com.br\/loja\/produto\/lixeiras-para-coleta-seletiva-50-l-cj-com-4\/\" \/>\n<meta property=\"og:locale\" content=\"pt_BR\" \/>\n<meta property=\"og:type\" content=\"article\" \/>\n<meta property=\"og:title\" content=\"Lixeira Coleta Seletiva 50L - Cj com 4\" \/>\n<meta property=\"og:description\" content=\"Dimens\u00f5es: Largura: 176cm Altura: 118cm Comprimento: 50cm Peso: 22kg\" \/>\n<meta property=\"og:url\" content=\"https:\/\/elosolucao.com.br\/loja\/produto\/lixeiras-para-coleta-seletiva-50-l-cj-com-4\/\" \/>\n<meta property=\"og:site_name\" content=\"Elo Solu\u00e7\u00e3o\" \/>\n<meta property=\"article:publisher\" content=\"https:\/\/www.facebook.com\/elosolucao.br\" \/>\n<meta property=\"article:modified_time\" content=\"2026-04-24T14:32:50+00:00\" \/>\n<meta property=\"og:image\" content=\"https:\/\/elosolucao.com.br\/loja\/wp-content\/uploads\/2021\/02\/50L-4.jpg\" \/>\n\t<meta property=\"og:image:width\" content=\"247\" \/>\n\t<meta property=\"og:image:height\" content=\"296\" \/>\n\t<meta property=\"og:image:type\" content=\"image\/jpeg\" \/>\n<meta name=\"twitter:card\" content=\"summary_large_image\" \/>\n<meta name=\"twitter:label1\" content=\"Est. tempo de leitura\" \/>\n\t<meta name=\"twitter:data1\" content=\"3 minutos\" \/>\n<script type=\"application\/ld+json\" class=\"yoast-schema-graph\">{\"@context\":\"https:\/\/schema.org\",\"@graph\":[{\"@type\":\"WebPage\",\"@id\":\"https:\/\/elosolucao.com.br\/loja\/produto\/lixeiras-para-coleta-seletiva-50-l-cj-com-4\/\",\"url\":\"https:\/\/elosolucao.com.br\/loja\/produto\/lixeiras-para-coleta-seletiva-50-l-cj-com-4\/\",\"name\":\"Lixeira Coleta Seletiva 50L - Cj com 4 - Elo Solu\u00e7\u00e3o\",\"isPartOf\":{\"@id\":\"https:\/\/elosolucao.com.br\/loja\/#website\"},\"datePublished\":\"2021-02-25T14:47:48+00:00\",\"dateModified\":\"2026-04-24T14:32:50+00:00\",\"breadcrumb\":{\"@id\":\"https:\/\/elosolucao.com.br\/loja\/produto\/lixeiras-para-coleta-seletiva-50-l-cj-com-4\/#breadcrumb\"},\"inLanguage\":\"pt-BR\",\"potentialAction\":[{\"@type\":\"ReadAction\",\"target\":[\"https:\/\/elosolucao.com.br\/loja\/produto\/lixeiras-para-coleta-seletiva-50-l-cj-com-4\/\"]}]},{\"@type\":\"BreadcrumbList\",\"@id\":\"https:\/\/elosolucao.com.br\/loja\/produto\/lixeiras-para-coleta-seletiva-50-l-cj-com-4\/#breadcrumb\",\"itemListElement\":[{\"@type\":\"ListItem\",\"position\":1,\"name\":\"In\u00edcio\",\"item\":\"https:\/\/elosolucao.com.br\/loja\/\"},{\"@type\":\"ListItem\",\"position\":2,\"name\":\"Loja\",\"item\":\"https:\/\/elosolucao.com.br\/loja\/loja\/\"},{\"@type\":\"ListItem\",\"position\":3,\"name\":\"Lixeira Coleta Seletiva 50L &#8211; Cj com 4\"}]},{\"@type\":\"WebSite\",\"@id\":\"https:\/\/elosolucao.com.br\/loja\/#website\",\"url\":\"https:\/\/elosolucao.com.br\/loja\/\",\"name\":\"Elo Solu\u00e7\u00e3o\",\"description\":\"Entendendo sua necessidade e solucionando com Produtos.\",\"publisher\":{\"@id\":\"https:\/\/elosolucao.com.br\/loja\/#organization\"},\"potentialAction\":[{\"@type\":\"SearchAction\",\"target\":{\"@type\":\"EntryPoint\",\"urlTemplate\":\"https:\/\/elosolucao.com.br\/loja\/?s={search_term_string}\"},\"query-input\":\"required name=search_term_string\"}],\"inLanguage\":\"pt-BR\"},{\"@type\":\"Organization\",\"@id\":\"https:\/\/elosolucao.com.br\/loja\/#organization\",\"name\":\"Elo Solu\u00e7\u00e3o\",\"url\":\"https:\/\/elosolucao.com.br\/loja\/\",\"logo\":{\"@type\":\"ImageObject\",\"inLanguage\":\"pt-BR\",\"@id\":\"https:\/\/elosolucao.com.br\/loja\/#\/schema\/logo\/image\/\",\"url\":\"https:\/\/elosolucao.com.br\/loja\/wp-content\/uploads\/2021\/03\/Logo-sem-fundo.png\",\"contentUrl\":\"https:\/\/elosolucao.com.br\/loja\/wp-content\/uploads\/2021\/03\/Logo-sem-fundo.png\",\"width\":707,\"height\":353,\"caption\":\"Elo Solu\u00e7\u00e3o\"},\"image\":{\"@id\":\"https:\/\/elosolucao.com.br\/loja\/#\/schema\/logo\/image\/\"},\"sameAs\":[\"https:\/\/www.facebook.com\/elosolucao.br\",\"https:\/\/instagram.com\/elo_solucao\",\"https:\/\/www.youtube.com\/channel\/UCsSlrhz3DzWElX1ZcW2AIyg\/featured\"]}]}<\/script>\n<!-- \/ Yoast SEO Premium plugin. -->","yoast_head_json":{"title":"Lixeira Coleta Seletiva 50L - Cj com 4 - Elo Solu\u00e7\u00e3o","robots":{"index":"index","follow":"follow","max-snippet":"max-snippet:-1","max-image-preview":"max-image-preview:large","max-video-preview":"max-video-preview:-1"},"canonical":"https:\/\/elosolucao.com.br\/loja\/produto\/lixeiras-para-coleta-seletiva-50-l-cj-com-4\/","og_locale":"pt_BR","og_type":"article","og_title":"Lixeira Coleta Seletiva 50L - Cj com 4","og_description":"Dimens\u00f5es: Largura: 176cm Altura: 118cm Comprimento: 50cm Peso: 22kg","og_url":"https:\/\/elosolucao.com.br\/loja\/produto\/lixeiras-para-coleta-seletiva-50-l-cj-com-4\/","og_site_name":"Elo Solu\u00e7\u00e3o","article_publisher":"https:\/\/www.facebook.com\/elosolucao.br","article_modified_time":"2026-04-24T14:32:50+00:00","og_image":[{"width":247,"height":296,"url":"https:\/\/elosolucao.com.br\/loja\/wp-content\/uploads\/2021\/02\/50L-4.jpg","type":"image\/jpeg"}],"twitter_card":"summary_large_image","twitter_misc":{"Est. tempo de leitura":"3 minutos"},"schema":{"@context":"https:\/\/schema.org","@graph":[{"@type":"WebPage","@id":"https:\/\/elosolucao.com.br\/loja\/produto\/lixeiras-para-coleta-seletiva-50-l-cj-com-4\/","url":"https:\/\/elosolucao.com.br\/loja\/produto\/lixeiras-para-coleta-seletiva-50-l-cj-com-4\/","name":"Lixeira Coleta Seletiva 50L - Cj com 4 - Elo Solu\u00e7\u00e3o","isPartOf":{"@id":"https:\/\/elosolucao.com.br\/loja\/#website"},"datePublished":"2021-02-25T14:47:48+00:00","dateModified":"2026-04-24T14:32:50+00:00","breadcrumb":{"@id":"https:\/\/elosolucao.com.br\/loja\/produto\/lixeiras-para-coleta-seletiva-50-l-cj-com-4\/#breadcrumb"},"inLanguage":"pt-BR","potentialAction":[{"@type":"ReadAction","target":["https:\/\/elosolucao.com.br\/loja\/produto\/lixeiras-para-coleta-seletiva-50-l-cj-com-4\/"]}]},{"@type":"BreadcrumbList","@id":"https:\/\/elosolucao.com.br\/loja\/produto\/lixeiras-para-coleta-seletiva-50-l-cj-com-4\/#breadcrumb","itemListElement":[{"@type":"ListItem","position":1,"name":"In\u00edcio","item":"https:\/\/elosolucao.com.br\/loja\/"},{"@type":"ListItem","position":2,"name":"Loja","item":"https:\/\/elosolucao.com.br\/loja\/loja\/"},{"@type":"ListItem","position":3,"name":"Lixeira Coleta Seletiva 50L &#8211; Cj com 4"}]},{"@type":"WebSite","@id":"https:\/\/elosolucao.com.br\/loja\/#website","url":"https:\/\/elosolucao.com.br\/loja\/","name":"Elo Solu\u00e7\u00e3o","description":"Entendendo sua necessidade e solucionando com Produtos.","publisher":{"@id":"https:\/\/elosolucao.com.br\/loja\/#organization"},"potentialAction":[{"@type":"SearchAction","target":{"@type":"EntryPoint","urlTemplate":"https:\/\/elosolucao.com.br\/loja\/?s={search_term_string}"},"query-input":"required name=search_term_string"}],"inLanguage":"pt-BR"},{"@type":"Organization","@id":"https:\/\/elosolucao.com.br\/loja\/#organization","name":"Elo Solu\u00e7\u00e3o","url":"https:\/\/elosolucao.com.br\/loja\/","logo":{"@type":"ImageObject","inLanguage":"pt-BR","@id":"https:\/\/elosolucao.com.br\/loja\/#\/schema\/logo\/image\/","url":"https:\/\/elosolucao.com.br\/loja\/wp-content\/uploads\/2021\/03\/Logo-sem-fundo.png","contentUrl":"https:\/\/elosolucao.com.br\/loja\/wp-content\/uploads\/2021\/03\/Logo-sem-fundo.png","width":707,"height":353,"caption":"Elo Solu\u00e7\u00e3o"},"image":{"@id":"https:\/\/elosolucao.com.br\/loja\/#\/schema\/logo\/image\/"},"sameAs":["https:\/\/www.facebook.com\/elosolucao.br","https:\/\/instagram.com\/elo_solucao","https:\/\/www.youtube.com\/channel\/UCsSlrhz3DzWElX1ZcW2AIyg\/featured"]}]}},"_links":{"self":[{"href":"https:\/\/elosolucao.com.br\/loja\/wp-json\/wp\/v2\/product\/618","targetHints":{"allow":["GET"]}}],"collection":[{"href":"https:\/\/elosolucao.com.br\/loja\/wp-json\/wp\/v2\/product"}],"about":[{"href":"https:\/\/elosolucao.com.br\/loja\/wp-json\/wp\/v2\/types\/product"}],"version-history":[{"count":0,"href":"https:\/\/elosolucao.com.br\/loja\/wp-json\/wp\/v2\/product\/618\/revisions"}],"wp:featuredmedia":[{"embeddable":true,"href":"https:\/\/elosolucao.com.br\/loja\/wp-json\/wp\/v2\/media\/1765"}],"wp:attachment":[{"href":"https:\/\/elosolucao.com.br\/loja\/wp-json\/wp\/v2\/media?parent=618"}],"wp:term":[{"taxonomy":"product_brand","embeddable":true,"href":"https:\/\/elosolucao.com.br\/loja\/wp-json\/wp\/v2\/product_brand?post=618"},{"taxonomy":"product_cat","embeddable":true,"href":"https:\/\/elosolucao.com.br\/loja\/wp-json\/wp\/v2\/product_cat?post=618"},{"taxonomy":"product_tag","embeddable":true,"href":"https:\/\/elosolucao.com.br\/loja\/wp-json\/wp\/v2\/product_tag?post=618"}],"curies":[{"name":"wp","href":"https:\/\/api.w.org\/{rel}","templated":true}]}}