{"id":583,"date":"2021-02-24T12:06:15","date_gmt":"2021-02-24T15:06:15","guid":{"rendered":"https:\/\/elosolucao.com.br\/loja\/?post_type=product&#038;p=583"},"modified":"2026-04-16T15:58:27","modified_gmt":"2026-04-16T18:58:27","slug":"lixeira-para-coleta-seletiva-50-litros","status":"publish","type":"product","link":"https:\/\/elosolucao.com.br\/loja\/produto\/lixeira-para-coleta-seletiva-50-litros\/","title":{"rendered":"Lixeira Coleta Seletiva Papeleira 50L"},"content":{"rendered":"<h1>Lixeira Para Coleta Seletiva 50L<\/h1>\n<h2>Conhe\u00e7a nossas Lixeiras para Coleta Seletiva:<\/h2>\n<p>A Lixeira para Coleta Seletiva 50L \u00e9 produzida em alto padr\u00e3o de qualidade e resist\u00eancia, injetadas em m\u00e1quinas de alta tecnologia. Com suporte robusto e estrutura met\u00e1lica em tubo de a\u00e7o carbono retangular, \u00e9 resistente ao impacto, raios ultravioletas e repetidas lavagens.<\/p>\n<p>F\u00e1ceis de serem instaladas, as Lixeiras para Coleta Seletiva 50L s\u00e3o produzidas em Polietileno de Alta Densidade (PEAD) ou Polipropileno e possui um sistema de fechadura e chave para manter a lixeira fixa.<\/p>\n<p>Isso facilita sua higieniza\u00e7\u00e3o, j\u00e1 que o corpo da lixeira pode ser removido enquanto a tampa fica fixa na estrutura do conjunto. Al\u00e9m de evitar o uso de sacos de lixo, dificulta roubos e atos de vandalismo.<\/p>\n<p>As Lixeiras para Coleta Seletiva 50L s\u00e3o produzidas sob as mais r\u00edgidas normas da Ag\u00eancia Nacional de Vigil\u00e2ncia Sanit\u00e1ria (ANVISA), garantindo seguran\u00e7a, confiabilidade e durabilidade aos nossos clientes.<\/p>\n<p>S\u00e3o indicadas para coleta urbana, coleta seletiva, empresas de coleta, condom\u00ednios, shoppings, hospitais e demais estabelecimentos industriais, comerciais e de sa\u00fade.<\/p>\n<p>O seu suporte \u00e9 robusto e de f\u00e1cil instala\u00e7\u00e3o, possui sistema de fechadura e chave para manter a lixeira fixa, dificultando roubo e atos de vandalismo, permitindo assim que a tampa da lixeira fique fixa na estrutura do conjunto. Com isso, o corpo da lixeira pode ser facilmente removido, dispensando o uso de sacos de lixo e permitindo que sua higieniza\u00e7\u00e3o seja mais pr\u00e1tica e muito mais eficiente.<\/p>\n<p>As lixeiras para coleta seletiva da Elo Solu\u00e7\u00e3o s\u00e3o produzidas de acordo com as mais rigorosas normas da vigil\u00e2ncia sanit\u00e1ria, trazendo seguran\u00e7a, confiabilidade e durabilidade, com a garantia de ser o melhor produto do mercado em sua categoria.<\/p>\n<p>Estrutura met\u00e1lica fabricada em tubo de a\u00e7o carbono retangular \u00a0de 30mm x 20mm. pintado na cor preta texturizada. Acompanham parafusos e arruelas para montagem.* Adesivos inclusos.<\/p>\n","protected":false},"excerpt":{"rendered":"<h3>Dimens\u00f5es:<\/h3>\n<p><b>Largura: 43<\/b>cm<br \/>\n<b>Altura: 75<\/b>cm<br \/>\n<b>Comprimento: 37<\/b>cm<br \/>\n<b>Peso:\u00a04<\/b>kg<\/p>\n","protected":false},"featured_media":2671,"template":"","meta":[],"product_brand":[],"product_cat":[69],"product_tag":[129,130,128,139,131,132,135,134,136,137,138,133,142,141,140,143],"class_list":{"0":"post-583","1":"product","2":"type-product","3":"status-publish","4":"has-post-thumbnail","6":"product_cat-coleta-seletiva","7":"product_tag-cesto-de-lixo-para-coleta-seletiva","8":"product_tag-cesto-de-lixo-para-condominio","9":"product_tag-cesto-de-lixo-reciclavel","10":"product_tag-coletor-de-lixo-reciclavel","11":"product_tag-conjunto-coleta-seletiva","12":"product_tag-conjunto-de-coleta-seletiva","13":"product_tag-lixeira-coleta-seletiva","14":"product_tag-lixeira-com-tampa","15":"product_tag-lixeira-para-coleta-seletiva","16":"product_tag-lixeira-para-condominio","17":"product_tag-lixeira-tampa-basculante","18":"product_tag-lixeiras-coleta-seletiva","19":"product_tag-lixeiras-para-lixo-reciclavel","20":"product_tag-lixeiras-para-reciclaveis","21":"product_tag-lixeiras-reciclaveis-preco","22":"product_tag-lixeiras-seletivas","23":"pa_cor-amarelo","24":"pa_cor-azul","25":"pa_cor-branco","26":"pa_cor-cinza","27":"pa_cor-laranja","28":"pa_cor-marrom","29":"pa_cor-preta","30":"pa_cor-verde","31":"pa_cor-vermelho","33":"first","34":"instock","35":"shipping-taxable","36":"purchasable","37":"product-type-simple"},"yoast_head":"<!-- This site is optimized with the Yoast SEO Premium plugin v22.0 (Yoast SEO v21.7) - https:\/\/yoast.com\/wordpress\/plugins\/seo\/ -->\n<title>Lixeira Coleta Seletiva Papeleira 50L - Elo Solu\u00e7\u00e3o<\/title>\n<meta name=\"robots\" content=\"index, follow, max-snippet:-1, max-image-preview:large, max-video-preview:-1\" \/>\n<link rel=\"canonical\" href=\"https:\/\/elosolucao.com.br\/loja\/produto\/lixeira-para-coleta-seletiva-50-litros\/\" \/>\n<meta property=\"og:locale\" content=\"pt_BR\" \/>\n<meta property=\"og:type\" content=\"article\" \/>\n<meta property=\"og:title\" content=\"Lixeira Coleta Seletiva Papeleira 50L\" \/>\n<meta property=\"og:description\" content=\"Dimens\u00f5es: Largura: 43cm Altura: 75cm Comprimento: 37cm Peso:\u00a04kg\" \/>\n<meta property=\"og:url\" content=\"https:\/\/elosolucao.com.br\/loja\/produto\/lixeira-para-coleta-seletiva-50-litros\/\" \/>\n<meta property=\"og:site_name\" content=\"Elo Solu\u00e7\u00e3o\" \/>\n<meta property=\"article:publisher\" content=\"https:\/\/www.facebook.com\/elosolucao.br\" \/>\n<meta property=\"article:modified_time\" content=\"2026-04-16T18:58:27+00:00\" \/>\n<meta property=\"og:image\" content=\"https:\/\/elosolucao.com.br\/loja\/wp-content\/uploads\/2021\/02\/Lixeira-Papeleira-50L.jpg\" \/>\n\t<meta property=\"og:image:width\" content=\"1080\" \/>\n\t<meta property=\"og:image:height\" content=\"1080\" \/>\n\t<meta property=\"og:image:type\" content=\"image\/jpeg\" \/>\n<meta name=\"twitter:card\" content=\"summary_large_image\" \/>\n<meta name=\"twitter:label1\" content=\"Est. tempo de leitura\" \/>\n\t<meta name=\"twitter:data1\" content=\"2 minutos\" \/>\n<script type=\"application\/ld+json\" class=\"yoast-schema-graph\">{\"@context\":\"https:\/\/schema.org\",\"@graph\":[{\"@type\":\"WebPage\",\"@id\":\"https:\/\/elosolucao.com.br\/loja\/produto\/lixeira-para-coleta-seletiva-50-litros\/\",\"url\":\"https:\/\/elosolucao.com.br\/loja\/produto\/lixeira-para-coleta-seletiva-50-litros\/\",\"name\":\"Lixeira Coleta Seletiva Papeleira 50L - Elo Solu\u00e7\u00e3o\",\"isPartOf\":{\"@id\":\"https:\/\/elosolucao.com.br\/loja\/#website\"},\"datePublished\":\"2021-02-24T15:06:15+00:00\",\"dateModified\":\"2026-04-16T18:58:27+00:00\",\"breadcrumb\":{\"@id\":\"https:\/\/elosolucao.com.br\/loja\/produto\/lixeira-para-coleta-seletiva-50-litros\/#breadcrumb\"},\"inLanguage\":\"pt-BR\",\"potentialAction\":[{\"@type\":\"ReadAction\",\"target\":[\"https:\/\/elosolucao.com.br\/loja\/produto\/lixeira-para-coleta-seletiva-50-litros\/\"]}]},{\"@type\":\"BreadcrumbList\",\"@id\":\"https:\/\/elosolucao.com.br\/loja\/produto\/lixeira-para-coleta-seletiva-50-litros\/#breadcrumb\",\"itemListElement\":[{\"@type\":\"ListItem\",\"position\":1,\"name\":\"In\u00edcio\",\"item\":\"https:\/\/elosolucao.com.br\/loja\/\"},{\"@type\":\"ListItem\",\"position\":2,\"name\":\"Loja\",\"item\":\"https:\/\/elosolucao.com.br\/loja\/loja\/\"},{\"@type\":\"ListItem\",\"position\":3,\"name\":\"Lixeira Coleta Seletiva Papeleira 50L\"}]},{\"@type\":\"WebSite\",\"@id\":\"https:\/\/elosolucao.com.br\/loja\/#website\",\"url\":\"https:\/\/elosolucao.com.br\/loja\/\",\"name\":\"Elo Solu\u00e7\u00e3o\",\"description\":\"Entendendo sua necessidade e solucionando com Produtos.\",\"publisher\":{\"@id\":\"https:\/\/elosolucao.com.br\/loja\/#organization\"},\"potentialAction\":[{\"@type\":\"SearchAction\",\"target\":{\"@type\":\"EntryPoint\",\"urlTemplate\":\"https:\/\/elosolucao.com.br\/loja\/?s={search_term_string}\"},\"query-input\":\"required name=search_term_string\"}],\"inLanguage\":\"pt-BR\"},{\"@type\":\"Organization\",\"@id\":\"https:\/\/elosolucao.com.br\/loja\/#organization\",\"name\":\"Elo Solu\u00e7\u00e3o\",\"url\":\"https:\/\/elosolucao.com.br\/loja\/\",\"logo\":{\"@type\":\"ImageObject\",\"inLanguage\":\"pt-BR\",\"@id\":\"https:\/\/elosolucao.com.br\/loja\/#\/schema\/logo\/image\/\",\"url\":\"https:\/\/elosolucao.com.br\/loja\/wp-content\/uploads\/2021\/03\/Logo-sem-fundo.png\",\"contentUrl\":\"https:\/\/elosolucao.com.br\/loja\/wp-content\/uploads\/2021\/03\/Logo-sem-fundo.png\",\"width\":707,\"height\":353,\"caption\":\"Elo Solu\u00e7\u00e3o\"},\"image\":{\"@id\":\"https:\/\/elosolucao.com.br\/loja\/#\/schema\/logo\/image\/\"},\"sameAs\":[\"https:\/\/www.facebook.com\/elosolucao.br\",\"https:\/\/instagram.com\/elo_solucao\",\"https:\/\/www.youtube.com\/channel\/UCsSlrhz3DzWElX1ZcW2AIyg\/featured\"]}]}<\/script>\n<!-- \/ Yoast SEO Premium plugin. -->","yoast_head_json":{"title":"Lixeira Coleta Seletiva Papeleira 50L - Elo Solu\u00e7\u00e3o","robots":{"index":"index","follow":"follow","max-snippet":"max-snippet:-1","max-image-preview":"max-image-preview:large","max-video-preview":"max-video-preview:-1"},"canonical":"https:\/\/elosolucao.com.br\/loja\/produto\/lixeira-para-coleta-seletiva-50-litros\/","og_locale":"pt_BR","og_type":"article","og_title":"Lixeira Coleta Seletiva Papeleira 50L","og_description":"Dimens\u00f5es: Largura: 43cm Altura: 75cm Comprimento: 37cm Peso:\u00a04kg","og_url":"https:\/\/elosolucao.com.br\/loja\/produto\/lixeira-para-coleta-seletiva-50-litros\/","og_site_name":"Elo Solu\u00e7\u00e3o","article_publisher":"https:\/\/www.facebook.com\/elosolucao.br","article_modified_time":"2026-04-16T18:58:27+00:00","og_image":[{"width":1080,"height":1080,"url":"https:\/\/elosolucao.com.br\/loja\/wp-content\/uploads\/2021\/02\/Lixeira-Papeleira-50L.jpg","type":"image\/jpeg"}],"twitter_card":"summary_large_image","twitter_misc":{"Est. tempo de leitura":"2 minutos"},"schema":{"@context":"https:\/\/schema.org","@graph":[{"@type":"WebPage","@id":"https:\/\/elosolucao.com.br\/loja\/produto\/lixeira-para-coleta-seletiva-50-litros\/","url":"https:\/\/elosolucao.com.br\/loja\/produto\/lixeira-para-coleta-seletiva-50-litros\/","name":"Lixeira Coleta Seletiva Papeleira 50L - Elo Solu\u00e7\u00e3o","isPartOf":{"@id":"https:\/\/elosolucao.com.br\/loja\/#website"},"datePublished":"2021-02-24T15:06:15+00:00","dateModified":"2026-04-16T18:58:27+00:00","breadcrumb":{"@id":"https:\/\/elosolucao.com.br\/loja\/produto\/lixeira-para-coleta-seletiva-50-litros\/#breadcrumb"},"inLanguage":"pt-BR","potentialAction":[{"@type":"ReadAction","target":["https:\/\/elosolucao.com.br\/loja\/produto\/lixeira-para-coleta-seletiva-50-litros\/"]}]},{"@type":"BreadcrumbList","@id":"https:\/\/elosolucao.com.br\/loja\/produto\/lixeira-para-coleta-seletiva-50-litros\/#breadcrumb","itemListElement":[{"@type":"ListItem","position":1,"name":"In\u00edcio","item":"https:\/\/elosolucao.com.br\/loja\/"},{"@type":"ListItem","position":2,"name":"Loja","item":"https:\/\/elosolucao.com.br\/loja\/loja\/"},{"@type":"ListItem","position":3,"name":"Lixeira Coleta Seletiva Papeleira 50L"}]},{"@type":"WebSite","@id":"https:\/\/elosolucao.com.br\/loja\/#website","url":"https:\/\/elosolucao.com.br\/loja\/","name":"Elo Solu\u00e7\u00e3o","description":"Entendendo sua necessidade e solucionando com Produtos.","publisher":{"@id":"https:\/\/elosolucao.com.br\/loja\/#organization"},"potentialAction":[{"@type":"SearchAction","target":{"@type":"EntryPoint","urlTemplate":"https:\/\/elosolucao.com.br\/loja\/?s={search_term_string}"},"query-input":"required name=search_term_string"}],"inLanguage":"pt-BR"},{"@type":"Organization","@id":"https:\/\/elosolucao.com.br\/loja\/#organization","name":"Elo Solu\u00e7\u00e3o","url":"https:\/\/elosolucao.com.br\/loja\/","logo":{"@type":"ImageObject","inLanguage":"pt-BR","@id":"https:\/\/elosolucao.com.br\/loja\/#\/schema\/logo\/image\/","url":"https:\/\/elosolucao.com.br\/loja\/wp-content\/uploads\/2021\/03\/Logo-sem-fundo.png","contentUrl":"https:\/\/elosolucao.com.br\/loja\/wp-content\/uploads\/2021\/03\/Logo-sem-fundo.png","width":707,"height":353,"caption":"Elo Solu\u00e7\u00e3o"},"image":{"@id":"https:\/\/elosolucao.com.br\/loja\/#\/schema\/logo\/image\/"},"sameAs":["https:\/\/www.facebook.com\/elosolucao.br","https:\/\/instagram.com\/elo_solucao","https:\/\/www.youtube.com\/channel\/UCsSlrhz3DzWElX1ZcW2AIyg\/featured"]}]}},"_links":{"self":[{"href":"https:\/\/elosolucao.com.br\/loja\/wp-json\/wp\/v2\/product\/583","targetHints":{"allow":["GET"]}}],"collection":[{"href":"https:\/\/elosolucao.com.br\/loja\/wp-json\/wp\/v2\/product"}],"about":[{"href":"https:\/\/elosolucao.com.br\/loja\/wp-json\/wp\/v2\/types\/product"}],"version-history":[{"count":0,"href":"https:\/\/elosolucao.com.br\/loja\/wp-json\/wp\/v2\/product\/583\/revisions"}],"wp:featuredmedia":[{"embeddable":true,"href":"https:\/\/elosolucao.com.br\/loja\/wp-json\/wp\/v2\/media\/2671"}],"wp:attachment":[{"href":"https:\/\/elosolucao.com.br\/loja\/wp-json\/wp\/v2\/media?parent=583"}],"wp:term":[{"taxonomy":"product_brand","embeddable":true,"href":"https:\/\/elosolucao.com.br\/loja\/wp-json\/wp\/v2\/product_brand?post=583"},{"taxonomy":"product_cat","embeddable":true,"href":"https:\/\/elosolucao.com.br\/loja\/wp-json\/wp\/v2\/product_cat?post=583"},{"taxonomy":"product_tag","embeddable":true,"href":"https:\/\/elosolucao.com.br\/loja\/wp-json\/wp\/v2\/product_tag?post=583"}],"curies":[{"name":"wp","href":"https:\/\/api.w.org\/{rel}","templated":true}]}}