{"id":5448,"date":"2022-11-08T19:01:50","date_gmt":"2022-11-08T22:01:50","guid":{"rendered":"https:\/\/elosolucao.com.br\/loja\/?post_type=product&#038;p=5448"},"modified":"2026-04-20T15:10:09","modified_gmt":"2026-04-20T18:10:09","slug":"caixa-organizadora-bin-no6","status":"publish","type":"product","link":"https:\/\/elosolucao.com.br\/loja\/produto\/caixa-organizadora-bin-no6\/","title":{"rendered":"Caixa Organizadora Bin n\u00ba6"},"content":{"rendered":"<p><strong>Gaveteiro Pl\u00e1stico Bin N\u00ba 6 \u2013 Caixa Organizadora.<\/strong><\/p>\n<p>O Gaveteiro Pl\u00e1stico Bin, tamb\u00e9m conhecido como Caixa Organizadora, \u00e9 ideal para organizar itens, pe\u00e7as e acess\u00f3rios no estoque. Os Bins levam vantagem na hora de arrumar pequenas pe\u00e7as como parafusos, porcas, pregos, equipamentos m\u00e9dicos, rem\u00e9dios e outros produtos que necessitam de f\u00e1cil acesso. Assim \u00e9 comumente utilizado em almoxarifados, Autope\u00e7as, hospitais, farm\u00e1cias e outros segmentos.<\/p>\n<p><strong>Diferencias:\u00a0<\/strong><\/p>\n<ul>\n<li>Pode ser empilhado ou acondicionado em estruturas met\u00e1licas para caixas, o que permite ao cliente catalogar e organizar facilmente seus produtos;<\/li>\n<li>O produto \u00e9 eficiente e seguro, sendo produzido em diversas op\u00e7\u00f5es de tamanhos, que oferecem facilidade de adapta\u00e7\u00e3o a locais distintos, otimiza\u00e7\u00e3o de espa\u00e7os e a possibilidade de utilizar o produto em prateleiras ou em formato de estantes.<\/li>\n<\/ul>\n<p>Aplica\u00e7\u00f5es:<br \/>\n<strong>Com\u00e9rcio de Autope\u00e7as, Oficinas Mec\u00e2nicas, Metal\u00fargicas, Estoque de Hospitais, Enfermarias, Pe\u00e7as Metal\u00fargicas, Almoxarifados, Lojas de Material de Constru\u00e7\u00e3o.<\/strong><\/p>\n","protected":false},"excerpt":{"rendered":"<p>\u2013 Dimens\u00f5es Externas: 18,5 cm (largura) x 29 cm (comprimento) x 15 cm (altura);<br \/>\n\u2013 Peso do Produto: 0,314 kg;<br \/>\n\u2013 Capacidade Volum\u00e9trica: 8 litros;<br \/>\n\u2013 Capacidade de Carga por Caixa: 4 kg;<br \/>\n\u2013 Cubagem por Volume: 0,1853 m\u00b3.<\/p>\n<p><b>Cor Dispon\u00edvel:<\/b><br \/>\nPreto<\/p>\n","protected":false},"featured_media":5443,"template":"","meta":[],"product_brand":[],"product_cat":[284,71],"product_tag":[],"class_list":{"0":"post-5448","1":"product","2":"type-product","3":"status-publish","4":"has-post-thumbnail","6":"product_cat-caixa-bin","7":"product_cat-caixa-organizadora","9":"first","10":"instock","11":"shipping-taxable","12":"purchasable","13":"product-type-simple"},"yoast_head":"<!-- This site is optimized with the Yoast SEO Premium plugin v22.0 (Yoast SEO v21.7) - https:\/\/yoast.com\/wordpress\/plugins\/seo\/ -->\n<title>Caixa Organizadora Bin n\u00ba6 - Elo Solu\u00e7\u00e3o<\/title>\n<meta name=\"robots\" content=\"index, follow, max-snippet:-1, max-image-preview:large, max-video-preview:-1\" \/>\n<link rel=\"canonical\" href=\"https:\/\/elosolucao.com.br\/loja\/produto\/caixa-organizadora-bin-no6\/\" \/>\n<meta property=\"og:locale\" content=\"pt_BR\" \/>\n<meta property=\"og:type\" content=\"article\" \/>\n<meta property=\"og:title\" content=\"Caixa Organizadora Bin n\u00ba6\" \/>\n<meta property=\"og:description\" content=\"\u2013 Dimens\u00f5es Externas: 18,5 cm (largura) x 29 cm (comprimento) x 15 cm (altura); \u2013 Peso do Produto: 0,314 kg; \u2013 Capacidade Volum\u00e9trica: 8 litros; \u2013 Capacidade de Carga por Caixa: 4 kg; \u2013 Cubagem por Volume: 0,1853 m\u00b3.  Cor Dispon\u00edvel: Preto\" \/>\n<meta property=\"og:url\" content=\"https:\/\/elosolucao.com.br\/loja\/produto\/caixa-organizadora-bin-no6\/\" \/>\n<meta property=\"og:site_name\" content=\"Elo Solu\u00e7\u00e3o\" \/>\n<meta property=\"article:publisher\" content=\"https:\/\/www.facebook.com\/elosolucao.br\" \/>\n<meta property=\"article:modified_time\" content=\"2026-04-20T18:10:09+00:00\" \/>\n<meta property=\"og:image\" content=\"https:\/\/elosolucao.com.br\/loja\/wp-content\/uploads\/2022\/11\/Caixa-Bin-n\u00b06.jpg\" \/>\n\t<meta property=\"og:image:width\" content=\"1080\" \/>\n\t<meta property=\"og:image:height\" content=\"1080\" \/>\n\t<meta property=\"og:image:type\" content=\"image\/jpeg\" \/>\n<meta name=\"twitter:card\" content=\"summary_large_image\" \/>\n<meta name=\"twitter:label1\" content=\"Est. tempo de leitura\" \/>\n\t<meta name=\"twitter:data1\" content=\"1 minuto\" \/>\n<script type=\"application\/ld+json\" class=\"yoast-schema-graph\">{\"@context\":\"https:\/\/schema.org\",\"@graph\":[{\"@type\":\"WebPage\",\"@id\":\"https:\/\/elosolucao.com.br\/loja\/produto\/caixa-organizadora-bin-no6\/\",\"url\":\"https:\/\/elosolucao.com.br\/loja\/produto\/caixa-organizadora-bin-no6\/\",\"name\":\"Caixa Organizadora Bin n\u00ba6 - Elo Solu\u00e7\u00e3o\",\"isPartOf\":{\"@id\":\"https:\/\/elosolucao.com.br\/loja\/#website\"},\"datePublished\":\"2022-11-08T22:01:50+00:00\",\"dateModified\":\"2026-04-20T18:10:09+00:00\",\"breadcrumb\":{\"@id\":\"https:\/\/elosolucao.com.br\/loja\/produto\/caixa-organizadora-bin-no6\/#breadcrumb\"},\"inLanguage\":\"pt-BR\",\"potentialAction\":[{\"@type\":\"ReadAction\",\"target\":[\"https:\/\/elosolucao.com.br\/loja\/produto\/caixa-organizadora-bin-no6\/\"]}]},{\"@type\":\"BreadcrumbList\",\"@id\":\"https:\/\/elosolucao.com.br\/loja\/produto\/caixa-organizadora-bin-no6\/#breadcrumb\",\"itemListElement\":[{\"@type\":\"ListItem\",\"position\":1,\"name\":\"In\u00edcio\",\"item\":\"https:\/\/elosolucao.com.br\/loja\/\"},{\"@type\":\"ListItem\",\"position\":2,\"name\":\"Loja\",\"item\":\"https:\/\/elosolucao.com.br\/loja\/loja\/\"},{\"@type\":\"ListItem\",\"position\":3,\"name\":\"Caixa Organizadora Bin n\u00ba6\"}]},{\"@type\":\"WebSite\",\"@id\":\"https:\/\/elosolucao.com.br\/loja\/#website\",\"url\":\"https:\/\/elosolucao.com.br\/loja\/\",\"name\":\"Elo Solu\u00e7\u00e3o\",\"description\":\"Entendendo sua necessidade e solucionando com Produtos.\",\"publisher\":{\"@id\":\"https:\/\/elosolucao.com.br\/loja\/#organization\"},\"potentialAction\":[{\"@type\":\"SearchAction\",\"target\":{\"@type\":\"EntryPoint\",\"urlTemplate\":\"https:\/\/elosolucao.com.br\/loja\/?s={search_term_string}\"},\"query-input\":\"required name=search_term_string\"}],\"inLanguage\":\"pt-BR\"},{\"@type\":\"Organization\",\"@id\":\"https:\/\/elosolucao.com.br\/loja\/#organization\",\"name\":\"Elo Solu\u00e7\u00e3o\",\"url\":\"https:\/\/elosolucao.com.br\/loja\/\",\"logo\":{\"@type\":\"ImageObject\",\"inLanguage\":\"pt-BR\",\"@id\":\"https:\/\/elosolucao.com.br\/loja\/#\/schema\/logo\/image\/\",\"url\":\"https:\/\/elosolucao.com.br\/loja\/wp-content\/uploads\/2021\/03\/Logo-sem-fundo.png\",\"contentUrl\":\"https:\/\/elosolucao.com.br\/loja\/wp-content\/uploads\/2021\/03\/Logo-sem-fundo.png\",\"width\":707,\"height\":353,\"caption\":\"Elo Solu\u00e7\u00e3o\"},\"image\":{\"@id\":\"https:\/\/elosolucao.com.br\/loja\/#\/schema\/logo\/image\/\"},\"sameAs\":[\"https:\/\/www.facebook.com\/elosolucao.br\",\"https:\/\/instagram.com\/elo_solucao\",\"https:\/\/www.youtube.com\/channel\/UCsSlrhz3DzWElX1ZcW2AIyg\/featured\"]}]}<\/script>\n<!-- \/ Yoast SEO Premium plugin. -->","yoast_head_json":{"title":"Caixa Organizadora Bin n\u00ba6 - Elo Solu\u00e7\u00e3o","robots":{"index":"index","follow":"follow","max-snippet":"max-snippet:-1","max-image-preview":"max-image-preview:large","max-video-preview":"max-video-preview:-1"},"canonical":"https:\/\/elosolucao.com.br\/loja\/produto\/caixa-organizadora-bin-no6\/","og_locale":"pt_BR","og_type":"article","og_title":"Caixa Organizadora Bin n\u00ba6","og_description":"\u2013 Dimens\u00f5es Externas: 18,5 cm (largura) x 29 cm (comprimento) x 15 cm (altura); \u2013 Peso do Produto: 0,314 kg; \u2013 Capacidade Volum\u00e9trica: 8 litros; \u2013 Capacidade de Carga por Caixa: 4 kg; \u2013 Cubagem por Volume: 0,1853 m\u00b3.  Cor Dispon\u00edvel: Preto","og_url":"https:\/\/elosolucao.com.br\/loja\/produto\/caixa-organizadora-bin-no6\/","og_site_name":"Elo Solu\u00e7\u00e3o","article_publisher":"https:\/\/www.facebook.com\/elosolucao.br","article_modified_time":"2026-04-20T18:10:09+00:00","og_image":[{"width":1080,"height":1080,"url":"https:\/\/elosolucao.com.br\/loja\/wp-content\/uploads\/2022\/11\/Caixa-Bin-n\u00b06.jpg","type":"image\/jpeg"}],"twitter_card":"summary_large_image","twitter_misc":{"Est. tempo de leitura":"1 minuto"},"schema":{"@context":"https:\/\/schema.org","@graph":[{"@type":"WebPage","@id":"https:\/\/elosolucao.com.br\/loja\/produto\/caixa-organizadora-bin-no6\/","url":"https:\/\/elosolucao.com.br\/loja\/produto\/caixa-organizadora-bin-no6\/","name":"Caixa Organizadora Bin n\u00ba6 - Elo Solu\u00e7\u00e3o","isPartOf":{"@id":"https:\/\/elosolucao.com.br\/loja\/#website"},"datePublished":"2022-11-08T22:01:50+00:00","dateModified":"2026-04-20T18:10:09+00:00","breadcrumb":{"@id":"https:\/\/elosolucao.com.br\/loja\/produto\/caixa-organizadora-bin-no6\/#breadcrumb"},"inLanguage":"pt-BR","potentialAction":[{"@type":"ReadAction","target":["https:\/\/elosolucao.com.br\/loja\/produto\/caixa-organizadora-bin-no6\/"]}]},{"@type":"BreadcrumbList","@id":"https:\/\/elosolucao.com.br\/loja\/produto\/caixa-organizadora-bin-no6\/#breadcrumb","itemListElement":[{"@type":"ListItem","position":1,"name":"In\u00edcio","item":"https:\/\/elosolucao.com.br\/loja\/"},{"@type":"ListItem","position":2,"name":"Loja","item":"https:\/\/elosolucao.com.br\/loja\/loja\/"},{"@type":"ListItem","position":3,"name":"Caixa Organizadora Bin n\u00ba6"}]},{"@type":"WebSite","@id":"https:\/\/elosolucao.com.br\/loja\/#website","url":"https:\/\/elosolucao.com.br\/loja\/","name":"Elo Solu\u00e7\u00e3o","description":"Entendendo sua necessidade e solucionando com Produtos.","publisher":{"@id":"https:\/\/elosolucao.com.br\/loja\/#organization"},"potentialAction":[{"@type":"SearchAction","target":{"@type":"EntryPoint","urlTemplate":"https:\/\/elosolucao.com.br\/loja\/?s={search_term_string}"},"query-input":"required name=search_term_string"}],"inLanguage":"pt-BR"},{"@type":"Organization","@id":"https:\/\/elosolucao.com.br\/loja\/#organization","name":"Elo Solu\u00e7\u00e3o","url":"https:\/\/elosolucao.com.br\/loja\/","logo":{"@type":"ImageObject","inLanguage":"pt-BR","@id":"https:\/\/elosolucao.com.br\/loja\/#\/schema\/logo\/image\/","url":"https:\/\/elosolucao.com.br\/loja\/wp-content\/uploads\/2021\/03\/Logo-sem-fundo.png","contentUrl":"https:\/\/elosolucao.com.br\/loja\/wp-content\/uploads\/2021\/03\/Logo-sem-fundo.png","width":707,"height":353,"caption":"Elo Solu\u00e7\u00e3o"},"image":{"@id":"https:\/\/elosolucao.com.br\/loja\/#\/schema\/logo\/image\/"},"sameAs":["https:\/\/www.facebook.com\/elosolucao.br","https:\/\/instagram.com\/elo_solucao","https:\/\/www.youtube.com\/channel\/UCsSlrhz3DzWElX1ZcW2AIyg\/featured"]}]}},"_links":{"self":[{"href":"https:\/\/elosolucao.com.br\/loja\/wp-json\/wp\/v2\/product\/5448","targetHints":{"allow":["GET"]}}],"collection":[{"href":"https:\/\/elosolucao.com.br\/loja\/wp-json\/wp\/v2\/product"}],"about":[{"href":"https:\/\/elosolucao.com.br\/loja\/wp-json\/wp\/v2\/types\/product"}],"version-history":[{"count":0,"href":"https:\/\/elosolucao.com.br\/loja\/wp-json\/wp\/v2\/product\/5448\/revisions"}],"wp:featuredmedia":[{"embeddable":true,"href":"https:\/\/elosolucao.com.br\/loja\/wp-json\/wp\/v2\/media\/5443"}],"wp:attachment":[{"href":"https:\/\/elosolucao.com.br\/loja\/wp-json\/wp\/v2\/media?parent=5448"}],"wp:term":[{"taxonomy":"product_brand","embeddable":true,"href":"https:\/\/elosolucao.com.br\/loja\/wp-json\/wp\/v2\/product_brand?post=5448"},{"taxonomy":"product_cat","embeddable":true,"href":"https:\/\/elosolucao.com.br\/loja\/wp-json\/wp\/v2\/product_cat?post=5448"},{"taxonomy":"product_tag","embeddable":true,"href":"https:\/\/elosolucao.com.br\/loja\/wp-json\/wp\/v2\/product_tag?post=5448"}],"curies":[{"name":"wp","href":"https:\/\/api.w.org\/{rel}","templated":true}]}}