{"id":5234,"date":"2022-08-31T11:15:38","date_gmt":"2022-08-31T14:15:38","guid":{"rendered":"https:\/\/elosolucao.com.br\/loja\/?post_type=product&#038;p=5234"},"modified":"2026-04-17T15:10:17","modified_gmt":"2026-04-17T18:10:17","slug":"kit-5-estrados-plasticos-50x50-preto","status":"publish","type":"product","link":"https:\/\/elosolucao.com.br\/loja\/produto\/kit-5-estrados-plasticos-50x50-preto\/","title":{"rendered":"kit 5 Estrados Pl\u00e1sticos 50&#215;50 &#8211; preto"},"content":{"rendered":"","protected":false},"excerpt":{"rendered":"<p>Estrado Pl\u00e1stico 50&#215;50<\/p>\n<p>4 pe\u00e7as por metro quadrado<\/p>\n<p>5 pe\u00e7as = 1,25m<\/p>\n<p>MEDIDAS:<br \/>\n50X50X4,5 CM<br \/>\nCOR: PRETO<br \/>\nESTRADO PL\u00c1STICO MODULAR<br \/>\nPESO ESTATICO DE 1000 Kg<br \/>\nN\u00c3O SERVE PARA MOVIMENTA\u00c7\u00c3O.<\/p>\n<p>SOMOS FABRICANTE E TEMOS OS ESTRADOS A PRONTA ENTREGA<\/p>\n<p>ENTREGA DE 1 A 7 DIAS \u00daTEIS<\/p>\n","protected":false},"featured_media":5235,"template":"","meta":[],"product_brand":[],"product_cat":[88,87,272],"product_tag":[],"class_list":{"0":"post-5234","1":"product","2":"type-product","3":"status-publish","4":"has-post-thumbnail","6":"product_cat-estrado-plastico","7":"product_cat-piso-plastico","8":"product_cat-promocoes","10":"first","11":"instock","12":"shipping-taxable","13":"purchasable","14":"product-type-simple"},"yoast_head":"<!-- This site is optimized with the Yoast SEO Premium plugin v22.0 (Yoast SEO v21.7) - https:\/\/yoast.com\/wordpress\/plugins\/seo\/ -->\n<title>kit 5 Estrados Pl\u00e1sticos 50x50 - preto - Elo Solu\u00e7\u00e3o<\/title>\n<meta name=\"robots\" content=\"index, follow, max-snippet:-1, max-image-preview:large, max-video-preview:-1\" \/>\n<link rel=\"canonical\" href=\"https:\/\/elosolucao.com.br\/loja\/produto\/kit-5-estrados-plasticos-50x50-preto\/\" \/>\n<meta property=\"og:locale\" content=\"pt_BR\" \/>\n<meta property=\"og:type\" content=\"article\" \/>\n<meta property=\"og:title\" content=\"kit 5 Estrados Pl\u00e1sticos 50x50 - preto\" \/>\n<meta property=\"og:description\" content=\"Estrado Pl\u00e1stico 50x50  4 pe\u00e7as por metro quadrado  5 pe\u00e7as = 1,25m  MEDIDAS: 50X50X4,5 CM COR: PRETO ESTRADO PL\u00c1STICO MODULAR PESO ESTATICO DE 1000 Kg N\u00c3O SERVE PARA MOVIMENTA\u00c7\u00c3O.  SOMOS FABRICANTE E TEMOS OS ESTRADOS A PRONTA ENTREGA  ENTREGA DE 1 A 7 DIAS \u00daTEIS\" \/>\n<meta property=\"og:url\" content=\"https:\/\/elosolucao.com.br\/loja\/produto\/kit-5-estrados-plasticos-50x50-preto\/\" \/>\n<meta property=\"og:site_name\" content=\"Elo Solu\u00e7\u00e3o\" \/>\n<meta property=\"article:publisher\" content=\"https:\/\/www.facebook.com\/elosolucao.br\" \/>\n<meta property=\"article:modified_time\" content=\"2026-04-17T18:10:17+00:00\" \/>\n<meta property=\"og:image\" content=\"https:\/\/elosolucao.com.br\/loja\/wp-content\/uploads\/2022\/08\/PRODUTOS-LOJA-5.png\" \/>\n\t<meta property=\"og:image:width\" content=\"1080\" \/>\n\t<meta property=\"og:image:height\" content=\"1080\" \/>\n\t<meta property=\"og:image:type\" content=\"image\/png\" \/>\n<meta name=\"twitter:card\" content=\"summary_large_image\" \/>\n<meta name=\"twitter:label1\" content=\"Est. tempo de leitura\" \/>\n\t<meta name=\"twitter:data1\" content=\"1 minuto\" \/>\n<script type=\"application\/ld+json\" class=\"yoast-schema-graph\">{\"@context\":\"https:\/\/schema.org\",\"@graph\":[{\"@type\":\"WebPage\",\"@id\":\"https:\/\/elosolucao.com.br\/loja\/produto\/kit-5-estrados-plasticos-50x50-preto\/\",\"url\":\"https:\/\/elosolucao.com.br\/loja\/produto\/kit-5-estrados-plasticos-50x50-preto\/\",\"name\":\"kit 5 Estrados Pl\u00e1sticos 50x50 - preto - Elo Solu\u00e7\u00e3o\",\"isPartOf\":{\"@id\":\"https:\/\/elosolucao.com.br\/loja\/#website\"},\"datePublished\":\"2022-08-31T14:15:38+00:00\",\"dateModified\":\"2026-04-17T18:10:17+00:00\",\"breadcrumb\":{\"@id\":\"https:\/\/elosolucao.com.br\/loja\/produto\/kit-5-estrados-plasticos-50x50-preto\/#breadcrumb\"},\"inLanguage\":\"pt-BR\",\"potentialAction\":[{\"@type\":\"ReadAction\",\"target\":[\"https:\/\/elosolucao.com.br\/loja\/produto\/kit-5-estrados-plasticos-50x50-preto\/\"]}]},{\"@type\":\"BreadcrumbList\",\"@id\":\"https:\/\/elosolucao.com.br\/loja\/produto\/kit-5-estrados-plasticos-50x50-preto\/#breadcrumb\",\"itemListElement\":[{\"@type\":\"ListItem\",\"position\":1,\"name\":\"In\u00edcio\",\"item\":\"https:\/\/elosolucao.com.br\/loja\/\"},{\"@type\":\"ListItem\",\"position\":2,\"name\":\"Loja\",\"item\":\"https:\/\/elosolucao.com.br\/loja\/loja\/\"},{\"@type\":\"ListItem\",\"position\":3,\"name\":\"kit 5 Estrados Pl\u00e1sticos 50&#215;50 &#8211; preto\"}]},{\"@type\":\"WebSite\",\"@id\":\"https:\/\/elosolucao.com.br\/loja\/#website\",\"url\":\"https:\/\/elosolucao.com.br\/loja\/\",\"name\":\"Elo Solu\u00e7\u00e3o\",\"description\":\"Entendendo sua necessidade e solucionando com Produtos.\",\"publisher\":{\"@id\":\"https:\/\/elosolucao.com.br\/loja\/#organization\"},\"potentialAction\":[{\"@type\":\"SearchAction\",\"target\":{\"@type\":\"EntryPoint\",\"urlTemplate\":\"https:\/\/elosolucao.com.br\/loja\/?s={search_term_string}\"},\"query-input\":\"required name=search_term_string\"}],\"inLanguage\":\"pt-BR\"},{\"@type\":\"Organization\",\"@id\":\"https:\/\/elosolucao.com.br\/loja\/#organization\",\"name\":\"Elo Solu\u00e7\u00e3o\",\"url\":\"https:\/\/elosolucao.com.br\/loja\/\",\"logo\":{\"@type\":\"ImageObject\",\"inLanguage\":\"pt-BR\",\"@id\":\"https:\/\/elosolucao.com.br\/loja\/#\/schema\/logo\/image\/\",\"url\":\"https:\/\/elosolucao.com.br\/loja\/wp-content\/uploads\/2021\/03\/Logo-sem-fundo.png\",\"contentUrl\":\"https:\/\/elosolucao.com.br\/loja\/wp-content\/uploads\/2021\/03\/Logo-sem-fundo.png\",\"width\":707,\"height\":353,\"caption\":\"Elo Solu\u00e7\u00e3o\"},\"image\":{\"@id\":\"https:\/\/elosolucao.com.br\/loja\/#\/schema\/logo\/image\/\"},\"sameAs\":[\"https:\/\/www.facebook.com\/elosolucao.br\",\"https:\/\/instagram.com\/elo_solucao\",\"https:\/\/www.youtube.com\/channel\/UCsSlrhz3DzWElX1ZcW2AIyg\/featured\"]}]}<\/script>\n<!-- \/ Yoast SEO Premium plugin. -->","yoast_head_json":{"title":"kit 5 Estrados Pl\u00e1sticos 50x50 - preto - Elo Solu\u00e7\u00e3o","robots":{"index":"index","follow":"follow","max-snippet":"max-snippet:-1","max-image-preview":"max-image-preview:large","max-video-preview":"max-video-preview:-1"},"canonical":"https:\/\/elosolucao.com.br\/loja\/produto\/kit-5-estrados-plasticos-50x50-preto\/","og_locale":"pt_BR","og_type":"article","og_title":"kit 5 Estrados Pl\u00e1sticos 50x50 - preto","og_description":"Estrado Pl\u00e1stico 50x50  4 pe\u00e7as por metro quadrado  5 pe\u00e7as = 1,25m  MEDIDAS: 50X50X4,5 CM COR: PRETO ESTRADO PL\u00c1STICO MODULAR PESO ESTATICO DE 1000 Kg N\u00c3O SERVE PARA MOVIMENTA\u00c7\u00c3O.  SOMOS FABRICANTE E TEMOS OS ESTRADOS A PRONTA ENTREGA  ENTREGA DE 1 A 7 DIAS \u00daTEIS","og_url":"https:\/\/elosolucao.com.br\/loja\/produto\/kit-5-estrados-plasticos-50x50-preto\/","og_site_name":"Elo Solu\u00e7\u00e3o","article_publisher":"https:\/\/www.facebook.com\/elosolucao.br","article_modified_time":"2026-04-17T18:10:17+00:00","og_image":[{"width":1080,"height":1080,"url":"https:\/\/elosolucao.com.br\/loja\/wp-content\/uploads\/2022\/08\/PRODUTOS-LOJA-5.png","type":"image\/png"}],"twitter_card":"summary_large_image","twitter_misc":{"Est. tempo de leitura":"1 minuto"},"schema":{"@context":"https:\/\/schema.org","@graph":[{"@type":"WebPage","@id":"https:\/\/elosolucao.com.br\/loja\/produto\/kit-5-estrados-plasticos-50x50-preto\/","url":"https:\/\/elosolucao.com.br\/loja\/produto\/kit-5-estrados-plasticos-50x50-preto\/","name":"kit 5 Estrados Pl\u00e1sticos 50x50 - preto - Elo Solu\u00e7\u00e3o","isPartOf":{"@id":"https:\/\/elosolucao.com.br\/loja\/#website"},"datePublished":"2022-08-31T14:15:38+00:00","dateModified":"2026-04-17T18:10:17+00:00","breadcrumb":{"@id":"https:\/\/elosolucao.com.br\/loja\/produto\/kit-5-estrados-plasticos-50x50-preto\/#breadcrumb"},"inLanguage":"pt-BR","potentialAction":[{"@type":"ReadAction","target":["https:\/\/elosolucao.com.br\/loja\/produto\/kit-5-estrados-plasticos-50x50-preto\/"]}]},{"@type":"BreadcrumbList","@id":"https:\/\/elosolucao.com.br\/loja\/produto\/kit-5-estrados-plasticos-50x50-preto\/#breadcrumb","itemListElement":[{"@type":"ListItem","position":1,"name":"In\u00edcio","item":"https:\/\/elosolucao.com.br\/loja\/"},{"@type":"ListItem","position":2,"name":"Loja","item":"https:\/\/elosolucao.com.br\/loja\/loja\/"},{"@type":"ListItem","position":3,"name":"kit 5 Estrados Pl\u00e1sticos 50&#215;50 &#8211; preto"}]},{"@type":"WebSite","@id":"https:\/\/elosolucao.com.br\/loja\/#website","url":"https:\/\/elosolucao.com.br\/loja\/","name":"Elo Solu\u00e7\u00e3o","description":"Entendendo sua necessidade e solucionando com Produtos.","publisher":{"@id":"https:\/\/elosolucao.com.br\/loja\/#organization"},"potentialAction":[{"@type":"SearchAction","target":{"@type":"EntryPoint","urlTemplate":"https:\/\/elosolucao.com.br\/loja\/?s={search_term_string}"},"query-input":"required name=search_term_string"}],"inLanguage":"pt-BR"},{"@type":"Organization","@id":"https:\/\/elosolucao.com.br\/loja\/#organization","name":"Elo Solu\u00e7\u00e3o","url":"https:\/\/elosolucao.com.br\/loja\/","logo":{"@type":"ImageObject","inLanguage":"pt-BR","@id":"https:\/\/elosolucao.com.br\/loja\/#\/schema\/logo\/image\/","url":"https:\/\/elosolucao.com.br\/loja\/wp-content\/uploads\/2021\/03\/Logo-sem-fundo.png","contentUrl":"https:\/\/elosolucao.com.br\/loja\/wp-content\/uploads\/2021\/03\/Logo-sem-fundo.png","width":707,"height":353,"caption":"Elo Solu\u00e7\u00e3o"},"image":{"@id":"https:\/\/elosolucao.com.br\/loja\/#\/schema\/logo\/image\/"},"sameAs":["https:\/\/www.facebook.com\/elosolucao.br","https:\/\/instagram.com\/elo_solucao","https:\/\/www.youtube.com\/channel\/UCsSlrhz3DzWElX1ZcW2AIyg\/featured"]}]}},"_links":{"self":[{"href":"https:\/\/elosolucao.com.br\/loja\/wp-json\/wp\/v2\/product\/5234","targetHints":{"allow":["GET"]}}],"collection":[{"href":"https:\/\/elosolucao.com.br\/loja\/wp-json\/wp\/v2\/product"}],"about":[{"href":"https:\/\/elosolucao.com.br\/loja\/wp-json\/wp\/v2\/types\/product"}],"version-history":[{"count":0,"href":"https:\/\/elosolucao.com.br\/loja\/wp-json\/wp\/v2\/product\/5234\/revisions"}],"wp:featuredmedia":[{"embeddable":true,"href":"https:\/\/elosolucao.com.br\/loja\/wp-json\/wp\/v2\/media\/5235"}],"wp:attachment":[{"href":"https:\/\/elosolucao.com.br\/loja\/wp-json\/wp\/v2\/media?parent=5234"}],"wp:term":[{"taxonomy":"product_brand","embeddable":true,"href":"https:\/\/elosolucao.com.br\/loja\/wp-json\/wp\/v2\/product_brand?post=5234"},{"taxonomy":"product_cat","embeddable":true,"href":"https:\/\/elosolucao.com.br\/loja\/wp-json\/wp\/v2\/product_cat?post=5234"},{"taxonomy":"product_tag","embeddable":true,"href":"https:\/\/elosolucao.com.br\/loja\/wp-json\/wp\/v2\/product_tag?post=5234"}],"curies":[{"name":"wp","href":"https:\/\/api.w.org\/{rel}","templated":true}]}}