{"id":5017,"date":"2022-08-05T11:28:16","date_gmt":"2022-08-05T14:28:16","guid":{"rendered":"https:\/\/elosolucao.com.br\/loja\/?post_type=product&#038;p=5017"},"modified":"2026-04-20T15:43:50","modified_gmt":"2026-04-20T18:43:50","slug":"conjunto-poltrona-de-plastico-perola","status":"publish","type":"product","link":"https:\/\/elosolucao.com.br\/loja\/produto\/conjunto-poltrona-de-plastico-perola\/","title":{"rendered":"Conjunto com 5 Poltronas de Pl\u00e1stico Branca"},"content":{"rendered":"<p>A Poltrona de Pl\u00e1stico P\u00e9rola da Elo Solu\u00e7\u00e3o \u00e9 compacta e vers\u00e1til.<\/p>\n<p>Leve e de f\u00e1cil movimenta\u00e7\u00e3o, ela otimiza espa\u00e7os e garante praticidade e efici\u00eancia.<\/p>\n<p>Ideal para v\u00e1rios ambientes, \u00e9 fabricada em polipropileno, monobloco e pode ser facilmente empilhada.<\/p>\n<p>A maioria dos m\u00f3veis pl\u00e1sticos podem ser empilhados, reduzindo a ocupa\u00e7\u00e3o de espa\u00e7o e facilitando o armazenamento e o transporte dos mesmos.<\/p>\n<p>A Elo Solu\u00e7\u00e3o possui uma linha de m\u00f3veis de pl\u00e1stico que atendem \u00e0 diversos segmentos e necessidades do mercado. Fabricamos mesas pl\u00e1sticas, cadeiras de pl\u00e1stico, banquetas, poltronas de pl\u00e1stico, entre outros.<\/p>\n","protected":false},"excerpt":{"rendered":"<p><strong>LARGURA:<\/strong> 53cm<br \/>\n<strong>ALTURA:<\/strong> 72cm<br \/>\n<strong>COMPRIMENTO:<\/strong> 50cm<br \/>\n<strong>PESO:<\/strong> 2,120Kg<br \/>\n<strong>CAPACIDADE PESO:<\/strong> Suporta at\u00e9 182 kg<br \/>\n<strong>MATERIAL:<\/strong> PP (Polipropileno)<\/p>\n","protected":false},"featured_media":5251,"template":"","meta":[],"product_brand":[],"product_cat":[154,272],"product_tag":[155,156,157,158,159,160,161,162,163,164],"class_list":{"0":"post-5017","1":"product","2":"type-product","3":"status-publish","4":"has-post-thumbnail","6":"product_cat-moveis-de-plastico","7":"product_cat-promocoes","8":"product_tag-cadeira-branca","9":"product_tag-cadeira-de-plastico","10":"product_tag-cadeira-empilhavel","11":"product_tag-cadeira-plastica","12":"product_tag-cadeira-plastica-branca","13":"product_tag-cadeira-plastica-empilhavel","14":"product_tag-poltrona-de-plastico","15":"product_tag-poltrona-plastica","16":"product_tag-poltrona-plastica-baixa","17":"product_tag-poltrona-plastica-empilhavel","19":"first","20":"instock","21":"shipping-taxable","22":"purchasable","23":"product-type-simple"},"yoast_head":"<!-- This site is optimized with the Yoast SEO Premium plugin v22.0 (Yoast SEO v21.7) - https:\/\/yoast.com\/wordpress\/plugins\/seo\/ -->\n<title>Conjunto com 5 Poltronas de Pl\u00e1stico Branca - Elo Solu\u00e7\u00e3o<\/title>\n<meta name=\"description\" content=\"A Poltrona de Pl\u00e1stico P\u00e9rola da \u00e9 compacta e vers\u00e1til. Leve e de f\u00e1cil movimenta\u00e7\u00e3o, ela otimiza espa\u00e7os e garante praticidade e efici\u00eancia.\" \/>\n<meta name=\"robots\" content=\"index, follow, max-snippet:-1, max-image-preview:large, max-video-preview:-1\" \/>\n<link rel=\"canonical\" href=\"https:\/\/elosolucao.com.br\/loja\/produto\/conjunto-poltrona-de-plastico-perola\/\" \/>\n<meta property=\"og:locale\" content=\"pt_BR\" \/>\n<meta property=\"og:type\" content=\"article\" \/>\n<meta property=\"og:title\" content=\"Conjunto com 5 Poltronas de Pl\u00e1stico Branca\" \/>\n<meta property=\"og:description\" content=\"A Poltrona de Pl\u00e1stico P\u00e9rola da \u00e9 compacta e vers\u00e1til. Leve e de f\u00e1cil movimenta\u00e7\u00e3o, ela otimiza espa\u00e7os e garante praticidade e efici\u00eancia.\" \/>\n<meta property=\"og:url\" content=\"https:\/\/elosolucao.com.br\/loja\/produto\/conjunto-poltrona-de-plastico-perola\/\" \/>\n<meta property=\"og:site_name\" content=\"Elo Solu\u00e7\u00e3o\" \/>\n<meta property=\"article:publisher\" content=\"https:\/\/www.facebook.com\/elosolucao.br\" \/>\n<meta property=\"article:modified_time\" content=\"2026-04-20T18:43:50+00:00\" \/>\n<meta property=\"og:image\" content=\"https:\/\/elosolucao.com.br\/loja\/wp-content\/uploads\/2022\/08\/PRODUTOS-LOJA-4.jpg\" \/>\n\t<meta property=\"og:image:width\" content=\"1080\" \/>\n\t<meta property=\"og:image:height\" content=\"1080\" \/>\n\t<meta property=\"og:image:type\" content=\"image\/jpeg\" \/>\n<meta name=\"twitter:card\" content=\"summary_large_image\" \/>\n<meta name=\"twitter:label1\" content=\"Est. tempo de leitura\" \/>\n\t<meta name=\"twitter:data1\" content=\"1 minuto\" \/>\n<script type=\"application\/ld+json\" class=\"yoast-schema-graph\">{\"@context\":\"https:\/\/schema.org\",\"@graph\":[{\"@type\":\"WebPage\",\"@id\":\"https:\/\/elosolucao.com.br\/loja\/produto\/conjunto-poltrona-de-plastico-perola\/\",\"url\":\"https:\/\/elosolucao.com.br\/loja\/produto\/conjunto-poltrona-de-plastico-perola\/\",\"name\":\"Conjunto com 5 Poltronas de Pl\u00e1stico Branca - Elo Solu\u00e7\u00e3o\",\"isPartOf\":{\"@id\":\"https:\/\/elosolucao.com.br\/loja\/#website\"},\"datePublished\":\"2022-08-05T14:28:16+00:00\",\"dateModified\":\"2026-04-20T18:43:50+00:00\",\"description\":\"A Poltrona de Pl\u00e1stico P\u00e9rola da \u00e9 compacta e vers\u00e1til. Leve e de f\u00e1cil movimenta\u00e7\u00e3o, ela otimiza espa\u00e7os e garante praticidade e efici\u00eancia.\",\"breadcrumb\":{\"@id\":\"https:\/\/elosolucao.com.br\/loja\/produto\/conjunto-poltrona-de-plastico-perola\/#breadcrumb\"},\"inLanguage\":\"pt-BR\",\"potentialAction\":[{\"@type\":\"ReadAction\",\"target\":[\"https:\/\/elosolucao.com.br\/loja\/produto\/conjunto-poltrona-de-plastico-perola\/\"]}]},{\"@type\":\"BreadcrumbList\",\"@id\":\"https:\/\/elosolucao.com.br\/loja\/produto\/conjunto-poltrona-de-plastico-perola\/#breadcrumb\",\"itemListElement\":[{\"@type\":\"ListItem\",\"position\":1,\"name\":\"In\u00edcio\",\"item\":\"https:\/\/elosolucao.com.br\/loja\/\"},{\"@type\":\"ListItem\",\"position\":2,\"name\":\"Loja\",\"item\":\"https:\/\/elosolucao.com.br\/loja\/loja\/\"},{\"@type\":\"ListItem\",\"position\":3,\"name\":\"Conjunto com 5 Poltronas de Pl\u00e1stico Branca\"}]},{\"@type\":\"WebSite\",\"@id\":\"https:\/\/elosolucao.com.br\/loja\/#website\",\"url\":\"https:\/\/elosolucao.com.br\/loja\/\",\"name\":\"Elo Solu\u00e7\u00e3o\",\"description\":\"Entendendo sua necessidade e solucionando com Produtos.\",\"publisher\":{\"@id\":\"https:\/\/elosolucao.com.br\/loja\/#organization\"},\"potentialAction\":[{\"@type\":\"SearchAction\",\"target\":{\"@type\":\"EntryPoint\",\"urlTemplate\":\"https:\/\/elosolucao.com.br\/loja\/?s={search_term_string}\"},\"query-input\":\"required name=search_term_string\"}],\"inLanguage\":\"pt-BR\"},{\"@type\":\"Organization\",\"@id\":\"https:\/\/elosolucao.com.br\/loja\/#organization\",\"name\":\"Elo Solu\u00e7\u00e3o\",\"url\":\"https:\/\/elosolucao.com.br\/loja\/\",\"logo\":{\"@type\":\"ImageObject\",\"inLanguage\":\"pt-BR\",\"@id\":\"https:\/\/elosolucao.com.br\/loja\/#\/schema\/logo\/image\/\",\"url\":\"https:\/\/elosolucao.com.br\/loja\/wp-content\/uploads\/2021\/03\/Logo-sem-fundo.png\",\"contentUrl\":\"https:\/\/elosolucao.com.br\/loja\/wp-content\/uploads\/2021\/03\/Logo-sem-fundo.png\",\"width\":707,\"height\":353,\"caption\":\"Elo Solu\u00e7\u00e3o\"},\"image\":{\"@id\":\"https:\/\/elosolucao.com.br\/loja\/#\/schema\/logo\/image\/\"},\"sameAs\":[\"https:\/\/www.facebook.com\/elosolucao.br\",\"https:\/\/instagram.com\/elo_solucao\",\"https:\/\/www.youtube.com\/channel\/UCsSlrhz3DzWElX1ZcW2AIyg\/featured\"]}]}<\/script>\n<!-- \/ Yoast SEO Premium plugin. -->","yoast_head_json":{"title":"Conjunto com 5 Poltronas de Pl\u00e1stico Branca - Elo Solu\u00e7\u00e3o","description":"A Poltrona de Pl\u00e1stico P\u00e9rola da \u00e9 compacta e vers\u00e1til. Leve e de f\u00e1cil movimenta\u00e7\u00e3o, ela otimiza espa\u00e7os e garante praticidade e efici\u00eancia.","robots":{"index":"index","follow":"follow","max-snippet":"max-snippet:-1","max-image-preview":"max-image-preview:large","max-video-preview":"max-video-preview:-1"},"canonical":"https:\/\/elosolucao.com.br\/loja\/produto\/conjunto-poltrona-de-plastico-perola\/","og_locale":"pt_BR","og_type":"article","og_title":"Conjunto com 5 Poltronas de Pl\u00e1stico Branca","og_description":"A Poltrona de Pl\u00e1stico P\u00e9rola da \u00e9 compacta e vers\u00e1til. Leve e de f\u00e1cil movimenta\u00e7\u00e3o, ela otimiza espa\u00e7os e garante praticidade e efici\u00eancia.","og_url":"https:\/\/elosolucao.com.br\/loja\/produto\/conjunto-poltrona-de-plastico-perola\/","og_site_name":"Elo Solu\u00e7\u00e3o","article_publisher":"https:\/\/www.facebook.com\/elosolucao.br","article_modified_time":"2026-04-20T18:43:50+00:00","og_image":[{"width":1080,"height":1080,"url":"https:\/\/elosolucao.com.br\/loja\/wp-content\/uploads\/2022\/08\/PRODUTOS-LOJA-4.jpg","type":"image\/jpeg"}],"twitter_card":"summary_large_image","twitter_misc":{"Est. tempo de leitura":"1 minuto"},"schema":{"@context":"https:\/\/schema.org","@graph":[{"@type":"WebPage","@id":"https:\/\/elosolucao.com.br\/loja\/produto\/conjunto-poltrona-de-plastico-perola\/","url":"https:\/\/elosolucao.com.br\/loja\/produto\/conjunto-poltrona-de-plastico-perola\/","name":"Conjunto com 5 Poltronas de Pl\u00e1stico Branca - Elo Solu\u00e7\u00e3o","isPartOf":{"@id":"https:\/\/elosolucao.com.br\/loja\/#website"},"datePublished":"2022-08-05T14:28:16+00:00","dateModified":"2026-04-20T18:43:50+00:00","description":"A Poltrona de Pl\u00e1stico P\u00e9rola da \u00e9 compacta e vers\u00e1til. Leve e de f\u00e1cil movimenta\u00e7\u00e3o, ela otimiza espa\u00e7os e garante praticidade e efici\u00eancia.","breadcrumb":{"@id":"https:\/\/elosolucao.com.br\/loja\/produto\/conjunto-poltrona-de-plastico-perola\/#breadcrumb"},"inLanguage":"pt-BR","potentialAction":[{"@type":"ReadAction","target":["https:\/\/elosolucao.com.br\/loja\/produto\/conjunto-poltrona-de-plastico-perola\/"]}]},{"@type":"BreadcrumbList","@id":"https:\/\/elosolucao.com.br\/loja\/produto\/conjunto-poltrona-de-plastico-perola\/#breadcrumb","itemListElement":[{"@type":"ListItem","position":1,"name":"In\u00edcio","item":"https:\/\/elosolucao.com.br\/loja\/"},{"@type":"ListItem","position":2,"name":"Loja","item":"https:\/\/elosolucao.com.br\/loja\/loja\/"},{"@type":"ListItem","position":3,"name":"Conjunto com 5 Poltronas de Pl\u00e1stico Branca"}]},{"@type":"WebSite","@id":"https:\/\/elosolucao.com.br\/loja\/#website","url":"https:\/\/elosolucao.com.br\/loja\/","name":"Elo Solu\u00e7\u00e3o","description":"Entendendo sua necessidade e solucionando com Produtos.","publisher":{"@id":"https:\/\/elosolucao.com.br\/loja\/#organization"},"potentialAction":[{"@type":"SearchAction","target":{"@type":"EntryPoint","urlTemplate":"https:\/\/elosolucao.com.br\/loja\/?s={search_term_string}"},"query-input":"required name=search_term_string"}],"inLanguage":"pt-BR"},{"@type":"Organization","@id":"https:\/\/elosolucao.com.br\/loja\/#organization","name":"Elo Solu\u00e7\u00e3o","url":"https:\/\/elosolucao.com.br\/loja\/","logo":{"@type":"ImageObject","inLanguage":"pt-BR","@id":"https:\/\/elosolucao.com.br\/loja\/#\/schema\/logo\/image\/","url":"https:\/\/elosolucao.com.br\/loja\/wp-content\/uploads\/2021\/03\/Logo-sem-fundo.png","contentUrl":"https:\/\/elosolucao.com.br\/loja\/wp-content\/uploads\/2021\/03\/Logo-sem-fundo.png","width":707,"height":353,"caption":"Elo Solu\u00e7\u00e3o"},"image":{"@id":"https:\/\/elosolucao.com.br\/loja\/#\/schema\/logo\/image\/"},"sameAs":["https:\/\/www.facebook.com\/elosolucao.br","https:\/\/instagram.com\/elo_solucao","https:\/\/www.youtube.com\/channel\/UCsSlrhz3DzWElX1ZcW2AIyg\/featured"]}]}},"_links":{"self":[{"href":"https:\/\/elosolucao.com.br\/loja\/wp-json\/wp\/v2\/product\/5017","targetHints":{"allow":["GET"]}}],"collection":[{"href":"https:\/\/elosolucao.com.br\/loja\/wp-json\/wp\/v2\/product"}],"about":[{"href":"https:\/\/elosolucao.com.br\/loja\/wp-json\/wp\/v2\/types\/product"}],"version-history":[{"count":0,"href":"https:\/\/elosolucao.com.br\/loja\/wp-json\/wp\/v2\/product\/5017\/revisions"}],"wp:featuredmedia":[{"embeddable":true,"href":"https:\/\/elosolucao.com.br\/loja\/wp-json\/wp\/v2\/media\/5251"}],"wp:attachment":[{"href":"https:\/\/elosolucao.com.br\/loja\/wp-json\/wp\/v2\/media?parent=5017"}],"wp:term":[{"taxonomy":"product_brand","embeddable":true,"href":"https:\/\/elosolucao.com.br\/loja\/wp-json\/wp\/v2\/product_brand?post=5017"},{"taxonomy":"product_cat","embeddable":true,"href":"https:\/\/elosolucao.com.br\/loja\/wp-json\/wp\/v2\/product_cat?post=5017"},{"taxonomy":"product_tag","embeddable":true,"href":"https:\/\/elosolucao.com.br\/loja\/wp-json\/wp\/v2\/product_tag?post=5017"}],"curies":[{"name":"wp","href":"https:\/\/api.w.org\/{rel}","templated":true}]}}