{"id":5015,"date":"2022-08-04T18:26:25","date_gmt":"2022-08-04T21:26:25","guid":{"rendered":"https:\/\/elosolucao.com.br\/loja\/?post_type=product&#038;p=5015"},"modified":"2026-04-20T15:29:18","modified_gmt":"2026-04-20T18:29:18","slug":"10-cadeiras-plastico-empilhavel","status":"publish","type":"product","link":"https:\/\/elosolucao.com.br\/loja\/produto\/10-cadeiras-plastico-empilhavel\/","title":{"rendered":"Conjunto 10 Cadeiras de Pl\u00e1stico Empilh\u00e1veis"},"content":{"rendered":"<p>A Cadeira de Pl\u00e1stico Bistr\u00f4 \u00c1gata possui um design moderno, sendo confort\u00e1vel e resistente, ideal para v\u00e1rios ambientes.<\/p>\n<p>Compacta e muito f\u00e1cil de ser higienizada.<\/p>\n<p>Pode ser utilizada em diversos tipos de ambientes, tanto internos como externos.<\/p>\n<p>Muito utilizada em eventos, como festas ou casamentos, sendo ideal tamb\u00e9m para resid\u00eancias ou com\u00e9rcio.<\/p>\n<p>A cadeira \u00e9 fabricada em polipropileno e \u00e9 monobloco.<\/p>\n<p>Possui o melhor empilhamento do mercado.<\/p>\n<p>A Elo Solu\u00e7\u00e3o possui uma linha de m\u00f3veis de pl\u00e1stico que atendem \u00e0 diversos segmentos e necessidades do mercado. Fabricamos mesas pl\u00e1sticas, cadeiras de pl\u00e1stico, banquetas, poltronas de pl\u00e1stico, entre outros.<\/p>\n","protected":false},"excerpt":{"rendered":"<p><strong>LARGURA:<\/strong> 42cm<br \/>\n<strong>ALTURA:<\/strong> 86cm<br \/>\n<strong>COMPRIMENTO:<\/strong> 50cm<br \/>\n<strong>PESO:<\/strong> 2,325 Kg<br \/>\n<strong>CAPACIDADE PESO:<\/strong> Suporta at\u00e9 182 kg<br \/>\n<strong>MATERIAL:<\/strong> PP (Polipropileno)<\/p>\n","protected":false},"featured_media":5007,"template":"","meta":[],"product_brand":[],"product_cat":[154,272],"product_tag":[],"class_list":{"0":"post-5015","1":"product","2":"type-product","3":"status-publish","4":"has-post-thumbnail","6":"product_cat-moveis-de-plastico","7":"product_cat-promocoes","9":"first","10":"instock","11":"shipping-taxable","12":"purchasable","13":"product-type-simple"},"yoast_head":"<!-- This site is optimized with the Yoast SEO Premium plugin v22.0 (Yoast SEO v21.7) - https:\/\/yoast.com\/wordpress\/plugins\/seo\/ -->\n<title>Conjunto 10 Cadeiras de Pl\u00e1stico Empilh\u00e1veis - Elo Solu\u00e7\u00e3o<\/title>\n<meta name=\"robots\" content=\"index, follow, max-snippet:-1, max-image-preview:large, max-video-preview:-1\" \/>\n<link rel=\"canonical\" href=\"https:\/\/elosolucao.com.br\/loja\/produto\/10-cadeiras-plastico-empilhavel\/\" \/>\n<meta property=\"og:locale\" content=\"pt_BR\" \/>\n<meta property=\"og:type\" content=\"article\" \/>\n<meta property=\"og:title\" content=\"Conjunto 10 Cadeiras de Pl\u00e1stico Empilh\u00e1veis\" \/>\n<meta property=\"og:description\" content=\"LARGURA: 42cm ALTURA: 86cm COMPRIMENTO: 50cm PESO: 2,325 Kg CAPACIDADE PESO: Suporta at\u00e9 182 kg MATERIAL: PP (Polipropileno)\" \/>\n<meta property=\"og:url\" content=\"https:\/\/elosolucao.com.br\/loja\/produto\/10-cadeiras-plastico-empilhavel\/\" \/>\n<meta property=\"og:site_name\" content=\"Elo Solu\u00e7\u00e3o\" \/>\n<meta property=\"article:publisher\" content=\"https:\/\/www.facebook.com\/elosolucao.br\" \/>\n<meta property=\"article:modified_time\" content=\"2026-04-20T18:29:18+00:00\" \/>\n<meta property=\"og:image\" content=\"https:\/\/elosolucao.com.br\/loja\/wp-content\/uploads\/2022\/05\/9.jpg\" \/>\n\t<meta property=\"og:image:width\" content=\"1080\" \/>\n\t<meta property=\"og:image:height\" content=\"1080\" \/>\n\t<meta property=\"og:image:type\" content=\"image\/jpeg\" \/>\n<meta name=\"twitter:card\" content=\"summary_large_image\" \/>\n<meta name=\"twitter:label1\" content=\"Est. tempo de leitura\" \/>\n\t<meta name=\"twitter:data1\" content=\"1 minuto\" \/>\n<script type=\"application\/ld+json\" class=\"yoast-schema-graph\">{\"@context\":\"https:\/\/schema.org\",\"@graph\":[{\"@type\":\"WebPage\",\"@id\":\"https:\/\/elosolucao.com.br\/loja\/produto\/10-cadeiras-plastico-empilhavel\/\",\"url\":\"https:\/\/elosolucao.com.br\/loja\/produto\/10-cadeiras-plastico-empilhavel\/\",\"name\":\"Conjunto 10 Cadeiras de Pl\u00e1stico Empilh\u00e1veis - Elo Solu\u00e7\u00e3o\",\"isPartOf\":{\"@id\":\"https:\/\/elosolucao.com.br\/loja\/#website\"},\"datePublished\":\"2022-08-04T21:26:25+00:00\",\"dateModified\":\"2026-04-20T18:29:18+00:00\",\"breadcrumb\":{\"@id\":\"https:\/\/elosolucao.com.br\/loja\/produto\/10-cadeiras-plastico-empilhavel\/#breadcrumb\"},\"inLanguage\":\"pt-BR\",\"potentialAction\":[{\"@type\":\"ReadAction\",\"target\":[\"https:\/\/elosolucao.com.br\/loja\/produto\/10-cadeiras-plastico-empilhavel\/\"]}]},{\"@type\":\"BreadcrumbList\",\"@id\":\"https:\/\/elosolucao.com.br\/loja\/produto\/10-cadeiras-plastico-empilhavel\/#breadcrumb\",\"itemListElement\":[{\"@type\":\"ListItem\",\"position\":1,\"name\":\"In\u00edcio\",\"item\":\"https:\/\/elosolucao.com.br\/loja\/\"},{\"@type\":\"ListItem\",\"position\":2,\"name\":\"Loja\",\"item\":\"https:\/\/elosolucao.com.br\/loja\/loja\/\"},{\"@type\":\"ListItem\",\"position\":3,\"name\":\"Conjunto 10 Cadeiras de Pl\u00e1stico Empilh\u00e1veis\"}]},{\"@type\":\"WebSite\",\"@id\":\"https:\/\/elosolucao.com.br\/loja\/#website\",\"url\":\"https:\/\/elosolucao.com.br\/loja\/\",\"name\":\"Elo Solu\u00e7\u00e3o\",\"description\":\"Entendendo sua necessidade e solucionando com Produtos.\",\"publisher\":{\"@id\":\"https:\/\/elosolucao.com.br\/loja\/#organization\"},\"potentialAction\":[{\"@type\":\"SearchAction\",\"target\":{\"@type\":\"EntryPoint\",\"urlTemplate\":\"https:\/\/elosolucao.com.br\/loja\/?s={search_term_string}\"},\"query-input\":\"required name=search_term_string\"}],\"inLanguage\":\"pt-BR\"},{\"@type\":\"Organization\",\"@id\":\"https:\/\/elosolucao.com.br\/loja\/#organization\",\"name\":\"Elo Solu\u00e7\u00e3o\",\"url\":\"https:\/\/elosolucao.com.br\/loja\/\",\"logo\":{\"@type\":\"ImageObject\",\"inLanguage\":\"pt-BR\",\"@id\":\"https:\/\/elosolucao.com.br\/loja\/#\/schema\/logo\/image\/\",\"url\":\"https:\/\/elosolucao.com.br\/loja\/wp-content\/uploads\/2021\/03\/Logo-sem-fundo.png\",\"contentUrl\":\"https:\/\/elosolucao.com.br\/loja\/wp-content\/uploads\/2021\/03\/Logo-sem-fundo.png\",\"width\":707,\"height\":353,\"caption\":\"Elo Solu\u00e7\u00e3o\"},\"image\":{\"@id\":\"https:\/\/elosolucao.com.br\/loja\/#\/schema\/logo\/image\/\"},\"sameAs\":[\"https:\/\/www.facebook.com\/elosolucao.br\",\"https:\/\/instagram.com\/elo_solucao\",\"https:\/\/www.youtube.com\/channel\/UCsSlrhz3DzWElX1ZcW2AIyg\/featured\"]}]}<\/script>\n<!-- \/ Yoast SEO Premium plugin. -->","yoast_head_json":{"title":"Conjunto 10 Cadeiras de Pl\u00e1stico Empilh\u00e1veis - Elo Solu\u00e7\u00e3o","robots":{"index":"index","follow":"follow","max-snippet":"max-snippet:-1","max-image-preview":"max-image-preview:large","max-video-preview":"max-video-preview:-1"},"canonical":"https:\/\/elosolucao.com.br\/loja\/produto\/10-cadeiras-plastico-empilhavel\/","og_locale":"pt_BR","og_type":"article","og_title":"Conjunto 10 Cadeiras de Pl\u00e1stico Empilh\u00e1veis","og_description":"LARGURA: 42cm ALTURA: 86cm COMPRIMENTO: 50cm PESO: 2,325 Kg CAPACIDADE PESO: Suporta at\u00e9 182 kg MATERIAL: PP (Polipropileno)","og_url":"https:\/\/elosolucao.com.br\/loja\/produto\/10-cadeiras-plastico-empilhavel\/","og_site_name":"Elo Solu\u00e7\u00e3o","article_publisher":"https:\/\/www.facebook.com\/elosolucao.br","article_modified_time":"2026-04-20T18:29:18+00:00","og_image":[{"width":1080,"height":1080,"url":"https:\/\/elosolucao.com.br\/loja\/wp-content\/uploads\/2022\/05\/9.jpg","type":"image\/jpeg"}],"twitter_card":"summary_large_image","twitter_misc":{"Est. tempo de leitura":"1 minuto"},"schema":{"@context":"https:\/\/schema.org","@graph":[{"@type":"WebPage","@id":"https:\/\/elosolucao.com.br\/loja\/produto\/10-cadeiras-plastico-empilhavel\/","url":"https:\/\/elosolucao.com.br\/loja\/produto\/10-cadeiras-plastico-empilhavel\/","name":"Conjunto 10 Cadeiras de Pl\u00e1stico Empilh\u00e1veis - Elo Solu\u00e7\u00e3o","isPartOf":{"@id":"https:\/\/elosolucao.com.br\/loja\/#website"},"datePublished":"2022-08-04T21:26:25+00:00","dateModified":"2026-04-20T18:29:18+00:00","breadcrumb":{"@id":"https:\/\/elosolucao.com.br\/loja\/produto\/10-cadeiras-plastico-empilhavel\/#breadcrumb"},"inLanguage":"pt-BR","potentialAction":[{"@type":"ReadAction","target":["https:\/\/elosolucao.com.br\/loja\/produto\/10-cadeiras-plastico-empilhavel\/"]}]},{"@type":"BreadcrumbList","@id":"https:\/\/elosolucao.com.br\/loja\/produto\/10-cadeiras-plastico-empilhavel\/#breadcrumb","itemListElement":[{"@type":"ListItem","position":1,"name":"In\u00edcio","item":"https:\/\/elosolucao.com.br\/loja\/"},{"@type":"ListItem","position":2,"name":"Loja","item":"https:\/\/elosolucao.com.br\/loja\/loja\/"},{"@type":"ListItem","position":3,"name":"Conjunto 10 Cadeiras de Pl\u00e1stico Empilh\u00e1veis"}]},{"@type":"WebSite","@id":"https:\/\/elosolucao.com.br\/loja\/#website","url":"https:\/\/elosolucao.com.br\/loja\/","name":"Elo Solu\u00e7\u00e3o","description":"Entendendo sua necessidade e solucionando com Produtos.","publisher":{"@id":"https:\/\/elosolucao.com.br\/loja\/#organization"},"potentialAction":[{"@type":"SearchAction","target":{"@type":"EntryPoint","urlTemplate":"https:\/\/elosolucao.com.br\/loja\/?s={search_term_string}"},"query-input":"required name=search_term_string"}],"inLanguage":"pt-BR"},{"@type":"Organization","@id":"https:\/\/elosolucao.com.br\/loja\/#organization","name":"Elo Solu\u00e7\u00e3o","url":"https:\/\/elosolucao.com.br\/loja\/","logo":{"@type":"ImageObject","inLanguage":"pt-BR","@id":"https:\/\/elosolucao.com.br\/loja\/#\/schema\/logo\/image\/","url":"https:\/\/elosolucao.com.br\/loja\/wp-content\/uploads\/2021\/03\/Logo-sem-fundo.png","contentUrl":"https:\/\/elosolucao.com.br\/loja\/wp-content\/uploads\/2021\/03\/Logo-sem-fundo.png","width":707,"height":353,"caption":"Elo Solu\u00e7\u00e3o"},"image":{"@id":"https:\/\/elosolucao.com.br\/loja\/#\/schema\/logo\/image\/"},"sameAs":["https:\/\/www.facebook.com\/elosolucao.br","https:\/\/instagram.com\/elo_solucao","https:\/\/www.youtube.com\/channel\/UCsSlrhz3DzWElX1ZcW2AIyg\/featured"]}]}},"_links":{"self":[{"href":"https:\/\/elosolucao.com.br\/loja\/wp-json\/wp\/v2\/product\/5015","targetHints":{"allow":["GET"]}}],"collection":[{"href":"https:\/\/elosolucao.com.br\/loja\/wp-json\/wp\/v2\/product"}],"about":[{"href":"https:\/\/elosolucao.com.br\/loja\/wp-json\/wp\/v2\/types\/product"}],"version-history":[{"count":0,"href":"https:\/\/elosolucao.com.br\/loja\/wp-json\/wp\/v2\/product\/5015\/revisions"}],"wp:featuredmedia":[{"embeddable":true,"href":"https:\/\/elosolucao.com.br\/loja\/wp-json\/wp\/v2\/media\/5007"}],"wp:attachment":[{"href":"https:\/\/elosolucao.com.br\/loja\/wp-json\/wp\/v2\/media?parent=5015"}],"wp:term":[{"taxonomy":"product_brand","embeddable":true,"href":"https:\/\/elosolucao.com.br\/loja\/wp-json\/wp\/v2\/product_brand?post=5015"},{"taxonomy":"product_cat","embeddable":true,"href":"https:\/\/elosolucao.com.br\/loja\/wp-json\/wp\/v2\/product_cat?post=5015"},{"taxonomy":"product_tag","embeddable":true,"href":"https:\/\/elosolucao.com.br\/loja\/wp-json\/wp\/v2\/product_tag?post=5015"}],"curies":[{"name":"wp","href":"https:\/\/api.w.org\/{rel}","templated":true}]}}