{"id":4200,"date":"2022-05-11T09:41:29","date_gmt":"2022-05-11T12:41:29","guid":{"rendered":"https:\/\/elosolucao.com.br\/loja\/?post_type=product&#038;p=4200"},"modified":"2026-04-20T15:53:11","modified_gmt":"2026-04-20T18:53:11","slug":"10-cadeiras-poltronas-de-plastico","status":"publish","type":"product","link":"https:\/\/elosolucao.com.br\/loja\/produto\/10-cadeiras-poltronas-de-plastico\/","title":{"rendered":"Conjunto 10 Cadeiras Poltronas de Pl\u00e1stico Branca"},"content":{"rendered":"<p><strong>Altura:<\/strong> 88cm<br \/>\n<strong>Altura do assento:<\/strong> 45cm<br \/>\n<strong>Largura:<\/strong> 43cm<br \/>\n<strong>Profundidade<\/strong>: 52cm<br \/>\n<strong>Peso:<\/strong> 2,2kg<br \/>\n<strong>Capacidade Peso:<\/strong> Suporta at\u00e9 182 kg<\/p>\n","protected":false},"excerpt":{"rendered":"<p>A Poltrona de Pl\u00e1stico Perola da Elo Solu\u00e7\u00e3o \u00e9 compacta e vers\u00e1til.<\/p>\n<p>Leve e de f\u00e1cil movimenta\u00e7\u00e3o, ela otimiza espa\u00e7os e garante praticidade e efici\u00eancia.<\/p>\n<p>Fabricada em polipropileno, monobloco e pode ser facilmente empilhada.<\/p>\n<p>Pode ser utilizada em diversos tipos de ambientes, tanto internos como externos, sendo ideal para resid\u00eancias, clubes, hot\u00e9is e com\u00e9rcio.<\/p>\n<p>S\u00e3o produzidas com polipropileno, garantindo maior confiabilidade e durabilidade. certificadas pelo INMETRO e respeitando as normas da ABNT, al\u00e9m de muito confort\u00e1veis, se destacam por sua resist\u00eancia e \u00f3timo empilhamento, oferecendo um excelente aproveitamento de espa\u00e7o e carga.<\/p>\n<p><strong>Altura:<\/strong> 72cm<br \/>\n<strong>Largura:<\/strong> 53cm<br \/>\n<strong>Profundidade:<\/strong> 52cm<br \/>\n<strong>Peso:<\/strong> 2,1kg<br \/>\n<strong>Resist\u00eancia<\/strong>: Suporta at\u00e9 182 kg<\/p>\n","protected":false},"featured_media":5250,"template":"","meta":[],"product_brand":[],"product_cat":[154,272],"product_tag":[],"class_list":{"0":"post-4200","1":"product","2":"type-product","3":"status-publish","4":"has-post-thumbnail","6":"product_cat-moveis-de-plastico","7":"product_cat-promocoes","9":"first","10":"instock","11":"shipping-taxable","12":"purchasable","13":"product-type-simple"},"yoast_head":"<!-- This site is optimized with the Yoast SEO Premium plugin v22.0 (Yoast SEO v21.7) - https:\/\/yoast.com\/wordpress\/plugins\/seo\/ -->\n<title>Conjunto 10 Cadeiras Poltronas de Pl\u00e1stico Branca - Elo Solu\u00e7\u00e3o<\/title>\n<meta name=\"robots\" content=\"index, follow, max-snippet:-1, max-image-preview:large, max-video-preview:-1\" \/>\n<link rel=\"canonical\" href=\"https:\/\/elosolucao.com.br\/loja\/produto\/10-cadeiras-poltronas-de-plastico\/\" \/>\n<meta property=\"og:locale\" content=\"pt_BR\" \/>\n<meta property=\"og:type\" content=\"article\" \/>\n<meta property=\"og:title\" content=\"Conjunto 10 Cadeiras Poltronas de Pl\u00e1stico Branca\" \/>\n<meta property=\"og:description\" content=\"A Poltrona de Pl\u00e1stico Perola da Elo Solu\u00e7\u00e3o \u00e9 compacta e vers\u00e1til.  Leve e de f\u00e1cil movimenta\u00e7\u00e3o, ela otimiza espa\u00e7os e garante praticidade e efici\u00eancia.  Fabricada em polipropileno, monobloco e pode ser facilmente empilhada.  Pode ser utilizada em diversos tipos de ambientes, tanto internos como externos, sendo ideal para resid\u00eancias, clubes, hot\u00e9is e com\u00e9rcio.  S\u00e3o produzidas com polipropileno, garantindo maior confiabilidade e durabilidade. certificadas pelo INMETRO e respeitando as normas da ABNT, al\u00e9m de muito confort\u00e1veis, se destacam por sua resist\u00eancia e \u00f3timo empilhamento, oferecendo um excelente aproveitamento de espa\u00e7o e carga.  Altura: 72cm Largura: 53cm Profundidade: 52cm Peso: 2,1kg Resist\u00eancia: Suporta at\u00e9 182 kg\" \/>\n<meta property=\"og:url\" content=\"https:\/\/elosolucao.com.br\/loja\/produto\/10-cadeiras-poltronas-de-plastico\/\" \/>\n<meta property=\"og:site_name\" content=\"Elo Solu\u00e7\u00e3o\" \/>\n<meta property=\"article:publisher\" content=\"https:\/\/www.facebook.com\/elosolucao.br\" \/>\n<meta property=\"article:modified_time\" content=\"2026-04-20T18:53:11+00:00\" \/>\n<meta property=\"og:image\" content=\"https:\/\/elosolucao.com.br\/loja\/wp-content\/uploads\/2022\/05\/PRODUTOS-LOJA-3-1.jpg\" \/>\n\t<meta property=\"og:image:width\" content=\"1080\" \/>\n\t<meta property=\"og:image:height\" content=\"1080\" \/>\n\t<meta property=\"og:image:type\" content=\"image\/jpeg\" \/>\n<meta name=\"twitter:card\" content=\"summary_large_image\" \/>\n<meta name=\"twitter:label1\" content=\"Est. tempo de leitura\" \/>\n\t<meta name=\"twitter:data1\" content=\"1 minuto\" \/>\n<script type=\"application\/ld+json\" class=\"yoast-schema-graph\">{\"@context\":\"https:\/\/schema.org\",\"@graph\":[{\"@type\":\"WebPage\",\"@id\":\"https:\/\/elosolucao.com.br\/loja\/produto\/10-cadeiras-poltronas-de-plastico\/\",\"url\":\"https:\/\/elosolucao.com.br\/loja\/produto\/10-cadeiras-poltronas-de-plastico\/\",\"name\":\"Conjunto 10 Cadeiras Poltronas de Pl\u00e1stico Branca - Elo Solu\u00e7\u00e3o\",\"isPartOf\":{\"@id\":\"https:\/\/elosolucao.com.br\/loja\/#website\"},\"datePublished\":\"2022-05-11T12:41:29+00:00\",\"dateModified\":\"2026-04-20T18:53:11+00:00\",\"breadcrumb\":{\"@id\":\"https:\/\/elosolucao.com.br\/loja\/produto\/10-cadeiras-poltronas-de-plastico\/#breadcrumb\"},\"inLanguage\":\"pt-BR\",\"potentialAction\":[{\"@type\":\"ReadAction\",\"target\":[\"https:\/\/elosolucao.com.br\/loja\/produto\/10-cadeiras-poltronas-de-plastico\/\"]}]},{\"@type\":\"BreadcrumbList\",\"@id\":\"https:\/\/elosolucao.com.br\/loja\/produto\/10-cadeiras-poltronas-de-plastico\/#breadcrumb\",\"itemListElement\":[{\"@type\":\"ListItem\",\"position\":1,\"name\":\"In\u00edcio\",\"item\":\"https:\/\/elosolucao.com.br\/loja\/\"},{\"@type\":\"ListItem\",\"position\":2,\"name\":\"Loja\",\"item\":\"https:\/\/elosolucao.com.br\/loja\/loja\/\"},{\"@type\":\"ListItem\",\"position\":3,\"name\":\"Conjunto 10 Cadeiras Poltronas de Pl\u00e1stico Branca\"}]},{\"@type\":\"WebSite\",\"@id\":\"https:\/\/elosolucao.com.br\/loja\/#website\",\"url\":\"https:\/\/elosolucao.com.br\/loja\/\",\"name\":\"Elo Solu\u00e7\u00e3o\",\"description\":\"Entendendo sua necessidade e solucionando com Produtos.\",\"publisher\":{\"@id\":\"https:\/\/elosolucao.com.br\/loja\/#organization\"},\"potentialAction\":[{\"@type\":\"SearchAction\",\"target\":{\"@type\":\"EntryPoint\",\"urlTemplate\":\"https:\/\/elosolucao.com.br\/loja\/?s={search_term_string}\"},\"query-input\":\"required name=search_term_string\"}],\"inLanguage\":\"pt-BR\"},{\"@type\":\"Organization\",\"@id\":\"https:\/\/elosolucao.com.br\/loja\/#organization\",\"name\":\"Elo Solu\u00e7\u00e3o\",\"url\":\"https:\/\/elosolucao.com.br\/loja\/\",\"logo\":{\"@type\":\"ImageObject\",\"inLanguage\":\"pt-BR\",\"@id\":\"https:\/\/elosolucao.com.br\/loja\/#\/schema\/logo\/image\/\",\"url\":\"https:\/\/elosolucao.com.br\/loja\/wp-content\/uploads\/2021\/03\/Logo-sem-fundo.png\",\"contentUrl\":\"https:\/\/elosolucao.com.br\/loja\/wp-content\/uploads\/2021\/03\/Logo-sem-fundo.png\",\"width\":707,\"height\":353,\"caption\":\"Elo Solu\u00e7\u00e3o\"},\"image\":{\"@id\":\"https:\/\/elosolucao.com.br\/loja\/#\/schema\/logo\/image\/\"},\"sameAs\":[\"https:\/\/www.facebook.com\/elosolucao.br\",\"https:\/\/instagram.com\/elo_solucao\",\"https:\/\/www.youtube.com\/channel\/UCsSlrhz3DzWElX1ZcW2AIyg\/featured\"]}]}<\/script>\n<!-- \/ Yoast SEO Premium plugin. -->","yoast_head_json":{"title":"Conjunto 10 Cadeiras Poltronas de Pl\u00e1stico Branca - Elo Solu\u00e7\u00e3o","robots":{"index":"index","follow":"follow","max-snippet":"max-snippet:-1","max-image-preview":"max-image-preview:large","max-video-preview":"max-video-preview:-1"},"canonical":"https:\/\/elosolucao.com.br\/loja\/produto\/10-cadeiras-poltronas-de-plastico\/","og_locale":"pt_BR","og_type":"article","og_title":"Conjunto 10 Cadeiras Poltronas de Pl\u00e1stico Branca","og_description":"A Poltrona de Pl\u00e1stico Perola da Elo Solu\u00e7\u00e3o \u00e9 compacta e vers\u00e1til.  Leve e de f\u00e1cil movimenta\u00e7\u00e3o, ela otimiza espa\u00e7os e garante praticidade e efici\u00eancia.  Fabricada em polipropileno, monobloco e pode ser facilmente empilhada.  Pode ser utilizada em diversos tipos de ambientes, tanto internos como externos, sendo ideal para resid\u00eancias, clubes, hot\u00e9is e com\u00e9rcio.  S\u00e3o produzidas com polipropileno, garantindo maior confiabilidade e durabilidade. certificadas pelo INMETRO e respeitando as normas da ABNT, al\u00e9m de muito confort\u00e1veis, se destacam por sua resist\u00eancia e \u00f3timo empilhamento, oferecendo um excelente aproveitamento de espa\u00e7o e carga.  Altura: 72cm Largura: 53cm Profundidade: 52cm Peso: 2,1kg Resist\u00eancia: Suporta at\u00e9 182 kg","og_url":"https:\/\/elosolucao.com.br\/loja\/produto\/10-cadeiras-poltronas-de-plastico\/","og_site_name":"Elo Solu\u00e7\u00e3o","article_publisher":"https:\/\/www.facebook.com\/elosolucao.br","article_modified_time":"2026-04-20T18:53:11+00:00","og_image":[{"width":1080,"height":1080,"url":"https:\/\/elosolucao.com.br\/loja\/wp-content\/uploads\/2022\/05\/PRODUTOS-LOJA-3-1.jpg","type":"image\/jpeg"}],"twitter_card":"summary_large_image","twitter_misc":{"Est. tempo de leitura":"1 minuto"},"schema":{"@context":"https:\/\/schema.org","@graph":[{"@type":"WebPage","@id":"https:\/\/elosolucao.com.br\/loja\/produto\/10-cadeiras-poltronas-de-plastico\/","url":"https:\/\/elosolucao.com.br\/loja\/produto\/10-cadeiras-poltronas-de-plastico\/","name":"Conjunto 10 Cadeiras Poltronas de Pl\u00e1stico Branca - Elo Solu\u00e7\u00e3o","isPartOf":{"@id":"https:\/\/elosolucao.com.br\/loja\/#website"},"datePublished":"2022-05-11T12:41:29+00:00","dateModified":"2026-04-20T18:53:11+00:00","breadcrumb":{"@id":"https:\/\/elosolucao.com.br\/loja\/produto\/10-cadeiras-poltronas-de-plastico\/#breadcrumb"},"inLanguage":"pt-BR","potentialAction":[{"@type":"ReadAction","target":["https:\/\/elosolucao.com.br\/loja\/produto\/10-cadeiras-poltronas-de-plastico\/"]}]},{"@type":"BreadcrumbList","@id":"https:\/\/elosolucao.com.br\/loja\/produto\/10-cadeiras-poltronas-de-plastico\/#breadcrumb","itemListElement":[{"@type":"ListItem","position":1,"name":"In\u00edcio","item":"https:\/\/elosolucao.com.br\/loja\/"},{"@type":"ListItem","position":2,"name":"Loja","item":"https:\/\/elosolucao.com.br\/loja\/loja\/"},{"@type":"ListItem","position":3,"name":"Conjunto 10 Cadeiras Poltronas de Pl\u00e1stico Branca"}]},{"@type":"WebSite","@id":"https:\/\/elosolucao.com.br\/loja\/#website","url":"https:\/\/elosolucao.com.br\/loja\/","name":"Elo Solu\u00e7\u00e3o","description":"Entendendo sua necessidade e solucionando com Produtos.","publisher":{"@id":"https:\/\/elosolucao.com.br\/loja\/#organization"},"potentialAction":[{"@type":"SearchAction","target":{"@type":"EntryPoint","urlTemplate":"https:\/\/elosolucao.com.br\/loja\/?s={search_term_string}"},"query-input":"required name=search_term_string"}],"inLanguage":"pt-BR"},{"@type":"Organization","@id":"https:\/\/elosolucao.com.br\/loja\/#organization","name":"Elo Solu\u00e7\u00e3o","url":"https:\/\/elosolucao.com.br\/loja\/","logo":{"@type":"ImageObject","inLanguage":"pt-BR","@id":"https:\/\/elosolucao.com.br\/loja\/#\/schema\/logo\/image\/","url":"https:\/\/elosolucao.com.br\/loja\/wp-content\/uploads\/2021\/03\/Logo-sem-fundo.png","contentUrl":"https:\/\/elosolucao.com.br\/loja\/wp-content\/uploads\/2021\/03\/Logo-sem-fundo.png","width":707,"height":353,"caption":"Elo Solu\u00e7\u00e3o"},"image":{"@id":"https:\/\/elosolucao.com.br\/loja\/#\/schema\/logo\/image\/"},"sameAs":["https:\/\/www.facebook.com\/elosolucao.br","https:\/\/instagram.com\/elo_solucao","https:\/\/www.youtube.com\/channel\/UCsSlrhz3DzWElX1ZcW2AIyg\/featured"]}]}},"_links":{"self":[{"href":"https:\/\/elosolucao.com.br\/loja\/wp-json\/wp\/v2\/product\/4200","targetHints":{"allow":["GET"]}}],"collection":[{"href":"https:\/\/elosolucao.com.br\/loja\/wp-json\/wp\/v2\/product"}],"about":[{"href":"https:\/\/elosolucao.com.br\/loja\/wp-json\/wp\/v2\/types\/product"}],"version-history":[{"count":0,"href":"https:\/\/elosolucao.com.br\/loja\/wp-json\/wp\/v2\/product\/4200\/revisions"}],"wp:featuredmedia":[{"embeddable":true,"href":"https:\/\/elosolucao.com.br\/loja\/wp-json\/wp\/v2\/media\/5250"}],"wp:attachment":[{"href":"https:\/\/elosolucao.com.br\/loja\/wp-json\/wp\/v2\/media?parent=4200"}],"wp:term":[{"taxonomy":"product_brand","embeddable":true,"href":"https:\/\/elosolucao.com.br\/loja\/wp-json\/wp\/v2\/product_brand?post=4200"},{"taxonomy":"product_cat","embeddable":true,"href":"https:\/\/elosolucao.com.br\/loja\/wp-json\/wp\/v2\/product_cat?post=4200"},{"taxonomy":"product_tag","embeddable":true,"href":"https:\/\/elosolucao.com.br\/loja\/wp-json\/wp\/v2\/product_tag?post=4200"}],"curies":[{"name":"wp","href":"https:\/\/api.w.org\/{rel}","templated":true}]}}