{"id":4188,"date":"2022-05-10T16:14:00","date_gmt":"2022-05-10T19:14:00","guid":{"rendered":"https:\/\/elosolucao.com.br\/loja\/?post_type=product&#038;p=4188"},"modified":"2022-08-10T15:58:59","modified_gmt":"2022-08-10T18:58:59","slug":"10-pisos-plastico-50x25-preto","status":"publish","type":"product","link":"https:\/\/elosolucao.com.br\/loja\/produto\/10-pisos-plastico-50x25-preto\/","title":{"rendered":"kit 10 Pisos Pl\u00e1stico 50&#215;25 &#8211; Preto"},"content":{"rendered":"<p>10 Pisos Plastico Preto 50&#215;25<\/p>\n<p>Medidas: 50x25x2,5 cm (cada)<br \/>\nCor: preto<br \/>\nFabricante: Elo Solu\u00e7\u00e3o<br \/>\nEntrega: 1 a 7 dias \u00fateis<\/p>\n","protected":false},"excerpt":{"rendered":"<p>10 Pisos Plastico Preto 50&#215;25<\/p>\n<p>Medidas: 50x25x2,5 cm (cada)<br \/>\nCor: preto<br \/>\nFabricante: Elo Solu\u00e7\u00e3o<br \/>\nEntrega: 1 a 7 dias \u00fateis<br \/>\nPalete de Pl\u00e1stico Modular 25x50x2,5cm \u2013 Material: Polietileno de alta Densidade, com prote\u00e7\u00e3o UV (resistente aos raios solares e suporta temperaturas negativas de at\u00e9 -35\u00ba.C) Dimens\u00f5es:<br \/>\nLargura: 50cm<br \/>\nComprimento: 25cm<br \/>\nAltura: 2,5cm<\/p>\n<p>Capacidade de Carga: 3 toneladas por m2.<\/p>\n<p>Peso: 0,400Kg por pe\u00e7a.<\/p>\n<p>Pode ser utilizados em: Camaras frias, Academias, Pisos para transito de pessoas, Revestimento de ba\u00fa de caminh\u00f5es, Estoque de mercador\u00edas, e Etc<\/p>\n","protected":false},"featured_media":5003,"template":"","meta":[],"product_brand":[],"product_cat":[88,272],"product_tag":[],"class_list":{"0":"post-4188","1":"product","2":"type-product","3":"status-publish","4":"has-post-thumbnail","6":"product_cat-estrado-plastico","7":"product_cat-promocoes","9":"first","10":"instock","11":"shipping-taxable","12":"purchasable","13":"product-type-simple"},"yoast_head":"<!-- This site is optimized with the Yoast SEO Premium plugin v22.0 (Yoast SEO v21.7) - https:\/\/yoast.com\/wordpress\/plugins\/seo\/ -->\n<title>kit 10 Pisos Pl\u00e1stico 50x25 - Preto - Elo Solu\u00e7\u00e3o<\/title>\n<meta name=\"robots\" content=\"index, follow, max-snippet:-1, max-image-preview:large, max-video-preview:-1\" \/>\n<link rel=\"canonical\" href=\"https:\/\/elosolucao.com.br\/loja\/produto\/10-pisos-plastico-50x25-preto\/\" \/>\n<meta property=\"og:locale\" content=\"pt_BR\" \/>\n<meta property=\"og:type\" content=\"article\" \/>\n<meta property=\"og:title\" content=\"kit 10 Pisos Pl\u00e1stico 50x25 - Preto\" \/>\n<meta property=\"og:description\" content=\"10 Pisos Plastico Preto 50x25  Medidas: 50x25x2,5 cm (cada) Cor: preto Fabricante: Elo Solu\u00e7\u00e3o Entrega: 1 a 7 dias \u00fateis Palete de Pl\u00e1stico Modular 25x50x2,5cm \u2013 Material: Polietileno de alta Densidade, com prote\u00e7\u00e3o UV (resistente aos raios solares e suporta temperaturas negativas de at\u00e9 -35\u00ba.C) Dimens\u00f5es: Largura: 50cm Comprimento: 25cm Altura: 2,5cm  Capacidade de Carga: 3 toneladas por m2.  Peso: 0,400Kg por pe\u00e7a.  Pode ser utilizados em: Camaras frias, Academias, Pisos para transito de pessoas, Revestimento de ba\u00fa de caminh\u00f5es, Estoque de mercador\u00edas, e Etc\" \/>\n<meta property=\"og:url\" content=\"https:\/\/elosolucao.com.br\/loja\/produto\/10-pisos-plastico-50x25-preto\/\" \/>\n<meta property=\"og:site_name\" content=\"Elo Solu\u00e7\u00e3o\" \/>\n<meta property=\"article:publisher\" content=\"https:\/\/www.facebook.com\/elosolucao.br\" \/>\n<meta property=\"article:modified_time\" content=\"2022-08-10T18:58:59+00:00\" \/>\n<meta property=\"og:image\" content=\"https:\/\/elosolucao.com.br\/loja\/wp-content\/uploads\/2022\/05\/5.jpg\" \/>\n\t<meta property=\"og:image:width\" content=\"1080\" \/>\n\t<meta property=\"og:image:height\" content=\"1080\" \/>\n\t<meta property=\"og:image:type\" content=\"image\/jpeg\" \/>\n<meta name=\"twitter:card\" content=\"summary_large_image\" \/>\n<meta name=\"twitter:label1\" content=\"Est. tempo de leitura\" \/>\n\t<meta name=\"twitter:data1\" content=\"1 minuto\" \/>\n<script type=\"application\/ld+json\" class=\"yoast-schema-graph\">{\"@context\":\"https:\/\/schema.org\",\"@graph\":[{\"@type\":\"WebPage\",\"@id\":\"https:\/\/elosolucao.com.br\/loja\/produto\/10-pisos-plastico-50x25-preto\/\",\"url\":\"https:\/\/elosolucao.com.br\/loja\/produto\/10-pisos-plastico-50x25-preto\/\",\"name\":\"kit 10 Pisos Pl\u00e1stico 50x25 - Preto - Elo Solu\u00e7\u00e3o\",\"isPartOf\":{\"@id\":\"https:\/\/elosolucao.com.br\/loja\/#website\"},\"datePublished\":\"2022-05-10T19:14:00+00:00\",\"dateModified\":\"2022-08-10T18:58:59+00:00\",\"breadcrumb\":{\"@id\":\"https:\/\/elosolucao.com.br\/loja\/produto\/10-pisos-plastico-50x25-preto\/#breadcrumb\"},\"inLanguage\":\"pt-BR\",\"potentialAction\":[{\"@type\":\"ReadAction\",\"target\":[\"https:\/\/elosolucao.com.br\/loja\/produto\/10-pisos-plastico-50x25-preto\/\"]}]},{\"@type\":\"BreadcrumbList\",\"@id\":\"https:\/\/elosolucao.com.br\/loja\/produto\/10-pisos-plastico-50x25-preto\/#breadcrumb\",\"itemListElement\":[{\"@type\":\"ListItem\",\"position\":1,\"name\":\"In\u00edcio\",\"item\":\"https:\/\/elosolucao.com.br\/loja\/\"},{\"@type\":\"ListItem\",\"position\":2,\"name\":\"Loja\",\"item\":\"https:\/\/elosolucao.com.br\/loja\/loja\/\"},{\"@type\":\"ListItem\",\"position\":3,\"name\":\"kit 10 Pisos Pl\u00e1stico 50&#215;25 &#8211; Preto\"}]},{\"@type\":\"WebSite\",\"@id\":\"https:\/\/elosolucao.com.br\/loja\/#website\",\"url\":\"https:\/\/elosolucao.com.br\/loja\/\",\"name\":\"Elo Solu\u00e7\u00e3o\",\"description\":\"Entendendo sua necessidade e solucionando com Produtos.\",\"publisher\":{\"@id\":\"https:\/\/elosolucao.com.br\/loja\/#organization\"},\"potentialAction\":[{\"@type\":\"SearchAction\",\"target\":{\"@type\":\"EntryPoint\",\"urlTemplate\":\"https:\/\/elosolucao.com.br\/loja\/?s={search_term_string}\"},\"query-input\":\"required name=search_term_string\"}],\"inLanguage\":\"pt-BR\"},{\"@type\":\"Organization\",\"@id\":\"https:\/\/elosolucao.com.br\/loja\/#organization\",\"name\":\"Elo Solu\u00e7\u00e3o\",\"url\":\"https:\/\/elosolucao.com.br\/loja\/\",\"logo\":{\"@type\":\"ImageObject\",\"inLanguage\":\"pt-BR\",\"@id\":\"https:\/\/elosolucao.com.br\/loja\/#\/schema\/logo\/image\/\",\"url\":\"https:\/\/elosolucao.com.br\/loja\/wp-content\/uploads\/2021\/03\/Logo-sem-fundo.png\",\"contentUrl\":\"https:\/\/elosolucao.com.br\/loja\/wp-content\/uploads\/2021\/03\/Logo-sem-fundo.png\",\"width\":707,\"height\":353,\"caption\":\"Elo Solu\u00e7\u00e3o\"},\"image\":{\"@id\":\"https:\/\/elosolucao.com.br\/loja\/#\/schema\/logo\/image\/\"},\"sameAs\":[\"https:\/\/www.facebook.com\/elosolucao.br\",\"https:\/\/instagram.com\/elo_solucao\",\"https:\/\/www.youtube.com\/channel\/UCsSlrhz3DzWElX1ZcW2AIyg\/featured\"]}]}<\/script>\n<!-- \/ Yoast SEO Premium plugin. -->","yoast_head_json":{"title":"kit 10 Pisos Pl\u00e1stico 50x25 - Preto - Elo Solu\u00e7\u00e3o","robots":{"index":"index","follow":"follow","max-snippet":"max-snippet:-1","max-image-preview":"max-image-preview:large","max-video-preview":"max-video-preview:-1"},"canonical":"https:\/\/elosolucao.com.br\/loja\/produto\/10-pisos-plastico-50x25-preto\/","og_locale":"pt_BR","og_type":"article","og_title":"kit 10 Pisos Pl\u00e1stico 50x25 - Preto","og_description":"10 Pisos Plastico Preto 50x25  Medidas: 50x25x2,5 cm (cada) Cor: preto Fabricante: Elo Solu\u00e7\u00e3o Entrega: 1 a 7 dias \u00fateis Palete de Pl\u00e1stico Modular 25x50x2,5cm \u2013 Material: Polietileno de alta Densidade, com prote\u00e7\u00e3o UV (resistente aos raios solares e suporta temperaturas negativas de at\u00e9 -35\u00ba.C) Dimens\u00f5es: Largura: 50cm Comprimento: 25cm Altura: 2,5cm  Capacidade de Carga: 3 toneladas por m2.  Peso: 0,400Kg por pe\u00e7a.  Pode ser utilizados em: Camaras frias, Academias, Pisos para transito de pessoas, Revestimento de ba\u00fa de caminh\u00f5es, Estoque de mercador\u00edas, e Etc","og_url":"https:\/\/elosolucao.com.br\/loja\/produto\/10-pisos-plastico-50x25-preto\/","og_site_name":"Elo Solu\u00e7\u00e3o","article_publisher":"https:\/\/www.facebook.com\/elosolucao.br","article_modified_time":"2022-08-10T18:58:59+00:00","og_image":[{"width":1080,"height":1080,"url":"https:\/\/elosolucao.com.br\/loja\/wp-content\/uploads\/2022\/05\/5.jpg","type":"image\/jpeg"}],"twitter_card":"summary_large_image","twitter_misc":{"Est. tempo de leitura":"1 minuto"},"schema":{"@context":"https:\/\/schema.org","@graph":[{"@type":"WebPage","@id":"https:\/\/elosolucao.com.br\/loja\/produto\/10-pisos-plastico-50x25-preto\/","url":"https:\/\/elosolucao.com.br\/loja\/produto\/10-pisos-plastico-50x25-preto\/","name":"kit 10 Pisos Pl\u00e1stico 50x25 - Preto - Elo Solu\u00e7\u00e3o","isPartOf":{"@id":"https:\/\/elosolucao.com.br\/loja\/#website"},"datePublished":"2022-05-10T19:14:00+00:00","dateModified":"2022-08-10T18:58:59+00:00","breadcrumb":{"@id":"https:\/\/elosolucao.com.br\/loja\/produto\/10-pisos-plastico-50x25-preto\/#breadcrumb"},"inLanguage":"pt-BR","potentialAction":[{"@type":"ReadAction","target":["https:\/\/elosolucao.com.br\/loja\/produto\/10-pisos-plastico-50x25-preto\/"]}]},{"@type":"BreadcrumbList","@id":"https:\/\/elosolucao.com.br\/loja\/produto\/10-pisos-plastico-50x25-preto\/#breadcrumb","itemListElement":[{"@type":"ListItem","position":1,"name":"In\u00edcio","item":"https:\/\/elosolucao.com.br\/loja\/"},{"@type":"ListItem","position":2,"name":"Loja","item":"https:\/\/elosolucao.com.br\/loja\/loja\/"},{"@type":"ListItem","position":3,"name":"kit 10 Pisos Pl\u00e1stico 50&#215;25 &#8211; Preto"}]},{"@type":"WebSite","@id":"https:\/\/elosolucao.com.br\/loja\/#website","url":"https:\/\/elosolucao.com.br\/loja\/","name":"Elo Solu\u00e7\u00e3o","description":"Entendendo sua necessidade e solucionando com Produtos.","publisher":{"@id":"https:\/\/elosolucao.com.br\/loja\/#organization"},"potentialAction":[{"@type":"SearchAction","target":{"@type":"EntryPoint","urlTemplate":"https:\/\/elosolucao.com.br\/loja\/?s={search_term_string}"},"query-input":"required name=search_term_string"}],"inLanguage":"pt-BR"},{"@type":"Organization","@id":"https:\/\/elosolucao.com.br\/loja\/#organization","name":"Elo Solu\u00e7\u00e3o","url":"https:\/\/elosolucao.com.br\/loja\/","logo":{"@type":"ImageObject","inLanguage":"pt-BR","@id":"https:\/\/elosolucao.com.br\/loja\/#\/schema\/logo\/image\/","url":"https:\/\/elosolucao.com.br\/loja\/wp-content\/uploads\/2021\/03\/Logo-sem-fundo.png","contentUrl":"https:\/\/elosolucao.com.br\/loja\/wp-content\/uploads\/2021\/03\/Logo-sem-fundo.png","width":707,"height":353,"caption":"Elo Solu\u00e7\u00e3o"},"image":{"@id":"https:\/\/elosolucao.com.br\/loja\/#\/schema\/logo\/image\/"},"sameAs":["https:\/\/www.facebook.com\/elosolucao.br","https:\/\/instagram.com\/elo_solucao","https:\/\/www.youtube.com\/channel\/UCsSlrhz3DzWElX1ZcW2AIyg\/featured"]}]}},"_links":{"self":[{"href":"https:\/\/elosolucao.com.br\/loja\/wp-json\/wp\/v2\/product\/4188","targetHints":{"allow":["GET"]}}],"collection":[{"href":"https:\/\/elosolucao.com.br\/loja\/wp-json\/wp\/v2\/product"}],"about":[{"href":"https:\/\/elosolucao.com.br\/loja\/wp-json\/wp\/v2\/types\/product"}],"version-history":[{"count":0,"href":"https:\/\/elosolucao.com.br\/loja\/wp-json\/wp\/v2\/product\/4188\/revisions"}],"wp:featuredmedia":[{"embeddable":true,"href":"https:\/\/elosolucao.com.br\/loja\/wp-json\/wp\/v2\/media\/5003"}],"wp:attachment":[{"href":"https:\/\/elosolucao.com.br\/loja\/wp-json\/wp\/v2\/media?parent=4188"}],"wp:term":[{"taxonomy":"product_brand","embeddable":true,"href":"https:\/\/elosolucao.com.br\/loja\/wp-json\/wp\/v2\/product_brand?post=4188"},{"taxonomy":"product_cat","embeddable":true,"href":"https:\/\/elosolucao.com.br\/loja\/wp-json\/wp\/v2\/product_cat?post=4188"},{"taxonomy":"product_tag","embeddable":true,"href":"https:\/\/elosolucao.com.br\/loja\/wp-json\/wp\/v2\/product_tag?post=4188"}],"curies":[{"name":"wp","href":"https:\/\/api.w.org\/{rel}","templated":true}]}}