{"id":4181,"date":"2022-05-10T12:31:21","date_gmt":"2022-05-10T15:31:21","guid":{"rendered":"https:\/\/elosolucao.com.br\/loja\/?post_type=product&#038;p=4181"},"modified":"2022-10-20T18:09:29","modified_gmt":"2022-10-20T21:09:29","slug":"saco-de-lixo-super-resistente-110-litros","status":"publish","type":"product","link":"https:\/\/elosolucao.com.br\/loja\/produto\/saco-de-lixo-super-resistente-110-litros\/","title":{"rendered":"Saco de Lixo 110 Litros &#8211; Pacote com 100 unidades"},"content":{"rendered":"","protected":false},"excerpt":{"rendered":"<p>Saco de lixo Refor\u00e7ado com sua utiliza\u00e7\u00e3o em uso dom\u00e9stico, condom\u00ednios, hot\u00e9is, pousadas, empresas, restaurantes, com\u00e9rcios em geral.<\/p>\n<p>Com sua predomin\u00e2ncia em uso de material pesado em seu uso, saco de Lixo Refor\u00e7ado e produzido em polietileno.<\/p>\n<p>Material:<\/p>\n<p>\u2022 98% polietileno 2% master<br \/>\n\u2022 Validade Indeterminada<br \/>\n\u2022 Padr\u00e3o ABNT &#8211; Classe I &#8211; Acondicionamento de res\u00edduos domiciliares.<\/p>\n","protected":false},"featured_media":4356,"template":"","meta":[],"product_brand":[],"product_cat":[15],"product_tag":[],"class_list":{"0":"post-4181","1":"product","2":"type-product","3":"status-publish","4":"has-post-thumbnail","6":"product_cat-lixeira-metalica","8":"first","9":"instock","10":"shipping-taxable","11":"purchasable","12":"product-type-simple"},"yoast_head":"<!-- This site is optimized with the Yoast SEO Premium plugin v22.0 (Yoast SEO v21.7) - https:\/\/yoast.com\/wordpress\/plugins\/seo\/ -->\n<title>Saco de Lixo 110 Litros - Pacote com 100 unidades - Elo Solu\u00e7\u00e3o<\/title>\n<meta name=\"description\" content=\"Saco de lixo Refor\u00e7ado com sua utiliza\u00e7\u00e3o em uso dom\u00e9stico, condom\u00ednios, hot\u00e9is, pousadas, empresas, restaurantes, com\u00e9rcios em geral.\" \/>\n<meta name=\"robots\" content=\"index, follow, max-snippet:-1, max-image-preview:large, max-video-preview:-1\" \/>\n<link rel=\"canonical\" href=\"https:\/\/elosolucao.com.br\/loja\/produto\/saco-de-lixo-super-resistente-110-litros\/\" \/>\n<meta property=\"og:locale\" content=\"pt_BR\" \/>\n<meta property=\"og:type\" content=\"article\" \/>\n<meta property=\"og:title\" content=\"Saco de Lixo 110 Litros - Pacote com 100 unidades\" \/>\n<meta property=\"og:description\" content=\"Saco de lixo Refor\u00e7ado com sua utiliza\u00e7\u00e3o em uso dom\u00e9stico, condom\u00ednios, hot\u00e9is, pousadas, empresas, restaurantes, com\u00e9rcios em geral.\" \/>\n<meta property=\"og:url\" content=\"https:\/\/elosolucao.com.br\/loja\/produto\/saco-de-lixo-super-resistente-110-litros\/\" \/>\n<meta property=\"og:site_name\" content=\"Elo Solu\u00e7\u00e3o\" \/>\n<meta property=\"article:publisher\" content=\"https:\/\/www.facebook.com\/elosolucao.br\" \/>\n<meta property=\"article:modified_time\" content=\"2022-10-20T21:09:29+00:00\" \/>\n<meta property=\"og:image\" content=\"https:\/\/elosolucao.com.br\/loja\/wp-content\/uploads\/2022\/05\/4.png\" \/>\n\t<meta property=\"og:image:width\" content=\"1080\" \/>\n\t<meta property=\"og:image:height\" content=\"1080\" \/>\n\t<meta property=\"og:image:type\" content=\"image\/png\" \/>\n<meta name=\"twitter:card\" content=\"summary_large_image\" \/>\n<script type=\"application\/ld+json\" class=\"yoast-schema-graph\">{\"@context\":\"https:\/\/schema.org\",\"@graph\":[{\"@type\":\"WebPage\",\"@id\":\"https:\/\/elosolucao.com.br\/loja\/produto\/saco-de-lixo-super-resistente-110-litros\/\",\"url\":\"https:\/\/elosolucao.com.br\/loja\/produto\/saco-de-lixo-super-resistente-110-litros\/\",\"name\":\"Saco de Lixo 110 Litros - Pacote com 100 unidades - Elo Solu\u00e7\u00e3o\",\"isPartOf\":{\"@id\":\"https:\/\/elosolucao.com.br\/loja\/#website\"},\"datePublished\":\"2022-05-10T15:31:21+00:00\",\"dateModified\":\"2022-10-20T21:09:29+00:00\",\"description\":\"Saco de lixo Refor\u00e7ado com sua utiliza\u00e7\u00e3o em uso dom\u00e9stico, condom\u00ednios, hot\u00e9is, pousadas, empresas, restaurantes, com\u00e9rcios em geral.\",\"breadcrumb\":{\"@id\":\"https:\/\/elosolucao.com.br\/loja\/produto\/saco-de-lixo-super-resistente-110-litros\/#breadcrumb\"},\"inLanguage\":\"pt-BR\",\"potentialAction\":[{\"@type\":\"ReadAction\",\"target\":[\"https:\/\/elosolucao.com.br\/loja\/produto\/saco-de-lixo-super-resistente-110-litros\/\"]}]},{\"@type\":\"BreadcrumbList\",\"@id\":\"https:\/\/elosolucao.com.br\/loja\/produto\/saco-de-lixo-super-resistente-110-litros\/#breadcrumb\",\"itemListElement\":[{\"@type\":\"ListItem\",\"position\":1,\"name\":\"In\u00edcio\",\"item\":\"https:\/\/elosolucao.com.br\/loja\/\"},{\"@type\":\"ListItem\",\"position\":2,\"name\":\"Loja\",\"item\":\"https:\/\/elosolucao.com.br\/loja\/loja\/\"},{\"@type\":\"ListItem\",\"position\":3,\"name\":\"Saco de Lixo 110 Litros &#8211; Pacote com 100 unidades\"}]},{\"@type\":\"WebSite\",\"@id\":\"https:\/\/elosolucao.com.br\/loja\/#website\",\"url\":\"https:\/\/elosolucao.com.br\/loja\/\",\"name\":\"Elo Solu\u00e7\u00e3o\",\"description\":\"Entendendo sua necessidade e solucionando com Produtos.\",\"publisher\":{\"@id\":\"https:\/\/elosolucao.com.br\/loja\/#organization\"},\"potentialAction\":[{\"@type\":\"SearchAction\",\"target\":{\"@type\":\"EntryPoint\",\"urlTemplate\":\"https:\/\/elosolucao.com.br\/loja\/?s={search_term_string}\"},\"query-input\":\"required name=search_term_string\"}],\"inLanguage\":\"pt-BR\"},{\"@type\":\"Organization\",\"@id\":\"https:\/\/elosolucao.com.br\/loja\/#organization\",\"name\":\"Elo Solu\u00e7\u00e3o\",\"url\":\"https:\/\/elosolucao.com.br\/loja\/\",\"logo\":{\"@type\":\"ImageObject\",\"inLanguage\":\"pt-BR\",\"@id\":\"https:\/\/elosolucao.com.br\/loja\/#\/schema\/logo\/image\/\",\"url\":\"https:\/\/elosolucao.com.br\/loja\/wp-content\/uploads\/2021\/03\/Logo-sem-fundo.png\",\"contentUrl\":\"https:\/\/elosolucao.com.br\/loja\/wp-content\/uploads\/2021\/03\/Logo-sem-fundo.png\",\"width\":707,\"height\":353,\"caption\":\"Elo Solu\u00e7\u00e3o\"},\"image\":{\"@id\":\"https:\/\/elosolucao.com.br\/loja\/#\/schema\/logo\/image\/\"},\"sameAs\":[\"https:\/\/www.facebook.com\/elosolucao.br\",\"https:\/\/instagram.com\/elo_solucao\",\"https:\/\/www.youtube.com\/channel\/UCsSlrhz3DzWElX1ZcW2AIyg\/featured\"]}]}<\/script>\n<!-- \/ Yoast SEO Premium plugin. -->","yoast_head_json":{"title":"Saco de Lixo 110 Litros - Pacote com 100 unidades - Elo Solu\u00e7\u00e3o","description":"Saco de lixo Refor\u00e7ado com sua utiliza\u00e7\u00e3o em uso dom\u00e9stico, condom\u00ednios, hot\u00e9is, pousadas, empresas, restaurantes, com\u00e9rcios em geral.","robots":{"index":"index","follow":"follow","max-snippet":"max-snippet:-1","max-image-preview":"max-image-preview:large","max-video-preview":"max-video-preview:-1"},"canonical":"https:\/\/elosolucao.com.br\/loja\/produto\/saco-de-lixo-super-resistente-110-litros\/","og_locale":"pt_BR","og_type":"article","og_title":"Saco de Lixo 110 Litros - Pacote com 100 unidades","og_description":"Saco de lixo Refor\u00e7ado com sua utiliza\u00e7\u00e3o em uso dom\u00e9stico, condom\u00ednios, hot\u00e9is, pousadas, empresas, restaurantes, com\u00e9rcios em geral.","og_url":"https:\/\/elosolucao.com.br\/loja\/produto\/saco-de-lixo-super-resistente-110-litros\/","og_site_name":"Elo Solu\u00e7\u00e3o","article_publisher":"https:\/\/www.facebook.com\/elosolucao.br","article_modified_time":"2022-10-20T21:09:29+00:00","og_image":[{"width":1080,"height":1080,"url":"https:\/\/elosolucao.com.br\/loja\/wp-content\/uploads\/2022\/05\/4.png","type":"image\/png"}],"twitter_card":"summary_large_image","schema":{"@context":"https:\/\/schema.org","@graph":[{"@type":"WebPage","@id":"https:\/\/elosolucao.com.br\/loja\/produto\/saco-de-lixo-super-resistente-110-litros\/","url":"https:\/\/elosolucao.com.br\/loja\/produto\/saco-de-lixo-super-resistente-110-litros\/","name":"Saco de Lixo 110 Litros - Pacote com 100 unidades - Elo Solu\u00e7\u00e3o","isPartOf":{"@id":"https:\/\/elosolucao.com.br\/loja\/#website"},"datePublished":"2022-05-10T15:31:21+00:00","dateModified":"2022-10-20T21:09:29+00:00","description":"Saco de lixo Refor\u00e7ado com sua utiliza\u00e7\u00e3o em uso dom\u00e9stico, condom\u00ednios, hot\u00e9is, pousadas, empresas, restaurantes, com\u00e9rcios em geral.","breadcrumb":{"@id":"https:\/\/elosolucao.com.br\/loja\/produto\/saco-de-lixo-super-resistente-110-litros\/#breadcrumb"},"inLanguage":"pt-BR","potentialAction":[{"@type":"ReadAction","target":["https:\/\/elosolucao.com.br\/loja\/produto\/saco-de-lixo-super-resistente-110-litros\/"]}]},{"@type":"BreadcrumbList","@id":"https:\/\/elosolucao.com.br\/loja\/produto\/saco-de-lixo-super-resistente-110-litros\/#breadcrumb","itemListElement":[{"@type":"ListItem","position":1,"name":"In\u00edcio","item":"https:\/\/elosolucao.com.br\/loja\/"},{"@type":"ListItem","position":2,"name":"Loja","item":"https:\/\/elosolucao.com.br\/loja\/loja\/"},{"@type":"ListItem","position":3,"name":"Saco de Lixo 110 Litros &#8211; Pacote com 100 unidades"}]},{"@type":"WebSite","@id":"https:\/\/elosolucao.com.br\/loja\/#website","url":"https:\/\/elosolucao.com.br\/loja\/","name":"Elo Solu\u00e7\u00e3o","description":"Entendendo sua necessidade e solucionando com Produtos.","publisher":{"@id":"https:\/\/elosolucao.com.br\/loja\/#organization"},"potentialAction":[{"@type":"SearchAction","target":{"@type":"EntryPoint","urlTemplate":"https:\/\/elosolucao.com.br\/loja\/?s={search_term_string}"},"query-input":"required name=search_term_string"}],"inLanguage":"pt-BR"},{"@type":"Organization","@id":"https:\/\/elosolucao.com.br\/loja\/#organization","name":"Elo Solu\u00e7\u00e3o","url":"https:\/\/elosolucao.com.br\/loja\/","logo":{"@type":"ImageObject","inLanguage":"pt-BR","@id":"https:\/\/elosolucao.com.br\/loja\/#\/schema\/logo\/image\/","url":"https:\/\/elosolucao.com.br\/loja\/wp-content\/uploads\/2021\/03\/Logo-sem-fundo.png","contentUrl":"https:\/\/elosolucao.com.br\/loja\/wp-content\/uploads\/2021\/03\/Logo-sem-fundo.png","width":707,"height":353,"caption":"Elo Solu\u00e7\u00e3o"},"image":{"@id":"https:\/\/elosolucao.com.br\/loja\/#\/schema\/logo\/image\/"},"sameAs":["https:\/\/www.facebook.com\/elosolucao.br","https:\/\/instagram.com\/elo_solucao","https:\/\/www.youtube.com\/channel\/UCsSlrhz3DzWElX1ZcW2AIyg\/featured"]}]}},"_links":{"self":[{"href":"https:\/\/elosolucao.com.br\/loja\/wp-json\/wp\/v2\/product\/4181","targetHints":{"allow":["GET"]}}],"collection":[{"href":"https:\/\/elosolucao.com.br\/loja\/wp-json\/wp\/v2\/product"}],"about":[{"href":"https:\/\/elosolucao.com.br\/loja\/wp-json\/wp\/v2\/types\/product"}],"version-history":[{"count":0,"href":"https:\/\/elosolucao.com.br\/loja\/wp-json\/wp\/v2\/product\/4181\/revisions"}],"wp:featuredmedia":[{"embeddable":true,"href":"https:\/\/elosolucao.com.br\/loja\/wp-json\/wp\/v2\/media\/4356"}],"wp:attachment":[{"href":"https:\/\/elosolucao.com.br\/loja\/wp-json\/wp\/v2\/media?parent=4181"}],"wp:term":[{"taxonomy":"product_brand","embeddable":true,"href":"https:\/\/elosolucao.com.br\/loja\/wp-json\/wp\/v2\/product_brand?post=4181"},{"taxonomy":"product_cat","embeddable":true,"href":"https:\/\/elosolucao.com.br\/loja\/wp-json\/wp\/v2\/product_cat?post=4181"},{"taxonomy":"product_tag","embeddable":true,"href":"https:\/\/elosolucao.com.br\/loja\/wp-json\/wp\/v2\/product_tag?post=4181"}],"curies":[{"name":"wp","href":"https:\/\/api.w.org\/{rel}","templated":true}]}}