{"id":4035,"date":"2022-03-31T16:26:17","date_gmt":"2022-03-31T19:26:17","guid":{"rendered":"https:\/\/elosolucao.com.br\/loja\/?post_type=product&#038;p=4035"},"modified":"2026-04-20T14:43:06","modified_gmt":"2026-04-20T17:43:06","slug":"caixa-organizadora-42-litros-sem-tampa-branca","status":"publish","type":"product","link":"https:\/\/elosolucao.com.br\/loja\/produto\/caixa-organizadora-42-litros-sem-tampa-branca\/","title":{"rendered":"Caixa Organizadora Branca 4.2L &#8211; Sem Tampa"},"content":{"rendered":"<p>CAIXA PL\u00c1STICA COM TAMPA CAPACIDADE 4,2 LITROS &#8211; COR BRANCA<\/p>\n<p>As Caixas Pl\u00e1sticas 4,2L Com Tampa s\u00e3o fabricadas sob o mais alto padr\u00e3o de qualidade, injetadas em m\u00e1quinas de alta tecnologia, resistentes a impactos, raios ultravioletas (UV) e repetidas lavagens.<\/p>\n<ul>\n<li>Facilmente higieniz\u00e1veis e super resistentes;<\/li>\n<li>Resistentes \u00e0 a\u00e7\u00e3o de \u00e1cidos, gorduras, solventes e odores;<\/li>\n<li>F\u00e1cil armazenamento e transporte, podem ser empilhadas;<\/li>\n<li>Maior durabilidade e melhor custo-benef\u00edcio do mercado;<\/li>\n<\/ul>\n<p><strong>CARACTER\u00cdSTICAS:<\/strong><br \/>\nCaixa Pl\u00e1stica Organizadora<br \/>\n<strong>Material:<\/strong> pl\u00e1stico Polipropileno (PP)<br \/>\n<strong>Capacidade:<\/strong> 4,2 Litros<\/p>\n<p><strong>UTILIZA\u00c7\u00d5ES:<\/strong><br \/>\n&#8211; Padarias, restaurantes e cozinhas industriais;<br \/>\n&#8211; Transporte e acondicionamento de materiais;<br \/>\n&#8211; Recomendada para uso dom\u00e9stico;<br \/>\n&#8211; Agricultura e constru\u00e7\u00e3o civil;<br \/>\n&#8211; Ind\u00fastrias em geral.<\/p>\n<p>** PARA GRANDES QUANTIDADES ENTRE EM CONTATO COM NOSSO TELEVENDAS!<\/p>\n","protected":false},"excerpt":{"rendered":"<p><strong>Capacidade:<\/strong> 4,2 Litros<\/p>\n<p><strong>Dimens\u00f5es Internas:<\/strong> Largura: 13,5cm \/ Altura: 11,5cm \/ Comprimento: 28,5cm<\/p>\n<p><strong>Dimens\u00f5es Externas:<\/strong> Largura: 16cm \/ Altura: 12cm \/ Comprimento: 32cm<\/p>\n<p><strong>Peso:<\/strong> 0,325Kg<\/p>\n<p><strong>Material Pl\u00e1stico:<\/strong> PP (Polipropileno)<\/p>\n","protected":false},"featured_media":4037,"template":"","meta":[],"product_brand":[],"product_cat":[71,278],"product_tag":[],"class_list":{"0":"post-4035","1":"product","2":"type-product","3":"status-publish","4":"has-post-thumbnail","6":"product_cat-caixa-organizadora","7":"product_cat-sem-tampa","9":"first","10":"instock","11":"shipping-taxable","12":"purchasable","13":"product-type-simple"},"yoast_head":"<!-- This site is optimized with the Yoast SEO Premium plugin v22.0 (Yoast SEO v21.7) - https:\/\/yoast.com\/wordpress\/plugins\/seo\/ -->\n<title>Caixa Organizadora Branca 4.2L - Sem Tampa - Elo Solu\u00e7\u00e3o<\/title>\n<meta name=\"robots\" content=\"index, follow, max-snippet:-1, max-image-preview:large, max-video-preview:-1\" \/>\n<link rel=\"canonical\" href=\"https:\/\/elosolucao.com.br\/loja\/produto\/caixa-organizadora-42-litros-sem-tampa-branca\/\" \/>\n<meta property=\"og:locale\" content=\"pt_BR\" \/>\n<meta property=\"og:type\" content=\"article\" \/>\n<meta property=\"og:title\" content=\"Caixa Organizadora Branca 4.2L - Sem Tampa\" \/>\n<meta property=\"og:description\" content=\"Capacidade: 4,2 Litros  Dimens\u00f5es Internas: Largura: 13,5cm \/ Altura: 11,5cm \/ Comprimento: 28,5cm  Dimens\u00f5es Externas: Largura: 16cm \/ Altura: 12cm \/ Comprimento: 32cm  Peso: 0,325Kg  Material Pl\u00e1stico: PP (Polipropileno)\" \/>\n<meta property=\"og:url\" content=\"https:\/\/elosolucao.com.br\/loja\/produto\/caixa-organizadora-42-litros-sem-tampa-branca\/\" \/>\n<meta property=\"og:site_name\" content=\"Elo Solu\u00e7\u00e3o\" \/>\n<meta property=\"article:publisher\" content=\"https:\/\/www.facebook.com\/elosolucao.br\" \/>\n<meta property=\"article:modified_time\" content=\"2026-04-20T17:43:06+00:00\" \/>\n<meta property=\"og:image\" content=\"https:\/\/elosolucao.com.br\/loja\/wp-content\/uploads\/2022\/03\/Caixa-Branca-42L-sem-tampa.jpg\" \/>\n\t<meta property=\"og:image:width\" content=\"1080\" \/>\n\t<meta property=\"og:image:height\" content=\"1080\" \/>\n\t<meta property=\"og:image:type\" content=\"image\/jpeg\" \/>\n<meta name=\"twitter:card\" content=\"summary_large_image\" \/>\n<meta name=\"twitter:label1\" content=\"Est. tempo de leitura\" \/>\n\t<meta name=\"twitter:data1\" content=\"1 minuto\" \/>\n<script type=\"application\/ld+json\" class=\"yoast-schema-graph\">{\"@context\":\"https:\/\/schema.org\",\"@graph\":[{\"@type\":\"WebPage\",\"@id\":\"https:\/\/elosolucao.com.br\/loja\/produto\/caixa-organizadora-42-litros-sem-tampa-branca\/\",\"url\":\"https:\/\/elosolucao.com.br\/loja\/produto\/caixa-organizadora-42-litros-sem-tampa-branca\/\",\"name\":\"Caixa Organizadora Branca 4.2L - Sem Tampa - Elo Solu\u00e7\u00e3o\",\"isPartOf\":{\"@id\":\"https:\/\/elosolucao.com.br\/loja\/#website\"},\"datePublished\":\"2022-03-31T19:26:17+00:00\",\"dateModified\":\"2026-04-20T17:43:06+00:00\",\"breadcrumb\":{\"@id\":\"https:\/\/elosolucao.com.br\/loja\/produto\/caixa-organizadora-42-litros-sem-tampa-branca\/#breadcrumb\"},\"inLanguage\":\"pt-BR\",\"potentialAction\":[{\"@type\":\"ReadAction\",\"target\":[\"https:\/\/elosolucao.com.br\/loja\/produto\/caixa-organizadora-42-litros-sem-tampa-branca\/\"]}]},{\"@type\":\"BreadcrumbList\",\"@id\":\"https:\/\/elosolucao.com.br\/loja\/produto\/caixa-organizadora-42-litros-sem-tampa-branca\/#breadcrumb\",\"itemListElement\":[{\"@type\":\"ListItem\",\"position\":1,\"name\":\"In\u00edcio\",\"item\":\"https:\/\/elosolucao.com.br\/loja\/\"},{\"@type\":\"ListItem\",\"position\":2,\"name\":\"Loja\",\"item\":\"https:\/\/elosolucao.com.br\/loja\/loja\/\"},{\"@type\":\"ListItem\",\"position\":3,\"name\":\"Caixa Organizadora Branca 4.2L &#8211; Sem Tampa\"}]},{\"@type\":\"WebSite\",\"@id\":\"https:\/\/elosolucao.com.br\/loja\/#website\",\"url\":\"https:\/\/elosolucao.com.br\/loja\/\",\"name\":\"Elo Solu\u00e7\u00e3o\",\"description\":\"Entendendo sua necessidade e solucionando com Produtos.\",\"publisher\":{\"@id\":\"https:\/\/elosolucao.com.br\/loja\/#organization\"},\"potentialAction\":[{\"@type\":\"SearchAction\",\"target\":{\"@type\":\"EntryPoint\",\"urlTemplate\":\"https:\/\/elosolucao.com.br\/loja\/?s={search_term_string}\"},\"query-input\":\"required name=search_term_string\"}],\"inLanguage\":\"pt-BR\"},{\"@type\":\"Organization\",\"@id\":\"https:\/\/elosolucao.com.br\/loja\/#organization\",\"name\":\"Elo Solu\u00e7\u00e3o\",\"url\":\"https:\/\/elosolucao.com.br\/loja\/\",\"logo\":{\"@type\":\"ImageObject\",\"inLanguage\":\"pt-BR\",\"@id\":\"https:\/\/elosolucao.com.br\/loja\/#\/schema\/logo\/image\/\",\"url\":\"https:\/\/elosolucao.com.br\/loja\/wp-content\/uploads\/2021\/03\/Logo-sem-fundo.png\",\"contentUrl\":\"https:\/\/elosolucao.com.br\/loja\/wp-content\/uploads\/2021\/03\/Logo-sem-fundo.png\",\"width\":707,\"height\":353,\"caption\":\"Elo Solu\u00e7\u00e3o\"},\"image\":{\"@id\":\"https:\/\/elosolucao.com.br\/loja\/#\/schema\/logo\/image\/\"},\"sameAs\":[\"https:\/\/www.facebook.com\/elosolucao.br\",\"https:\/\/instagram.com\/elo_solucao\",\"https:\/\/www.youtube.com\/channel\/UCsSlrhz3DzWElX1ZcW2AIyg\/featured\"]}]}<\/script>\n<!-- \/ Yoast SEO Premium plugin. -->","yoast_head_json":{"title":"Caixa Organizadora Branca 4.2L - Sem Tampa - Elo Solu\u00e7\u00e3o","robots":{"index":"index","follow":"follow","max-snippet":"max-snippet:-1","max-image-preview":"max-image-preview:large","max-video-preview":"max-video-preview:-1"},"canonical":"https:\/\/elosolucao.com.br\/loja\/produto\/caixa-organizadora-42-litros-sem-tampa-branca\/","og_locale":"pt_BR","og_type":"article","og_title":"Caixa Organizadora Branca 4.2L - Sem Tampa","og_description":"Capacidade: 4,2 Litros  Dimens\u00f5es Internas: Largura: 13,5cm \/ Altura: 11,5cm \/ Comprimento: 28,5cm  Dimens\u00f5es Externas: Largura: 16cm \/ Altura: 12cm \/ Comprimento: 32cm  Peso: 0,325Kg  Material Pl\u00e1stico: PP (Polipropileno)","og_url":"https:\/\/elosolucao.com.br\/loja\/produto\/caixa-organizadora-42-litros-sem-tampa-branca\/","og_site_name":"Elo Solu\u00e7\u00e3o","article_publisher":"https:\/\/www.facebook.com\/elosolucao.br","article_modified_time":"2026-04-20T17:43:06+00:00","og_image":[{"width":1080,"height":1080,"url":"https:\/\/elosolucao.com.br\/loja\/wp-content\/uploads\/2022\/03\/Caixa-Branca-42L-sem-tampa.jpg","type":"image\/jpeg"}],"twitter_card":"summary_large_image","twitter_misc":{"Est. tempo de leitura":"1 minuto"},"schema":{"@context":"https:\/\/schema.org","@graph":[{"@type":"WebPage","@id":"https:\/\/elosolucao.com.br\/loja\/produto\/caixa-organizadora-42-litros-sem-tampa-branca\/","url":"https:\/\/elosolucao.com.br\/loja\/produto\/caixa-organizadora-42-litros-sem-tampa-branca\/","name":"Caixa Organizadora Branca 4.2L - Sem Tampa - Elo Solu\u00e7\u00e3o","isPartOf":{"@id":"https:\/\/elosolucao.com.br\/loja\/#website"},"datePublished":"2022-03-31T19:26:17+00:00","dateModified":"2026-04-20T17:43:06+00:00","breadcrumb":{"@id":"https:\/\/elosolucao.com.br\/loja\/produto\/caixa-organizadora-42-litros-sem-tampa-branca\/#breadcrumb"},"inLanguage":"pt-BR","potentialAction":[{"@type":"ReadAction","target":["https:\/\/elosolucao.com.br\/loja\/produto\/caixa-organizadora-42-litros-sem-tampa-branca\/"]}]},{"@type":"BreadcrumbList","@id":"https:\/\/elosolucao.com.br\/loja\/produto\/caixa-organizadora-42-litros-sem-tampa-branca\/#breadcrumb","itemListElement":[{"@type":"ListItem","position":1,"name":"In\u00edcio","item":"https:\/\/elosolucao.com.br\/loja\/"},{"@type":"ListItem","position":2,"name":"Loja","item":"https:\/\/elosolucao.com.br\/loja\/loja\/"},{"@type":"ListItem","position":3,"name":"Caixa Organizadora Branca 4.2L &#8211; Sem Tampa"}]},{"@type":"WebSite","@id":"https:\/\/elosolucao.com.br\/loja\/#website","url":"https:\/\/elosolucao.com.br\/loja\/","name":"Elo Solu\u00e7\u00e3o","description":"Entendendo sua necessidade e solucionando com Produtos.","publisher":{"@id":"https:\/\/elosolucao.com.br\/loja\/#organization"},"potentialAction":[{"@type":"SearchAction","target":{"@type":"EntryPoint","urlTemplate":"https:\/\/elosolucao.com.br\/loja\/?s={search_term_string}"},"query-input":"required name=search_term_string"}],"inLanguage":"pt-BR"},{"@type":"Organization","@id":"https:\/\/elosolucao.com.br\/loja\/#organization","name":"Elo Solu\u00e7\u00e3o","url":"https:\/\/elosolucao.com.br\/loja\/","logo":{"@type":"ImageObject","inLanguage":"pt-BR","@id":"https:\/\/elosolucao.com.br\/loja\/#\/schema\/logo\/image\/","url":"https:\/\/elosolucao.com.br\/loja\/wp-content\/uploads\/2021\/03\/Logo-sem-fundo.png","contentUrl":"https:\/\/elosolucao.com.br\/loja\/wp-content\/uploads\/2021\/03\/Logo-sem-fundo.png","width":707,"height":353,"caption":"Elo Solu\u00e7\u00e3o"},"image":{"@id":"https:\/\/elosolucao.com.br\/loja\/#\/schema\/logo\/image\/"},"sameAs":["https:\/\/www.facebook.com\/elosolucao.br","https:\/\/instagram.com\/elo_solucao","https:\/\/www.youtube.com\/channel\/UCsSlrhz3DzWElX1ZcW2AIyg\/featured"]}]}},"_links":{"self":[{"href":"https:\/\/elosolucao.com.br\/loja\/wp-json\/wp\/v2\/product\/4035","targetHints":{"allow":["GET"]}}],"collection":[{"href":"https:\/\/elosolucao.com.br\/loja\/wp-json\/wp\/v2\/product"}],"about":[{"href":"https:\/\/elosolucao.com.br\/loja\/wp-json\/wp\/v2\/types\/product"}],"version-history":[{"count":0,"href":"https:\/\/elosolucao.com.br\/loja\/wp-json\/wp\/v2\/product\/4035\/revisions"}],"wp:featuredmedia":[{"embeddable":true,"href":"https:\/\/elosolucao.com.br\/loja\/wp-json\/wp\/v2\/media\/4037"}],"wp:attachment":[{"href":"https:\/\/elosolucao.com.br\/loja\/wp-json\/wp\/v2\/media?parent=4035"}],"wp:term":[{"taxonomy":"product_brand","embeddable":true,"href":"https:\/\/elosolucao.com.br\/loja\/wp-json\/wp\/v2\/product_brand?post=4035"},{"taxonomy":"product_cat","embeddable":true,"href":"https:\/\/elosolucao.com.br\/loja\/wp-json\/wp\/v2\/product_cat?post=4035"},{"taxonomy":"product_tag","embeddable":true,"href":"https:\/\/elosolucao.com.br\/loja\/wp-json\/wp\/v2\/product_tag?post=4035"}],"curies":[{"name":"wp","href":"https:\/\/api.w.org\/{rel}","templated":true}]}}