{"id":3691,"date":"2022-02-24T15:13:41","date_gmt":"2022-02-24T18:13:41","guid":{"rendered":"https:\/\/elosolucao.com.br\/loja\/?post_type=product&#038;p=3691"},"modified":"2026-04-17T15:07:58","modified_gmt":"2026-04-17T18:07:58","slug":"estrado-de-plastico-41x82cm-com-prolongador","status":"publish","type":"product","link":"https:\/\/elosolucao.com.br\/loja\/produto\/estrado-de-plastico-41x82cm-com-prolongador\/","title":{"rendered":"Estrado de Pl\u00e1stico 41x82cm &#8211; com prolongador"},"content":{"rendered":"<h1>Estrado de Pl\u00e1stico &#8211; com prolongador<\/h1>\n<h2>Conhe\u00e7a o Estrado de Pl\u00e1stico da Elo Solu\u00e7\u00e3o:<\/h2>\n<p>Os\u00a0<strong>Estrados de Pl\u00e1stico Com Prolongador<\/strong>\u00a041cm x 82cm s\u00e3o fabricados em Polietileno de Alta Densidade (PEAD) ou Polipropileno (PP).<\/p>\n<p>Todos os nossos\u00a0<strong>estrados e pisos pl\u00e1sticos<\/strong>\u00a0atendem a todas as normas vigentes da Ag\u00eancia Nacional de Vigil\u00e2ncia Sanit\u00e1ria (ANVISA).<\/p>\n<p>Com capacidade para 2 ton\/m\u00b2,\u00a0 os estrados de pl\u00e1stico com prolongador s\u00e3o extremamente resistentes e dur\u00e1veis.<\/p>\n<p>Modulares e de montagem simples pelo sistema de encaixe macho-f\u00eamea, os\u00a0<strong>Estrados de Pl\u00e1stico<\/strong>\u00a0podem ser encaixados lado a lado para cobrirem a \u00e1rea desejada.<\/p>\n<p>Antiderrapantes e resistentes, os\u00a0<strong>estrados<\/strong>\u00a0da Elo Solu\u00e7\u00e3o s\u00e3o indicados para utiliza\u00e7\u00e3o em\u00a0 locais \u00famidos onde h\u00e1 grande fluxo de circula\u00e7\u00e3o de pessoas.<\/p>\n<p>Seu material de alta resist\u00eancia e seu design, permitem que a \u00e1gua escorra entre as suas calhas, mantendo sua qualidade, inclusive diante da a\u00e7\u00e3o de \u00e1cidos, gorduras, solventes e odores.<\/p>\n<p>Os\u00a0<strong>estrados de pl\u00e1stico<\/strong>\u00a0podem ser submetidos \u00e0 in\u00fameras lavagens sem que haja o risco de danos ou deformidades.<\/p>\n<p>A limpeza \u00e9 simples e\u00a0eficaz para reutiliza\u00e7\u00e3o.<\/p>\n<p>UTILIZA\u00c7\u00d5ES:<\/p>\n<p>Os\u00a0<strong>Estrados de Pl\u00e1stico<\/strong>\u00a0Com Prolongadores s\u00e3o utilizados para forrar ambientes e evitar o contato direto com o solo.<\/p>\n<p>Podem ser usados em \u00e1reas permanentemente \u00famidas, ou por exemplo:<\/p>\n<ul>\n<li>Vesti\u00e1rios,\u00a0saunas e\u00a0banheiros\u00a0de clubes\u00a0e academias<\/li>\n<li>Escolas e universidades<\/li>\n<li>C\u00e2maras frias<\/li>\n<li>Caminh\u00f5es ba\u00fa<\/li>\n<li>Pet shops e ber\u00e7\u00e1rio de animais<\/li>\n<li>Restaurantes<\/li>\n<li>Hospitais<\/li>\n<li>Ind\u00fastrias aliment\u00edcia e qu\u00edmica, etc.<\/li>\n<\/ul>\n<p>Os\u00a0<strong>Estrados de Pl\u00e1stico<\/strong>\u00a0s\u00e3o fabricados nas cores preto, branco, cinza e virgem.<\/p>\n<p>Os\u00a0<strong>Estrados de Pl\u00e1stico<\/strong>\u00a0podem ser armazenados com facilidade ocupando pouco espa\u00e7o.<\/p>\n","protected":false},"excerpt":{"rendered":"<div><strong>Largura:<\/strong>\u00a041cm<\/div>\n<div><strong>Altura:<\/strong>\u00a013cm<\/div>\n<div><strong>Comprimento:<\/strong>\u00a082cm<\/div>\n<div><strong>Peso:<\/strong>\u00a03 Kg<\/div>\n<div><strong>Capacidade:<\/strong>\u00a010 Ton\/m\u00b2<\/div>\n<div><strong>Material:<\/strong>\u00a0MATERIAL PEAD (Polietileno de Alta Densidade) ou PP (Polipropileno)<\/div>\n","protected":false},"featured_media":3692,"template":"","meta":[],"product_brand":[],"product_cat":[88],"product_tag":[],"class_list":{"0":"post-3691","1":"product","2":"type-product","3":"status-publish","4":"has-post-thumbnail","6":"product_cat-estrado-plastico","7":"pa_cor-branco","8":"pa_cor-preta","10":"first","11":"instock","12":"shipping-taxable","13":"purchasable","14":"product-type-simple"},"yoast_head":"<!-- This site is optimized with the Yoast SEO Premium plugin v22.0 (Yoast SEO v21.7) - https:\/\/yoast.com\/wordpress\/plugins\/seo\/ -->\n<title>Estrado de Pl\u00e1stico 41x82cm - com prolongador - Elo Solu\u00e7\u00e3o<\/title>\n<meta name=\"robots\" content=\"index, follow, max-snippet:-1, max-image-preview:large, max-video-preview:-1\" \/>\n<link rel=\"canonical\" href=\"https:\/\/elosolucao.com.br\/loja\/produto\/estrado-de-plastico-41x82cm-com-prolongador\/\" \/>\n<meta property=\"og:locale\" content=\"pt_BR\" \/>\n<meta property=\"og:type\" content=\"article\" \/>\n<meta property=\"og:title\" content=\"Estrado de Pl\u00e1stico 41x82cm - com prolongador\" \/>\n<meta property=\"og:description\" content=\"Largura:\u00a041cm Altura:\u00a013cm Comprimento:\u00a082cm Peso:\u00a03 Kg Capacidade:\u00a010 Ton\/m\u00b2 Material:\u00a0MATERIAL PEAD (Polietileno de Alta Densidade) ou PP (Polipropileno)\" \/>\n<meta property=\"og:url\" content=\"https:\/\/elosolucao.com.br\/loja\/produto\/estrado-de-plastico-41x82cm-com-prolongador\/\" \/>\n<meta property=\"og:site_name\" content=\"Elo Solu\u00e7\u00e3o\" \/>\n<meta property=\"article:publisher\" content=\"https:\/\/www.facebook.com\/elosolucao.br\" \/>\n<meta property=\"article:modified_time\" content=\"2026-04-17T18:07:58+00:00\" \/>\n<meta property=\"og:image\" content=\"https:\/\/elosolucao.com.br\/loja\/wp-content\/uploads\/2022\/02\/Estrado-41x82-com-prolongador.png\" \/>\n\t<meta property=\"og:image:width\" content=\"1080\" \/>\n\t<meta property=\"og:image:height\" content=\"1080\" \/>\n\t<meta property=\"og:image:type\" content=\"image\/png\" \/>\n<meta name=\"twitter:card\" content=\"summary_large_image\" \/>\n<meta name=\"twitter:label1\" content=\"Est. tempo de leitura\" \/>\n\t<meta name=\"twitter:data1\" content=\"2 minutos\" \/>\n<script type=\"application\/ld+json\" class=\"yoast-schema-graph\">{\"@context\":\"https:\/\/schema.org\",\"@graph\":[{\"@type\":\"WebPage\",\"@id\":\"https:\/\/elosolucao.com.br\/loja\/produto\/estrado-de-plastico-41x82cm-com-prolongador\/\",\"url\":\"https:\/\/elosolucao.com.br\/loja\/produto\/estrado-de-plastico-41x82cm-com-prolongador\/\",\"name\":\"Estrado de Pl\u00e1stico 41x82cm - com prolongador - Elo Solu\u00e7\u00e3o\",\"isPartOf\":{\"@id\":\"https:\/\/elosolucao.com.br\/loja\/#website\"},\"datePublished\":\"2022-02-24T18:13:41+00:00\",\"dateModified\":\"2026-04-17T18:07:58+00:00\",\"breadcrumb\":{\"@id\":\"https:\/\/elosolucao.com.br\/loja\/produto\/estrado-de-plastico-41x82cm-com-prolongador\/#breadcrumb\"},\"inLanguage\":\"pt-BR\",\"potentialAction\":[{\"@type\":\"ReadAction\",\"target\":[\"https:\/\/elosolucao.com.br\/loja\/produto\/estrado-de-plastico-41x82cm-com-prolongador\/\"]}]},{\"@type\":\"BreadcrumbList\",\"@id\":\"https:\/\/elosolucao.com.br\/loja\/produto\/estrado-de-plastico-41x82cm-com-prolongador\/#breadcrumb\",\"itemListElement\":[{\"@type\":\"ListItem\",\"position\":1,\"name\":\"In\u00edcio\",\"item\":\"https:\/\/elosolucao.com.br\/loja\/\"},{\"@type\":\"ListItem\",\"position\":2,\"name\":\"Loja\",\"item\":\"https:\/\/elosolucao.com.br\/loja\/loja\/\"},{\"@type\":\"ListItem\",\"position\":3,\"name\":\"Estrado de Pl\u00e1stico 41x82cm &#8211; com prolongador\"}]},{\"@type\":\"WebSite\",\"@id\":\"https:\/\/elosolucao.com.br\/loja\/#website\",\"url\":\"https:\/\/elosolucao.com.br\/loja\/\",\"name\":\"Elo Solu\u00e7\u00e3o\",\"description\":\"Entendendo sua necessidade e solucionando com Produtos.\",\"publisher\":{\"@id\":\"https:\/\/elosolucao.com.br\/loja\/#organization\"},\"potentialAction\":[{\"@type\":\"SearchAction\",\"target\":{\"@type\":\"EntryPoint\",\"urlTemplate\":\"https:\/\/elosolucao.com.br\/loja\/?s={search_term_string}\"},\"query-input\":\"required name=search_term_string\"}],\"inLanguage\":\"pt-BR\"},{\"@type\":\"Organization\",\"@id\":\"https:\/\/elosolucao.com.br\/loja\/#organization\",\"name\":\"Elo Solu\u00e7\u00e3o\",\"url\":\"https:\/\/elosolucao.com.br\/loja\/\",\"logo\":{\"@type\":\"ImageObject\",\"inLanguage\":\"pt-BR\",\"@id\":\"https:\/\/elosolucao.com.br\/loja\/#\/schema\/logo\/image\/\",\"url\":\"https:\/\/elosolucao.com.br\/loja\/wp-content\/uploads\/2021\/03\/Logo-sem-fundo.png\",\"contentUrl\":\"https:\/\/elosolucao.com.br\/loja\/wp-content\/uploads\/2021\/03\/Logo-sem-fundo.png\",\"width\":707,\"height\":353,\"caption\":\"Elo Solu\u00e7\u00e3o\"},\"image\":{\"@id\":\"https:\/\/elosolucao.com.br\/loja\/#\/schema\/logo\/image\/\"},\"sameAs\":[\"https:\/\/www.facebook.com\/elosolucao.br\",\"https:\/\/instagram.com\/elo_solucao\",\"https:\/\/www.youtube.com\/channel\/UCsSlrhz3DzWElX1ZcW2AIyg\/featured\"]}]}<\/script>\n<!-- \/ Yoast SEO Premium plugin. -->","yoast_head_json":{"title":"Estrado de Pl\u00e1stico 41x82cm - com prolongador - Elo Solu\u00e7\u00e3o","robots":{"index":"index","follow":"follow","max-snippet":"max-snippet:-1","max-image-preview":"max-image-preview:large","max-video-preview":"max-video-preview:-1"},"canonical":"https:\/\/elosolucao.com.br\/loja\/produto\/estrado-de-plastico-41x82cm-com-prolongador\/","og_locale":"pt_BR","og_type":"article","og_title":"Estrado de Pl\u00e1stico 41x82cm - com prolongador","og_description":"Largura:\u00a041cm Altura:\u00a013cm Comprimento:\u00a082cm Peso:\u00a03 Kg Capacidade:\u00a010 Ton\/m\u00b2 Material:\u00a0MATERIAL PEAD (Polietileno de Alta Densidade) ou PP (Polipropileno)","og_url":"https:\/\/elosolucao.com.br\/loja\/produto\/estrado-de-plastico-41x82cm-com-prolongador\/","og_site_name":"Elo Solu\u00e7\u00e3o","article_publisher":"https:\/\/www.facebook.com\/elosolucao.br","article_modified_time":"2026-04-17T18:07:58+00:00","og_image":[{"width":1080,"height":1080,"url":"https:\/\/elosolucao.com.br\/loja\/wp-content\/uploads\/2022\/02\/Estrado-41x82-com-prolongador.png","type":"image\/png"}],"twitter_card":"summary_large_image","twitter_misc":{"Est. tempo de leitura":"2 minutos"},"schema":{"@context":"https:\/\/schema.org","@graph":[{"@type":"WebPage","@id":"https:\/\/elosolucao.com.br\/loja\/produto\/estrado-de-plastico-41x82cm-com-prolongador\/","url":"https:\/\/elosolucao.com.br\/loja\/produto\/estrado-de-plastico-41x82cm-com-prolongador\/","name":"Estrado de Pl\u00e1stico 41x82cm - com prolongador - Elo Solu\u00e7\u00e3o","isPartOf":{"@id":"https:\/\/elosolucao.com.br\/loja\/#website"},"datePublished":"2022-02-24T18:13:41+00:00","dateModified":"2026-04-17T18:07:58+00:00","breadcrumb":{"@id":"https:\/\/elosolucao.com.br\/loja\/produto\/estrado-de-plastico-41x82cm-com-prolongador\/#breadcrumb"},"inLanguage":"pt-BR","potentialAction":[{"@type":"ReadAction","target":["https:\/\/elosolucao.com.br\/loja\/produto\/estrado-de-plastico-41x82cm-com-prolongador\/"]}]},{"@type":"BreadcrumbList","@id":"https:\/\/elosolucao.com.br\/loja\/produto\/estrado-de-plastico-41x82cm-com-prolongador\/#breadcrumb","itemListElement":[{"@type":"ListItem","position":1,"name":"In\u00edcio","item":"https:\/\/elosolucao.com.br\/loja\/"},{"@type":"ListItem","position":2,"name":"Loja","item":"https:\/\/elosolucao.com.br\/loja\/loja\/"},{"@type":"ListItem","position":3,"name":"Estrado de Pl\u00e1stico 41x82cm &#8211; com prolongador"}]},{"@type":"WebSite","@id":"https:\/\/elosolucao.com.br\/loja\/#website","url":"https:\/\/elosolucao.com.br\/loja\/","name":"Elo Solu\u00e7\u00e3o","description":"Entendendo sua necessidade e solucionando com Produtos.","publisher":{"@id":"https:\/\/elosolucao.com.br\/loja\/#organization"},"potentialAction":[{"@type":"SearchAction","target":{"@type":"EntryPoint","urlTemplate":"https:\/\/elosolucao.com.br\/loja\/?s={search_term_string}"},"query-input":"required name=search_term_string"}],"inLanguage":"pt-BR"},{"@type":"Organization","@id":"https:\/\/elosolucao.com.br\/loja\/#organization","name":"Elo Solu\u00e7\u00e3o","url":"https:\/\/elosolucao.com.br\/loja\/","logo":{"@type":"ImageObject","inLanguage":"pt-BR","@id":"https:\/\/elosolucao.com.br\/loja\/#\/schema\/logo\/image\/","url":"https:\/\/elosolucao.com.br\/loja\/wp-content\/uploads\/2021\/03\/Logo-sem-fundo.png","contentUrl":"https:\/\/elosolucao.com.br\/loja\/wp-content\/uploads\/2021\/03\/Logo-sem-fundo.png","width":707,"height":353,"caption":"Elo Solu\u00e7\u00e3o"},"image":{"@id":"https:\/\/elosolucao.com.br\/loja\/#\/schema\/logo\/image\/"},"sameAs":["https:\/\/www.facebook.com\/elosolucao.br","https:\/\/instagram.com\/elo_solucao","https:\/\/www.youtube.com\/channel\/UCsSlrhz3DzWElX1ZcW2AIyg\/featured"]}]}},"_links":{"self":[{"href":"https:\/\/elosolucao.com.br\/loja\/wp-json\/wp\/v2\/product\/3691","targetHints":{"allow":["GET"]}}],"collection":[{"href":"https:\/\/elosolucao.com.br\/loja\/wp-json\/wp\/v2\/product"}],"about":[{"href":"https:\/\/elosolucao.com.br\/loja\/wp-json\/wp\/v2\/types\/product"}],"version-history":[{"count":0,"href":"https:\/\/elosolucao.com.br\/loja\/wp-json\/wp\/v2\/product\/3691\/revisions"}],"wp:featuredmedia":[{"embeddable":true,"href":"https:\/\/elosolucao.com.br\/loja\/wp-json\/wp\/v2\/media\/3692"}],"wp:attachment":[{"href":"https:\/\/elosolucao.com.br\/loja\/wp-json\/wp\/v2\/media?parent=3691"}],"wp:term":[{"taxonomy":"product_brand","embeddable":true,"href":"https:\/\/elosolucao.com.br\/loja\/wp-json\/wp\/v2\/product_brand?post=3691"},{"taxonomy":"product_cat","embeddable":true,"href":"https:\/\/elosolucao.com.br\/loja\/wp-json\/wp\/v2\/product_cat?post=3691"},{"taxonomy":"product_tag","embeddable":true,"href":"https:\/\/elosolucao.com.br\/loja\/wp-json\/wp\/v2\/product_tag?post=3691"}],"curies":[{"name":"wp","href":"https:\/\/api.w.org\/{rel}","templated":true}]}}