{"id":3548,"date":"2022-01-26T13:51:00","date_gmt":"2022-01-26T16:51:00","guid":{"rendered":"https:\/\/elosolucao.com.br\/loja\/?post_type=product&#038;p=3548"},"modified":"2026-04-17T15:55:30","modified_gmt":"2026-04-17T18:55:30","slug":"cesto-de-lixo-redondo-60l-preto","status":"publish","type":"product","link":"https:\/\/elosolucao.com.br\/loja\/produto\/cesto-de-lixo-redondo-60l-preto\/","title":{"rendered":"Cesto de Lixo Redondo 60L &#8211; Preto"},"content":{"rendered":"<h1>Cesto de Lixo Redondo 60L<\/h1>\n<p><strong>S\u00c3O INDICADOS PARA:<\/strong><\/p>\n<p><strong>\u2022 Clubes, academias, escolas e universidades;<\/strong><br \/>\n<strong>\u2022 Restaurantes, lanchonetes, cozinhas industriais;<\/strong><br \/>\n<strong>\u2022 Shoppings e estabelecimentos comerciais;<\/strong><br \/>\n<strong>\u2022 Farm\u00e1cias, postos de sa\u00fade e hospitais;<\/strong><br \/>\n<strong>\u2022 Uso dom\u00e9stico.<\/strong><\/p>\n<p>Os Cestos de Lixo 60 Litros Redondo s\u00e3o fabricados em Polipropileno (PP) ou Polietileno de Alta Densidade (PEAD).<\/p>\n<p>Os Cestos de Lixo 60L da\u00a0<strong>Elo Solu\u00e7\u00e3o<\/strong>\u00a0s\u00e3o injetados em m\u00e1quinas de alta tecnologia e respeitando as principais normas vigentes da Ag\u00eancia Nacional de Vigil\u00e2ncia Sanit\u00e1ria (ANVISA).<\/p>\n<p>Produzidos com um material qualificado e de alto impacto, os\u00a0<strong>Cestos de Lixo 60 Litros Redondo<\/strong>\u00a0podem ser facilmente empilhados sem que seu formato seja alterado ou prejudicado, o que facilita o transporte e o armazenamento.<\/p>\n<p>\u00c9 leve, at\u00f3xico e a proced\u00eancia da mat\u00e9ria prima utilizada lhe confere resist\u00eancia e durabilidade.<\/p>\n","protected":false},"excerpt":{"rendered":"<p><strong>DIMENS\u00d5ES:<\/strong><\/p>\n<p><strong>MODELO:<\/strong>\u00a0Cesto 60L Com Tampa<\/p>\n<p><strong>DESCRI\u00c7\u00c3O:<\/strong>\u00a0Cesto de Lixo 60 Litros Redondo<\/p>\n<p><strong>LARGURA:<\/strong>\u00a0480mm<\/p>\n<p><strong>ALTURA:<\/strong>\u00a0620mm<\/p>\n<p><strong>COMPRIMENTO Di\u00e2metro \u00d8:<\/strong>\u00a0455mm<\/p>\n<p><strong>PESO:<\/strong>\u00a01,6Kg<\/p>\n<p><strong>MATERIAL:<\/strong>\u00a0Polietileno de Alta Densidade (PEAD) ou Polipropileno (PP)<\/p>\n","protected":false},"featured_media":1709,"template":"","meta":[],"product_brand":[],"product_cat":[86],"product_tag":[233,225,231,229,134,234],"class_list":{"0":"post-3548","1":"product","2":"type-product","3":"status-publish","4":"has-post-thumbnail","6":"product_cat-cestos-de-lixo","7":"product_tag-cesto-com-tampa","8":"product_tag-cesto-de-lixo","9":"product_tag-lixeira","10":"product_tag-lixeira-com-pedal","11":"product_tag-lixeira-com-tampa","12":"product_tag-lixeira-redonda","13":"pa_cor-branco","14":"pa_cor-preta","16":"first","17":"instock","18":"shipping-taxable","19":"purchasable","20":"product-type-simple"},"yoast_head":"<!-- This site is optimized with the Yoast SEO Premium plugin v22.0 (Yoast SEO v21.7) - https:\/\/yoast.com\/wordpress\/plugins\/seo\/ -->\n<title>Cesto de Lixo Redondo 60L - Preto - Elo Solu\u00e7\u00e3o<\/title>\n<meta name=\"robots\" content=\"index, follow, max-snippet:-1, max-image-preview:large, max-video-preview:-1\" \/>\n<link rel=\"canonical\" href=\"https:\/\/elosolucao.com.br\/loja\/produto\/cesto-de-lixo-redondo-60l-preto\/\" \/>\n<meta property=\"og:locale\" content=\"pt_BR\" \/>\n<meta property=\"og:type\" content=\"article\" \/>\n<meta property=\"og:title\" content=\"Cesto de Lixo Redondo 60L - Preto\" \/>\n<meta property=\"og:description\" content=\"DIMENS\u00d5ES:  MODELO:\u00a0Cesto 60L Com Tampa  DESCRI\u00c7\u00c3O:\u00a0Cesto de Lixo 60 Litros Redondo  LARGURA:\u00a0480mm  ALTURA:\u00a0620mm  COMPRIMENTO Di\u00e2metro \u00d8:\u00a0455mm  PESO:\u00a01,6Kg  MATERIAL:\u00a0Polietileno de Alta Densidade (PEAD) ou Polipropileno (PP)\" \/>\n<meta property=\"og:url\" content=\"https:\/\/elosolucao.com.br\/loja\/produto\/cesto-de-lixo-redondo-60l-preto\/\" \/>\n<meta property=\"og:site_name\" content=\"Elo Solu\u00e7\u00e3o\" \/>\n<meta property=\"article:publisher\" content=\"https:\/\/www.facebook.com\/elosolucao.br\" \/>\n<meta property=\"article:modified_time\" content=\"2026-04-17T18:55:30+00:00\" \/>\n<meta property=\"og:image\" content=\"https:\/\/elosolucao.com.br\/loja\/wp-content\/uploads\/2021\/03\/3.jpg\" \/>\n\t<meta property=\"og:image:width\" content=\"1080\" \/>\n\t<meta property=\"og:image:height\" content=\"1080\" \/>\n\t<meta property=\"og:image:type\" content=\"image\/jpeg\" \/>\n<meta name=\"twitter:card\" content=\"summary_large_image\" \/>\n<meta name=\"twitter:label1\" content=\"Est. tempo de leitura\" \/>\n\t<meta name=\"twitter:data1\" content=\"1 minuto\" \/>\n<script type=\"application\/ld+json\" class=\"yoast-schema-graph\">{\"@context\":\"https:\/\/schema.org\",\"@graph\":[{\"@type\":\"WebPage\",\"@id\":\"https:\/\/elosolucao.com.br\/loja\/produto\/cesto-de-lixo-redondo-60l-preto\/\",\"url\":\"https:\/\/elosolucao.com.br\/loja\/produto\/cesto-de-lixo-redondo-60l-preto\/\",\"name\":\"Cesto de Lixo Redondo 60L - Preto - Elo Solu\u00e7\u00e3o\",\"isPartOf\":{\"@id\":\"https:\/\/elosolucao.com.br\/loja\/#website\"},\"datePublished\":\"2022-01-26T16:51:00+00:00\",\"dateModified\":\"2026-04-17T18:55:30+00:00\",\"breadcrumb\":{\"@id\":\"https:\/\/elosolucao.com.br\/loja\/produto\/cesto-de-lixo-redondo-60l-preto\/#breadcrumb\"},\"inLanguage\":\"pt-BR\",\"potentialAction\":[{\"@type\":\"ReadAction\",\"target\":[\"https:\/\/elosolucao.com.br\/loja\/produto\/cesto-de-lixo-redondo-60l-preto\/\"]}]},{\"@type\":\"BreadcrumbList\",\"@id\":\"https:\/\/elosolucao.com.br\/loja\/produto\/cesto-de-lixo-redondo-60l-preto\/#breadcrumb\",\"itemListElement\":[{\"@type\":\"ListItem\",\"position\":1,\"name\":\"In\u00edcio\",\"item\":\"https:\/\/elosolucao.com.br\/loja\/\"},{\"@type\":\"ListItem\",\"position\":2,\"name\":\"Loja\",\"item\":\"https:\/\/elosolucao.com.br\/loja\/loja\/\"},{\"@type\":\"ListItem\",\"position\":3,\"name\":\"Cesto de Lixo Redondo 60L &#8211; Preto\"}]},{\"@type\":\"WebSite\",\"@id\":\"https:\/\/elosolucao.com.br\/loja\/#website\",\"url\":\"https:\/\/elosolucao.com.br\/loja\/\",\"name\":\"Elo Solu\u00e7\u00e3o\",\"description\":\"Entendendo sua necessidade e solucionando com Produtos.\",\"publisher\":{\"@id\":\"https:\/\/elosolucao.com.br\/loja\/#organization\"},\"potentialAction\":[{\"@type\":\"SearchAction\",\"target\":{\"@type\":\"EntryPoint\",\"urlTemplate\":\"https:\/\/elosolucao.com.br\/loja\/?s={search_term_string}\"},\"query-input\":\"required name=search_term_string\"}],\"inLanguage\":\"pt-BR\"},{\"@type\":\"Organization\",\"@id\":\"https:\/\/elosolucao.com.br\/loja\/#organization\",\"name\":\"Elo Solu\u00e7\u00e3o\",\"url\":\"https:\/\/elosolucao.com.br\/loja\/\",\"logo\":{\"@type\":\"ImageObject\",\"inLanguage\":\"pt-BR\",\"@id\":\"https:\/\/elosolucao.com.br\/loja\/#\/schema\/logo\/image\/\",\"url\":\"https:\/\/elosolucao.com.br\/loja\/wp-content\/uploads\/2021\/03\/Logo-sem-fundo.png\",\"contentUrl\":\"https:\/\/elosolucao.com.br\/loja\/wp-content\/uploads\/2021\/03\/Logo-sem-fundo.png\",\"width\":707,\"height\":353,\"caption\":\"Elo Solu\u00e7\u00e3o\"},\"image\":{\"@id\":\"https:\/\/elosolucao.com.br\/loja\/#\/schema\/logo\/image\/\"},\"sameAs\":[\"https:\/\/www.facebook.com\/elosolucao.br\",\"https:\/\/instagram.com\/elo_solucao\",\"https:\/\/www.youtube.com\/channel\/UCsSlrhz3DzWElX1ZcW2AIyg\/featured\"]}]}<\/script>\n<!-- \/ Yoast SEO Premium plugin. -->","yoast_head_json":{"title":"Cesto de Lixo Redondo 60L - Preto - Elo Solu\u00e7\u00e3o","robots":{"index":"index","follow":"follow","max-snippet":"max-snippet:-1","max-image-preview":"max-image-preview:large","max-video-preview":"max-video-preview:-1"},"canonical":"https:\/\/elosolucao.com.br\/loja\/produto\/cesto-de-lixo-redondo-60l-preto\/","og_locale":"pt_BR","og_type":"article","og_title":"Cesto de Lixo Redondo 60L - Preto","og_description":"DIMENS\u00d5ES:  MODELO:\u00a0Cesto 60L Com Tampa  DESCRI\u00c7\u00c3O:\u00a0Cesto de Lixo 60 Litros Redondo  LARGURA:\u00a0480mm  ALTURA:\u00a0620mm  COMPRIMENTO Di\u00e2metro \u00d8:\u00a0455mm  PESO:\u00a01,6Kg  MATERIAL:\u00a0Polietileno de Alta Densidade (PEAD) ou Polipropileno (PP)","og_url":"https:\/\/elosolucao.com.br\/loja\/produto\/cesto-de-lixo-redondo-60l-preto\/","og_site_name":"Elo Solu\u00e7\u00e3o","article_publisher":"https:\/\/www.facebook.com\/elosolucao.br","article_modified_time":"2026-04-17T18:55:30+00:00","og_image":[{"width":1080,"height":1080,"url":"https:\/\/elosolucao.com.br\/loja\/wp-content\/uploads\/2021\/03\/3.jpg","type":"image\/jpeg"}],"twitter_card":"summary_large_image","twitter_misc":{"Est. tempo de leitura":"1 minuto"},"schema":{"@context":"https:\/\/schema.org","@graph":[{"@type":"WebPage","@id":"https:\/\/elosolucao.com.br\/loja\/produto\/cesto-de-lixo-redondo-60l-preto\/","url":"https:\/\/elosolucao.com.br\/loja\/produto\/cesto-de-lixo-redondo-60l-preto\/","name":"Cesto de Lixo Redondo 60L - Preto - Elo Solu\u00e7\u00e3o","isPartOf":{"@id":"https:\/\/elosolucao.com.br\/loja\/#website"},"datePublished":"2022-01-26T16:51:00+00:00","dateModified":"2026-04-17T18:55:30+00:00","breadcrumb":{"@id":"https:\/\/elosolucao.com.br\/loja\/produto\/cesto-de-lixo-redondo-60l-preto\/#breadcrumb"},"inLanguage":"pt-BR","potentialAction":[{"@type":"ReadAction","target":["https:\/\/elosolucao.com.br\/loja\/produto\/cesto-de-lixo-redondo-60l-preto\/"]}]},{"@type":"BreadcrumbList","@id":"https:\/\/elosolucao.com.br\/loja\/produto\/cesto-de-lixo-redondo-60l-preto\/#breadcrumb","itemListElement":[{"@type":"ListItem","position":1,"name":"In\u00edcio","item":"https:\/\/elosolucao.com.br\/loja\/"},{"@type":"ListItem","position":2,"name":"Loja","item":"https:\/\/elosolucao.com.br\/loja\/loja\/"},{"@type":"ListItem","position":3,"name":"Cesto de Lixo Redondo 60L &#8211; Preto"}]},{"@type":"WebSite","@id":"https:\/\/elosolucao.com.br\/loja\/#website","url":"https:\/\/elosolucao.com.br\/loja\/","name":"Elo Solu\u00e7\u00e3o","description":"Entendendo sua necessidade e solucionando com Produtos.","publisher":{"@id":"https:\/\/elosolucao.com.br\/loja\/#organization"},"potentialAction":[{"@type":"SearchAction","target":{"@type":"EntryPoint","urlTemplate":"https:\/\/elosolucao.com.br\/loja\/?s={search_term_string}"},"query-input":"required name=search_term_string"}],"inLanguage":"pt-BR"},{"@type":"Organization","@id":"https:\/\/elosolucao.com.br\/loja\/#organization","name":"Elo Solu\u00e7\u00e3o","url":"https:\/\/elosolucao.com.br\/loja\/","logo":{"@type":"ImageObject","inLanguage":"pt-BR","@id":"https:\/\/elosolucao.com.br\/loja\/#\/schema\/logo\/image\/","url":"https:\/\/elosolucao.com.br\/loja\/wp-content\/uploads\/2021\/03\/Logo-sem-fundo.png","contentUrl":"https:\/\/elosolucao.com.br\/loja\/wp-content\/uploads\/2021\/03\/Logo-sem-fundo.png","width":707,"height":353,"caption":"Elo Solu\u00e7\u00e3o"},"image":{"@id":"https:\/\/elosolucao.com.br\/loja\/#\/schema\/logo\/image\/"},"sameAs":["https:\/\/www.facebook.com\/elosolucao.br","https:\/\/instagram.com\/elo_solucao","https:\/\/www.youtube.com\/channel\/UCsSlrhz3DzWElX1ZcW2AIyg\/featured"]}]}},"_links":{"self":[{"href":"https:\/\/elosolucao.com.br\/loja\/wp-json\/wp\/v2\/product\/3548","targetHints":{"allow":["GET"]}}],"collection":[{"href":"https:\/\/elosolucao.com.br\/loja\/wp-json\/wp\/v2\/product"}],"about":[{"href":"https:\/\/elosolucao.com.br\/loja\/wp-json\/wp\/v2\/types\/product"}],"version-history":[{"count":0,"href":"https:\/\/elosolucao.com.br\/loja\/wp-json\/wp\/v2\/product\/3548\/revisions"}],"wp:featuredmedia":[{"embeddable":true,"href":"https:\/\/elosolucao.com.br\/loja\/wp-json\/wp\/v2\/media\/1709"}],"wp:attachment":[{"href":"https:\/\/elosolucao.com.br\/loja\/wp-json\/wp\/v2\/media?parent=3548"}],"wp:term":[{"taxonomy":"product_brand","embeddable":true,"href":"https:\/\/elosolucao.com.br\/loja\/wp-json\/wp\/v2\/product_brand?post=3548"},{"taxonomy":"product_cat","embeddable":true,"href":"https:\/\/elosolucao.com.br\/loja\/wp-json\/wp\/v2\/product_cat?post=3548"},{"taxonomy":"product_tag","embeddable":true,"href":"https:\/\/elosolucao.com.br\/loja\/wp-json\/wp\/v2\/product_tag?post=3548"}],"curies":[{"name":"wp","href":"https:\/\/api.w.org\/{rel}","templated":true}]}}