{"id":3445,"date":"2022-01-12T10:19:39","date_gmt":"2022-01-12T13:19:39","guid":{"rendered":"https:\/\/elosolucao.com.br\/loja\/?post_type=product&#038;p=3445"},"modified":"2026-04-17T15:05:53","modified_gmt":"2026-04-17T18:05:53","slug":"estrado-plastico-50x50-branco","status":"publish","type":"product","link":"https:\/\/elosolucao.com.br\/loja\/produto\/estrado-plastico-50x50-branco\/","title":{"rendered":"Estrado Pl\u00e1stico 50&#215;50 &#8211; Branco"},"content":{"rendered":"<h2><strong>ESTRADOS PL\u00c1STICO 50x50x5cm<\/strong><\/h2>\n<p><strong>MARCA: ELO SOLU\u00c7\u00c3O<\/strong><\/p>\n<p><strong>MEDIDAS:<\/strong><br \/>\n50X50X4,5 CM<br \/>\n<strong>4 pe\u00e7as por metro quadrado<\/strong><br \/>\n<strong>COR<\/strong>: BRANCO<br \/>\n<strong>ESTRADO PL\u00c1STICO MODULAR<\/strong><br \/>\n<strong>PESO ESTATICO DE 10.000 KILOS<\/strong><br \/>\n<strong>N\u00c3O SERVE PARA MOVIMENTA\u00c7\u00c3O.<\/strong><\/p>\n<p>Os Estrados de Pl\u00e1stico 50x50x5cm\u00a0s\u00e3o fabricados em Polietileno de Alta Densidade (PEAD) ou Polipropileno (PP)<\/p>\n<p>Todos os nossos estrados e pisos pl\u00e1sticos atendem a todas as normas vigentes da Ag\u00eancia Nacional de Vigil\u00e2ncia Sanit\u00e1ria (ANVISA).<\/p>\n<p>Com capacidade para 20 ton\/m\u00b2, os estrados de pl\u00e1stico 50cm x 50cm s\u00e3o extremamente resistentes e dur\u00e1veis.<\/p>\n<p>Modulares e de montagem simples pelo sistema de encaixe macho-f\u00eamea, os Estrados de Pl\u00e1stico podem ser encaixados lado a lado para cobrirem a \u00e1rea desejada.<\/p>\n<p>Antiderrapantes e resistentes, os estrados da Elo Solu\u00e7\u00e3o s\u00e3o indicados para utiliza\u00e7\u00e3o em\u00a0 locais \u00famidos onde h\u00e1 grande fluxo de circula\u00e7\u00e3o de pessoas.<\/p>\n<p>Seu material de alta resist\u00eancia, al\u00e9m de seu design, permite que a \u00e1gua escorra entre as suas calhas, mantendo sua qualidade, inclusive diante da a\u00e7\u00e3o de \u00e1cidos, gorduras, solventes e odores.<\/p>\n<p>Os Estrados de Pl\u00e1stico s\u00e3o utilizados para forrar ambientes e evitar o contato direto com o solo. Fabricados nas\u00a0<strong>cores preto, branco, cinza e virgem<\/strong>, podem ser usados em\u00a0<strong>\u00e1reas<\/strong>\u00a0permanentemente\u00a0<strong>\u00famidas<\/strong>\u00a0\u2013 como\u00a0<strong>vesti\u00e1rios, saunas e banheiros de clubes e academias \u2013 al\u00e9m de outros ambientes, como escolas e universidades, c\u00e2maras frias e caminh\u00f5es ba\u00fa, pet shops e ber\u00e7\u00e1rio de animais, restaurantes, hospitais e ind\u00fastrias aliment\u00edcia e qu\u00edmica, etc.<\/strong><\/p>\n<p>Os Pisos e Estrados de Pl\u00e1stico podem ser submetidos \u00e0 in\u00fameras lavagens sem que haja o risco de danos ou deformidades.<\/p>\n<p>A limpeza \u00e9 simples e eficaz para reutiliza\u00e7\u00e3o.<\/p>\n<p>Os Estrados de Pl\u00e1stico s\u00e3o utilizados para forrar ambientes e evitar o contato direto com o solo.<\/p>\n","protected":false},"excerpt":{"rendered":"<div><strong>DIMENS\u00d5ES:<\/strong><\/div>\n<div><strong>Largura<\/strong>: 50cm<\/div>\n<div><strong>Altura<\/strong>: 5cm<\/div>\n<div><strong>Comprimento:<\/strong>\u00a050cm<\/div>\n<div><strong>Peso:<\/strong>\u00a01,600kg<\/div>\n<div><strong>Capacidade:<\/strong>\u00a020 Ton\/m\u00b2<\/div>\n","protected":false},"featured_media":3443,"template":"","meta":[],"product_brand":[],"product_cat":[88,84],"product_tag":[],"class_list":{"0":"post-3445","1":"product","2":"type-product","3":"status-publish","4":"has-post-thumbnail","6":"product_cat-estrado-plastico","7":"product_cat-pallets-de-plastico","8":"pa_cor-branco","9":"pa_cor-cinza","10":"pa_cor-preta","12":"first","13":"instock","14":"shipping-taxable","15":"purchasable","16":"product-type-simple"},"yoast_head":"<!-- This site is optimized with the Yoast SEO Premium plugin v22.0 (Yoast SEO v21.7) - https:\/\/yoast.com\/wordpress\/plugins\/seo\/ -->\n<title>Estrado Pl\u00e1stico 50x50 - Branco - Elo Solu\u00e7\u00e3o<\/title>\n<meta name=\"robots\" content=\"index, follow, max-snippet:-1, max-image-preview:large, max-video-preview:-1\" \/>\n<link rel=\"canonical\" href=\"https:\/\/elosolucao.com.br\/loja\/produto\/estrado-plastico-50x50-branco\/\" \/>\n<meta property=\"og:locale\" content=\"pt_BR\" \/>\n<meta property=\"og:type\" content=\"article\" \/>\n<meta property=\"og:title\" content=\"Estrado Pl\u00e1stico 50x50 - Branco\" \/>\n<meta property=\"og:description\" content=\"DIMENS\u00d5ES: Largura: 50cm Altura: 5cm Comprimento:\u00a050cm Peso:\u00a01,600kg Capacidade:\u00a020 Ton\/m\u00b2\" \/>\n<meta property=\"og:url\" content=\"https:\/\/elosolucao.com.br\/loja\/produto\/estrado-plastico-50x50-branco\/\" \/>\n<meta property=\"og:site_name\" content=\"Elo Solu\u00e7\u00e3o\" \/>\n<meta property=\"article:publisher\" content=\"https:\/\/www.facebook.com\/elosolucao.br\" \/>\n<meta property=\"article:modified_time\" content=\"2026-04-17T18:05:53+00:00\" \/>\n<meta property=\"og:image\" content=\"https:\/\/elosolucao.com.br\/loja\/wp-content\/uploads\/2021\/05\/Estrado_50x50_elosolucao.jpg\" \/>\n\t<meta property=\"og:image:width\" content=\"1080\" \/>\n\t<meta property=\"og:image:height\" content=\"1080\" \/>\n\t<meta property=\"og:image:type\" content=\"image\/jpeg\" \/>\n<meta name=\"twitter:card\" content=\"summary_large_image\" \/>\n<meta name=\"twitter:label1\" content=\"Est. tempo de leitura\" \/>\n\t<meta name=\"twitter:data1\" content=\"2 minutos\" \/>\n<script type=\"application\/ld+json\" class=\"yoast-schema-graph\">{\"@context\":\"https:\/\/schema.org\",\"@graph\":[{\"@type\":\"WebPage\",\"@id\":\"https:\/\/elosolucao.com.br\/loja\/produto\/estrado-plastico-50x50-branco\/\",\"url\":\"https:\/\/elosolucao.com.br\/loja\/produto\/estrado-plastico-50x50-branco\/\",\"name\":\"Estrado Pl\u00e1stico 50x50 - Branco - Elo Solu\u00e7\u00e3o\",\"isPartOf\":{\"@id\":\"https:\/\/elosolucao.com.br\/loja\/#website\"},\"datePublished\":\"2022-01-12T13:19:39+00:00\",\"dateModified\":\"2026-04-17T18:05:53+00:00\",\"breadcrumb\":{\"@id\":\"https:\/\/elosolucao.com.br\/loja\/produto\/estrado-plastico-50x50-branco\/#breadcrumb\"},\"inLanguage\":\"pt-BR\",\"potentialAction\":[{\"@type\":\"ReadAction\",\"target\":[\"https:\/\/elosolucao.com.br\/loja\/produto\/estrado-plastico-50x50-branco\/\"]}]},{\"@type\":\"BreadcrumbList\",\"@id\":\"https:\/\/elosolucao.com.br\/loja\/produto\/estrado-plastico-50x50-branco\/#breadcrumb\",\"itemListElement\":[{\"@type\":\"ListItem\",\"position\":1,\"name\":\"In\u00edcio\",\"item\":\"https:\/\/elosolucao.com.br\/loja\/\"},{\"@type\":\"ListItem\",\"position\":2,\"name\":\"Loja\",\"item\":\"https:\/\/elosolucao.com.br\/loja\/loja\/\"},{\"@type\":\"ListItem\",\"position\":3,\"name\":\"Estrado Pl\u00e1stico 50&#215;50 &#8211; Branco\"}]},{\"@type\":\"WebSite\",\"@id\":\"https:\/\/elosolucao.com.br\/loja\/#website\",\"url\":\"https:\/\/elosolucao.com.br\/loja\/\",\"name\":\"Elo Solu\u00e7\u00e3o\",\"description\":\"Entendendo sua necessidade e solucionando com Produtos.\",\"publisher\":{\"@id\":\"https:\/\/elosolucao.com.br\/loja\/#organization\"},\"potentialAction\":[{\"@type\":\"SearchAction\",\"target\":{\"@type\":\"EntryPoint\",\"urlTemplate\":\"https:\/\/elosolucao.com.br\/loja\/?s={search_term_string}\"},\"query-input\":\"required name=search_term_string\"}],\"inLanguage\":\"pt-BR\"},{\"@type\":\"Organization\",\"@id\":\"https:\/\/elosolucao.com.br\/loja\/#organization\",\"name\":\"Elo Solu\u00e7\u00e3o\",\"url\":\"https:\/\/elosolucao.com.br\/loja\/\",\"logo\":{\"@type\":\"ImageObject\",\"inLanguage\":\"pt-BR\",\"@id\":\"https:\/\/elosolucao.com.br\/loja\/#\/schema\/logo\/image\/\",\"url\":\"https:\/\/elosolucao.com.br\/loja\/wp-content\/uploads\/2021\/03\/Logo-sem-fundo.png\",\"contentUrl\":\"https:\/\/elosolucao.com.br\/loja\/wp-content\/uploads\/2021\/03\/Logo-sem-fundo.png\",\"width\":707,\"height\":353,\"caption\":\"Elo Solu\u00e7\u00e3o\"},\"image\":{\"@id\":\"https:\/\/elosolucao.com.br\/loja\/#\/schema\/logo\/image\/\"},\"sameAs\":[\"https:\/\/www.facebook.com\/elosolucao.br\",\"https:\/\/instagram.com\/elo_solucao\",\"https:\/\/www.youtube.com\/channel\/UCsSlrhz3DzWElX1ZcW2AIyg\/featured\"]}]}<\/script>\n<!-- \/ Yoast SEO Premium plugin. -->","yoast_head_json":{"title":"Estrado Pl\u00e1stico 50x50 - Branco - Elo Solu\u00e7\u00e3o","robots":{"index":"index","follow":"follow","max-snippet":"max-snippet:-1","max-image-preview":"max-image-preview:large","max-video-preview":"max-video-preview:-1"},"canonical":"https:\/\/elosolucao.com.br\/loja\/produto\/estrado-plastico-50x50-branco\/","og_locale":"pt_BR","og_type":"article","og_title":"Estrado Pl\u00e1stico 50x50 - Branco","og_description":"DIMENS\u00d5ES: Largura: 50cm Altura: 5cm Comprimento:\u00a050cm Peso:\u00a01,600kg Capacidade:\u00a020 Ton\/m\u00b2","og_url":"https:\/\/elosolucao.com.br\/loja\/produto\/estrado-plastico-50x50-branco\/","og_site_name":"Elo Solu\u00e7\u00e3o","article_publisher":"https:\/\/www.facebook.com\/elosolucao.br","article_modified_time":"2026-04-17T18:05:53+00:00","og_image":[{"width":1080,"height":1080,"url":"https:\/\/elosolucao.com.br\/loja\/wp-content\/uploads\/2021\/05\/Estrado_50x50_elosolucao.jpg","type":"image\/jpeg"}],"twitter_card":"summary_large_image","twitter_misc":{"Est. tempo de leitura":"2 minutos"},"schema":{"@context":"https:\/\/schema.org","@graph":[{"@type":"WebPage","@id":"https:\/\/elosolucao.com.br\/loja\/produto\/estrado-plastico-50x50-branco\/","url":"https:\/\/elosolucao.com.br\/loja\/produto\/estrado-plastico-50x50-branco\/","name":"Estrado Pl\u00e1stico 50x50 - Branco - Elo Solu\u00e7\u00e3o","isPartOf":{"@id":"https:\/\/elosolucao.com.br\/loja\/#website"},"datePublished":"2022-01-12T13:19:39+00:00","dateModified":"2026-04-17T18:05:53+00:00","breadcrumb":{"@id":"https:\/\/elosolucao.com.br\/loja\/produto\/estrado-plastico-50x50-branco\/#breadcrumb"},"inLanguage":"pt-BR","potentialAction":[{"@type":"ReadAction","target":["https:\/\/elosolucao.com.br\/loja\/produto\/estrado-plastico-50x50-branco\/"]}]},{"@type":"BreadcrumbList","@id":"https:\/\/elosolucao.com.br\/loja\/produto\/estrado-plastico-50x50-branco\/#breadcrumb","itemListElement":[{"@type":"ListItem","position":1,"name":"In\u00edcio","item":"https:\/\/elosolucao.com.br\/loja\/"},{"@type":"ListItem","position":2,"name":"Loja","item":"https:\/\/elosolucao.com.br\/loja\/loja\/"},{"@type":"ListItem","position":3,"name":"Estrado Pl\u00e1stico 50&#215;50 &#8211; Branco"}]},{"@type":"WebSite","@id":"https:\/\/elosolucao.com.br\/loja\/#website","url":"https:\/\/elosolucao.com.br\/loja\/","name":"Elo Solu\u00e7\u00e3o","description":"Entendendo sua necessidade e solucionando com Produtos.","publisher":{"@id":"https:\/\/elosolucao.com.br\/loja\/#organization"},"potentialAction":[{"@type":"SearchAction","target":{"@type":"EntryPoint","urlTemplate":"https:\/\/elosolucao.com.br\/loja\/?s={search_term_string}"},"query-input":"required name=search_term_string"}],"inLanguage":"pt-BR"},{"@type":"Organization","@id":"https:\/\/elosolucao.com.br\/loja\/#organization","name":"Elo Solu\u00e7\u00e3o","url":"https:\/\/elosolucao.com.br\/loja\/","logo":{"@type":"ImageObject","inLanguage":"pt-BR","@id":"https:\/\/elosolucao.com.br\/loja\/#\/schema\/logo\/image\/","url":"https:\/\/elosolucao.com.br\/loja\/wp-content\/uploads\/2021\/03\/Logo-sem-fundo.png","contentUrl":"https:\/\/elosolucao.com.br\/loja\/wp-content\/uploads\/2021\/03\/Logo-sem-fundo.png","width":707,"height":353,"caption":"Elo Solu\u00e7\u00e3o"},"image":{"@id":"https:\/\/elosolucao.com.br\/loja\/#\/schema\/logo\/image\/"},"sameAs":["https:\/\/www.facebook.com\/elosolucao.br","https:\/\/instagram.com\/elo_solucao","https:\/\/www.youtube.com\/channel\/UCsSlrhz3DzWElX1ZcW2AIyg\/featured"]}]}},"_links":{"self":[{"href":"https:\/\/elosolucao.com.br\/loja\/wp-json\/wp\/v2\/product\/3445","targetHints":{"allow":["GET"]}}],"collection":[{"href":"https:\/\/elosolucao.com.br\/loja\/wp-json\/wp\/v2\/product"}],"about":[{"href":"https:\/\/elosolucao.com.br\/loja\/wp-json\/wp\/v2\/types\/product"}],"version-history":[{"count":0,"href":"https:\/\/elosolucao.com.br\/loja\/wp-json\/wp\/v2\/product\/3445\/revisions"}],"wp:featuredmedia":[{"embeddable":true,"href":"https:\/\/elosolucao.com.br\/loja\/wp-json\/wp\/v2\/media\/3443"}],"wp:attachment":[{"href":"https:\/\/elosolucao.com.br\/loja\/wp-json\/wp\/v2\/media?parent=3445"}],"wp:term":[{"taxonomy":"product_brand","embeddable":true,"href":"https:\/\/elosolucao.com.br\/loja\/wp-json\/wp\/v2\/product_brand?post=3445"},{"taxonomy":"product_cat","embeddable":true,"href":"https:\/\/elosolucao.com.br\/loja\/wp-json\/wp\/v2\/product_cat?post=3445"},{"taxonomy":"product_tag","embeddable":true,"href":"https:\/\/elosolucao.com.br\/loja\/wp-json\/wp\/v2\/product_tag?post=3445"}],"curies":[{"name":"wp","href":"https:\/\/api.w.org\/{rel}","templated":true}]}}