{"id":320,"date":"2021-02-17T21:23:10","date_gmt":"2021-02-18T00:23:10","guid":{"rendered":"http:\/\/elosolucao.com.br\/loja\/?post_type=product&#038;p=320"},"modified":"2026-04-17T14:40:20","modified_gmt":"2026-04-17T17:40:20","slug":"container-de-lixo-500l","status":"publish","type":"product","link":"https:\/\/elosolucao.com.br\/loja\/produto\/container-de-lixo-500l\/","title":{"rendered":"Container de Lixo 500 Litros"},"content":{"rendered":"<h2>Container de Lixo 500 Litros<\/h2>\n<h2>Confira todas as informa\u00e7\u00f5es sobre os Containers de Lixo da Elo Solu\u00e7\u00e3o:<\/h2>\n<div>\n<p>O Container de Lixo de 500 Litros \u00e9 fabricado em PEAD e PEMD, proporcionando alta resist\u00eancia e durabilidade.<\/p>\n<p><strong>Container de lixo 500 litros<\/strong>\u00a0da Elo Solu\u00e7\u00e3o \u00e9 indicado para todos os segmentos que produzem grandes volumes de res\u00edduos,\u00a0 \u00e9 o produto do segmento de lixeiras mais indicado para o descarte de lixo com seguran\u00e7a, praticidade e organiza\u00e7\u00e3o.<\/p>\n<p>Possui tampa leve e de f\u00e1cil utiliza\u00e7\u00e3o, para um descarte de alto e baixo volume, sem dificuldades para abrir ou fechar a tampa, al\u00e9m de vedar 100% o lixo acumulado.<\/p>\n<p>Utilizados em<strong>\u00a0hospitais, ind\u00fastrias, empresas de limpeza urbana, condom\u00ednios e shoppings<\/strong>, por gerarem grande quantidade de res\u00edduos diariamente.<\/p>\n<\/div>\n<div>\u2013 Cont\u00e9m um aditivo extra antioxidante e anti-UV.<\/div>\n<div><\/div>\n<div>Cont\u00e9m 04 rod\u00edzios girat\u00f3rios (02 com freios) e garfos em a\u00e7o com tratamento anti-corros\u00e3o, al\u00e9m disso possui munh\u00e3o para basculamento lateral em caminh\u00f5es de coleta urbana, refor\u00e7o em chapa de a\u00e7o e dreno com tampa rosque\u00e1vel para escoamento de l\u00edquidos.<\/div>\n<div><\/div>\n<div><strong>Capacidade:<\/strong>\u00a0250Kg<\/div>\n<div><\/div>\n<div><strong>Rodas:<\/strong>\u00a0PVC \/ 150mm de di\u00e2metro com n\u00facleo de Polipropileno.<\/div>\n","protected":false},"excerpt":{"rendered":"<p><strong>Dimens\u00f5es:<\/strong><\/p>\n<p><strong>Largura:<\/strong>\u00a088,5cm<\/p>\n<p><strong>Altura<\/strong>:1,12cm<\/p>\n<p><strong>Comprimento<\/strong>: 1,38cm<\/p>\n<p><strong>Peso:<\/strong>\u00a030Kg<\/p>\n","protected":false},"featured_media":7264,"template":"","meta":[],"product_brand":[],"product_cat":[83],"product_tag":[],"class_list":{"0":"post-320","1":"product","2":"type-product","3":"status-publish","4":"has-post-thumbnail","6":"product_cat-container-de-lixo","7":"pa_cor-amarelo","8":"pa_cor-azul","9":"pa_cor-branco","10":"pa_cor-cinza","11":"pa_cor-laranja","12":"pa_cor-marrom","13":"pa_cor-preta","14":"pa_cor-verde","15":"pa_cor-vermelho","17":"first","18":"instock","19":"shipping-taxable","20":"purchasable","21":"product-type-simple"},"yoast_head":"<!-- This site is optimized with the Yoast SEO Premium plugin v22.0 (Yoast SEO v21.7) - https:\/\/yoast.com\/wordpress\/plugins\/seo\/ -->\n<title>Container de Lixo 500 Litros - Elo Solu\u00e7\u00e3o<\/title>\n<meta name=\"robots\" content=\"index, follow, max-snippet:-1, max-image-preview:large, max-video-preview:-1\" \/>\n<link rel=\"canonical\" href=\"https:\/\/elosolucao.com.br\/loja\/produto\/container-de-lixo-500l\/\" \/>\n<meta property=\"og:locale\" content=\"pt_BR\" \/>\n<meta property=\"og:type\" content=\"article\" \/>\n<meta property=\"og:title\" content=\"Container de Lixo 500 Litros\" \/>\n<meta property=\"og:description\" content=\"Dimens\u00f5es:  Largura:\u00a088,5cm  Altura:1,12cm  Comprimento: 1,38cm  Peso:\u00a030Kg\" \/>\n<meta property=\"og:url\" content=\"https:\/\/elosolucao.com.br\/loja\/produto\/container-de-lixo-500l\/\" \/>\n<meta property=\"og:site_name\" content=\"Elo Solu\u00e7\u00e3o\" \/>\n<meta property=\"article:publisher\" content=\"https:\/\/www.facebook.com\/elosolucao.br\" \/>\n<meta property=\"article:modified_time\" content=\"2026-04-17T17:40:20+00:00\" \/>\n<meta property=\"og:image\" content=\"https:\/\/elosolucao.com.br\/loja\/wp-content\/uploads\/2021\/02\/Design-sem-nome-21.jpg\" \/>\n\t<meta property=\"og:image:width\" content=\"1080\" \/>\n\t<meta property=\"og:image:height\" content=\"1080\" \/>\n\t<meta property=\"og:image:type\" content=\"image\/jpeg\" \/>\n<meta name=\"twitter:card\" content=\"summary_large_image\" \/>\n<meta name=\"twitter:label1\" content=\"Est. tempo de leitura\" \/>\n\t<meta name=\"twitter:data1\" content=\"2 minutos\" \/>\n<script type=\"application\/ld+json\" class=\"yoast-schema-graph\">{\"@context\":\"https:\/\/schema.org\",\"@graph\":[{\"@type\":\"WebPage\",\"@id\":\"https:\/\/elosolucao.com.br\/loja\/produto\/container-de-lixo-500l\/\",\"url\":\"https:\/\/elosolucao.com.br\/loja\/produto\/container-de-lixo-500l\/\",\"name\":\"Container de Lixo 500 Litros - Elo Solu\u00e7\u00e3o\",\"isPartOf\":{\"@id\":\"https:\/\/elosolucao.com.br\/loja\/#website\"},\"datePublished\":\"2021-02-18T00:23:10+00:00\",\"dateModified\":\"2026-04-17T17:40:20+00:00\",\"breadcrumb\":{\"@id\":\"https:\/\/elosolucao.com.br\/loja\/produto\/container-de-lixo-500l\/#breadcrumb\"},\"inLanguage\":\"pt-BR\",\"potentialAction\":[{\"@type\":\"ReadAction\",\"target\":[\"https:\/\/elosolucao.com.br\/loja\/produto\/container-de-lixo-500l\/\"]}]},{\"@type\":\"BreadcrumbList\",\"@id\":\"https:\/\/elosolucao.com.br\/loja\/produto\/container-de-lixo-500l\/#breadcrumb\",\"itemListElement\":[{\"@type\":\"ListItem\",\"position\":1,\"name\":\"In\u00edcio\",\"item\":\"https:\/\/elosolucao.com.br\/loja\/\"},{\"@type\":\"ListItem\",\"position\":2,\"name\":\"Loja\",\"item\":\"https:\/\/elosolucao.com.br\/loja\/loja\/\"},{\"@type\":\"ListItem\",\"position\":3,\"name\":\"Container de Lixo 500 Litros\"}]},{\"@type\":\"WebSite\",\"@id\":\"https:\/\/elosolucao.com.br\/loja\/#website\",\"url\":\"https:\/\/elosolucao.com.br\/loja\/\",\"name\":\"Elo Solu\u00e7\u00e3o\",\"description\":\"Entendendo sua necessidade e solucionando com Produtos.\",\"publisher\":{\"@id\":\"https:\/\/elosolucao.com.br\/loja\/#organization\"},\"potentialAction\":[{\"@type\":\"SearchAction\",\"target\":{\"@type\":\"EntryPoint\",\"urlTemplate\":\"https:\/\/elosolucao.com.br\/loja\/?s={search_term_string}\"},\"query-input\":\"required name=search_term_string\"}],\"inLanguage\":\"pt-BR\"},{\"@type\":\"Organization\",\"@id\":\"https:\/\/elosolucao.com.br\/loja\/#organization\",\"name\":\"Elo Solu\u00e7\u00e3o\",\"url\":\"https:\/\/elosolucao.com.br\/loja\/\",\"logo\":{\"@type\":\"ImageObject\",\"inLanguage\":\"pt-BR\",\"@id\":\"https:\/\/elosolucao.com.br\/loja\/#\/schema\/logo\/image\/\",\"url\":\"https:\/\/elosolucao.com.br\/loja\/wp-content\/uploads\/2021\/03\/Logo-sem-fundo.png\",\"contentUrl\":\"https:\/\/elosolucao.com.br\/loja\/wp-content\/uploads\/2021\/03\/Logo-sem-fundo.png\",\"width\":707,\"height\":353,\"caption\":\"Elo Solu\u00e7\u00e3o\"},\"image\":{\"@id\":\"https:\/\/elosolucao.com.br\/loja\/#\/schema\/logo\/image\/\"},\"sameAs\":[\"https:\/\/www.facebook.com\/elosolucao.br\",\"https:\/\/instagram.com\/elo_solucao\",\"https:\/\/www.youtube.com\/channel\/UCsSlrhz3DzWElX1ZcW2AIyg\/featured\"]}]}<\/script>\n<!-- \/ Yoast SEO Premium plugin. -->","yoast_head_json":{"title":"Container de Lixo 500 Litros - Elo Solu\u00e7\u00e3o","robots":{"index":"index","follow":"follow","max-snippet":"max-snippet:-1","max-image-preview":"max-image-preview:large","max-video-preview":"max-video-preview:-1"},"canonical":"https:\/\/elosolucao.com.br\/loja\/produto\/container-de-lixo-500l\/","og_locale":"pt_BR","og_type":"article","og_title":"Container de Lixo 500 Litros","og_description":"Dimens\u00f5es:  Largura:\u00a088,5cm  Altura:1,12cm  Comprimento: 1,38cm  Peso:\u00a030Kg","og_url":"https:\/\/elosolucao.com.br\/loja\/produto\/container-de-lixo-500l\/","og_site_name":"Elo Solu\u00e7\u00e3o","article_publisher":"https:\/\/www.facebook.com\/elosolucao.br","article_modified_time":"2026-04-17T17:40:20+00:00","og_image":[{"width":1080,"height":1080,"url":"https:\/\/elosolucao.com.br\/loja\/wp-content\/uploads\/2021\/02\/Design-sem-nome-21.jpg","type":"image\/jpeg"}],"twitter_card":"summary_large_image","twitter_misc":{"Est. tempo de leitura":"2 minutos"},"schema":{"@context":"https:\/\/schema.org","@graph":[{"@type":"WebPage","@id":"https:\/\/elosolucao.com.br\/loja\/produto\/container-de-lixo-500l\/","url":"https:\/\/elosolucao.com.br\/loja\/produto\/container-de-lixo-500l\/","name":"Container de Lixo 500 Litros - Elo Solu\u00e7\u00e3o","isPartOf":{"@id":"https:\/\/elosolucao.com.br\/loja\/#website"},"datePublished":"2021-02-18T00:23:10+00:00","dateModified":"2026-04-17T17:40:20+00:00","breadcrumb":{"@id":"https:\/\/elosolucao.com.br\/loja\/produto\/container-de-lixo-500l\/#breadcrumb"},"inLanguage":"pt-BR","potentialAction":[{"@type":"ReadAction","target":["https:\/\/elosolucao.com.br\/loja\/produto\/container-de-lixo-500l\/"]}]},{"@type":"BreadcrumbList","@id":"https:\/\/elosolucao.com.br\/loja\/produto\/container-de-lixo-500l\/#breadcrumb","itemListElement":[{"@type":"ListItem","position":1,"name":"In\u00edcio","item":"https:\/\/elosolucao.com.br\/loja\/"},{"@type":"ListItem","position":2,"name":"Loja","item":"https:\/\/elosolucao.com.br\/loja\/loja\/"},{"@type":"ListItem","position":3,"name":"Container de Lixo 500 Litros"}]},{"@type":"WebSite","@id":"https:\/\/elosolucao.com.br\/loja\/#website","url":"https:\/\/elosolucao.com.br\/loja\/","name":"Elo Solu\u00e7\u00e3o","description":"Entendendo sua necessidade e solucionando com Produtos.","publisher":{"@id":"https:\/\/elosolucao.com.br\/loja\/#organization"},"potentialAction":[{"@type":"SearchAction","target":{"@type":"EntryPoint","urlTemplate":"https:\/\/elosolucao.com.br\/loja\/?s={search_term_string}"},"query-input":"required name=search_term_string"}],"inLanguage":"pt-BR"},{"@type":"Organization","@id":"https:\/\/elosolucao.com.br\/loja\/#organization","name":"Elo Solu\u00e7\u00e3o","url":"https:\/\/elosolucao.com.br\/loja\/","logo":{"@type":"ImageObject","inLanguage":"pt-BR","@id":"https:\/\/elosolucao.com.br\/loja\/#\/schema\/logo\/image\/","url":"https:\/\/elosolucao.com.br\/loja\/wp-content\/uploads\/2021\/03\/Logo-sem-fundo.png","contentUrl":"https:\/\/elosolucao.com.br\/loja\/wp-content\/uploads\/2021\/03\/Logo-sem-fundo.png","width":707,"height":353,"caption":"Elo Solu\u00e7\u00e3o"},"image":{"@id":"https:\/\/elosolucao.com.br\/loja\/#\/schema\/logo\/image\/"},"sameAs":["https:\/\/www.facebook.com\/elosolucao.br","https:\/\/instagram.com\/elo_solucao","https:\/\/www.youtube.com\/channel\/UCsSlrhz3DzWElX1ZcW2AIyg\/featured"]}]}},"_links":{"self":[{"href":"https:\/\/elosolucao.com.br\/loja\/wp-json\/wp\/v2\/product\/320","targetHints":{"allow":["GET"]}}],"collection":[{"href":"https:\/\/elosolucao.com.br\/loja\/wp-json\/wp\/v2\/product"}],"about":[{"href":"https:\/\/elosolucao.com.br\/loja\/wp-json\/wp\/v2\/types\/product"}],"version-history":[{"count":0,"href":"https:\/\/elosolucao.com.br\/loja\/wp-json\/wp\/v2\/product\/320\/revisions"}],"wp:featuredmedia":[{"embeddable":true,"href":"https:\/\/elosolucao.com.br\/loja\/wp-json\/wp\/v2\/media\/7264"}],"wp:attachment":[{"href":"https:\/\/elosolucao.com.br\/loja\/wp-json\/wp\/v2\/media?parent=320"}],"wp:term":[{"taxonomy":"product_brand","embeddable":true,"href":"https:\/\/elosolucao.com.br\/loja\/wp-json\/wp\/v2\/product_brand?post=320"},{"taxonomy":"product_cat","embeddable":true,"href":"https:\/\/elosolucao.com.br\/loja\/wp-json\/wp\/v2\/product_cat?post=320"},{"taxonomy":"product_tag","embeddable":true,"href":"https:\/\/elosolucao.com.br\/loja\/wp-json\/wp\/v2\/product_tag?post=320"}],"curies":[{"name":"wp","href":"https:\/\/api.w.org\/{rel}","templated":true}]}}