{"id":3021,"date":"2021-12-03T14:49:34","date_gmt":"2021-12-03T17:49:34","guid":{"rendered":"https:\/\/elosolucao.com.br\/loja\/?post_type=product&#038;p=3021"},"modified":"2025-12-16T12:06:13","modified_gmt":"2025-12-16T15:06:13","slug":"caixa-alc-6437-65-litros","status":"publish","type":"product","link":"https:\/\/elosolucao.com.br\/loja\/produto\/caixa-alc-6437-65-litros\/","title":{"rendered":"Caixa Alc 6437 &#8211; 65 Litros"},"content":{"rendered":"<div>A Caixa Industrial ALC-6437\u00a0 \u00e9 vers\u00e1til e de alta qualidade. Com tampa agregada \u00e0 caixa, \u00e9 resistente a impacto, ol\u00e9o e varia\u00e7\u00f5es de temperatura.<\/div>\n<div><\/div>\n<div>Pode ser usada em ind\u00fastrias aliment\u00edcias, farmac\u00eauticas, eletr\u00f4nicas e etc.<\/div>\n<div><\/div>\n<div>Com a caixa industrial ALC da\u00a0<a href=\"https:\/\/elosolucao.com.br\/sobre-a-elo\/\">Elo Solu\u00e7\u00e3o<\/a>\u00a0a seguran\u00e7a \u00e9 garantida atrav\u00e9s de um sistema de lacres inviol\u00e1vel, evitando furtos e garantindo que a carga n\u00e3o seja violada.<\/div>\n<div><\/div>\n<div>As caixas ALC s\u00e3o perfeitas para log\u00edstica reversa, otimizando o espa\u00e7o em at\u00e9 70%.<\/div>\n<div><\/div>\n<div>A caixa alc possui pontos de fixa\u00e7\u00e3o para v\u00e1rios tipos de lacre, tornando a ALC uma caixa inviol\u00e1vel.\u00a0<strong>Ideal para o transporte de objetos de valor.<\/strong><\/div>\n<div><\/div>\n<div>Conhecida tamb\u00e9m como caixa industrial, ela possui lacre de seguran\u00e7a, sistema que garante a inviolabilidade da caixa.<\/div>\n<div><\/div>\n<div><strong>At\u00f3xica<\/strong>, a caixa industrial \u00e9 ideal para o transporte de alimentos.<\/div>\n<div><\/div>\n<div><strong>Condutiva<\/strong>, ela \u00e9 ideal para o transporte de eletr\u00f4nicos, al\u00e9m de possuir porta-etiqueta para melhor identifica\u00e7\u00e3o das caixas na log\u00edstica.<\/div>\n<div><\/div>\n<div>Ideais para\u00a0<strong>distribui\u00e7\u00e3o de medicamentos<\/strong>\u00a0e<strong>\u00a0produtos que demandam maior prote\u00e7\u00e3o<\/strong>\u00a0e<strong>\u00a0seguran\u00e7a<\/strong>\u00a0durante o transporte.<\/div>\n<div><\/div>\n<div><strong>DIFERENCIAIS:<\/strong><\/div>\n<div><\/div>\n<div>\u2022 Armazenamento seguro com prote\u00e7\u00e3o antifurto;<\/div>\n<div>\u2022 Pode ser personalizada com sua marca;<\/div>\n<div>\u2022 Previne a contamina\u00e7\u00e3o do conte\u00fado interno.<\/div>\n<div><\/div>\n<div><strong>UTILIZA\u00c7\u00d5ES:<\/strong><\/div>\n<div><\/div>\n<div>Transporte e armazenamento de rem\u00e9dios e cosm\u00e9ticos, correspond\u00eancias, documentos importantes, valores, etc.<\/div>\n","protected":false},"excerpt":{"rendered":"<p>A Caixa Industrial ALC-6437\u00a0 \u00e9 vers\u00e1til e de alta qualidade. Com tampa agregada \u00e0 caixa, \u00e9 resistente a impacto, ol\u00e9o e varia\u00e7\u00f5es de temperatura. Pode ser usada em ind\u00fastrias aliment\u00edcias, farmac\u00eauticas, eletr\u00f4nicas e etc. Com a caixa industrial ALC da\u00a0Elo Solu\u00e7\u00e3o\u00a0a seguran\u00e7a \u00e9 garantida atrav\u00e9s de um sistema de lacres inviol\u00e1vel, evitando furtos e garantindo [&hellip;]<\/p>\n","protected":false},"featured_media":7229,"template":"","meta":[],"product_brand":[],"product_cat":[71],"product_tag":[220,221,222,116,223,224,119],"class_list":{"0":"post-3021","1":"product","2":"type-product","3":"status-publish","4":"has-post-thumbnail","6":"product_cat-caixa-organizadora","7":"product_tag-caixa","8":"product_tag-caixa-com-lacre","9":"product_tag-caixa-com-tampa","10":"product_tag-caixa-industrial","11":"product_tag-caixa-para-medicamento","12":"product_tag-caixa-para-transporte","13":"product_tag-caixa-plastica","15":"first","16":"instock","17":"shipping-taxable","18":"purchasable","19":"product-type-simple"},"yoast_head":"<!-- This site is optimized with the Yoast SEO Premium plugin v22.0 (Yoast SEO v21.7) - https:\/\/yoast.com\/wordpress\/plugins\/seo\/ -->\n<title>Caixa Alc 6437 - 65 Litros - Elo Solu\u00e7\u00e3o<\/title>\n<meta name=\"description\" content=\"A Caixa ALC-6437\u00a0 \u00e9 vers\u00e1til e de alta qualidade. Com tampa agregada \u00e0 caixa, \u00e9 resistente a impacto, ol\u00e9o e varia\u00e7\u00f5es de temperatura.\" \/>\n<meta name=\"robots\" content=\"index, follow, max-snippet:-1, max-image-preview:large, max-video-preview:-1\" \/>\n<link rel=\"canonical\" href=\"https:\/\/elosolucao.com.br\/loja\/produto\/caixa-alc-6437-65-litros\/\" \/>\n<meta property=\"og:locale\" content=\"pt_BR\" \/>\n<meta property=\"og:type\" content=\"article\" \/>\n<meta property=\"og:title\" content=\"Caixa Alc 6437 - 65 Litros\" \/>\n<meta property=\"og:description\" content=\"A Caixa ALC-6437\u00a0 \u00e9 vers\u00e1til e de alta qualidade. Com tampa agregada \u00e0 caixa, \u00e9 resistente a impacto, ol\u00e9o e varia\u00e7\u00f5es de temperatura.\" \/>\n<meta property=\"og:url\" content=\"https:\/\/elosolucao.com.br\/loja\/produto\/caixa-alc-6437-65-litros\/\" \/>\n<meta property=\"og:site_name\" content=\"Elo Solu\u00e7\u00e3o\" \/>\n<meta property=\"article:publisher\" content=\"https:\/\/www.facebook.com\/elosolucao.br\" \/>\n<meta property=\"article:modified_time\" content=\"2025-12-16T15:06:13+00:00\" \/>\n<meta property=\"og:image\" content=\"https:\/\/elosolucao.com.br\/loja\/wp-content\/uploads\/2021\/12\/Design-sem-nome-2.jpg\" \/>\n\t<meta property=\"og:image:width\" content=\"1080\" \/>\n\t<meta property=\"og:image:height\" content=\"1080\" \/>\n\t<meta property=\"og:image:type\" content=\"image\/jpeg\" \/>\n<meta name=\"twitter:card\" content=\"summary_large_image\" \/>\n<meta name=\"twitter:label1\" content=\"Est. tempo de leitura\" \/>\n\t<meta name=\"twitter:data1\" content=\"2 minutos\" \/>\n<script type=\"application\/ld+json\" class=\"yoast-schema-graph\">{\"@context\":\"https:\/\/schema.org\",\"@graph\":[{\"@type\":\"WebPage\",\"@id\":\"https:\/\/elosolucao.com.br\/loja\/produto\/caixa-alc-6437-65-litros\/\",\"url\":\"https:\/\/elosolucao.com.br\/loja\/produto\/caixa-alc-6437-65-litros\/\",\"name\":\"Caixa Alc 6437 - 65 Litros - Elo Solu\u00e7\u00e3o\",\"isPartOf\":{\"@id\":\"https:\/\/elosolucao.com.br\/loja\/#website\"},\"datePublished\":\"2021-12-03T17:49:34+00:00\",\"dateModified\":\"2025-12-16T15:06:13+00:00\",\"description\":\"A Caixa ALC-6437\u00a0 \u00e9 vers\u00e1til e de alta qualidade. Com tampa agregada \u00e0 caixa, \u00e9 resistente a impacto, ol\u00e9o e varia\u00e7\u00f5es de temperatura.\",\"breadcrumb\":{\"@id\":\"https:\/\/elosolucao.com.br\/loja\/produto\/caixa-alc-6437-65-litros\/#breadcrumb\"},\"inLanguage\":\"pt-BR\",\"potentialAction\":[{\"@type\":\"ReadAction\",\"target\":[\"https:\/\/elosolucao.com.br\/loja\/produto\/caixa-alc-6437-65-litros\/\"]}]},{\"@type\":\"BreadcrumbList\",\"@id\":\"https:\/\/elosolucao.com.br\/loja\/produto\/caixa-alc-6437-65-litros\/#breadcrumb\",\"itemListElement\":[{\"@type\":\"ListItem\",\"position\":1,\"name\":\"In\u00edcio\",\"item\":\"https:\/\/elosolucao.com.br\/loja\/\"},{\"@type\":\"ListItem\",\"position\":2,\"name\":\"Loja\",\"item\":\"https:\/\/elosolucao.com.br\/loja\/loja\/\"},{\"@type\":\"ListItem\",\"position\":3,\"name\":\"Caixa Alc 6437 &#8211; 65 Litros\"}]},{\"@type\":\"WebSite\",\"@id\":\"https:\/\/elosolucao.com.br\/loja\/#website\",\"url\":\"https:\/\/elosolucao.com.br\/loja\/\",\"name\":\"Elo Solu\u00e7\u00e3o\",\"description\":\"Entendendo sua necessidade e solucionando com Produtos.\",\"publisher\":{\"@id\":\"https:\/\/elosolucao.com.br\/loja\/#organization\"},\"potentialAction\":[{\"@type\":\"SearchAction\",\"target\":{\"@type\":\"EntryPoint\",\"urlTemplate\":\"https:\/\/elosolucao.com.br\/loja\/?s={search_term_string}\"},\"query-input\":\"required name=search_term_string\"}],\"inLanguage\":\"pt-BR\"},{\"@type\":\"Organization\",\"@id\":\"https:\/\/elosolucao.com.br\/loja\/#organization\",\"name\":\"Elo Solu\u00e7\u00e3o\",\"url\":\"https:\/\/elosolucao.com.br\/loja\/\",\"logo\":{\"@type\":\"ImageObject\",\"inLanguage\":\"pt-BR\",\"@id\":\"https:\/\/elosolucao.com.br\/loja\/#\/schema\/logo\/image\/\",\"url\":\"https:\/\/elosolucao.com.br\/loja\/wp-content\/uploads\/2021\/03\/Logo-sem-fundo.png\",\"contentUrl\":\"https:\/\/elosolucao.com.br\/loja\/wp-content\/uploads\/2021\/03\/Logo-sem-fundo.png\",\"width\":707,\"height\":353,\"caption\":\"Elo Solu\u00e7\u00e3o\"},\"image\":{\"@id\":\"https:\/\/elosolucao.com.br\/loja\/#\/schema\/logo\/image\/\"},\"sameAs\":[\"https:\/\/www.facebook.com\/elosolucao.br\",\"https:\/\/instagram.com\/elo_solucao\",\"https:\/\/www.youtube.com\/channel\/UCsSlrhz3DzWElX1ZcW2AIyg\/featured\"]}]}<\/script>\n<!-- \/ Yoast SEO Premium plugin. -->","yoast_head_json":{"title":"Caixa Alc 6437 - 65 Litros - Elo Solu\u00e7\u00e3o","description":"A Caixa ALC-6437\u00a0 \u00e9 vers\u00e1til e de alta qualidade. Com tampa agregada \u00e0 caixa, \u00e9 resistente a impacto, ol\u00e9o e varia\u00e7\u00f5es de temperatura.","robots":{"index":"index","follow":"follow","max-snippet":"max-snippet:-1","max-image-preview":"max-image-preview:large","max-video-preview":"max-video-preview:-1"},"canonical":"https:\/\/elosolucao.com.br\/loja\/produto\/caixa-alc-6437-65-litros\/","og_locale":"pt_BR","og_type":"article","og_title":"Caixa Alc 6437 - 65 Litros","og_description":"A Caixa ALC-6437\u00a0 \u00e9 vers\u00e1til e de alta qualidade. Com tampa agregada \u00e0 caixa, \u00e9 resistente a impacto, ol\u00e9o e varia\u00e7\u00f5es de temperatura.","og_url":"https:\/\/elosolucao.com.br\/loja\/produto\/caixa-alc-6437-65-litros\/","og_site_name":"Elo Solu\u00e7\u00e3o","article_publisher":"https:\/\/www.facebook.com\/elosolucao.br","article_modified_time":"2025-12-16T15:06:13+00:00","og_image":[{"width":1080,"height":1080,"url":"https:\/\/elosolucao.com.br\/loja\/wp-content\/uploads\/2021\/12\/Design-sem-nome-2.jpg","type":"image\/jpeg"}],"twitter_card":"summary_large_image","twitter_misc":{"Est. tempo de leitura":"2 minutos"},"schema":{"@context":"https:\/\/schema.org","@graph":[{"@type":"WebPage","@id":"https:\/\/elosolucao.com.br\/loja\/produto\/caixa-alc-6437-65-litros\/","url":"https:\/\/elosolucao.com.br\/loja\/produto\/caixa-alc-6437-65-litros\/","name":"Caixa Alc 6437 - 65 Litros - Elo Solu\u00e7\u00e3o","isPartOf":{"@id":"https:\/\/elosolucao.com.br\/loja\/#website"},"datePublished":"2021-12-03T17:49:34+00:00","dateModified":"2025-12-16T15:06:13+00:00","description":"A Caixa ALC-6437\u00a0 \u00e9 vers\u00e1til e de alta qualidade. Com tampa agregada \u00e0 caixa, \u00e9 resistente a impacto, ol\u00e9o e varia\u00e7\u00f5es de temperatura.","breadcrumb":{"@id":"https:\/\/elosolucao.com.br\/loja\/produto\/caixa-alc-6437-65-litros\/#breadcrumb"},"inLanguage":"pt-BR","potentialAction":[{"@type":"ReadAction","target":["https:\/\/elosolucao.com.br\/loja\/produto\/caixa-alc-6437-65-litros\/"]}]},{"@type":"BreadcrumbList","@id":"https:\/\/elosolucao.com.br\/loja\/produto\/caixa-alc-6437-65-litros\/#breadcrumb","itemListElement":[{"@type":"ListItem","position":1,"name":"In\u00edcio","item":"https:\/\/elosolucao.com.br\/loja\/"},{"@type":"ListItem","position":2,"name":"Loja","item":"https:\/\/elosolucao.com.br\/loja\/loja\/"},{"@type":"ListItem","position":3,"name":"Caixa Alc 6437 &#8211; 65 Litros"}]},{"@type":"WebSite","@id":"https:\/\/elosolucao.com.br\/loja\/#website","url":"https:\/\/elosolucao.com.br\/loja\/","name":"Elo Solu\u00e7\u00e3o","description":"Entendendo sua necessidade e solucionando com Produtos.","publisher":{"@id":"https:\/\/elosolucao.com.br\/loja\/#organization"},"potentialAction":[{"@type":"SearchAction","target":{"@type":"EntryPoint","urlTemplate":"https:\/\/elosolucao.com.br\/loja\/?s={search_term_string}"},"query-input":"required name=search_term_string"}],"inLanguage":"pt-BR"},{"@type":"Organization","@id":"https:\/\/elosolucao.com.br\/loja\/#organization","name":"Elo Solu\u00e7\u00e3o","url":"https:\/\/elosolucao.com.br\/loja\/","logo":{"@type":"ImageObject","inLanguage":"pt-BR","@id":"https:\/\/elosolucao.com.br\/loja\/#\/schema\/logo\/image\/","url":"https:\/\/elosolucao.com.br\/loja\/wp-content\/uploads\/2021\/03\/Logo-sem-fundo.png","contentUrl":"https:\/\/elosolucao.com.br\/loja\/wp-content\/uploads\/2021\/03\/Logo-sem-fundo.png","width":707,"height":353,"caption":"Elo Solu\u00e7\u00e3o"},"image":{"@id":"https:\/\/elosolucao.com.br\/loja\/#\/schema\/logo\/image\/"},"sameAs":["https:\/\/www.facebook.com\/elosolucao.br","https:\/\/instagram.com\/elo_solucao","https:\/\/www.youtube.com\/channel\/UCsSlrhz3DzWElX1ZcW2AIyg\/featured"]}]}},"_links":{"self":[{"href":"https:\/\/elosolucao.com.br\/loja\/wp-json\/wp\/v2\/product\/3021","targetHints":{"allow":["GET"]}}],"collection":[{"href":"https:\/\/elosolucao.com.br\/loja\/wp-json\/wp\/v2\/product"}],"about":[{"href":"https:\/\/elosolucao.com.br\/loja\/wp-json\/wp\/v2\/types\/product"}],"version-history":[{"count":0,"href":"https:\/\/elosolucao.com.br\/loja\/wp-json\/wp\/v2\/product\/3021\/revisions"}],"wp:featuredmedia":[{"embeddable":true,"href":"https:\/\/elosolucao.com.br\/loja\/wp-json\/wp\/v2\/media\/7229"}],"wp:attachment":[{"href":"https:\/\/elosolucao.com.br\/loja\/wp-json\/wp\/v2\/media?parent=3021"}],"wp:term":[{"taxonomy":"product_brand","embeddable":true,"href":"https:\/\/elosolucao.com.br\/loja\/wp-json\/wp\/v2\/product_brand?post=3021"},{"taxonomy":"product_cat","embeddable":true,"href":"https:\/\/elosolucao.com.br\/loja\/wp-json\/wp\/v2\/product_cat?post=3021"},{"taxonomy":"product_tag","embeddable":true,"href":"https:\/\/elosolucao.com.br\/loja\/wp-json\/wp\/v2\/product_tag?post=3021"}],"curies":[{"name":"wp","href":"https:\/\/api.w.org\/{rel}","templated":true}]}}