{"id":2810,"date":"2021-10-29T16:29:43","date_gmt":"2021-10-29T19:29:43","guid":{"rendered":"https:\/\/elosolucao.com.br\/loja\/?post_type=product&#038;p=2810"},"modified":"2026-04-20T15:22:22","modified_gmt":"2026-04-20T18:22:22","slug":"banqueta-banquinho-alta","status":"publish","type":"product","link":"https:\/\/elosolucao.com.br\/loja\/produto\/banqueta-banquinho-alta\/","title":{"rendered":"Banqueta (Banquinho) Alta"},"content":{"rendered":"<p>Unindo versatilidade e praticidade, a Banqueta de Pl\u00e1stico \u00d4nix da Elo Solu\u00e7\u00e3o \u00e9 fabricada em polipropileno e possui um design diferenciado, permitindo que ela combine perfeitamente com qualquer tipo de ambiente.<\/p>\n<p>Ideal para bares, restaurantes, lanchonetes, resid\u00eancias entre outros.<\/p>\n<p>A Banqueta de Pl\u00e1stico \u00d4nix \u00e9 empilh\u00e1vel e com isso voc\u00ea poder\u00e1 otimizar o seu espa\u00e7o de forma simples e eficiente.<\/p>\n<p>A Elo Solu\u00e7\u00e3o possui uma linha de m\u00f3veis de pl\u00e1stico que atendem \u00e0 diversos segmentos e necessidades do mercado. Fabricamos mesas pl\u00e1sticas, cadeiras de pl\u00e1stico, banquetas, poltronas de pl\u00e1stico, entre outros.<\/p>\n","protected":false},"excerpt":{"rendered":"<p><strong>LARGURA:<\/strong> 38cm<br \/>\n<strong>ALTURA<\/strong>: 70cm<br \/>\n<strong>COMPRIMENTO:<\/strong> 38cm<br \/>\n<strong>PESO:<\/strong> 1,760 kg<br \/>\n<strong>Resist\u00eancia:<\/strong> Suporta at\u00e9 120 kg<br \/>\n<strong>MATERIAL:<\/strong> PP (Polipropileno)<\/p>\n","protected":false},"featured_media":2811,"template":"","meta":[],"product_brand":[],"product_cat":[154],"product_tag":[165,166,167,168,169,170,171,172,173],"class_list":{"0":"post-2810","1":"product","2":"type-product","3":"status-publish","4":"has-post-thumbnail","6":"product_cat-moveis-de-plastico","7":"product_tag-banqueta-alta-de-plastico","8":"product_tag-banqueta-de-plastico","9":"product_tag-banqueta-plastica","10":"product_tag-banqueta-plastica-alta","11":"product_tag-banqueta-polipropileno","12":"product_tag-banqueta-pp","13":"product_tag-banquetas-plasticas","14":"product_tag-moveis-de-plastico","15":"product_tag-moveis-plasticos","17":"first","18":"instock","19":"shipping-taxable","20":"purchasable","21":"product-type-simple"},"yoast_head":"<!-- This site is optimized with the Yoast SEO Premium plugin v22.0 (Yoast SEO v21.7) - https:\/\/yoast.com\/wordpress\/plugins\/seo\/ -->\n<title>Banqueta (Banquinho) Alta - Elo Solu\u00e7\u00e3o<\/title>\n<meta name=\"description\" content=\"A Banqueta de Pl\u00e1stico possui um design diferenciado, permitindo que ela combine perfeitamente com qualquer tipo de ambiente.\" \/>\n<meta name=\"robots\" content=\"index, follow, max-snippet:-1, max-image-preview:large, max-video-preview:-1\" \/>\n<link rel=\"canonical\" href=\"https:\/\/elosolucao.com.br\/loja\/produto\/banqueta-banquinho-alta\/\" \/>\n<meta property=\"og:locale\" content=\"pt_BR\" \/>\n<meta property=\"og:type\" content=\"article\" \/>\n<meta property=\"og:title\" content=\"Banqueta (Banquinho) Alta\" \/>\n<meta property=\"og:description\" content=\"A Banqueta de Pl\u00e1stico possui um design diferenciado, permitindo que ela combine perfeitamente com qualquer tipo de ambiente.\" \/>\n<meta property=\"og:url\" content=\"https:\/\/elosolucao.com.br\/loja\/produto\/banqueta-banquinho-alta\/\" \/>\n<meta property=\"og:site_name\" content=\"Elo Solu\u00e7\u00e3o\" \/>\n<meta property=\"article:publisher\" content=\"https:\/\/www.facebook.com\/elosolucao.br\" \/>\n<meta property=\"article:modified_time\" content=\"2026-04-20T18:22:22+00:00\" \/>\n<meta property=\"og:image\" content=\"https:\/\/elosolucao.com.br\/loja\/wp-content\/uploads\/2021\/10\/BANQUETA-DE-PLASTICO-ALTA-ONIX.jpg\" \/>\n\t<meta property=\"og:image:width\" content=\"1080\" \/>\n\t<meta property=\"og:image:height\" content=\"1080\" \/>\n\t<meta property=\"og:image:type\" content=\"image\/jpeg\" \/>\n<meta name=\"twitter:card\" content=\"summary_large_image\" \/>\n<meta name=\"twitter:label1\" content=\"Est. tempo de leitura\" \/>\n\t<meta name=\"twitter:data1\" content=\"1 minuto\" \/>\n<script type=\"application\/ld+json\" class=\"yoast-schema-graph\">{\"@context\":\"https:\/\/schema.org\",\"@graph\":[{\"@type\":\"WebPage\",\"@id\":\"https:\/\/elosolucao.com.br\/loja\/produto\/banqueta-banquinho-alta\/\",\"url\":\"https:\/\/elosolucao.com.br\/loja\/produto\/banqueta-banquinho-alta\/\",\"name\":\"Banqueta (Banquinho) Alta - Elo Solu\u00e7\u00e3o\",\"isPartOf\":{\"@id\":\"https:\/\/elosolucao.com.br\/loja\/#website\"},\"datePublished\":\"2021-10-29T19:29:43+00:00\",\"dateModified\":\"2026-04-20T18:22:22+00:00\",\"description\":\"A Banqueta de Pl\u00e1stico possui um design diferenciado, permitindo que ela combine perfeitamente com qualquer tipo de ambiente.\",\"breadcrumb\":{\"@id\":\"https:\/\/elosolucao.com.br\/loja\/produto\/banqueta-banquinho-alta\/#breadcrumb\"},\"inLanguage\":\"pt-BR\",\"potentialAction\":[{\"@type\":\"ReadAction\",\"target\":[\"https:\/\/elosolucao.com.br\/loja\/produto\/banqueta-banquinho-alta\/\"]}]},{\"@type\":\"BreadcrumbList\",\"@id\":\"https:\/\/elosolucao.com.br\/loja\/produto\/banqueta-banquinho-alta\/#breadcrumb\",\"itemListElement\":[{\"@type\":\"ListItem\",\"position\":1,\"name\":\"In\u00edcio\",\"item\":\"https:\/\/elosolucao.com.br\/loja\/\"},{\"@type\":\"ListItem\",\"position\":2,\"name\":\"Loja\",\"item\":\"https:\/\/elosolucao.com.br\/loja\/loja\/\"},{\"@type\":\"ListItem\",\"position\":3,\"name\":\"Banqueta (Banquinho) Alta\"}]},{\"@type\":\"WebSite\",\"@id\":\"https:\/\/elosolucao.com.br\/loja\/#website\",\"url\":\"https:\/\/elosolucao.com.br\/loja\/\",\"name\":\"Elo Solu\u00e7\u00e3o\",\"description\":\"Entendendo sua necessidade e solucionando com Produtos.\",\"publisher\":{\"@id\":\"https:\/\/elosolucao.com.br\/loja\/#organization\"},\"potentialAction\":[{\"@type\":\"SearchAction\",\"target\":{\"@type\":\"EntryPoint\",\"urlTemplate\":\"https:\/\/elosolucao.com.br\/loja\/?s={search_term_string}\"},\"query-input\":\"required name=search_term_string\"}],\"inLanguage\":\"pt-BR\"},{\"@type\":\"Organization\",\"@id\":\"https:\/\/elosolucao.com.br\/loja\/#organization\",\"name\":\"Elo Solu\u00e7\u00e3o\",\"url\":\"https:\/\/elosolucao.com.br\/loja\/\",\"logo\":{\"@type\":\"ImageObject\",\"inLanguage\":\"pt-BR\",\"@id\":\"https:\/\/elosolucao.com.br\/loja\/#\/schema\/logo\/image\/\",\"url\":\"https:\/\/elosolucao.com.br\/loja\/wp-content\/uploads\/2021\/03\/Logo-sem-fundo.png\",\"contentUrl\":\"https:\/\/elosolucao.com.br\/loja\/wp-content\/uploads\/2021\/03\/Logo-sem-fundo.png\",\"width\":707,\"height\":353,\"caption\":\"Elo Solu\u00e7\u00e3o\"},\"image\":{\"@id\":\"https:\/\/elosolucao.com.br\/loja\/#\/schema\/logo\/image\/\"},\"sameAs\":[\"https:\/\/www.facebook.com\/elosolucao.br\",\"https:\/\/instagram.com\/elo_solucao\",\"https:\/\/www.youtube.com\/channel\/UCsSlrhz3DzWElX1ZcW2AIyg\/featured\"]}]}<\/script>\n<!-- \/ Yoast SEO Premium plugin. -->","yoast_head_json":{"title":"Banqueta (Banquinho) Alta - Elo Solu\u00e7\u00e3o","description":"A Banqueta de Pl\u00e1stico possui um design diferenciado, permitindo que ela combine perfeitamente com qualquer tipo de ambiente.","robots":{"index":"index","follow":"follow","max-snippet":"max-snippet:-1","max-image-preview":"max-image-preview:large","max-video-preview":"max-video-preview:-1"},"canonical":"https:\/\/elosolucao.com.br\/loja\/produto\/banqueta-banquinho-alta\/","og_locale":"pt_BR","og_type":"article","og_title":"Banqueta (Banquinho) Alta","og_description":"A Banqueta de Pl\u00e1stico possui um design diferenciado, permitindo que ela combine perfeitamente com qualquer tipo de ambiente.","og_url":"https:\/\/elosolucao.com.br\/loja\/produto\/banqueta-banquinho-alta\/","og_site_name":"Elo Solu\u00e7\u00e3o","article_publisher":"https:\/\/www.facebook.com\/elosolucao.br","article_modified_time":"2026-04-20T18:22:22+00:00","og_image":[{"width":1080,"height":1080,"url":"https:\/\/elosolucao.com.br\/loja\/wp-content\/uploads\/2021\/10\/BANQUETA-DE-PLASTICO-ALTA-ONIX.jpg","type":"image\/jpeg"}],"twitter_card":"summary_large_image","twitter_misc":{"Est. tempo de leitura":"1 minuto"},"schema":{"@context":"https:\/\/schema.org","@graph":[{"@type":"WebPage","@id":"https:\/\/elosolucao.com.br\/loja\/produto\/banqueta-banquinho-alta\/","url":"https:\/\/elosolucao.com.br\/loja\/produto\/banqueta-banquinho-alta\/","name":"Banqueta (Banquinho) Alta - Elo Solu\u00e7\u00e3o","isPartOf":{"@id":"https:\/\/elosolucao.com.br\/loja\/#website"},"datePublished":"2021-10-29T19:29:43+00:00","dateModified":"2026-04-20T18:22:22+00:00","description":"A Banqueta de Pl\u00e1stico possui um design diferenciado, permitindo que ela combine perfeitamente com qualquer tipo de ambiente.","breadcrumb":{"@id":"https:\/\/elosolucao.com.br\/loja\/produto\/banqueta-banquinho-alta\/#breadcrumb"},"inLanguage":"pt-BR","potentialAction":[{"@type":"ReadAction","target":["https:\/\/elosolucao.com.br\/loja\/produto\/banqueta-banquinho-alta\/"]}]},{"@type":"BreadcrumbList","@id":"https:\/\/elosolucao.com.br\/loja\/produto\/banqueta-banquinho-alta\/#breadcrumb","itemListElement":[{"@type":"ListItem","position":1,"name":"In\u00edcio","item":"https:\/\/elosolucao.com.br\/loja\/"},{"@type":"ListItem","position":2,"name":"Loja","item":"https:\/\/elosolucao.com.br\/loja\/loja\/"},{"@type":"ListItem","position":3,"name":"Banqueta (Banquinho) Alta"}]},{"@type":"WebSite","@id":"https:\/\/elosolucao.com.br\/loja\/#website","url":"https:\/\/elosolucao.com.br\/loja\/","name":"Elo Solu\u00e7\u00e3o","description":"Entendendo sua necessidade e solucionando com Produtos.","publisher":{"@id":"https:\/\/elosolucao.com.br\/loja\/#organization"},"potentialAction":[{"@type":"SearchAction","target":{"@type":"EntryPoint","urlTemplate":"https:\/\/elosolucao.com.br\/loja\/?s={search_term_string}"},"query-input":"required name=search_term_string"}],"inLanguage":"pt-BR"},{"@type":"Organization","@id":"https:\/\/elosolucao.com.br\/loja\/#organization","name":"Elo Solu\u00e7\u00e3o","url":"https:\/\/elosolucao.com.br\/loja\/","logo":{"@type":"ImageObject","inLanguage":"pt-BR","@id":"https:\/\/elosolucao.com.br\/loja\/#\/schema\/logo\/image\/","url":"https:\/\/elosolucao.com.br\/loja\/wp-content\/uploads\/2021\/03\/Logo-sem-fundo.png","contentUrl":"https:\/\/elosolucao.com.br\/loja\/wp-content\/uploads\/2021\/03\/Logo-sem-fundo.png","width":707,"height":353,"caption":"Elo Solu\u00e7\u00e3o"},"image":{"@id":"https:\/\/elosolucao.com.br\/loja\/#\/schema\/logo\/image\/"},"sameAs":["https:\/\/www.facebook.com\/elosolucao.br","https:\/\/instagram.com\/elo_solucao","https:\/\/www.youtube.com\/channel\/UCsSlrhz3DzWElX1ZcW2AIyg\/featured"]}]}},"_links":{"self":[{"href":"https:\/\/elosolucao.com.br\/loja\/wp-json\/wp\/v2\/product\/2810","targetHints":{"allow":["GET"]}}],"collection":[{"href":"https:\/\/elosolucao.com.br\/loja\/wp-json\/wp\/v2\/product"}],"about":[{"href":"https:\/\/elosolucao.com.br\/loja\/wp-json\/wp\/v2\/types\/product"}],"version-history":[{"count":0,"href":"https:\/\/elosolucao.com.br\/loja\/wp-json\/wp\/v2\/product\/2810\/revisions"}],"wp:featuredmedia":[{"embeddable":true,"href":"https:\/\/elosolucao.com.br\/loja\/wp-json\/wp\/v2\/media\/2811"}],"wp:attachment":[{"href":"https:\/\/elosolucao.com.br\/loja\/wp-json\/wp\/v2\/media?parent=2810"}],"wp:term":[{"taxonomy":"product_brand","embeddable":true,"href":"https:\/\/elosolucao.com.br\/loja\/wp-json\/wp\/v2\/product_brand?post=2810"},{"taxonomy":"product_cat","embeddable":true,"href":"https:\/\/elosolucao.com.br\/loja\/wp-json\/wp\/v2\/product_cat?post=2810"},{"taxonomy":"product_tag","embeddable":true,"href":"https:\/\/elosolucao.com.br\/loja\/wp-json\/wp\/v2\/product_tag?post=2810"}],"curies":[{"name":"wp","href":"https:\/\/api.w.org\/{rel}","templated":true}]}}