{"id":2556,"date":"2021-07-06T16:03:48","date_gmt":"2021-07-06T19:03:48","guid":{"rendered":"https:\/\/elosolucao.com.br\/loja\/?post_type=product&#038;p=2556"},"modified":"2023-06-05T14:03:08","modified_gmt":"2023-06-05T17:03:08","slug":"piso-plastico-cinza-50x25cm","status":"publish","type":"product","link":"https:\/\/elosolucao.com.br\/loja\/produto\/piso-plastico-cinza-50x25cm\/","title":{"rendered":"Piso Pl\u00e1stico 50&#215;25 &#8211; Cinza"},"content":{"rendered":"<div>Os\u00a0<strong>Pisos Pl\u00e1sticos 50 x 25cm<\/strong>\u00a0\u00a0s\u00e3o utilizados para forrar diversos tipos de ambientes, evitando o contato do produto com o solo.<\/div>\n<div><\/div>\n<div>\n<div>Palete de Pl\u00e1stico Modular <strong>50x25x2,5cm<\/strong> \u2013 Material: Polietileno de alta Densidade, com prote\u00e7\u00e3o UV (resistente aos raios solares e suporta temperaturas negativas de at\u00e9 -35\u00ba.C)<\/div>\n<div><\/div>\n<ul>\n<li><strong>Para cada metro quadrado s\u00e3o utilizadas 8 pe\u00e7as.<\/strong><\/li>\n<li><strong>Capacidade de Carga: 4 toneladas por m2<\/strong><\/li>\n<\/ul>\n<\/div>\n<div><\/div>\n<div>S\u00e3o indicados para c\u00e2maras frigor\u00edficas e caminh\u00f5es bau, vesti\u00e1rios e saunas, banheiros de clubes e academias, escolas e universidades, ind\u00fastria aliment\u00edcia, restaurantes e cantinas, hospitais e ind\u00fastrias qu\u00edmicas, almoxarifados, pet shops, ber\u00e7\u00e1rio de animais, etc.<\/div>\n<div><\/div>\n<div>Indicados tamb\u00e9m para \u00e1reas\u00a0permanentemente \u00famidas.<\/div>\n<div><\/div>\n<div>S\u00e3o modulares e sua montagem \u00e9 muito simples\u00a0(sistema de encaixe macho-f\u00eamea), permitindo que sejam encaixados lado a lado, at\u00e9 que a \u00e1rea escolhida seja coberta completamente.<\/div>\n<div><\/div>\n<div>Atendem as normas da\u00a0<strong>ANVISA<\/strong>\u00a0(Ag\u00eancia Nacional de Vigil\u00e2ncia Sanit\u00e1ria).<\/div>\n<div><\/div>\n<div>Facilmente higieniz\u00e1veis, sua qualidade permanece inalterada a \u00e1cidos, gorduras, solventes e odores. Seu design permite que a \u00e1gua escorra entre as suas calhas, sem perder a sua resist\u00eancia.<\/div>\n<div><\/div>\n<div>\u2013\u00a0<strong>Capacidade:<\/strong>\u00a010 Ton\/m\u00b2<\/div>\n","protected":false},"excerpt":{"rendered":"<h1><strong>Piso Pl\u00e1stico<\/strong><\/h1>\n<h2><strong>50X25CM<\/strong><\/h2>\n<p><strong>DIMENS\u00d5ES:<\/strong><\/p>\n<p><strong>Largura:<\/strong>\u00a050cm<br \/>\n<strong>Altura:<\/strong>\u00a02,5cm<br \/>\n<strong>Comprimento:<\/strong>\u00a025cm<br \/>\n<strong>Peso:<\/strong>\u00a00,400kg<br \/>\n<strong>Capacidade:<\/strong>\u00a010 Ton\/m\u00b2<\/p>\n","protected":false},"featured_media":2557,"template":"","meta":[],"product_brand":[],"product_cat":[88,84,87],"product_tag":[],"class_list":{"0":"post-2556","1":"product","2":"type-product","3":"status-publish","4":"has-post-thumbnail","6":"product_cat-estrado-plastico","7":"product_cat-pallets-de-plastico","8":"product_cat-piso-plastico","10":"first","11":"instock","12":"shipping-taxable","13":"purchasable","14":"product-type-simple"},"yoast_head":"<!-- This site is optimized with the Yoast SEO Premium plugin v22.0 (Yoast SEO v21.7) - https:\/\/yoast.com\/wordpress\/plugins\/seo\/ -->\n<title>Piso Pl\u00e1stico 50x25 - Cinza - Elo Solu\u00e7\u00e3o<\/title>\n<meta name=\"robots\" content=\"index, follow, max-snippet:-1, max-image-preview:large, max-video-preview:-1\" \/>\n<link rel=\"canonical\" href=\"https:\/\/elosolucao.com.br\/loja\/produto\/piso-plastico-cinza-50x25cm\/\" \/>\n<meta property=\"og:locale\" content=\"pt_BR\" \/>\n<meta property=\"og:type\" content=\"article\" \/>\n<meta property=\"og:title\" content=\"Piso Pl\u00e1stico 50x25 - Cinza\" \/>\n<meta property=\"og:description\" content=\"Piso Pl\u00e1stico 50X25CM DIMENS\u00d5ES:  Largura:\u00a050cm Altura:\u00a02,5cm Comprimento:\u00a025cm Peso:\u00a00,400kg Capacidade:\u00a010 Ton\/m\u00b2\" \/>\n<meta property=\"og:url\" content=\"https:\/\/elosolucao.com.br\/loja\/produto\/piso-plastico-cinza-50x25cm\/\" \/>\n<meta property=\"og:site_name\" content=\"Elo Solu\u00e7\u00e3o\" \/>\n<meta property=\"article:publisher\" content=\"https:\/\/www.facebook.com\/elosolucao.br\" \/>\n<meta property=\"article:modified_time\" content=\"2023-06-05T17:03:08+00:00\" \/>\n<meta property=\"og:image\" content=\"https:\/\/elosolucao.com.br\/loja\/wp-content\/uploads\/2021\/07\/Piso-Plastico-50x25-Cinza.jpg\" \/>\n\t<meta property=\"og:image:width\" content=\"1080\" \/>\n\t<meta property=\"og:image:height\" content=\"1080\" \/>\n\t<meta property=\"og:image:type\" content=\"image\/jpeg\" \/>\n<meta name=\"twitter:card\" content=\"summary_large_image\" \/>\n<meta name=\"twitter:label1\" content=\"Est. tempo de leitura\" \/>\n\t<meta name=\"twitter:data1\" content=\"1 minuto\" \/>\n<script type=\"application\/ld+json\" class=\"yoast-schema-graph\">{\"@context\":\"https:\/\/schema.org\",\"@graph\":[{\"@type\":\"WebPage\",\"@id\":\"https:\/\/elosolucao.com.br\/loja\/produto\/piso-plastico-cinza-50x25cm\/\",\"url\":\"https:\/\/elosolucao.com.br\/loja\/produto\/piso-plastico-cinza-50x25cm\/\",\"name\":\"Piso Pl\u00e1stico 50x25 - Cinza - Elo Solu\u00e7\u00e3o\",\"isPartOf\":{\"@id\":\"https:\/\/elosolucao.com.br\/loja\/#website\"},\"datePublished\":\"2021-07-06T19:03:48+00:00\",\"dateModified\":\"2023-06-05T17:03:08+00:00\",\"breadcrumb\":{\"@id\":\"https:\/\/elosolucao.com.br\/loja\/produto\/piso-plastico-cinza-50x25cm\/#breadcrumb\"},\"inLanguage\":\"pt-BR\",\"potentialAction\":[{\"@type\":\"ReadAction\",\"target\":[\"https:\/\/elosolucao.com.br\/loja\/produto\/piso-plastico-cinza-50x25cm\/\"]}]},{\"@type\":\"BreadcrumbList\",\"@id\":\"https:\/\/elosolucao.com.br\/loja\/produto\/piso-plastico-cinza-50x25cm\/#breadcrumb\",\"itemListElement\":[{\"@type\":\"ListItem\",\"position\":1,\"name\":\"In\u00edcio\",\"item\":\"https:\/\/elosolucao.com.br\/loja\/\"},{\"@type\":\"ListItem\",\"position\":2,\"name\":\"Loja\",\"item\":\"https:\/\/elosolucao.com.br\/loja\/loja\/\"},{\"@type\":\"ListItem\",\"position\":3,\"name\":\"Piso Pl\u00e1stico 50&#215;25 &#8211; Cinza\"}]},{\"@type\":\"WebSite\",\"@id\":\"https:\/\/elosolucao.com.br\/loja\/#website\",\"url\":\"https:\/\/elosolucao.com.br\/loja\/\",\"name\":\"Elo Solu\u00e7\u00e3o\",\"description\":\"Entendendo sua necessidade e solucionando com Produtos.\",\"publisher\":{\"@id\":\"https:\/\/elosolucao.com.br\/loja\/#organization\"},\"potentialAction\":[{\"@type\":\"SearchAction\",\"target\":{\"@type\":\"EntryPoint\",\"urlTemplate\":\"https:\/\/elosolucao.com.br\/loja\/?s={search_term_string}\"},\"query-input\":\"required name=search_term_string\"}],\"inLanguage\":\"pt-BR\"},{\"@type\":\"Organization\",\"@id\":\"https:\/\/elosolucao.com.br\/loja\/#organization\",\"name\":\"Elo Solu\u00e7\u00e3o\",\"url\":\"https:\/\/elosolucao.com.br\/loja\/\",\"logo\":{\"@type\":\"ImageObject\",\"inLanguage\":\"pt-BR\",\"@id\":\"https:\/\/elosolucao.com.br\/loja\/#\/schema\/logo\/image\/\",\"url\":\"https:\/\/elosolucao.com.br\/loja\/wp-content\/uploads\/2021\/03\/Logo-sem-fundo.png\",\"contentUrl\":\"https:\/\/elosolucao.com.br\/loja\/wp-content\/uploads\/2021\/03\/Logo-sem-fundo.png\",\"width\":707,\"height\":353,\"caption\":\"Elo Solu\u00e7\u00e3o\"},\"image\":{\"@id\":\"https:\/\/elosolucao.com.br\/loja\/#\/schema\/logo\/image\/\"},\"sameAs\":[\"https:\/\/www.facebook.com\/elosolucao.br\",\"https:\/\/instagram.com\/elo_solucao\",\"https:\/\/www.youtube.com\/channel\/UCsSlrhz3DzWElX1ZcW2AIyg\/featured\"]}]}<\/script>\n<!-- \/ Yoast SEO Premium plugin. -->","yoast_head_json":{"title":"Piso Pl\u00e1stico 50x25 - Cinza - Elo Solu\u00e7\u00e3o","robots":{"index":"index","follow":"follow","max-snippet":"max-snippet:-1","max-image-preview":"max-image-preview:large","max-video-preview":"max-video-preview:-1"},"canonical":"https:\/\/elosolucao.com.br\/loja\/produto\/piso-plastico-cinza-50x25cm\/","og_locale":"pt_BR","og_type":"article","og_title":"Piso Pl\u00e1stico 50x25 - Cinza","og_description":"Piso Pl\u00e1stico 50X25CM DIMENS\u00d5ES:  Largura:\u00a050cm Altura:\u00a02,5cm Comprimento:\u00a025cm Peso:\u00a00,400kg Capacidade:\u00a010 Ton\/m\u00b2","og_url":"https:\/\/elosolucao.com.br\/loja\/produto\/piso-plastico-cinza-50x25cm\/","og_site_name":"Elo Solu\u00e7\u00e3o","article_publisher":"https:\/\/www.facebook.com\/elosolucao.br","article_modified_time":"2023-06-05T17:03:08+00:00","og_image":[{"width":1080,"height":1080,"url":"https:\/\/elosolucao.com.br\/loja\/wp-content\/uploads\/2021\/07\/Piso-Plastico-50x25-Cinza.jpg","type":"image\/jpeg"}],"twitter_card":"summary_large_image","twitter_misc":{"Est. tempo de leitura":"1 minuto"},"schema":{"@context":"https:\/\/schema.org","@graph":[{"@type":"WebPage","@id":"https:\/\/elosolucao.com.br\/loja\/produto\/piso-plastico-cinza-50x25cm\/","url":"https:\/\/elosolucao.com.br\/loja\/produto\/piso-plastico-cinza-50x25cm\/","name":"Piso Pl\u00e1stico 50x25 - Cinza - Elo Solu\u00e7\u00e3o","isPartOf":{"@id":"https:\/\/elosolucao.com.br\/loja\/#website"},"datePublished":"2021-07-06T19:03:48+00:00","dateModified":"2023-06-05T17:03:08+00:00","breadcrumb":{"@id":"https:\/\/elosolucao.com.br\/loja\/produto\/piso-plastico-cinza-50x25cm\/#breadcrumb"},"inLanguage":"pt-BR","potentialAction":[{"@type":"ReadAction","target":["https:\/\/elosolucao.com.br\/loja\/produto\/piso-plastico-cinza-50x25cm\/"]}]},{"@type":"BreadcrumbList","@id":"https:\/\/elosolucao.com.br\/loja\/produto\/piso-plastico-cinza-50x25cm\/#breadcrumb","itemListElement":[{"@type":"ListItem","position":1,"name":"In\u00edcio","item":"https:\/\/elosolucao.com.br\/loja\/"},{"@type":"ListItem","position":2,"name":"Loja","item":"https:\/\/elosolucao.com.br\/loja\/loja\/"},{"@type":"ListItem","position":3,"name":"Piso Pl\u00e1stico 50&#215;25 &#8211; Cinza"}]},{"@type":"WebSite","@id":"https:\/\/elosolucao.com.br\/loja\/#website","url":"https:\/\/elosolucao.com.br\/loja\/","name":"Elo Solu\u00e7\u00e3o","description":"Entendendo sua necessidade e solucionando com Produtos.","publisher":{"@id":"https:\/\/elosolucao.com.br\/loja\/#organization"},"potentialAction":[{"@type":"SearchAction","target":{"@type":"EntryPoint","urlTemplate":"https:\/\/elosolucao.com.br\/loja\/?s={search_term_string}"},"query-input":"required name=search_term_string"}],"inLanguage":"pt-BR"},{"@type":"Organization","@id":"https:\/\/elosolucao.com.br\/loja\/#organization","name":"Elo Solu\u00e7\u00e3o","url":"https:\/\/elosolucao.com.br\/loja\/","logo":{"@type":"ImageObject","inLanguage":"pt-BR","@id":"https:\/\/elosolucao.com.br\/loja\/#\/schema\/logo\/image\/","url":"https:\/\/elosolucao.com.br\/loja\/wp-content\/uploads\/2021\/03\/Logo-sem-fundo.png","contentUrl":"https:\/\/elosolucao.com.br\/loja\/wp-content\/uploads\/2021\/03\/Logo-sem-fundo.png","width":707,"height":353,"caption":"Elo Solu\u00e7\u00e3o"},"image":{"@id":"https:\/\/elosolucao.com.br\/loja\/#\/schema\/logo\/image\/"},"sameAs":["https:\/\/www.facebook.com\/elosolucao.br","https:\/\/instagram.com\/elo_solucao","https:\/\/www.youtube.com\/channel\/UCsSlrhz3DzWElX1ZcW2AIyg\/featured"]}]}},"_links":{"self":[{"href":"https:\/\/elosolucao.com.br\/loja\/wp-json\/wp\/v2\/product\/2556","targetHints":{"allow":["GET"]}}],"collection":[{"href":"https:\/\/elosolucao.com.br\/loja\/wp-json\/wp\/v2\/product"}],"about":[{"href":"https:\/\/elosolucao.com.br\/loja\/wp-json\/wp\/v2\/types\/product"}],"version-history":[{"count":0,"href":"https:\/\/elosolucao.com.br\/loja\/wp-json\/wp\/v2\/product\/2556\/revisions"}],"wp:featuredmedia":[{"embeddable":true,"href":"https:\/\/elosolucao.com.br\/loja\/wp-json\/wp\/v2\/media\/2557"}],"wp:attachment":[{"href":"https:\/\/elosolucao.com.br\/loja\/wp-json\/wp\/v2\/media?parent=2556"}],"wp:term":[{"taxonomy":"product_brand","embeddable":true,"href":"https:\/\/elosolucao.com.br\/loja\/wp-json\/wp\/v2\/product_brand?post=2556"},{"taxonomy":"product_cat","embeddable":true,"href":"https:\/\/elosolucao.com.br\/loja\/wp-json\/wp\/v2\/product_cat?post=2556"},{"taxonomy":"product_tag","embeddable":true,"href":"https:\/\/elosolucao.com.br\/loja\/wp-json\/wp\/v2\/product_tag?post=2556"}],"curies":[{"name":"wp","href":"https:\/\/api.w.org\/{rel}","templated":true}]}}