{"id":2302,"date":"2021-05-07T17:24:40","date_gmt":"2021-05-07T20:24:40","guid":{"rendered":"https:\/\/elosolucao.com.br\/loja\/?post_type=product&#038;p=2302"},"modified":"2026-04-17T14:50:49","modified_gmt":"2026-04-17T17:50:49","slug":"pallet-plastico-leve-fechado","status":"publish","type":"product","link":"https:\/\/elosolucao.com.br\/loja\/produto\/pallet-plastico-leve-fechado\/","title":{"rendered":"Pallet Pl\u00e1stico Leve Fechado"},"content":{"rendered":"<h1>Pallet Pl\u00e1stico Leve Fechado<\/h1>\n<p>O<strong>\u00a0Pallet leve fechado Liso<\/strong>\u00a0\u00e9 fabricado em Polipropileno (PP) ou Polietileno de Alta Densidade (PEAD), garantindo alta qualidade, resist\u00eancia e durabilidade.<br \/>\nTran\u00e7ado para suportar grandes cargas, \u00e9 indicado para diversos tipos de neg\u00f3cios, para o armazenamento, organiza\u00e7\u00e3o de cargas e log\u00edstica reversa.<\/p>\n<p>O\u00a0<strong>Pallet Leve Fechado Liso<\/strong>\u00a0tem capacidade est\u00e1tica para at\u00e9 3000 Kg e capacidade din\u00e2mica para at\u00e9 1500 Kg.<\/p>\n<p>\u00c9 poss\u00edvel deixa-lo ainda mais refor\u00e7ado, inserindo 03 almas de a\u00e7o em sua base.<\/p>\n<p>O\u00a0<strong>Pallet Leve Fechado Liso\u00a0<\/strong>\u00e9\u00a0leve, at\u00f3xico, de f\u00e1cil higieniza\u00e7\u00e3o e resistente \u00e0 \u00e1cidos, gorduras, solventes e odores.<\/p>\n<p>Fabricado nas cores preto, branco e virgem, pode ser utilizado em \u00e1reas \u00famidas e c\u00e2maras frias.<\/p>\n<p>N\u00e3o requerem nenhuma manuten\u00e7\u00e3o e seu tempo de vida \u00fatil pode ultrapassar 10 anos.<\/p>\n<p>F\u00e1cil manuseio e deslocamento, implicam menores custos de transporte.\u00a0Podem ser coloridos e, portanto, personalizados para uma melhor identifica\u00e7\u00e3o, organiza\u00e7\u00e3o e controle.<\/p>\n<p>S\u00c3O INDICADOS PARA:<\/p>\n<ul>\n<li>Manipula\u00e7\u00e3o de alimentos e bebidas, produtos laboratoriais e farmac\u00eauticos e log\u00edstica reversa;<\/li>\n<li>Armazenamento, manuseio e transporte de cargas em geral;<\/li>\n<li>Carrinhos hidr\u00e1ulicos e empilhadeiras;<\/li>\n<li>\u00c1reas \u00famidas e c\u00e2maras frias; Resistentes a temperaturas negativas (consultar material virgem);<\/li>\n<\/ul>\n","protected":false},"excerpt":{"rendered":"<h1><strong>Pallet Pl\u00e1stico Leve Fechado<\/strong><\/h1>\n<p>DIMENS\u00d5ES:<\/p>\n<p><b>Largura:\u00a0<\/b>100cm<br \/>\n<b>Altura:\u00a0<\/b>15cm<br \/>\n<b>Comprimento:\u00a0<\/b>120cm<br \/>\n<b>Capacidade Est\u00e1tica:\u00a0<\/b>3.000Kg<br \/>\n<b>Capacidade Din\u00e2mica:\u00a0<\/b>1.200Kg<br \/>\n<b>Capacidade No Rack:\u00a0<\/b>1.200Kg<\/p>\n<p><strong>PESO: 13Kg<\/strong><\/p>\n","protected":false},"featured_media":2304,"template":"","meta":[],"product_brand":[],"product_cat":[84],"product_tag":[],"class_list":{"0":"post-2302","1":"product","2":"type-product","3":"status-publish","4":"has-post-thumbnail","6":"product_cat-pallets-de-plastico","8":"first","9":"instock","10":"shipping-taxable","11":"purchasable","12":"product-type-simple"},"yoast_head":"<!-- This site is optimized with the Yoast SEO Premium plugin v22.0 (Yoast SEO v21.7) - https:\/\/yoast.com\/wordpress\/plugins\/seo\/ -->\n<title>Pallet Pl\u00e1stico Leve Fechado - Elo Solu\u00e7\u00e3o<\/title>\n<meta name=\"robots\" content=\"index, follow, max-snippet:-1, max-image-preview:large, max-video-preview:-1\" \/>\n<link rel=\"canonical\" href=\"https:\/\/elosolucao.com.br\/loja\/produto\/pallet-plastico-leve-fechado\/\" \/>\n<meta property=\"og:locale\" content=\"pt_BR\" \/>\n<meta property=\"og:type\" content=\"article\" \/>\n<meta property=\"og:title\" content=\"Pallet Pl\u00e1stico Leve Fechado\" \/>\n<meta property=\"og:description\" content=\"Pallet Pl\u00e1stico Leve Fechado DIMENS\u00d5ES:  Largura:\u00a0100cm Altura:\u00a015cm Comprimento:\u00a0120cm Capacidade Est\u00e1tica:\u00a03.000Kg Capacidade Din\u00e2mica:\u00a01.200Kg Capacidade No Rack:\u00a01.200Kg  PESO: 13Kg\" \/>\n<meta property=\"og:url\" content=\"https:\/\/elosolucao.com.br\/loja\/produto\/pallet-plastico-leve-fechado\/\" \/>\n<meta property=\"og:site_name\" content=\"Elo Solu\u00e7\u00e3o\" \/>\n<meta property=\"article:publisher\" content=\"https:\/\/www.facebook.com\/elosolucao.br\" \/>\n<meta property=\"article:modified_time\" content=\"2026-04-17T17:50:49+00:00\" \/>\n<meta property=\"og:image\" content=\"https:\/\/elosolucao.com.br\/loja\/wp-content\/uploads\/2021\/05\/Pallet-leve-fechado_elo-2.jpg\" \/>\n\t<meta property=\"og:image:width\" content=\"1080\" \/>\n\t<meta property=\"og:image:height\" content=\"1080\" \/>\n\t<meta property=\"og:image:type\" content=\"image\/jpeg\" \/>\n<meta name=\"twitter:card\" content=\"summary_large_image\" \/>\n<meta name=\"twitter:label1\" content=\"Est. tempo de leitura\" \/>\n\t<meta name=\"twitter:data1\" content=\"2 minutos\" \/>\n<script type=\"application\/ld+json\" class=\"yoast-schema-graph\">{\"@context\":\"https:\/\/schema.org\",\"@graph\":[{\"@type\":\"WebPage\",\"@id\":\"https:\/\/elosolucao.com.br\/loja\/produto\/pallet-plastico-leve-fechado\/\",\"url\":\"https:\/\/elosolucao.com.br\/loja\/produto\/pallet-plastico-leve-fechado\/\",\"name\":\"Pallet Pl\u00e1stico Leve Fechado - Elo Solu\u00e7\u00e3o\",\"isPartOf\":{\"@id\":\"https:\/\/elosolucao.com.br\/loja\/#website\"},\"datePublished\":\"2021-05-07T20:24:40+00:00\",\"dateModified\":\"2026-04-17T17:50:49+00:00\",\"breadcrumb\":{\"@id\":\"https:\/\/elosolucao.com.br\/loja\/produto\/pallet-plastico-leve-fechado\/#breadcrumb\"},\"inLanguage\":\"pt-BR\",\"potentialAction\":[{\"@type\":\"ReadAction\",\"target\":[\"https:\/\/elosolucao.com.br\/loja\/produto\/pallet-plastico-leve-fechado\/\"]}]},{\"@type\":\"BreadcrumbList\",\"@id\":\"https:\/\/elosolucao.com.br\/loja\/produto\/pallet-plastico-leve-fechado\/#breadcrumb\",\"itemListElement\":[{\"@type\":\"ListItem\",\"position\":1,\"name\":\"In\u00edcio\",\"item\":\"https:\/\/elosolucao.com.br\/loja\/\"},{\"@type\":\"ListItem\",\"position\":2,\"name\":\"Loja\",\"item\":\"https:\/\/elosolucao.com.br\/loja\/loja\/\"},{\"@type\":\"ListItem\",\"position\":3,\"name\":\"Pallet Pl\u00e1stico Leve Fechado\"}]},{\"@type\":\"WebSite\",\"@id\":\"https:\/\/elosolucao.com.br\/loja\/#website\",\"url\":\"https:\/\/elosolucao.com.br\/loja\/\",\"name\":\"Elo Solu\u00e7\u00e3o\",\"description\":\"Entendendo sua necessidade e solucionando com Produtos.\",\"publisher\":{\"@id\":\"https:\/\/elosolucao.com.br\/loja\/#organization\"},\"potentialAction\":[{\"@type\":\"SearchAction\",\"target\":{\"@type\":\"EntryPoint\",\"urlTemplate\":\"https:\/\/elosolucao.com.br\/loja\/?s={search_term_string}\"},\"query-input\":\"required name=search_term_string\"}],\"inLanguage\":\"pt-BR\"},{\"@type\":\"Organization\",\"@id\":\"https:\/\/elosolucao.com.br\/loja\/#organization\",\"name\":\"Elo Solu\u00e7\u00e3o\",\"url\":\"https:\/\/elosolucao.com.br\/loja\/\",\"logo\":{\"@type\":\"ImageObject\",\"inLanguage\":\"pt-BR\",\"@id\":\"https:\/\/elosolucao.com.br\/loja\/#\/schema\/logo\/image\/\",\"url\":\"https:\/\/elosolucao.com.br\/loja\/wp-content\/uploads\/2021\/03\/Logo-sem-fundo.png\",\"contentUrl\":\"https:\/\/elosolucao.com.br\/loja\/wp-content\/uploads\/2021\/03\/Logo-sem-fundo.png\",\"width\":707,\"height\":353,\"caption\":\"Elo Solu\u00e7\u00e3o\"},\"image\":{\"@id\":\"https:\/\/elosolucao.com.br\/loja\/#\/schema\/logo\/image\/\"},\"sameAs\":[\"https:\/\/www.facebook.com\/elosolucao.br\",\"https:\/\/instagram.com\/elo_solucao\",\"https:\/\/www.youtube.com\/channel\/UCsSlrhz3DzWElX1ZcW2AIyg\/featured\"]}]}<\/script>\n<!-- \/ Yoast SEO Premium plugin. -->","yoast_head_json":{"title":"Pallet Pl\u00e1stico Leve Fechado - Elo Solu\u00e7\u00e3o","robots":{"index":"index","follow":"follow","max-snippet":"max-snippet:-1","max-image-preview":"max-image-preview:large","max-video-preview":"max-video-preview:-1"},"canonical":"https:\/\/elosolucao.com.br\/loja\/produto\/pallet-plastico-leve-fechado\/","og_locale":"pt_BR","og_type":"article","og_title":"Pallet Pl\u00e1stico Leve Fechado","og_description":"Pallet Pl\u00e1stico Leve Fechado DIMENS\u00d5ES:  Largura:\u00a0100cm Altura:\u00a015cm Comprimento:\u00a0120cm Capacidade Est\u00e1tica:\u00a03.000Kg Capacidade Din\u00e2mica:\u00a01.200Kg Capacidade No Rack:\u00a01.200Kg  PESO: 13Kg","og_url":"https:\/\/elosolucao.com.br\/loja\/produto\/pallet-plastico-leve-fechado\/","og_site_name":"Elo Solu\u00e7\u00e3o","article_publisher":"https:\/\/www.facebook.com\/elosolucao.br","article_modified_time":"2026-04-17T17:50:49+00:00","og_image":[{"width":1080,"height":1080,"url":"https:\/\/elosolucao.com.br\/loja\/wp-content\/uploads\/2021\/05\/Pallet-leve-fechado_elo-2.jpg","type":"image\/jpeg"}],"twitter_card":"summary_large_image","twitter_misc":{"Est. tempo de leitura":"2 minutos"},"schema":{"@context":"https:\/\/schema.org","@graph":[{"@type":"WebPage","@id":"https:\/\/elosolucao.com.br\/loja\/produto\/pallet-plastico-leve-fechado\/","url":"https:\/\/elosolucao.com.br\/loja\/produto\/pallet-plastico-leve-fechado\/","name":"Pallet Pl\u00e1stico Leve Fechado - Elo Solu\u00e7\u00e3o","isPartOf":{"@id":"https:\/\/elosolucao.com.br\/loja\/#website"},"datePublished":"2021-05-07T20:24:40+00:00","dateModified":"2026-04-17T17:50:49+00:00","breadcrumb":{"@id":"https:\/\/elosolucao.com.br\/loja\/produto\/pallet-plastico-leve-fechado\/#breadcrumb"},"inLanguage":"pt-BR","potentialAction":[{"@type":"ReadAction","target":["https:\/\/elosolucao.com.br\/loja\/produto\/pallet-plastico-leve-fechado\/"]}]},{"@type":"BreadcrumbList","@id":"https:\/\/elosolucao.com.br\/loja\/produto\/pallet-plastico-leve-fechado\/#breadcrumb","itemListElement":[{"@type":"ListItem","position":1,"name":"In\u00edcio","item":"https:\/\/elosolucao.com.br\/loja\/"},{"@type":"ListItem","position":2,"name":"Loja","item":"https:\/\/elosolucao.com.br\/loja\/loja\/"},{"@type":"ListItem","position":3,"name":"Pallet Pl\u00e1stico Leve Fechado"}]},{"@type":"WebSite","@id":"https:\/\/elosolucao.com.br\/loja\/#website","url":"https:\/\/elosolucao.com.br\/loja\/","name":"Elo Solu\u00e7\u00e3o","description":"Entendendo sua necessidade e solucionando com Produtos.","publisher":{"@id":"https:\/\/elosolucao.com.br\/loja\/#organization"},"potentialAction":[{"@type":"SearchAction","target":{"@type":"EntryPoint","urlTemplate":"https:\/\/elosolucao.com.br\/loja\/?s={search_term_string}"},"query-input":"required name=search_term_string"}],"inLanguage":"pt-BR"},{"@type":"Organization","@id":"https:\/\/elosolucao.com.br\/loja\/#organization","name":"Elo Solu\u00e7\u00e3o","url":"https:\/\/elosolucao.com.br\/loja\/","logo":{"@type":"ImageObject","inLanguage":"pt-BR","@id":"https:\/\/elosolucao.com.br\/loja\/#\/schema\/logo\/image\/","url":"https:\/\/elosolucao.com.br\/loja\/wp-content\/uploads\/2021\/03\/Logo-sem-fundo.png","contentUrl":"https:\/\/elosolucao.com.br\/loja\/wp-content\/uploads\/2021\/03\/Logo-sem-fundo.png","width":707,"height":353,"caption":"Elo Solu\u00e7\u00e3o"},"image":{"@id":"https:\/\/elosolucao.com.br\/loja\/#\/schema\/logo\/image\/"},"sameAs":["https:\/\/www.facebook.com\/elosolucao.br","https:\/\/instagram.com\/elo_solucao","https:\/\/www.youtube.com\/channel\/UCsSlrhz3DzWElX1ZcW2AIyg\/featured"]}]}},"_links":{"self":[{"href":"https:\/\/elosolucao.com.br\/loja\/wp-json\/wp\/v2\/product\/2302","targetHints":{"allow":["GET"]}}],"collection":[{"href":"https:\/\/elosolucao.com.br\/loja\/wp-json\/wp\/v2\/product"}],"about":[{"href":"https:\/\/elosolucao.com.br\/loja\/wp-json\/wp\/v2\/types\/product"}],"version-history":[{"count":0,"href":"https:\/\/elosolucao.com.br\/loja\/wp-json\/wp\/v2\/product\/2302\/revisions"}],"wp:featuredmedia":[{"embeddable":true,"href":"https:\/\/elosolucao.com.br\/loja\/wp-json\/wp\/v2\/media\/2304"}],"wp:attachment":[{"href":"https:\/\/elosolucao.com.br\/loja\/wp-json\/wp\/v2\/media?parent=2302"}],"wp:term":[{"taxonomy":"product_brand","embeddable":true,"href":"https:\/\/elosolucao.com.br\/loja\/wp-json\/wp\/v2\/product_brand?post=2302"},{"taxonomy":"product_cat","embeddable":true,"href":"https:\/\/elosolucao.com.br\/loja\/wp-json\/wp\/v2\/product_cat?post=2302"},{"taxonomy":"product_tag","embeddable":true,"href":"https:\/\/elosolucao.com.br\/loja\/wp-json\/wp\/v2\/product_tag?post=2302"}],"curies":[{"name":"wp","href":"https:\/\/api.w.org\/{rel}","templated":true}]}}