{"id":1439,"date":"2021-03-22T14:45:18","date_gmt":"2021-03-22T17:45:18","guid":{"rendered":"https:\/\/elosolucao.com.br\/loja\/?post_type=product&#038;p=1439"},"modified":"2026-04-20T14:42:18","modified_gmt":"2026-04-20T17:42:18","slug":"caixa-plastica-organizadora-180l-sem-tampa","status":"publish","type":"product","link":"https:\/\/elosolucao.com.br\/loja\/produto\/caixa-plastica-organizadora-180l-sem-tampa\/","title":{"rendered":"Caixa Organizadora 180L &#8211; Sem Tampa"},"content":{"rendered":"<p>Caixa ORGANIZADORA Fechada Preta 180 Litros sem tampa<\/p>\n<ul>\n<li>Facilmente higieniz\u00e1veis e super resistentes;<\/li>\n<li>Resistentes \u00e0 a\u00e7\u00e3o de \u00e1cidos, gorduras, solventes e odores;<\/li>\n<li>F\u00e1cil armazenamento e transporte, podem ser empilhadas;<\/li>\n<li>Maior durabilidade e melhor custo-benef\u00edcio do mercado;<\/li>\n<\/ul>\n<p><strong>CARACTER\u00cdSTICAS:<\/strong><br \/>\n\u2022 Caixa Organizadora grande<br \/>\nMaterial: pl\u00e1stico Polipropileno (PP)<br \/>\nCapacidade: 180 Litros<\/p>\n<p><strong>UTILIZA\u00c7\u00d5ES:<\/strong><br \/>\n&#8211; Padarias, restaurantes e cozinhas industriais;<br \/>\n&#8211; Transporte e acondicionamento de materiais;<br \/>\n&#8211; Recomendada para uso dom\u00e9stico;<br \/>\n&#8211; Agricultura e constru\u00e7\u00e3o civil;<br \/>\n&#8211; Ind\u00fastrias em geral.<\/p>\n<p>** PARA GRANDES QUANTIDADES ENTRE EM CONTATO COM NOSSO TELEVENDAS!<\/p>\n","protected":false},"excerpt":{"rendered":"<p><strong>Capacidade:<\/strong> 180 Litros<\/p>\n<p><strong>Dimens\u00f5es Internas:<\/strong> Largura: 51cm \/ Altura: 47,5cm \/ Comprimento: 81cm<\/p>\n<p><strong>Dimens\u00f5es Externas:<\/strong> Largura: 55,5cm \/ Altura: 47,5cm \/ Comprimento: 88cm<\/p>\n<p><strong>Peso:<\/strong> 7Kg<\/p>\n<p><strong>Material Pl\u00e1stico: <\/strong>PP (Polipropileno)<\/p>\n","protected":false},"featured_media":1734,"template":"","meta":[],"product_brand":[],"product_cat":[71,272,278],"product_tag":[109,110,111,112,113,114,115,116,117,118,119,120,121,122,123],"class_list":{"0":"post-1439","1":"product","2":"type-product","3":"status-publish","4":"has-post-thumbnail","6":"product_cat-caixa-organizadora","7":"product_cat-promocoes","8":"product_cat-sem-tampa","9":"product_tag-caixa-180-litros","10":"product_tag-caixa-de-plastico","11":"product_tag-caixa-de-plastico-com-tampa","12":"product_tag-caixa-de-plastico-grande","13":"product_tag-caixa-de-plastico-para-transporte","14":"product_tag-caixa-de-plastico-quadrada","15":"product_tag-caixa-empilhavel","16":"product_tag-caixa-industrial","17":"product_tag-caixa-para-almoxarifado","18":"product_tag-caixa-para-armazenamento","19":"product_tag-caixa-plastica","20":"product_tag-caixa-plastica-fechada","21":"product_tag-caixas-empilhaveis-com-tampa","22":"product_tag-caixas-organizadoras","23":"product_tag-fabricante-de-caixas-plasticas","24":"pa_cor-preta","26":"first","27":"instock","28":"shipping-taxable","29":"purchasable","30":"product-type-simple"},"yoast_head":"<!-- This site is optimized with the Yoast SEO Premium plugin v22.0 (Yoast SEO v21.7) - https:\/\/yoast.com\/wordpress\/plugins\/seo\/ -->\n<title>Caixa Organizadora 180L - Sem Tampa - Elo Solu\u00e7\u00e3o<\/title>\n<meta name=\"description\" content=\"Caixa Plastica Fechada organizadora Preta 180 Litros sem tampa, Facilmente higieniz\u00e1veis e super resistentes.\" \/>\n<meta name=\"robots\" content=\"index, follow, max-snippet:-1, max-image-preview:large, max-video-preview:-1\" \/>\n<link rel=\"canonical\" href=\"https:\/\/elosolucao.com.br\/loja\/produto\/caixa-plastica-organizadora-180l-sem-tampa\/\" \/>\n<meta property=\"og:locale\" content=\"pt_BR\" \/>\n<meta property=\"og:type\" content=\"article\" \/>\n<meta property=\"og:title\" content=\"Caixa Organizadora 180L - Sem Tampa\" \/>\n<meta property=\"og:description\" content=\"Caixa Plastica Fechada organizadora Preta 180 Litros sem tampa, Facilmente higieniz\u00e1veis e super resistentes.\" \/>\n<meta property=\"og:url\" content=\"https:\/\/elosolucao.com.br\/loja\/produto\/caixa-plastica-organizadora-180l-sem-tampa\/\" \/>\n<meta property=\"og:site_name\" content=\"Elo Solu\u00e7\u00e3o\" \/>\n<meta property=\"article:publisher\" content=\"https:\/\/www.facebook.com\/elosolucao.br\" \/>\n<meta property=\"article:modified_time\" content=\"2026-04-20T17:42:18+00:00\" \/>\n<meta property=\"og:image\" content=\"https:\/\/elosolucao.com.br\/loja\/wp-content\/uploads\/2021\/03\/Caixa-plastica-180L-sem-tampa.jpg\" \/>\n\t<meta property=\"og:image:width\" content=\"1080\" \/>\n\t<meta property=\"og:image:height\" content=\"1080\" \/>\n\t<meta property=\"og:image:type\" content=\"image\/jpeg\" \/>\n<meta name=\"twitter:card\" content=\"summary_large_image\" \/>\n<meta name=\"twitter:label1\" content=\"Est. tempo de leitura\" \/>\n\t<meta name=\"twitter:data1\" content=\"1 minuto\" \/>\n<script type=\"application\/ld+json\" class=\"yoast-schema-graph\">{\"@context\":\"https:\/\/schema.org\",\"@graph\":[{\"@type\":\"WebPage\",\"@id\":\"https:\/\/elosolucao.com.br\/loja\/produto\/caixa-plastica-organizadora-180l-sem-tampa\/\",\"url\":\"https:\/\/elosolucao.com.br\/loja\/produto\/caixa-plastica-organizadora-180l-sem-tampa\/\",\"name\":\"Caixa Organizadora 180L - Sem Tampa - Elo Solu\u00e7\u00e3o\",\"isPartOf\":{\"@id\":\"https:\/\/elosolucao.com.br\/loja\/#website\"},\"datePublished\":\"2021-03-22T17:45:18+00:00\",\"dateModified\":\"2026-04-20T17:42:18+00:00\",\"description\":\"Caixa Plastica Fechada organizadora Preta 180 Litros sem tampa, Facilmente higieniz\u00e1veis e super resistentes.\",\"breadcrumb\":{\"@id\":\"https:\/\/elosolucao.com.br\/loja\/produto\/caixa-plastica-organizadora-180l-sem-tampa\/#breadcrumb\"},\"inLanguage\":\"pt-BR\",\"potentialAction\":[{\"@type\":\"ReadAction\",\"target\":[\"https:\/\/elosolucao.com.br\/loja\/produto\/caixa-plastica-organizadora-180l-sem-tampa\/\"]}]},{\"@type\":\"BreadcrumbList\",\"@id\":\"https:\/\/elosolucao.com.br\/loja\/produto\/caixa-plastica-organizadora-180l-sem-tampa\/#breadcrumb\",\"itemListElement\":[{\"@type\":\"ListItem\",\"position\":1,\"name\":\"In\u00edcio\",\"item\":\"https:\/\/elosolucao.com.br\/loja\/\"},{\"@type\":\"ListItem\",\"position\":2,\"name\":\"Loja\",\"item\":\"https:\/\/elosolucao.com.br\/loja\/loja\/\"},{\"@type\":\"ListItem\",\"position\":3,\"name\":\"Caixa Organizadora 180L &#8211; Sem Tampa\"}]},{\"@type\":\"WebSite\",\"@id\":\"https:\/\/elosolucao.com.br\/loja\/#website\",\"url\":\"https:\/\/elosolucao.com.br\/loja\/\",\"name\":\"Elo Solu\u00e7\u00e3o\",\"description\":\"Entendendo sua necessidade e solucionando com Produtos.\",\"publisher\":{\"@id\":\"https:\/\/elosolucao.com.br\/loja\/#organization\"},\"potentialAction\":[{\"@type\":\"SearchAction\",\"target\":{\"@type\":\"EntryPoint\",\"urlTemplate\":\"https:\/\/elosolucao.com.br\/loja\/?s={search_term_string}\"},\"query-input\":\"required name=search_term_string\"}],\"inLanguage\":\"pt-BR\"},{\"@type\":\"Organization\",\"@id\":\"https:\/\/elosolucao.com.br\/loja\/#organization\",\"name\":\"Elo Solu\u00e7\u00e3o\",\"url\":\"https:\/\/elosolucao.com.br\/loja\/\",\"logo\":{\"@type\":\"ImageObject\",\"inLanguage\":\"pt-BR\",\"@id\":\"https:\/\/elosolucao.com.br\/loja\/#\/schema\/logo\/image\/\",\"url\":\"https:\/\/elosolucao.com.br\/loja\/wp-content\/uploads\/2021\/03\/Logo-sem-fundo.png\",\"contentUrl\":\"https:\/\/elosolucao.com.br\/loja\/wp-content\/uploads\/2021\/03\/Logo-sem-fundo.png\",\"width\":707,\"height\":353,\"caption\":\"Elo Solu\u00e7\u00e3o\"},\"image\":{\"@id\":\"https:\/\/elosolucao.com.br\/loja\/#\/schema\/logo\/image\/\"},\"sameAs\":[\"https:\/\/www.facebook.com\/elosolucao.br\",\"https:\/\/instagram.com\/elo_solucao\",\"https:\/\/www.youtube.com\/channel\/UCsSlrhz3DzWElX1ZcW2AIyg\/featured\"]}]}<\/script>\n<!-- \/ Yoast SEO Premium plugin. -->","yoast_head_json":{"title":"Caixa Organizadora 180L - Sem Tampa - Elo Solu\u00e7\u00e3o","description":"Caixa Plastica Fechada organizadora Preta 180 Litros sem tampa, Facilmente higieniz\u00e1veis e super resistentes.","robots":{"index":"index","follow":"follow","max-snippet":"max-snippet:-1","max-image-preview":"max-image-preview:large","max-video-preview":"max-video-preview:-1"},"canonical":"https:\/\/elosolucao.com.br\/loja\/produto\/caixa-plastica-organizadora-180l-sem-tampa\/","og_locale":"pt_BR","og_type":"article","og_title":"Caixa Organizadora 180L - Sem Tampa","og_description":"Caixa Plastica Fechada organizadora Preta 180 Litros sem tampa, Facilmente higieniz\u00e1veis e super resistentes.","og_url":"https:\/\/elosolucao.com.br\/loja\/produto\/caixa-plastica-organizadora-180l-sem-tampa\/","og_site_name":"Elo Solu\u00e7\u00e3o","article_publisher":"https:\/\/www.facebook.com\/elosolucao.br","article_modified_time":"2026-04-20T17:42:18+00:00","og_image":[{"width":1080,"height":1080,"url":"https:\/\/elosolucao.com.br\/loja\/wp-content\/uploads\/2021\/03\/Caixa-plastica-180L-sem-tampa.jpg","type":"image\/jpeg"}],"twitter_card":"summary_large_image","twitter_misc":{"Est. tempo de leitura":"1 minuto"},"schema":{"@context":"https:\/\/schema.org","@graph":[{"@type":"WebPage","@id":"https:\/\/elosolucao.com.br\/loja\/produto\/caixa-plastica-organizadora-180l-sem-tampa\/","url":"https:\/\/elosolucao.com.br\/loja\/produto\/caixa-plastica-organizadora-180l-sem-tampa\/","name":"Caixa Organizadora 180L - Sem Tampa - Elo Solu\u00e7\u00e3o","isPartOf":{"@id":"https:\/\/elosolucao.com.br\/loja\/#website"},"datePublished":"2021-03-22T17:45:18+00:00","dateModified":"2026-04-20T17:42:18+00:00","description":"Caixa Plastica Fechada organizadora Preta 180 Litros sem tampa, Facilmente higieniz\u00e1veis e super resistentes.","breadcrumb":{"@id":"https:\/\/elosolucao.com.br\/loja\/produto\/caixa-plastica-organizadora-180l-sem-tampa\/#breadcrumb"},"inLanguage":"pt-BR","potentialAction":[{"@type":"ReadAction","target":["https:\/\/elosolucao.com.br\/loja\/produto\/caixa-plastica-organizadora-180l-sem-tampa\/"]}]},{"@type":"BreadcrumbList","@id":"https:\/\/elosolucao.com.br\/loja\/produto\/caixa-plastica-organizadora-180l-sem-tampa\/#breadcrumb","itemListElement":[{"@type":"ListItem","position":1,"name":"In\u00edcio","item":"https:\/\/elosolucao.com.br\/loja\/"},{"@type":"ListItem","position":2,"name":"Loja","item":"https:\/\/elosolucao.com.br\/loja\/loja\/"},{"@type":"ListItem","position":3,"name":"Caixa Organizadora 180L &#8211; Sem Tampa"}]},{"@type":"WebSite","@id":"https:\/\/elosolucao.com.br\/loja\/#website","url":"https:\/\/elosolucao.com.br\/loja\/","name":"Elo Solu\u00e7\u00e3o","description":"Entendendo sua necessidade e solucionando com Produtos.","publisher":{"@id":"https:\/\/elosolucao.com.br\/loja\/#organization"},"potentialAction":[{"@type":"SearchAction","target":{"@type":"EntryPoint","urlTemplate":"https:\/\/elosolucao.com.br\/loja\/?s={search_term_string}"},"query-input":"required name=search_term_string"}],"inLanguage":"pt-BR"},{"@type":"Organization","@id":"https:\/\/elosolucao.com.br\/loja\/#organization","name":"Elo Solu\u00e7\u00e3o","url":"https:\/\/elosolucao.com.br\/loja\/","logo":{"@type":"ImageObject","inLanguage":"pt-BR","@id":"https:\/\/elosolucao.com.br\/loja\/#\/schema\/logo\/image\/","url":"https:\/\/elosolucao.com.br\/loja\/wp-content\/uploads\/2021\/03\/Logo-sem-fundo.png","contentUrl":"https:\/\/elosolucao.com.br\/loja\/wp-content\/uploads\/2021\/03\/Logo-sem-fundo.png","width":707,"height":353,"caption":"Elo Solu\u00e7\u00e3o"},"image":{"@id":"https:\/\/elosolucao.com.br\/loja\/#\/schema\/logo\/image\/"},"sameAs":["https:\/\/www.facebook.com\/elosolucao.br","https:\/\/instagram.com\/elo_solucao","https:\/\/www.youtube.com\/channel\/UCsSlrhz3DzWElX1ZcW2AIyg\/featured"]}]}},"_links":{"self":[{"href":"https:\/\/elosolucao.com.br\/loja\/wp-json\/wp\/v2\/product\/1439","targetHints":{"allow":["GET"]}}],"collection":[{"href":"https:\/\/elosolucao.com.br\/loja\/wp-json\/wp\/v2\/product"}],"about":[{"href":"https:\/\/elosolucao.com.br\/loja\/wp-json\/wp\/v2\/types\/product"}],"version-history":[{"count":0,"href":"https:\/\/elosolucao.com.br\/loja\/wp-json\/wp\/v2\/product\/1439\/revisions"}],"wp:featuredmedia":[{"embeddable":true,"href":"https:\/\/elosolucao.com.br\/loja\/wp-json\/wp\/v2\/media\/1734"}],"wp:attachment":[{"href":"https:\/\/elosolucao.com.br\/loja\/wp-json\/wp\/v2\/media?parent=1439"}],"wp:term":[{"taxonomy":"product_brand","embeddable":true,"href":"https:\/\/elosolucao.com.br\/loja\/wp-json\/wp\/v2\/product_brand?post=1439"},{"taxonomy":"product_cat","embeddable":true,"href":"https:\/\/elosolucao.com.br\/loja\/wp-json\/wp\/v2\/product_cat?post=1439"},{"taxonomy":"product_tag","embeddable":true,"href":"https:\/\/elosolucao.com.br\/loja\/wp-json\/wp\/v2\/product_tag?post=1439"}],"curies":[{"name":"wp","href":"https:\/\/api.w.org\/{rel}","templated":true}]}}