{"id":2573,"date":"2021-07-06T17:43:27","date_gmt":"2021-07-06T20:43:27","guid":{"rendered":"https:\/\/elosolucao.com.br\/loja\/?page_id=2573"},"modified":"2021-07-06T17:44:47","modified_gmt":"2021-07-06T20:44:47","slug":"politica-de-pagamento","status":"publish","type":"page","link":"https:\/\/elosolucao.com.br\/loja\/politica-de-pagamento\/","title":{"rendered":"Pol\u00edtica de Pagamento"},"content":{"rendered":"\t\t<div data-elementor-type=\"wp-page\" data-elementor-id=\"2573\" class=\"elementor elementor-2573\" data-elementor-post-type=\"page\">\n\t\t\t\t\t\t<section class=\"elementor-section elementor-top-section elementor-element elementor-element-84fbdce elementor-section-boxed elementor-section-height-default elementor-section-height-default\" data-id=\"84fbdce\" data-element_type=\"section\" data-e-type=\"section\">\n\t\t\t\t\t\t<div class=\"elementor-container elementor-column-gap-default\">\n\t\t\t\t\t<div class=\"elementor-column elementor-col-100 elementor-top-column elementor-element elementor-element-553f105\" data-id=\"553f105\" data-element_type=\"column\" data-e-type=\"column\">\n\t\t\t<div class=\"elementor-widget-wrap elementor-element-populated\">\n\t\t\t\t\t\t<div class=\"elementor-element elementor-element-ff23525 elementor-widget elementor-widget-heading\" data-id=\"ff23525\" data-element_type=\"widget\" data-e-type=\"widget\" data-widget_type=\"heading.default\">\n\t\t\t\t<div class=\"elementor-widget-container\">\n\t\t\t\t\t<h2 class=\"elementor-heading-title elementor-size-default\">POL\u00cdTICA DE PAGAMENTO<\/h2>\t\t\t\t<\/div>\n\t\t\t\t<\/div>\n\t\t\t\t<div class=\"elementor-element elementor-element-28ad350 elementor-widget elementor-widget-text-editor\" data-id=\"28ad350\" data-element_type=\"widget\" data-e-type=\"widget\" data-widget_type=\"text-editor.default\">\n\t\t\t\t<div class=\"elementor-widget-container\">\n\t\t\t\t\t\t\t\t\t<p><span style=\"color: #000000;\">Todos os pagamentos realizados na plataforma s\u00e3o testados e segurados atrav\u00e9s de nossas ferramentas de seguran\u00e7a<\/span><br \/><br \/><span style=\"color: #000000;\"><strong>Os pagamentos podem ser feitos atrav\u00e9s dos seguintes formatos:<\/strong><\/span><\/p><ul><li><span style=\"color: #000000;\"><strong>Cart\u00e3o de cr\u00e9dito<\/strong><\/span><\/li><li><span style=\"color: #000000;\"><strong>Boleto banc\u00e1rio<\/strong><\/span><\/li><li><span style=\"color: #000000;\"><strong>Transfer\u00eancia Banc\u00e1ria<\/strong><\/span><\/li><li><span style=\"color: #000000;\"><strong>Pagamento Via Pix<\/strong><\/span><br \/><br \/><span style=\"color: #000000;\">Lembramos que em todos os casos os produtos s\u00f3 ser\u00e3o enviados ap\u00f3s confirma\u00e7\u00e3o do pagamento, sendo assim nenhuma venda poder\u00e1 ser enviada sem o pr\u00e9vio pagamento da mesma.<\/span><\/li><\/ul>\t\t\t\t\t\t\t\t<\/div>\n\t\t\t\t<\/div>\n\t\t\t\t\t<\/div>\n\t\t<\/div>\n\t\t\t\t\t<\/div>\n\t\t<\/section>\n\t\t\t\t<\/div>\n\t\t","protected":false},"excerpt":{"rendered":"<p>POL\u00cdTICA DE PAGAMENTO Todos os pagamentos realizados na plataforma s\u00e3o testados e segurados atrav\u00e9s de nossas ferramentas de seguran\u00e7a Os pagamentos podem ser feitos atrav\u00e9s dos seguintes formatos: Cart\u00e3o de cr\u00e9dito Boleto banc\u00e1rio Transfer\u00eancia Banc\u00e1ria Pagamento Via Pix Lembramos que em todos os casos os produtos s\u00f3 ser\u00e3o enviados ap\u00f3s confirma\u00e7\u00e3o do pagamento, sendo assim [&hellip;]<\/p>\n","protected":false},"author":1,"featured_media":0,"parent":0,"menu_order":0,"comment_status":"closed","ping_status":"closed","template":"","meta":{"footnotes":""},"class_list":["post-2573","page","type-page","status-publish","hentry"],"yoast_head":"<!-- This site is optimized with the Yoast SEO Premium plugin v22.0 (Yoast SEO v21.7) - https:\/\/yoast.com\/wordpress\/plugins\/seo\/ -->\n<title>Pol\u00edtica de Pagamento - Elo Solu\u00e7\u00e3o<\/title>\n<meta name=\"robots\" content=\"index, follow, max-snippet:-1, max-image-preview:large, max-video-preview:-1\" \/>\n<link rel=\"canonical\" href=\"https:\/\/elosolucao.com.br\/loja\/politica-de-pagamento\/\" \/>\n<meta property=\"og:locale\" content=\"pt_BR\" \/>\n<meta property=\"og:type\" content=\"article\" \/>\n<meta property=\"og:title\" content=\"Pol\u00edtica de Pagamento\" \/>\n<meta property=\"og:description\" content=\"POL\u00cdTICA DE PAGAMENTO Todos os pagamentos realizados na plataforma s\u00e3o testados e segurados atrav\u00e9s de nossas ferramentas de seguran\u00e7a Os pagamentos podem ser feitos atrav\u00e9s dos seguintes formatos: Cart\u00e3o de cr\u00e9dito Boleto banc\u00e1rio Transfer\u00eancia Banc\u00e1ria Pagamento Via Pix Lembramos que em todos os casos os produtos s\u00f3 ser\u00e3o enviados ap\u00f3s confirma\u00e7\u00e3o do pagamento, sendo assim [&hellip;]\" \/>\n<meta property=\"og:url\" content=\"https:\/\/elosolucao.com.br\/loja\/politica-de-pagamento\/\" \/>\n<meta property=\"og:site_name\" content=\"Elo Solu\u00e7\u00e3o\" \/>\n<meta property=\"article:publisher\" content=\"https:\/\/www.facebook.com\/elosolucao.br\" \/>\n<meta property=\"article:modified_time\" content=\"2021-07-06T20:44:47+00:00\" \/>\n<meta property=\"og:image\" content=\"https:\/\/elosolucao.com.br\/loja\/wp-content\/uploads\/2022\/03\/Fale-Conosco-1.png\" \/>\n\t<meta property=\"og:image:width\" content=\"400\" \/>\n\t<meta property=\"og:image:height\" content=\"400\" \/>\n\t<meta property=\"og:image:type\" content=\"image\/png\" \/>\n<meta name=\"twitter:card\" content=\"summary_large_image\" \/>\n<script type=\"application\/ld+json\" class=\"yoast-schema-graph\">{\"@context\":\"https:\/\/schema.org\",\"@graph\":[{\"@type\":\"WebPage\",\"@id\":\"https:\/\/elosolucao.com.br\/loja\/politica-de-pagamento\/\",\"url\":\"https:\/\/elosolucao.com.br\/loja\/politica-de-pagamento\/\",\"name\":\"Pol\u00edtica de Pagamento - Elo Solu\u00e7\u00e3o\",\"isPartOf\":{\"@id\":\"https:\/\/elosolucao.com.br\/loja\/#website\"},\"datePublished\":\"2021-07-06T20:43:27+00:00\",\"dateModified\":\"2021-07-06T20:44:47+00:00\",\"breadcrumb\":{\"@id\":\"https:\/\/elosolucao.com.br\/loja\/politica-de-pagamento\/#breadcrumb\"},\"inLanguage\":\"pt-BR\",\"potentialAction\":[{\"@type\":\"ReadAction\",\"target\":[\"https:\/\/elosolucao.com.br\/loja\/politica-de-pagamento\/\"]}]},{\"@type\":\"BreadcrumbList\",\"@id\":\"https:\/\/elosolucao.com.br\/loja\/politica-de-pagamento\/#breadcrumb\",\"itemListElement\":[{\"@type\":\"ListItem\",\"position\":1,\"name\":\"In\u00edcio\",\"item\":\"https:\/\/elosolucao.com.br\/loja\/\"},{\"@type\":\"ListItem\",\"position\":2,\"name\":\"Pol\u00edtica de Pagamento\"}]},{\"@type\":\"WebSite\",\"@id\":\"https:\/\/elosolucao.com.br\/loja\/#website\",\"url\":\"https:\/\/elosolucao.com.br\/loja\/\",\"name\":\"Elo Solu\u00e7\u00e3o\",\"description\":\"Entendendo sua necessidade e solucionando com Produtos.\",\"publisher\":{\"@id\":\"https:\/\/elosolucao.com.br\/loja\/#organization\"},\"potentialAction\":[{\"@type\":\"SearchAction\",\"target\":{\"@type\":\"EntryPoint\",\"urlTemplate\":\"https:\/\/elosolucao.com.br\/loja\/?s={search_term_string}\"},\"query-input\":\"required name=search_term_string\"}],\"inLanguage\":\"pt-BR\"},{\"@type\":\"Organization\",\"@id\":\"https:\/\/elosolucao.com.br\/loja\/#organization\",\"name\":\"Elo Solu\u00e7\u00e3o\",\"url\":\"https:\/\/elosolucao.com.br\/loja\/\",\"logo\":{\"@type\":\"ImageObject\",\"inLanguage\":\"pt-BR\",\"@id\":\"https:\/\/elosolucao.com.br\/loja\/#\/schema\/logo\/image\/\",\"url\":\"https:\/\/elosolucao.com.br\/loja\/wp-content\/uploads\/2021\/03\/Logo-sem-fundo.png\",\"contentUrl\":\"https:\/\/elosolucao.com.br\/loja\/wp-content\/uploads\/2021\/03\/Logo-sem-fundo.png\",\"width\":707,\"height\":353,\"caption\":\"Elo Solu\u00e7\u00e3o\"},\"image\":{\"@id\":\"https:\/\/elosolucao.com.br\/loja\/#\/schema\/logo\/image\/\"},\"sameAs\":[\"https:\/\/www.facebook.com\/elosolucao.br\",\"https:\/\/instagram.com\/elo_solucao\",\"https:\/\/www.youtube.com\/channel\/UCsSlrhz3DzWElX1ZcW2AIyg\/featured\"]}]}<\/script>\n<!-- \/ Yoast SEO Premium plugin. -->","yoast_head_json":{"title":"Pol\u00edtica de Pagamento - Elo Solu\u00e7\u00e3o","robots":{"index":"index","follow":"follow","max-snippet":"max-snippet:-1","max-image-preview":"max-image-preview:large","max-video-preview":"max-video-preview:-1"},"canonical":"https:\/\/elosolucao.com.br\/loja\/politica-de-pagamento\/","og_locale":"pt_BR","og_type":"article","og_title":"Pol\u00edtica de Pagamento","og_description":"POL\u00cdTICA DE PAGAMENTO Todos os pagamentos realizados na plataforma s\u00e3o testados e segurados atrav\u00e9s de nossas ferramentas de seguran\u00e7a Os pagamentos podem ser feitos atrav\u00e9s dos seguintes formatos: Cart\u00e3o de cr\u00e9dito Boleto banc\u00e1rio Transfer\u00eancia Banc\u00e1ria Pagamento Via Pix Lembramos que em todos os casos os produtos s\u00f3 ser\u00e3o enviados ap\u00f3s confirma\u00e7\u00e3o do pagamento, sendo assim [&hellip;]","og_url":"https:\/\/elosolucao.com.br\/loja\/politica-de-pagamento\/","og_site_name":"Elo Solu\u00e7\u00e3o","article_publisher":"https:\/\/www.facebook.com\/elosolucao.br","article_modified_time":"2021-07-06T20:44:47+00:00","og_image":[{"width":400,"height":400,"url":"https:\/\/elosolucao.com.br\/loja\/wp-content\/uploads\/2022\/03\/Fale-Conosco-1.png","type":"image\/png"}],"twitter_card":"summary_large_image","schema":{"@context":"https:\/\/schema.org","@graph":[{"@type":"WebPage","@id":"https:\/\/elosolucao.com.br\/loja\/politica-de-pagamento\/","url":"https:\/\/elosolucao.com.br\/loja\/politica-de-pagamento\/","name":"Pol\u00edtica de Pagamento - Elo Solu\u00e7\u00e3o","isPartOf":{"@id":"https:\/\/elosolucao.com.br\/loja\/#website"},"datePublished":"2021-07-06T20:43:27+00:00","dateModified":"2021-07-06T20:44:47+00:00","breadcrumb":{"@id":"https:\/\/elosolucao.com.br\/loja\/politica-de-pagamento\/#breadcrumb"},"inLanguage":"pt-BR","potentialAction":[{"@type":"ReadAction","target":["https:\/\/elosolucao.com.br\/loja\/politica-de-pagamento\/"]}]},{"@type":"BreadcrumbList","@id":"https:\/\/elosolucao.com.br\/loja\/politica-de-pagamento\/#breadcrumb","itemListElement":[{"@type":"ListItem","position":1,"name":"In\u00edcio","item":"https:\/\/elosolucao.com.br\/loja\/"},{"@type":"ListItem","position":2,"name":"Pol\u00edtica de Pagamento"}]},{"@type":"WebSite","@id":"https:\/\/elosolucao.com.br\/loja\/#website","url":"https:\/\/elosolucao.com.br\/loja\/","name":"Elo Solu\u00e7\u00e3o","description":"Entendendo sua necessidade e solucionando com Produtos.","publisher":{"@id":"https:\/\/elosolucao.com.br\/loja\/#organization"},"potentialAction":[{"@type":"SearchAction","target":{"@type":"EntryPoint","urlTemplate":"https:\/\/elosolucao.com.br\/loja\/?s={search_term_string}"},"query-input":"required name=search_term_string"}],"inLanguage":"pt-BR"},{"@type":"Organization","@id":"https:\/\/elosolucao.com.br\/loja\/#organization","name":"Elo Solu\u00e7\u00e3o","url":"https:\/\/elosolucao.com.br\/loja\/","logo":{"@type":"ImageObject","inLanguage":"pt-BR","@id":"https:\/\/elosolucao.com.br\/loja\/#\/schema\/logo\/image\/","url":"https:\/\/elosolucao.com.br\/loja\/wp-content\/uploads\/2021\/03\/Logo-sem-fundo.png","contentUrl":"https:\/\/elosolucao.com.br\/loja\/wp-content\/uploads\/2021\/03\/Logo-sem-fundo.png","width":707,"height":353,"caption":"Elo Solu\u00e7\u00e3o"},"image":{"@id":"https:\/\/elosolucao.com.br\/loja\/#\/schema\/logo\/image\/"},"sameAs":["https:\/\/www.facebook.com\/elosolucao.br","https:\/\/instagram.com\/elo_solucao","https:\/\/www.youtube.com\/channel\/UCsSlrhz3DzWElX1ZcW2AIyg\/featured"]}]}},"_links":{"self":[{"href":"https:\/\/elosolucao.com.br\/loja\/wp-json\/wp\/v2\/pages\/2573","targetHints":{"allow":["GET"]}}],"collection":[{"href":"https:\/\/elosolucao.com.br\/loja\/wp-json\/wp\/v2\/pages"}],"about":[{"href":"https:\/\/elosolucao.com.br\/loja\/wp-json\/wp\/v2\/types\/page"}],"author":[{"embeddable":true,"href":"https:\/\/elosolucao.com.br\/loja\/wp-json\/wp\/v2\/users\/1"}],"replies":[{"embeddable":true,"href":"https:\/\/elosolucao.com.br\/loja\/wp-json\/wp\/v2\/comments?post=2573"}],"version-history":[{"count":0,"href":"https:\/\/elosolucao.com.br\/loja\/wp-json\/wp\/v2\/pages\/2573\/revisions"}],"wp:attachment":[{"href":"https:\/\/elosolucao.com.br\/loja\/wp-json\/wp\/v2\/media?parent=2573"}],"curies":[{"name":"wp","href":"https:\/\/api.w.org\/{rel}","templated":true}]}}